{"id":13619,"date":"2023-04-13T15:52:01","date_gmt":"2023-04-13T07:52:01","guid":{"rendered":"https:\/\/dinkpickleball.com\/?page_id=13619"},"modified":"2025-01-13T22:11:23","modified_gmt":"2025-01-13T14:11:23","slug":"blank-pickleball-paddle","status":"publish","type":"page","link":"https:\/\/dinkpickleball.com\/es\/blank-pickleball-paddle\/","title":{"rendered":"Paleta de Pickleball en blanco"},"content":{"rendered":"<h1>Blank Pickleball Paddle Fabricantes<\/h1>\n<p>Destaca en el mercado competitivo con las palas de Pickleball en blanco de DinkPickleball, que ofrecen infinitas posibilidades de personalizaci\u00f3n a un precio incre\u00edble. Impresione a sus clientes con la combinaci\u00f3n perfecta de rendimiento, durabilidad y estilo. Experimente la combinaci\u00f3n ganadora de la experiencia y el compromiso con la excelencia de DinkPickleball.<\/p>\n<p>\t\t\t<a role=\"button\"><br \/>\n\t\t\t\t\t\tSolicite nuestro \u00faltimo precio<br \/>\n\t\t\t\t\t<\/a><br \/>\n\t\t\t\t\t\t\t\t\t\t\t\t<img decoding=\"async\" src=\"https:\/\/dinkpickleball.com\/wp-content\/uploads\/2023\/04\/blank-pickleball-paddle.png\" title=\"paleta de pickleball en blanco\" alt=\"paleta de pickleball en blanco\" loading=\"lazy\" \/>\t\t\t\t\t\t\t\t\t\t\t\t\t\t<\/p>\n<h2>Libere el potencial de su marca<\/h2>\n<p>Ampl\u00ede su oferta de productos y aproveche el floreciente mercado del pickleball con las palas de pickleball en blanco de primera calidad de DinkPickleball. Atraiga a una clientela diversa y haga crecer su negocio proporcionando productos excepcionales y personalizados que superen las expectativas. As\u00f3ciese con DinkPickleball y abra la llave de su \u00e9xito.<\/p>\n<figure class='gallery-item'>\n\t\t\t\t<a  title=\"3K Tejido liso 1\"  href='https:\/\/dinkpickleball.com\/wp-content\/uploads\/2023\/04\/3K-Plain-woven-1.jpg'><img width=\"1080\" height=\"1080\" src=\"https:\/\/dinkpickleball.com\/wp-content\/uploads\/2023\/04\/3K-Plain-woven-1.jpg\" alt=\"3K Tejido liso 1\" decoding=\"async\" aria-describedby=\"gallery-1-13649\" loading=\"lazy\" srcset=\"https:\/\/dinkpickleball.com\/wp-content\/uploads\/2023\/04\/3K-Plain-woven-1.jpg 1080w, https:\/\/dinkpickleball.com\/wp-content\/uploads\/2023\/04\/3K-Plain-woven-1-300x300.jpg 300w, https:\/\/dinkpickleball.com\/wp-content\/uploads\/2023\/04\/3K-Plain-woven-1-1024x1024.jpg 1024w, https:\/\/dinkpickleball.com\/wp-content\/uploads\/2023\/04\/3K-Plain-woven-1-150x150.jpg 150w, https:\/\/dinkpickleball.com\/wp-content\/uploads\/2023\/04\/3K-Plain-woven-1-768x768.jpg 768w, https:\/\/dinkpickleball.com\/wp-content\/uploads\/2023\/04\/3K-Plain-woven-1-600x600.jpg 600w, https:\/\/dinkpickleball.com\/wp-content\/uploads\/2023\/04\/3K-Plain-woven-1-100x100.jpg 100w\" sizes=\"auto, (max-width: 1080px) 100vw, 1080px\" \/><\/a><figcaption class='wp-caption-text gallery-caption' id='gallery-1-13649'>\n\t\t\t\t3K Tejido liso<br \/>\n\t\t\t\t<\/figcaption><\/figure>\n<figure class='gallery-item'>\n\t\t\t\t<a  title=\"Fibra de vidrio 1\"  href='https:\/\/dinkpickleball.com\/wp-content\/uploads\/2023\/04\/Fiber-Glass-1.jpg'><img width=\"1080\" height=\"1080\" src=\"https:\/\/dinkpickleball.com\/wp-content\/uploads\/2023\/04\/Fiber-Glass-1.jpg\" alt=\"Fibra de vidrio 1\" decoding=\"async\" aria-describedby=\"gallery-1-13655\" loading=\"lazy\" srcset=\"https:\/\/dinkpickleball.com\/wp-content\/uploads\/2023\/04\/Fiber-Glass-1.jpg 1080w, https:\/\/dinkpickleball.com\/wp-content\/uploads\/2023\/04\/Fiber-Glass-1-300x300.jpg 300w, https:\/\/dinkpickleball.com\/wp-content\/uploads\/2023\/04\/Fiber-Glass-1-1024x1024.jpg 1024w, https:\/\/dinkpickleball.com\/wp-content\/uploads\/2023\/04\/Fiber-Glass-1-150x150.jpg 150w, https:\/\/dinkpickleball.com\/wp-content\/uploads\/2023\/04\/Fiber-Glass-1-768x768.jpg 768w, https:\/\/dinkpickleball.com\/wp-content\/uploads\/2023\/04\/Fiber-Glass-1-600x600.jpg 600w, https:\/\/dinkpickleball.com\/wp-content\/uploads\/2023\/04\/Fiber-Glass-1-100x100.jpg 100w\" sizes=\"auto, (max-width: 1080px) 100vw, 1080px\" \/><\/a><figcaption class='wp-caption-text gallery-caption' id='gallery-1-13655'>\n\t\t\t\tFibra de vidrio<br \/>\n\t\t\t\t<\/figcaption><\/figure>\n<figure class='gallery-item'>\n\t\t\t\t<a  title=\"UniDirection Fibra de carbono 1\"  href='https:\/\/dinkpickleball.com\/wp-content\/uploads\/2023\/04\/UniDirection-Carbon-fiber-1.jpg'><img width=\"1080\" height=\"1080\" src=\"https:\/\/dinkpickleball.com\/wp-content\/uploads\/2023\/04\/UniDirection-Carbon-fiber-1.jpg\" alt=\"UniDirection Fibra de carbono 1\" decoding=\"async\" aria-describedby=\"gallery-1-13658\" loading=\"lazy\" srcset=\"https:\/\/dinkpickleball.com\/wp-content\/uploads\/2023\/04\/UniDirection-Carbon-fiber-1.jpg 1080w, https:\/\/dinkpickleball.com\/wp-content\/uploads\/2023\/04\/UniDirection-Carbon-fiber-1-300x300.jpg 300w, https:\/\/dinkpickleball.com\/wp-content\/uploads\/2023\/04\/UniDirection-Carbon-fiber-1-1024x1024.jpg 1024w, https:\/\/dinkpickleball.com\/wp-content\/uploads\/2023\/04\/UniDirection-Carbon-fiber-1-150x150.jpg 150w, https:\/\/dinkpickleball.com\/wp-content\/uploads\/2023\/04\/UniDirection-Carbon-fiber-1-768x768.jpg 768w, https:\/\/dinkpickleball.com\/wp-content\/uploads\/2023\/04\/UniDirection-Carbon-fiber-1-600x600.jpg 600w, https:\/\/dinkpickleball.com\/wp-content\/uploads\/2023\/04\/UniDirection-Carbon-fiber-1-100x100.jpg 100w\" sizes=\"auto, (max-width: 1080px) 100vw, 1080px\" \/><\/a><figcaption class='wp-caption-text gallery-caption' id='gallery-1-13658'>\n\t\t\t\tFibra de carbono UniDirection<br \/>\n\t\t\t\t<\/figcaption><\/figure>\n<figure class='gallery-item'>\n\t\t\t\t<a  title=\"Fibra de carbono tejida en sarga 3K 1\"  href='https:\/\/dinkpickleball.com\/wp-content\/uploads\/2023\/04\/3K-Twill-woven-Carbon-fiber-1.jpg'><img width=\"800\" height=\"800\" src=\"https:\/\/dinkpickleball.com\/wp-content\/uploads\/2023\/04\/3K-Twill-woven-Carbon-fiber-1.jpg\" alt=\"Fibra de carbono tejida en sarga 3K 1\" decoding=\"async\" aria-describedby=\"gallery-1-13735\" loading=\"lazy\" srcset=\"https:\/\/dinkpickleball.com\/wp-content\/uploads\/2023\/04\/3K-Twill-woven-Carbon-fiber-1.jpg 800w, https:\/\/dinkpickleball.com\/wp-content\/uploads\/2023\/04\/3K-Twill-woven-Carbon-fiber-1-300x300.jpg 300w, https:\/\/dinkpickleball.com\/wp-content\/uploads\/2023\/04\/3K-Twill-woven-Carbon-fiber-1-150x150.jpg 150w, https:\/\/dinkpickleball.com\/wp-content\/uploads\/2023\/04\/3K-Twill-woven-Carbon-fiber-1-768x768.jpg 768w, https:\/\/dinkpickleball.com\/wp-content\/uploads\/2023\/04\/3K-Twill-woven-Carbon-fiber-1-600x600.jpg 600w, https:\/\/dinkpickleball.com\/wp-content\/uploads\/2023\/04\/3K-Twill-woven-Carbon-fiber-1-100x100.jpg 100w\" sizes=\"auto, (max-width: 800px) 100vw, 800px\" \/><\/a><figcaption class='wp-caption-text gallery-caption' id='gallery-1-13735'>\n\t\t\t\tFibra de carbono tejida en sarga 3K<br \/>\n\t\t\t\t<\/figcaption><\/figure>\n<figure class='gallery-item'>\n\t\t\t\t<a  title=\"Tejido Fibra Carbono Texturizado 1\"  href='https:\/\/dinkpickleball.com\/wp-content\/uploads\/2023\/04\/Fabric-Textured-Carbon-Fiber-1.jpg'><img width=\"800\" height=\"800\" src=\"https:\/\/dinkpickleball.com\/wp-content\/uploads\/2023\/04\/Fabric-Textured-Carbon-Fiber-1.jpg\" alt=\"Tejido Fibra Carbono Texturizado 1\" decoding=\"async\" aria-describedby=\"gallery-1-13938\" loading=\"lazy\" srcset=\"https:\/\/dinkpickleball.com\/wp-content\/uploads\/2023\/04\/Fabric-Textured-Carbon-Fiber-1.jpg 800w, https:\/\/dinkpickleball.com\/wp-content\/uploads\/2023\/04\/Fabric-Textured-Carbon-Fiber-1-300x300.jpg 300w, https:\/\/dinkpickleball.com\/wp-content\/uploads\/2023\/04\/Fabric-Textured-Carbon-Fiber-1-150x150.jpg 150w, https:\/\/dinkpickleball.com\/wp-content\/uploads\/2023\/04\/Fabric-Textured-Carbon-Fiber-1-768x768.jpg 768w, https:\/\/dinkpickleball.com\/wp-content\/uploads\/2023\/04\/Fabric-Textured-Carbon-Fiber-1-600x600.jpg 600w, https:\/\/dinkpickleball.com\/wp-content\/uploads\/2023\/04\/Fabric-Textured-Carbon-Fiber-1-100x100.jpg 100w\" sizes=\"auto, (max-width: 800px) 100vw, 800px\" \/><\/a><figcaption class='wp-caption-text gallery-caption' id='gallery-1-13938'>\n\t\t\t\tTejido de fibra de carbono texturizado<br \/>\n\t\t\t\t<\/figcaption><\/figure>\n<figure class='gallery-item'>\n\t\t\t\t<a  title=\"Fibra de carbono cepillada roja 1\"  href='https:\/\/dinkpickleball.com\/wp-content\/uploads\/2023\/04\/Red-Brushed-Carbon-fiber-1.jpg'><img width=\"800\" height=\"800\" src=\"https:\/\/dinkpickleball.com\/wp-content\/uploads\/2023\/04\/Red-Brushed-Carbon-fiber-1.jpg\" alt=\"Fibra de carbono cepillada roja 1\" decoding=\"async\" aria-describedby=\"gallery-1-13854\" loading=\"lazy\" srcset=\"https:\/\/dinkpickleball.com\/wp-content\/uploads\/2023\/04\/Red-Brushed-Carbon-fiber-1.jpg 800w, https:\/\/dinkpickleball.com\/wp-content\/uploads\/2023\/04\/Red-Brushed-Carbon-fiber-1-300x300.jpg 300w, https:\/\/dinkpickleball.com\/wp-content\/uploads\/2023\/04\/Red-Brushed-Carbon-fiber-1-150x150.jpg 150w, https:\/\/dinkpickleball.com\/wp-content\/uploads\/2023\/04\/Red-Brushed-Carbon-fiber-1-768x768.jpg 768w, https:\/\/dinkpickleball.com\/wp-content\/uploads\/2023\/04\/Red-Brushed-Carbon-fiber-1-600x600.jpg 600w, https:\/\/dinkpickleball.com\/wp-content\/uploads\/2023\/04\/Red-Brushed-Carbon-fiber-1-100x100.jpg 100w\" sizes=\"auto, (max-width: 800px) 100vw, 800px\" \/><\/a><figcaption class='wp-caption-text gallery-caption' id='gallery-1-13854'>\n\t\t\t\tFibra de carbono cepillada roja<br \/>\n\t\t\t\t<\/figcaption><\/figure>\n<figure class='gallery-item'>\n\t\t\t\t<a  title=\"Diamante plateado Fibra de carbono 1\"  href='https:\/\/dinkpickleball.com\/wp-content\/uploads\/2023\/04\/Silver-Diamond-Carbon-fiber-1.jpg'><img width=\"800\" height=\"800\" src=\"https:\/\/dinkpickleball.com\/wp-content\/uploads\/2023\/04\/Silver-Diamond-Carbon-fiber-1.jpg\" alt=\"Diamante plateado Fibra de carbono 1\" decoding=\"async\" aria-describedby=\"gallery-1-13823\" loading=\"lazy\" srcset=\"https:\/\/dinkpickleball.com\/wp-content\/uploads\/2023\/04\/Silver-Diamond-Carbon-fiber-1.jpg 800w, https:\/\/dinkpickleball.com\/wp-content\/uploads\/2023\/04\/Silver-Diamond-Carbon-fiber-1-300x300.jpg 300w, https:\/\/dinkpickleball.com\/wp-content\/uploads\/2023\/04\/Silver-Diamond-Carbon-fiber-1-150x150.jpg 150w, https:\/\/dinkpickleball.com\/wp-content\/uploads\/2023\/04\/Silver-Diamond-Carbon-fiber-1-768x768.jpg 768w, https:\/\/dinkpickleball.com\/wp-content\/uploads\/2023\/04\/Silver-Diamond-Carbon-fiber-1-600x600.jpg 600w, https:\/\/dinkpickleball.com\/wp-content\/uploads\/2023\/04\/Silver-Diamond-Carbon-fiber-1-100x100.jpg 100w\" sizes=\"auto, (max-width: 800px) 100vw, 800px\" \/><\/a><figcaption class='wp-caption-text gallery-caption' id='gallery-1-13823'>\n\t\t\t\tDiamante plateado Fibra de carbono<br \/>\n\t\t\t\t<\/figcaption><\/figure>\n<figure class='gallery-item'>\n\t\t\t\t<a  title=\"Fibra de carbono UniDirection con n\u00facleo de Nomex 7\"  href='https:\/\/dinkpickleball.com\/wp-content\/uploads\/2023\/04\/UniDirection-Carbon-fiber-with-Nomex-Core-7.jpg'><img width=\"800\" height=\"800\" src=\"https:\/\/dinkpickleball.com\/wp-content\/uploads\/2023\/04\/UniDirection-Carbon-fiber-with-Nomex-Core-7.jpg\" alt=\"Fibra de carbono UniDirection con n\u00facleo de Nomex 7\" decoding=\"async\" aria-describedby=\"gallery-1-13978\" loading=\"lazy\" srcset=\"https:\/\/dinkpickleball.com\/wp-content\/uploads\/2023\/04\/UniDirection-Carbon-fiber-with-Nomex-Core-7.jpg 800w, https:\/\/dinkpickleball.com\/wp-content\/uploads\/2023\/04\/UniDirection-Carbon-fiber-with-Nomex-Core-7-300x300.jpg 300w, https:\/\/dinkpickleball.com\/wp-content\/uploads\/2023\/04\/UniDirection-Carbon-fiber-with-Nomex-Core-7-150x150.jpg 150w, https:\/\/dinkpickleball.com\/wp-content\/uploads\/2023\/04\/UniDirection-Carbon-fiber-with-Nomex-Core-7-768x768.jpg 768w, https:\/\/dinkpickleball.com\/wp-content\/uploads\/2023\/04\/UniDirection-Carbon-fiber-with-Nomex-Core-7-600x600.jpg 600w, https:\/\/dinkpickleball.com\/wp-content\/uploads\/2023\/04\/UniDirection-Carbon-fiber-with-Nomex-Core-7-100x100.jpg 100w\" sizes=\"auto, (max-width: 800px) 100vw, 800px\" \/><\/a><figcaption class='wp-caption-text gallery-caption' id='gallery-1-13978'>\n\t\t\t\tFibra de carbono UniDirection con n\u00facleo de Nomex<br \/>\n\t\t\t\t<\/figcaption><\/figure>\n<figure class='gallery-item'>\n\t\t\t\t<a  title=\"Tejido de fibra de carbono texturizado 8\"  href='https:\/\/dinkpickleball.com\/wp-content\/uploads\/2023\/04\/Fabric-Textured-Carbon-Fiber-8.jpg'><img width=\"800\" height=\"800\" src=\"https:\/\/dinkpickleball.com\/wp-content\/uploads\/2023\/04\/Fabric-Textured-Carbon-Fiber-8.jpg\" alt=\"Tejido de fibra de carbono texturizado 8\" decoding=\"async\" aria-describedby=\"gallery-1-13945\" loading=\"lazy\" srcset=\"https:\/\/dinkpickleball.com\/wp-content\/uploads\/2023\/04\/Fabric-Textured-Carbon-Fiber-8.jpg 800w, https:\/\/dinkpickleball.com\/wp-content\/uploads\/2023\/04\/Fabric-Textured-Carbon-Fiber-8-300x300.jpg 300w, https:\/\/dinkpickleball.com\/wp-content\/uploads\/2023\/04\/Fabric-Textured-Carbon-Fiber-8-150x150.jpg 150w, https:\/\/dinkpickleball.com\/wp-content\/uploads\/2023\/04\/Fabric-Textured-Carbon-Fiber-8-768x768.jpg 768w, https:\/\/dinkpickleball.com\/wp-content\/uploads\/2023\/04\/Fabric-Textured-Carbon-Fiber-8-600x600.jpg 600w, https:\/\/dinkpickleball.com\/wp-content\/uploads\/2023\/04\/Fabric-Textured-Carbon-Fiber-8-100x100.jpg 100w\" sizes=\"auto, (max-width: 800px) 100vw, 800px\" \/><\/a><figcaption class='wp-caption-text gallery-caption' id='gallery-1-13945'>\n\t\t\t\tTejido de fibra de carbono texturizado<br \/>\n\t\t\t\t<\/figcaption><\/figure>\n<h2>Eleve su negocio a nuevas cotas<\/h2>\n<p>Estamos encantados de ayudarle a crear experiencias ganadoras para sus clientes. la elecci\u00f3n definitiva para minoristas de material deportivo, empresas de productos promocionales, clientes corporativos y servicios de personalizaci\u00f3n.<\/p>\n<h3>\n\t\t\t\t\t\tPersonalizaci\u00f3n definitiva<br \/>\n\t\t\t\t<\/h3>\n<p>\n\t\t\t\t\t\tNuestras palas de p\u00e1del en blanco ofrecen un lienzo limpio para infinitas posibilidades de dise\u00f1o, lo que permite a los minoristas de equipamiento deportivo y a los servicios de personalizaci\u00f3n crear productos \u00fanicos y llamativos adaptados a los gustos de sus clientes.\t\t\t\t\t<\/p>\n<h3>\n\t\t\t\t\t\tConformidad con USAPA<br \/>\n\t\t\t\t<\/h3>\n<p>\n\t\t\t\t\t\tTenga la seguridad de que las palas de p\u00e1del de DinkPickleball est\u00e1n fabricadas con los est\u00e1ndares de la USAPA, garantizando un rendimiento de m\u00e1xima calidad y compatibilidad con el juego oficial de torneos en el que usted y sus clientes pueden confiar.\t\t\t\t\t<\/p>\n<h3>\n\t\t\t\t\t\tImpulse su marca<br \/>\n\t\t\t\t<\/h3>\n<p>\n\t\t\t\t\t\tAl ofrecer el p\u00e1del de primera categor\u00eda de DinkPickleball, reforzar\u00e1 la reputaci\u00f3n de su marca y mostrar\u00e1 su compromiso de ofrecer s\u00f3lo lo mejor a sus clientes.\t\t\t\t\t<\/p>\n<h3>\n\t\t\t\t\t\tAtenci\u00f3n al cliente fiable<br \/>\n\t\t\t\t<\/h3>\n<p>\n\t\t\t\t\t\tEn DinkPickleball, valoramos a nuestros clientes y nos comprometemos a ofrecerles un servicio excepcional. Nuestro equipo de profesionales est\u00e1 a su disposici\u00f3n para ayudarle con cualquier consulta, asegurando una experiencia de compra sin problemas.\t\t\t\t\t<\/p>\n<h3>\n\t\t\t\t\t\tFabricaci\u00f3n ecol\u00f3gica<br \/>\n\t\t\t\t<\/h3>\n<p>\n\t\t\t\t\t\tAl elegir la paleta de pickleball en blanco de DinkPickleball, te est\u00e1s asociando con una empresa que valora la sostenibilidad. Empleamos procesos de fabricaci\u00f3n respetuosos con el medio ambiente, ayudando a su negocio a contribuir a un futuro m\u00e1s verde.\t\t\t\t\t<\/p>\n<h3>\n\t\t\t\t\t\tAumentar la visibilidad de la marca<br \/>\n\t\t\t\t<\/h3>\n<p>\n\t\t\t\t\t\tLos clientes corporativos pueden aprovechar los remos en blanco para promover la formaci\u00f3n de equipos, el bienestar de los empleados y reforzar la identidad de marca. Personalice el remo con el logotipo de su empresa para crear impresiones duraderas en eventos corporativos o actividades recreativas.\t\t\t\t\t<\/p>\n<figure><img decoding=\"async\" src=\"https:\/\/dinkpickleball.com\/wp-content\/uploads\/2022\/06\/onix.png\" alt=\"onix\" \/><\/figure>\n<figure><img decoding=\"async\" src=\"https:\/\/dinkpickleball.com\/wp-content\/uploads\/2022\/06\/Diadem-logo.png\" alt=\"Logotipo de la diadema\" \/><\/figure>\n<figure><img decoding=\"async\" src=\"https:\/\/dinkpickleball.com\/wp-content\/uploads\/2022\/06\/Gamma.png\" alt=\"Gamma\" \/><\/figure>\n<figure><img decoding=\"async\" src=\"https:\/\/dinkpickleball.com\/wp-content\/uploads\/2022\/06\/Paddletek.png\" alt=\"Paddletek\" \/><\/figure>\n<figure><img decoding=\"async\" src=\"https:\/\/dinkpickleball.com\/wp-content\/uploads\/2023\/04\/RECESS-logo.png\" alt=\"Logotipo de RECESS\" \/><\/figure>\n<figure><img decoding=\"async\" src=\"https:\/\/dinkpickleball.com\/wp-content\/uploads\/2023\/04\/CRBN-logo.png\" alt=\"Logotipo de CRBN\" \/><\/figure>\n<figure><img decoding=\"async\" src=\"https:\/\/dinkpickleball.com\/wp-content\/uploads\/2023\/04\/STIGA-logo.png\" alt=\"Logotipo de STIGA\" \/><\/figure>\n<figure><img decoding=\"async\" src=\"https:\/\/dinkpickleball.com\/wp-content\/uploads\/2022\/06\/niupipo.png\" alt=\"niupipo\" \/><\/figure>\n<h2>Su socio definitivo en el mercado mundial del pickleball<\/h2>\n<p>Descubra las inigualables ventajas de asociarse con DinkPickleball, fabricante l\u00edder de palas de Pickleball en blanco dise\u00f1adas para satisfacer las necesidades de minoristas de material deportivo, empresas de productos promocionales, clientes corporativos y servicios de personalizaci\u00f3n.\u00a0<\/p>\n<p>\t\t\t\t\t\t\t\t\t\t\t\t<img decoding=\"async\" src=\"https:\/\/dinkpickleball.com\/wp-content\/uploads\/2023\/04\/Premium-Quality-Products.jpg\" title=\"Productos de calidad superior\" alt=\"Productos de calidad superior\" loading=\"lazy\" \/>\t\t\t\t\t\t\t\t\t\t\t\t\t\t<\/p>\n<h3>Compromiso inquebrantable con la calidad<\/h3>\n<p>La dedicaci\u00f3n de DinkPickleball a la fabricaci\u00f3n de palas de pickleball de alta calidad garantiza que sus clientes reciban productos que no s\u00f3lo tienen un aspecto magn\u00edfico, sino que tambi\u00e9n ofrecen un rendimiento excepcional en la pista.<\/p>\n<p>\t\t\t<a role=\"button\"><br \/>\n\t\t\t\t\t\tPresupuesto inmediato<br \/>\n\t\t\t\t\t<\/a><br \/>\n\t\t\t\t\t\t\t\t\t\t\t\t<img decoding=\"async\" src=\"https:\/\/dinkpickleball.com\/wp-content\/uploads\/2023\/04\/Extensive-Industry-Experience-and-Expertise.jpeg\" title=\"Amplia experiencia y conocimientos del sector\" alt=\"Amplia experiencia y conocimientos del sector\" loading=\"lazy\" \/>\t\t\t\t\t\t\t\t\t\t\t\t\t\t<\/p>\n<h3>M\u00e1xima experiencia en fabricaci\u00f3n<\/h3>\n<p>Con nuestra f\u00e1brica de \u00faltima generaci\u00f3n y un equipo de 100 empleados cualificados, DinkPickleball garantiza precisi\u00f3n, consistencia y eficiencia en cada pala que producimos.<\/p>\n<p>\t\t\t<a role=\"button\"><br \/>\n\t\t\t\t\t\tPresupuesto inmediato<br \/>\n\t\t\t\t\t<\/a><br \/>\n\t\t\t\t\t\t\t\t\t\t\t\t<img decoding=\"async\" src=\"https:\/\/dinkpickleball.com\/wp-content\/uploads\/2023\/04\/Competitive-Pricing.jpg\" title=\"Precios competitivos\" alt=\"Precios competitivos\" loading=\"lazy\" \/>\t\t\t\t\t\t\t\t\t\t\t\t\t\t<\/p>\n<h3>Precios y rentabilidad imbatibles<\/h3>\n<p>Nuestros competitivos precios al por mayor le permiten maximizar sus m\u00e1rgenes de beneficio sin dejar de ofrecer a sus clientes productos asequibles y de alta calidad.<\/p>\n<p>\t\t\t<a role=\"button\"><br \/>\n\t\t\t\t\t\tPresupuesto inmediato<br \/>\n\t\t\t\t\t<\/a><br \/>\n\t\t\t\t\t\t\t\t\t\t\t\t<img decoding=\"async\" src=\"https:\/\/dinkpickleball.com\/wp-content\/uploads\/2023\/04\/Collaborative-Approach-.jpeg\" title=\"Enfoque colaborativo\" alt=\"Enfoque colaborativo\" loading=\"lazy\" \/>\t\t\t\t\t\t\t\t\t\t\t\t\t\t<\/p>\n<h3>Eficacia inigualable de la cadena de suministro<\/h3>\n<p>La experiencia de DinkPickleball en la exportaci\u00f3n a los EE.UU., Canad\u00e1 y Australia, todos los dem\u00e1s pa\u00edses garantiza un proceso log\u00edstico sin fisuras en todo el mundo, proporcion\u00e1ndole una entrega fiable y puntual de sus pedidos.<\/p>\n<p>\t\t\t<a role=\"button\"><br \/>\n\t\t\t\t\t\tPresupuesto inmediato<br \/>\n\t\t\t\t\t<\/a><br \/>\n\t\t\t\t\t\t\t\t\t\t\t\t<img decoding=\"async\" src=\"https:\/\/dinkpickleball.com\/wp-content\/uploads\/2023\/03\/Responsive-Customer-Service.jpg\" title=\"Servicio de atenci\u00f3n al cliente receptivo\" alt=\"Servicio de atenci\u00f3n al cliente receptivo\" loading=\"lazy\" \/>\t\t\t\t\t\t\t\t\t\t\t\t\t\t<\/p>\n<h3>Comprender las necesidades de su empresa<\/h3>\n<p>Nos tomamos el tiempo necesario para conocer sus necesidades y objetivos espec\u00edficos, lo que nos permite adaptar nuestros productos y servicios para apoyar mejor sus objetivos empresariales.<\/p>\n<p>\t\t\t<a role=\"button\"><br \/>\n\t\t\t\t\t\tPresupuesto inmediato<br \/>\n\t\t\t\t\t<\/a><br \/>\n\t\t\t\t\t\t\t\t\t\t\t\t<img decoding=\"async\" src=\"https:\/\/dinkpickleball.com\/wp-content\/uploads\/2023\/04\/Adaptability-and-Responsiveness-to-Market.jpeg\" title=\"Adaptabilidad y capacidad de respuesta al mercado\" alt=\"Adaptabilidad y capacidad de respuesta al mercado\" loading=\"lazy\" \/>\t\t\t\t\t\t\t\t\t\t\t\t\t\t<\/p>\n<h3>Selecci\u00f3n de productos de alta gama<\/h3>\n<p>La diversa gama de palas de pickleball de DinkPickleball le ofrece la oportunidad de ampliar su oferta de productos, asegur\u00e1ndose de que puede atender a una amplia variedad de preferencias y demandas de los clientes.<\/p>\n<p>\t\t\t<a role=\"button\"><br \/>\n\t\t\t\t\t\tPresupuesto inmediato<br \/>\n\t\t\t\t\t<\/a><\/p>\n<h2>PREGUNTAS FRECUENTES<\/h2>\n<p>Para los segmentos de clientes objetivo de minoristas de equipamiento deportivo, empresas de productos promocionales, clientes corporativos y servicios de personalizaci\u00f3n, he aqu\u00ed algunas preguntas frecuentes (FAQ) que podr\u00edan tener al considerar la compra de Blank Pickleball Paddle.<\/p>\n<p>                        <a href=\"#collapse-a767ad6650c191fb4acc\" data-ekit-toggle=\"collapse\" data-target=\"#Collapse-a767ad6650c191fb4acc\" aria-expanded=\"true\" aria-controls=\"Collapse-a767ad6650c191fb4acc\"><br \/>\n                            \u00bfQu\u00e9 materiales se utilizan en la construcci\u00f3n de su Blank Pickleball Paddle?<br \/>\n                                        <!-- Normal Icon --><br \/>\n                                        <!-- Active Icon --><br \/>\n                                                    <\/a><\/p>\n<p>Nuestras palas de Pickleball Blank est\u00e1n fabricadas con materiales de alta calidad para garantizar la durabilidad y un rendimiento \u00f3ptimo, incluyendo un n\u00facleo resistente y una superficie duradera que cumple con los est\u00e1ndares de la USAPA.<\/p>\n<p>                <!-- .elementskit-card END --><br \/>\n                        <a href=\"#collapse-bc22830650c191fb4acc\" data-ekit-toggle=\"collapse\" data-target=\"#Collapse-bc22830650c191fb4acc\" aria-expanded=\"false\" aria-controls=\"Collapse-bc22830650c191fb4acc\"><br \/>\n                            \u00bfSe pueden hacer dise\u00f1os personalizados para el remo?<br \/>\n                                        <!-- Normal Icon --><br \/>\n                                        <!-- Active Icon --><br \/>\n                                                    <\/a><\/p>\n<p>S\u00ed, podemos trabajar con usted para crear dise\u00f1os personalizados para su Blank Pickleball Paddle, ya sea aplicando su marca, ilustraciones \u00fanicas o combinaciones de colores espec\u00edficas.<\/p>\n<p>                <!-- .elementskit-card END --><br \/>\n                        <a href=\"#collapse-8417e71650c191fb4acc\" data-ekit-toggle=\"collapse\" data-target=\"#Collapse-8417e71650c191fb4acc\" aria-expanded=\"false\" aria-controls=\"Collapse-8417e71650c191fb4acc\"><br \/>\n                            \u00bfCu\u00e1l es el plazo de producci\u00f3n y env\u00edo de pedidos grandes?<br \/>\n                                        <!-- Normal Icon --><br \/>\n                                        <!-- Active Icon --><br \/>\n                                                    <\/a><\/p>\n<p>Los plazos de producci\u00f3n y env\u00edo pueden variar en funci\u00f3n del tama\u00f1o del pedido y de los requisitos de personalizaci\u00f3n. Nuestro equipo le proporcionar\u00e1 un plazo estimado una vez que conozcamos claramente sus necesidades.<\/p>\n<p>                <!-- .elementskit-card END --><br \/>\n                        <a href=\"#collapse-3dad4e0650c191fb4acc\" data-ekit-toggle=\"collapse\" data-target=\"#Collapse-3dad4e0650c191fb4acc\" aria-expanded=\"false\" aria-controls=\"Collapse-3dad4e0650c191fb4acc\"><br \/>\n                            \u00bfPueden proporcionarnos muestras de su paleta de Pickleball en blanco antes de que realicemos un pedido al por mayor?<br \/>\n                                        <!-- Normal Icon --><br \/>\n                                        <!-- Active Icon --><br \/>\n                                                    <\/a><\/p>\n<p>Comprendemos la importancia de evaluar la calidad del producto antes de realizar una gran inversi\u00f3n. P\u00f3ngase en contacto con nuestro equipo de ventas para hablar de la disponibilidad y el coste de paletas de muestra para su evaluaci\u00f3n.<\/p>\n<p>                <!-- .elementskit-card END --><\/p>","protected":false},"excerpt":{"rendered":"<p>Blank Pickleball Paddle Manufacturer Stand out in the competitive market with DinkPickleball&#8217;s Blank Pickleball Paddles, offering endless customization possibilities at an incredible value. Impress your clients with the perfect blend of performance, durability, and style. Experience the winning combination of DinkPickleball&#8217;s expertise and commitment to excellence. Request Our Latest Price Unleash Your Brand&#8217;s Potential Expand [&hellip;]<\/p>\n","protected":false},"author":1,"featured_media":0,"parent":0,"menu_order":0,"comment_status":"closed","ping_status":"closed","template":"","meta":{"_seopress_robots_primary_cat":"","_seopress_titles_title":"Blank Pickleball Paddle Manufacturer","_seopress_titles_desc":"Stand out in the competitive market with DinkPickleball\u2019s Blank Pickleball Paddles, offering endless customization possibilities at an incredible value. Impress your clients with the perfect blend of performance, durability, and style. Experience the winning combination of DinkPickleball\u2019s expertise and commitment to excellence.","_seopress_robots_index":"","footnotes":""},"class_list":["post-13619","page","type-page","status-publish","hentry"],"meta_box":[],"_links":{"self":[{"href":"https:\/\/dinkpickleball.com\/es\/wp-json\/wp\/v2\/pages\/13619","targetHints":{"allow":["GET"]}}],"collection":[{"href":"https:\/\/dinkpickleball.com\/es\/wp-json\/wp\/v2\/pages"}],"about":[{"href":"https:\/\/dinkpickleball.com\/es\/wp-json\/wp\/v2\/types\/page"}],"author":[{"embeddable":true,"href":"https:\/\/dinkpickleball.com\/es\/wp-json\/wp\/v2\/users\/1"}],"replies":[{"embeddable":true,"href":"https:\/\/dinkpickleball.com\/es\/wp-json\/wp\/v2\/comments?post=13619"}],"version-history":[{"count":51,"href":"https:\/\/dinkpickleball.com\/es\/wp-json\/wp\/v2\/pages\/13619\/revisions"}],"predecessor-version":[{"id":16270,"href":"https:\/\/dinkpickleball.com\/es\/wp-json\/wp\/v2\/pages\/13619\/revisions\/16270"}],"wp:attachment":[{"href":"https:\/\/dinkpickleball.com\/es\/wp-json\/wp\/v2\/media?parent=13619"}],"curies":[{"name":"wp","href":"https:\/\/api.w.org\/{rel}","templated":true}]}}