{"id":10472,"date":"2022-05-29T02:38:42","date_gmt":"2022-05-28T18:38:42","guid":{"rendered":"https:\/\/dinkpickleball.com\/?page_id=10472"},"modified":"2025-01-13T22:15:05","modified_gmt":"2025-01-13T14:15:05","slug":"balls","status":"publish","type":"page","link":"https:\/\/dinkpickleball.com\/es\/balls\/","title":{"rendered":"Bolas"},"content":{"rendered":"<h1>Pelota de Pickleball al por mayor a precio de f\u00e1brica<\/h1>\n<h3>El DinkPickleball se enorgullece de ofrecer pelotas de pickleball de alta calidad a precios al por mayor. Nuestras bolas est\u00e1n hechas de materiales de la m\u00e1s alta calidad que cumplen con los est\u00e1ndares USAPA. <\/h3>\n<p>\t\t\t<a role=\"button\"><br \/>\n\t\t\t\t\t\tSolicitud de presupuesto<br \/>\n\t\t\t\t\t<\/a><br \/>\n\t\t\t\t\t\t\t\t\t\t\t\t<img decoding=\"async\" src=\"https:\/\/dinkpickleball.com\/wp-content\/uploads\/elementor\/thumbs\/custom-pickleball-ball-pq3a0g1h697msdprdorg1i8bur38posx8ahar5tv34.png\" title=\"pelota de pickleball personalizada\" alt=\"pelota de pickleball personalizada\" loading=\"lazy\" \/>\t\t\t\t\t\t\t\t\t\t\t\t\t\t<\/p>\n<h2>Pelotas de Pickleball<\/h2>\n<p>Nuestra f\u00e1brica produce pickleballs a granel que son perfectos para cualquier evento, ya sea un torneo o un partido casual. Nuestras bolas est\u00e1n disponibles en estilos sin soldadura y con soldadura, para que pueda elegir la opci\u00f3n que mejor se adapte a sus necesidades. Utilizamos materiales y mano de obra de la m\u00e1s alta calidad para crear nuestros balones, por lo que puede estar seguro de que durar\u00e1n. Y como est\u00e1n hechas de PP, puede estar seguro de que resistir\u00e1n incluso los partidos m\u00e1s intensos. Nuestras pelotas de pickleball son la elecci\u00f3n perfecta para aquellos que quieren lo mejor en rendimiento y durabilidad.<\/p>\n<p>                    <img decoding=\"async\" width=\"500\" height=\"500\" src=\"https:\/\/dinkpickleball.com\/wp-content\/uploads\/2022\/06\/pickleball-ball-1.jpg\" alt=\"pelota de pickleball 1\" loading=\"lazy\" srcset=\"https:\/\/dinkpickleball.com\/wp-content\/uploads\/2022\/06\/pickleball-ball-1.jpg 500w, https:\/\/dinkpickleball.com\/wp-content\/uploads\/2022\/06\/pickleball-ball-1-300x300.jpg 300w, https:\/\/dinkpickleball.com\/wp-content\/uploads\/2022\/06\/pickleball-ball-1-150x150.jpg 150w, https:\/\/dinkpickleball.com\/wp-content\/uploads\/2022\/06\/pickleball-ball-1-100x100.jpg 100w\" sizes=\"auto, (max-width: 500px) 100vw, 500px\" \/><\/p>\n<h3>\n                        Bola sin soldadura<br \/>\n                    <\/h3>\n<p>                        El dise\u00f1o de una sola pieza moldeada por rotaci\u00f3n hace que las pelotas vuelen rectas y verdaderas, con menos pelotas rotas o agrietadas.<br \/>\n                    <img decoding=\"async\" width=\"500\" height=\"500\" src=\"https:\/\/dinkpickleball.com\/wp-content\/uploads\/2022\/06\/pickleball-ball-2.jpg\" alt=\"pelota de pickleball 2\" loading=\"lazy\" srcset=\"https:\/\/dinkpickleball.com\/wp-content\/uploads\/2022\/06\/pickleball-ball-2.jpg 500w, https:\/\/dinkpickleball.com\/wp-content\/uploads\/2022\/06\/pickleball-ball-2-300x300.jpg 300w, https:\/\/dinkpickleball.com\/wp-content\/uploads\/2022\/06\/pickleball-ball-2-150x150.jpg 150w, https:\/\/dinkpickleball.com\/wp-content\/uploads\/2022\/06\/pickleball-ball-2-100x100.jpg 100w\" sizes=\"auto, (max-width: 500px) 100vw, 500px\" \/><\/p>\n<h3>\n                        Bola de soldadura<br \/>\n                    <\/h3>\n<p>                        La bola soldada de 40 agujeros para exteriores y la bola soldada de 26 agujeros para interiores son m\u00e1s rentables para el uso com\u00fan.                    <\/p>\n<h2>\u00bfQu\u00e9 hacemos?<\/h2>\n<p>SOMOS PROFESIONALES<\/p>\n<p>\t\t\t        <!-- link opening --><br \/>\n                <!-- end link opening --><\/p>\n<h3>\n                    Consulta gratuita                <\/h3>\n<p>\u00bfC\u00f3mo quieres tus pelotas? \u00a1Puede tener una sesi\u00f3n de asesoramiento GRATUITA con nuestros expertos!<\/p>\n<p>\t\t\t        <!-- link opening --><br \/>\n                <!-- end link opening --><\/p>\n<h3>\n                    Muestras gratuitas                <\/h3>\n<p>\u00bfLe preocupa la calidad? Puede solicitar muestras GRATUITAS para sentir nuestro bal\u00f3n de pickleball de verdad.<\/p>\n<p>\t\t\t        <!-- link opening --><br \/>\n                <!-- end link opening --><\/p>\n<h3>\n                    MOQ bajo requerido                <\/h3>\n<p>\u00bfQuiere ver los comentarios del mercado? Su pedido puede empezar desde 100 pepinillos.<\/p>\n<p>\t\t\t        <!-- link opening --><br \/>\n                <!-- end link opening --><\/p>\n<h3>\n                    Precio directo de f\u00e1brica                <\/h3>\n<p>\u00a1Sin costes a\u00f1adidos a sus pedidos! Todos los pickleballs se fabrican y venden directamente en nuestra f\u00e1brica.<\/p>\n<h2>Pelota de Pickleball personalizada<\/h2>\n<p>\u00bfBusca una pelota de pickleball personalizada que se ajuste a sus necesidades?  No busque m\u00e1s all\u00e1 de DinkPickleball. Somos el fabricante l\u00edder de pelotas de pickleball, y nuestra marca de f\u00e1brica y al por mayor garantiza que usted est\u00e1 recibiendo el mejor producto posible. Podemos fabricar una pelota perfecta para usted. Ofrecemos pelotas de pickleball hechas a medida que son perfectas para cualquier estilo de juego. Ya sea que necesite una pelota para el juego competitivo o simplemente quiere una que dure m\u00e1s tiempo, lo tenemos cubierto. Ofrecemos pelotas de pickleball a medida que se hacen por encargo y se pueden personalizar con sus propios dise\u00f1os \u00fanicos. Si usted est\u00e1 buscando un pedido al por mayor para su marca o club, o s\u00f3lo unas pocas bolas para su equipo, podemos satisfacer sus necesidades. Tambi\u00e9n ofrecemos descuentos por volumen si necesita una gran cantidad de pelotas.<\/p>\n<p>Si desea dise\u00f1ar su pelota de pickleball, podemos ayudarle a hacerlo de forma gratuita. El servicio consta de 5 pasos principales.<\/p>\n<ol>\n<li><strong>Seleccionar opciones de productos<\/strong><\/li>\n<\/ol>\n<p>Elija el color y el estilo. Tenemos estilos sin costura y con soldadura. Colores en stock disponibles: Amarillo, Verde y Naranja<\/p>\n<p>\u00a0<\/p>\n<ol start=\"2\">\n<li><strong>Dise\u00f1a tu pelota de Pickleball<\/strong><\/li>\n<\/ol>\n<p>Env\u00edenos su texto, logotipo, etc que desea personalizar. Le proporcionaremos la prueba con su logotipo por correo electr\u00f3nico para su aprobaci\u00f3n.<\/p>\n<p>\u00a0<\/p>\n<ol start=\"3\">\n<li><strong>Solicitar presupuesto<\/strong><\/li>\n<\/ol>\n<p>Una vez confirmada toda la informaci\u00f3n, le proporcionaremos un presupuesto. Por favor, tenga en cuenta que la cantidad m\u00ednima de pedido de pelotas de pickleball personalizadas es 200pcs, si su cantidad de pedido es inferior a 200pcs, el precio unitario aumentar\u00e1 ligeramente, por favor comun\u00edquese con las ventas espec\u00edficamente.<\/p>\n<p>\u00a0<\/p>\n<ol start=\"4\">\n<li><strong>Plazo de entrega y pago<\/strong><\/li>\n<\/ol>\n<p>PLAZO DE ENTREGA: En general, entre 6 y 12 d\u00edas laborables para 10.000 unidades. Para pedidos muy urgentes, seg\u00fan el calendario, tambi\u00e9n est\u00e1 disponible la producci\u00f3n prioritaria. Material especial y orden de color tarda varios d\u00edas m\u00e1s.<\/p>\n<p>PAGO: Se requiere un dep\u00f3sito de 40% al realizar el pedido, le enviaremos las im\u00e1genes de producci\u00f3n para su vista r\u00e1pida, y organizaremos la entrega despu\u00e9s de pagar el saldo de 60%.<\/p>\n<p>\u00a0<\/p>\n<ol start=\"5\">\n<li><strong>Producci\u00f3n en serie<\/strong><\/li>\n<\/ol>\n<p>Nuestro departamento de producci\u00f3n comenzar\u00e1 su pedido de acuerdo con su dise\u00f1o de aprobaci\u00f3n. Para hacer el logotipo en las bolas de pickleball, ahora l\u00e1ser se utiliza sobre todo, y va a durar para siempre.<\/p>\n<p>\t\t\t\t\t\t\t<a href=\"https:\/\/dinkpickleball.com\/wp-content\/uploads\/2022\/06\/custom-pickleball-ball-wholesale-2.jpg\"><br \/>\n\t\t\t\t\t\t\t\t\t\t\t\t\t\t<\/a><br \/>\n\t\t\t\t\t\t\t<a href=\"https:\/\/dinkpickleball.com\/wp-content\/uploads\/2022\/06\/custom-pickleball-ball-wholesale-3.jpg\"><br \/>\n\t\t\t\t\t\t\t\t\t\t\t\t\t\t<\/a><br \/>\n\t\t\t\t\t\t\t<a href=\"https:\/\/dinkpickleball.com\/wp-content\/uploads\/2022\/06\/custom-pickleball-ball-wholesale-4.jpg\"><br \/>\n\t\t\t\t\t\t\t\t\t\t\t\t\t\t<\/a><br \/>\n\t\t\t\t\t\t\t<a href=\"https:\/\/dinkpickleball.com\/wp-content\/uploads\/2022\/06\/custom-pickleball-ball-wholesale-1.jpg\"><br \/>\n\t\t\t\t\t\t\t\t\t\t\t\t\t\t<\/a><br \/>\n\t\t\t<a role=\"button\"><br \/>\n\t\t\t\t\t\tSolicitud de presupuesto<br \/>\n\t\t\t\t\t<\/a><\/p>\n<h2>Nuestros clientes opinan de nosotros<\/h2>\n<p>\t\t\t\t\t\tDurante todo el proceso de compra, PB me hizo sentir muy satisfecho. Su vendedor fue muy profesional, qued\u00e9 muy satisfecho con su servicio y la calidad de las palas de pickleball personalizadas, y el dise\u00f1o de impresi\u00f3n personalizado es v\u00edvido. Me encantan.<br \/>\n\t\t\t\t\t\t<img decoding=\"async\" src=\"https:\/\/dinkpickleball.com\/wp-content\/uploads\/2022\/06\/picklebase-client-4.jpg\" alt=\"Angela Lee\"><br \/>\n\t\t\t\t\t\t\t\t<cite>Angela LeeCEO<\/cite><br \/>\n\t\t\t\t\t\tA veces es frustrante comprar palas de pickleball en el extranjero. Trabajar con DinkPickleball es mucho menos complicado. Los procesos de dise\u00f1o y pedido fueron muy sencillos. Todo lo que tengo que hacer es sentarme en la oficina y esperar a recibir la mercanc\u00eda.<br \/>\n\t\t\t\t\t\t<img decoding=\"async\" src=\"https:\/\/dinkpickleball.com\/wp-content\/uploads\/2022\/06\/y11.png\" alt=\"Mike Stuart\"><br \/>\n\t\t\t\t\t\t\t\t<cite>Mike StuartComprador<\/cite><br \/>\n\t\t\t\t\t\tQuiero daros las gracias por todo el proceso. Todo fue muy r\u00e1pido, desde el presupuesto, el pago, la muestra, la producci\u00f3n y la entrega. Ha sido un placer hacer negocios con vosotros. Muchas gracias de nuevo.<br \/>\n\t\t\t\t\t\t<img decoding=\"async\" src=\"https:\/\/dinkpickleball.com\/wp-content\/uploads\/2022\/06\/picklebase-client-1.jpg\" alt=\"Gislaine Vanhook\"><br \/>\n\t\t\t\t\t\t\t\t<cite>Gislaine VanhookEspecialista en productos<\/cite><br \/>\n\t\t\t\t\t\tAsequibles, con estilo y un servicio incre\u00edble. A los ni\u00f1os les encantan las palas de pickleball personalizadas. \u00a1Han sido un gran \u00e9xito! Han quedado geniales y a los ni\u00f1os les encantan y ha sido un placer trabajar con vosotros. La entrega lleg\u00f3 pronto. Muchas gracias.<br \/>\n\t\t\t\t\t\t<img decoding=\"async\" src=\"https:\/\/dinkpickleball.com\/wp-content\/uploads\/2022\/06\/picklebase-client-3.jpg\" alt=\"Alex Hannifin\"><br \/>\n\t\t\t\t\t\t\t\t<cite>Alex HannifinAdministrador de la oficina<\/cite><br \/>\n\t\t\t\t\t\tDinkPickleball es de lejos el mejor proveedor de palas de pickleball con el que hemos trabajado. Visitamos la f\u00e1brica en China y nos quedamos gratamente sorprendidos por la cantidad de coraz\u00f3n que han puesto en todos y cada uno de los productos.<br \/>\n\t\t\t\t\t\t<img decoding=\"async\" src=\"https:\/\/dinkpickleball.com\/wp-content\/uploads\/2022\/06\/picklebase-client-2.jpg\" alt=\"Juan Nadie\"><br \/>\n\t\t\t\t\t\t\t\t<cite>John DoeComprador<\/cite>\t\t\t<\/p>\n<figure><img decoding=\"async\" src=\"https:\/\/dinkpickleball.com\/wp-content\/uploads\/2022\/06\/onix.png\" alt=\"onix\" \/><\/figure>\n<figure><img decoding=\"async\" src=\"https:\/\/dinkpickleball.com\/wp-content\/uploads\/2022\/06\/Diadem-logo.png\" alt=\"Logotipo de la diadema\" \/><\/figure>\n<figure><img decoding=\"async\" src=\"https:\/\/dinkpickleball.com\/wp-content\/uploads\/2022\/06\/Gamma.png\" alt=\"Gamma\" \/><\/figure>\n<figure><img decoding=\"async\" src=\"https:\/\/dinkpickleball.com\/wp-content\/uploads\/2022\/06\/niupipo.png\" alt=\"niupipo\" \/><\/figure>\n<figure><img decoding=\"async\" src=\"https:\/\/dinkpickleball.com\/wp-content\/uploads\/2022\/06\/Paddletek.png\" alt=\"Paddletek\" \/><\/figure>\n<h2>Certificaci\u00f3n<\/h2>\n<p>\t\t\t\t\t\t\t\t\t\t\t\t\t\tDiapositiva anterior<br \/>\n\t\t\t\t\t\t\t\t\t\t\t\t\t\tSiguiente diapositiva<\/p>\n<h2>Paquete para bolas<\/h2>\n<p>Caja de PET para paquetes de 3 o 6 bolas. Color y logotipo son personalizados<\/p>\n<p>Bolsa de malla para 3,4,6,12pcs bolas QTY opcional<\/p>\n<p>Caja individual personalizada para 3,4,6,12pc bolas<\/p>\n<p>Caja individual personalizada para varios juegos de pelotas<\/p>\n<p>Bolsa de pl\u00e1stico personalizada para 3,4,6,12pcs bolas<\/p>\n<p>Bolsa de pl\u00e1stico compuesto adhesiva personalizada para algunas bolas<\/p>\n<p>\t\t\t\t\t\t\t\t\t\t\t\t<img decoding=\"async\" width=\"1500\" height=\"396\" src=\"https:\/\/dinkpickleball.com\/wp-content\/uploads\/2022\/06\/Package-For-Balls.jpg\" alt=\"Paquete para bolas\" loading=\"lazy\" srcset=\"https:\/\/dinkpickleball.com\/wp-content\/uploads\/2022\/06\/Package-For-Balls.jpg 1500w, https:\/\/dinkpickleball.com\/wp-content\/uploads\/2022\/06\/Package-For-Balls-300x79.jpg 300w, https:\/\/dinkpickleball.com\/wp-content\/uploads\/2022\/06\/Package-For-Balls-1024x270.jpg 1024w, https:\/\/dinkpickleball.com\/wp-content\/uploads\/2022\/06\/Package-For-Balls-768x203.jpg 768w, https:\/\/dinkpickleball.com\/wp-content\/uploads\/2022\/06\/Package-For-Balls-600x158.jpg 600w\" sizes=\"auto, (max-width: 1500px) 100vw, 1500px\" \/>\t\t\t\t\t\t\t\t\t\t\t\t\t\t<\/p>\n<h2>Mayorista Pelotas de Pickleball Personalizadas<\/h2>\n<p>Ofrecemos pelotas de pickleball personalizadas directamente de f\u00e1brica a precios al por mayor. Le ayudamos a evitar las trampas para ofrecer la calidad y el valor que necesitan sus pelotas de pickleball personalizadas, a tiempo y dentro del presupuesto.<\/p>","protected":false},"excerpt":{"rendered":"<p>Pickleball Ball Wholesale at Factory Price The DinkPickleball is proud to offer high-quality pickleball balls at wholesale prices. Our balls are made from the highest quality materials that meet USAPA standards. Request For Quotation Pickleball Balls Our factory produces bulk pickleballs that are perfect for any event, whether it be a tournament or a casual [&hellip;]<\/p>\n","protected":false},"author":1,"featured_media":0,"parent":0,"menu_order":0,"comment_status":"closed","ping_status":"closed","template":"","meta":{"_seopress_robots_primary_cat":"","_seopress_titles_title":"Pickleball Ball Wholesale at Factory Price","_seopress_titles_desc":"The DinkPickleball is proud to offer high-quality pickleball balls at wholesale prices. Our balls are made from the highest quality materials that meet USAPA standards.","_seopress_robots_index":"","footnotes":""},"class_list":["post-10472","page","type-page","status-publish","hentry"],"meta_box":[],"_links":{"self":[{"href":"https:\/\/dinkpickleball.com\/es\/wp-json\/wp\/v2\/pages\/10472","targetHints":{"allow":["GET"]}}],"collection":[{"href":"https:\/\/dinkpickleball.com\/es\/wp-json\/wp\/v2\/pages"}],"about":[{"href":"https:\/\/dinkpickleball.com\/es\/wp-json\/wp\/v2\/types\/page"}],"author":[{"embeddable":true,"href":"https:\/\/dinkpickleball.com\/es\/wp-json\/wp\/v2\/users\/1"}],"replies":[{"embeddable":true,"href":"https:\/\/dinkpickleball.com\/es\/wp-json\/wp\/v2\/comments?post=10472"}],"version-history":[{"count":89,"href":"https:\/\/dinkpickleball.com\/es\/wp-json\/wp\/v2\/pages\/10472\/revisions"}],"predecessor-version":[{"id":16268,"href":"https:\/\/dinkpickleball.com\/es\/wp-json\/wp\/v2\/pages\/10472\/revisions\/16268"}],"wp:attachment":[{"href":"https:\/\/dinkpickleball.com\/es\/wp-json\/wp\/v2\/media?parent=10472"}],"curies":[{"name":"wp","href":"https:\/\/api.w.org\/{rel}","templated":true}]}}