{"id":9,"date":"2020-03-29T19:17:09","date_gmt":"2020-03-29T11:17:09","guid":{"rendered":"https:\/\/dinkpickleball.com\/?page_id=9"},"modified":"2025-08-20T15:37:06","modified_gmt":"2025-08-20T07:37:06","slug":"about-us","status":"publish","type":"page","link":"https:\/\/dinkpickleball.com\/de\/about-us\/","title":{"rendered":"\u00dcber uns"},"content":{"rendered":"<h2>DinkPickleball<\/h2>\n<h2>Spezialisiert auf Design und Herstellung kundenspezifischer Pickleball-Produkte<\/p>\n<p>Pickleball Werbeartikel&amp;Geschenke Lieferant<\/h2>\n<p>\t\t\t<a role=\"button\"><br \/>\n\t\t\t\t\t\tAnfrage f\u00fcr ein Angebot<br \/>\n\t\t\t\t\t<\/a><br \/>\n\t\t\t\t\t\t\t\t\t\t\t\t<img decoding=\"async\" src=\"https:\/\/dinkpickleball.com\/wp-content\/uploads\/elementor\/thumbs\/coding-isometric-06-pph206rqk3tso5egj5wgx0144dzkgd3nvaemoqtgiq.png\" title=\"Kodierung isometrisch 06\" alt=\"Kodierung isometrisch 06\" loading=\"lazy\" \/>\t\t\t\t\t\t\t\t\t\t\t\t\t\t<\/p>\n<h2>Wer ist DinkPickleball.com?<\/h2>\n<p>DinkPickleball.com wurde im Jahr 2012 gegr\u00fcndet, und wir haben in diesem Bereich f\u00fcr mehr als 10 Jahren, erstaunlich!<\/p>\n<p>Wir haben gesehen, dass es heute auch viele Pickleball-Produkte Fabriken und Gro\u00dfh\u00e4ndler international. Allerdings ist ihr handwerkliches Niveau noch in ein paar Jahren stecken.<\/p>\n<p>Die Produktionsanlagen f\u00fcr Pickleball-Produkte wurden in den letzten Jahren modernisiert, und DinkPickleball.com hofft, dass unsere fortschrittliche Technologie frisches Blut in diesen Markt bringen kann. Die Verbraucher verdienen bessere Pickleball-Produkte.<\/p>\n<p>Unser professionelles Design-Team zielt darauf ab, professionelle und praktische Pickleball-Produkte zu entwickeln. Wir sind immer eine vertrauensvolle Fabrik, die wettbewerbsf\u00e4hige Pickleball-Produkte und den besten Service f\u00fcr unsere Kunden liefern k\u00f6nnte.<\/p>\n<p>\t\t\t\t\t\t\t<a href=\"https:\/\/dinkpickleball.com\/wp-content\/uploads\/2022\/06\/pickleball-wholesale-1.jpg\"><br \/>\n\t\t\t\t\t\t\t\t\t\t\t\t\t\t<\/a><br \/>\n\t\t\t\t\t\t\t<a href=\"https:\/\/dinkpickleball.com\/wp-content\/uploads\/2022\/06\/pickleball-wholesale-4.jpg\"><br \/>\n\t\t\t\t\t\t\t\t\t\t\t\t\t\t<\/a><br \/>\n\t\t\t\t\t\t\t<a href=\"https:\/\/dinkpickleball.com\/wp-content\/uploads\/2022\/06\/pickleball-wholesale-3.jpg\"><br \/>\n\t\t\t\t\t\t\t\t\t\t\t\t\t\t<\/a><br \/>\n\t\t\t\t\t\t\t<a href=\"https:\/\/dinkpickleball.com\/wp-content\/uploads\/2022\/06\/pickleball-wholesale-2.jpg\"><br \/>\n\t\t\t\t\t\t\t\t\t\t\t\t\t\t<\/a><br \/>\n\t\t\t\t\t\t\t\t\t\t\t\t<img decoding=\"async\" width=\"500\" height=\"500\" src=\"https:\/\/dinkpickleball.com\/wp-content\/uploads\/2022\/05\/COCONUTIO-team.webp.jpg\" alt=\"COCONUTIO team.webp\" loading=\"lazy\" srcset=\"https:\/\/dinkpickleball.com\/wp-content\/uploads\/2022\/05\/COCONUTIO-team.webp.jpg 500w, https:\/\/dinkpickleball.com\/wp-content\/uploads\/2022\/05\/COCONUTIO-team.webp-300x300.jpg 300w, https:\/\/dinkpickleball.com\/wp-content\/uploads\/2022\/05\/COCONUTIO-team.webp-150x150.jpg 150w, https:\/\/dinkpickleball.com\/wp-content\/uploads\/2022\/05\/COCONUTIO-team.webp-100x100.jpg 100w\" sizes=\"auto, (max-width: 500px) 100vw, 500px\" \/>\t\t\t\t\t\t\t\t\t\t\t\t\t\t<\/p>\n<h2>Zahlen, auf die wir stolz sind<\/h2>\n<p>Wir sind ein professioneller Hersteller von Pickleball-Produkten. Durch die Konzentration auf hochwertige Rohstoffe und fortschrittliche Technologien, gef\u00fchrt von unserem Markt- und Produktteam, wollen wir die h\u00f6chsten Qualit\u00e4tsstandards und Kundenanforderungen erf\u00fcllen. Unsere Produkte werden haupts\u00e4chlich in die USA, Kanada, Australien und andere 20 L\u00e4nder exportiert und haben weltweit einen guten Ruf.<\/p>\n<p>DinkPickleball Gro\u00dfhandel ist nie einfach, aber wir haben genug Vertrauen in unsere Produkte, und diese Zahlen bezeugen unsere Entwicklung auf dem internationalen Markt, m\u00f6chten Sie unser Gesch\u00e4ftspartner sein?<\/p>\n<h2>100+<\/h2>\n<p>Zufriedene Kunden<\/p>\n<h2>20+<\/h2>\n<p>Aus L\u00e4ndern<\/p>\n<h2>200+<\/h2>\n<p>Mitarbeiter<\/p>\n<h2>150+<\/h2>\n<p>Erfolgreiches Projekt<\/p>\n<h2>\n10,000+<\/h2>\n<p>Fabrikgr\u00f6\u00dfe<\/p>\n<h2>10+<\/h2>\n<p>Jahre alt<\/p>\n<h2>Lassen Sie DinkPickleball.com noch heute Ihr Gesch\u00e4ft ankurbeln!<\/h2>\n<p>DinkPickleball ist seit 10 Jahren im Gro\u00dfhandel mit Pickleball-Produkten t\u00e4tig. Lassen Sie sich von einem echten Branchenveteranen mit hochwertigen Pickleball-Produkten versorgen.<\/p>\n<p>\t\t\t\t\t\t\t\t\t\t\t\t<img decoding=\"async\" width=\"800\" height=\"533\" src=\"https:\/\/dinkpickleball.com\/wp-content\/uploads\/2022\/05\/10.-team.webp.jpg\" alt=\"10. team.webp\" loading=\"lazy\" srcset=\"https:\/\/dinkpickleball.com\/wp-content\/uploads\/2022\/05\/10.-team.webp.jpg 800w, https:\/\/dinkpickleball.com\/wp-content\/uploads\/2022\/05\/10.-team.webp-300x200.jpg 300w, https:\/\/dinkpickleball.com\/wp-content\/uploads\/2022\/05\/10.-team.webp-768x512.jpg 768w, https:\/\/dinkpickleball.com\/wp-content\/uploads\/2022\/05\/10.-team.webp-600x400.jpg 600w\" sizes=\"auto, (max-width: 800px) 100vw, 800px\" \/><\/p>","protected":false},"excerpt":{"rendered":"<p>DinkPickleball Specializes in Custom Pickleball Products Design and Manufacturing Pickleball Promotional Products&amp;Gifts Supplier Request For Quotation Who is DinkPickleball.com? DinkPickleball.com was founded in 2012, and we have been in this field for more than 10 years, amazing! We have seen that today there are also many pickleball products factories and wholesalers internationally. However, their craftsmanship [&hellip;]<\/p>\n","protected":false},"author":1,"featured_media":0,"parent":0,"menu_order":0,"comment_status":"closed","ping_status":"closed","template":"","meta":{"_seopress_robots_primary_cat":"","_seopress_titles_title":"Specializes in Custom Pickleball Products Design and Manufacturing","_seopress_titles_desc":"Our professional design team aims to develop professional and practical pickleball products. We are always a trustful factory that could supply competitive pickleball products and the best service for our customers.","_seopress_robots_index":"","footnotes":""},"class_list":["post-9","page","type-page","status-publish","hentry"],"meta_box":[],"_links":{"self":[{"href":"https:\/\/dinkpickleball.com\/de\/wp-json\/wp\/v2\/pages\/9","targetHints":{"allow":["GET"]}}],"collection":[{"href":"https:\/\/dinkpickleball.com\/de\/wp-json\/wp\/v2\/pages"}],"about":[{"href":"https:\/\/dinkpickleball.com\/de\/wp-json\/wp\/v2\/types\/page"}],"author":[{"embeddable":true,"href":"https:\/\/dinkpickleball.com\/de\/wp-json\/wp\/v2\/users\/1"}],"replies":[{"embeddable":true,"href":"https:\/\/dinkpickleball.com\/de\/wp-json\/wp\/v2\/comments?post=9"}],"version-history":[{"count":371,"href":"https:\/\/dinkpickleball.com\/de\/wp-json\/wp\/v2\/pages\/9\/revisions"}],"predecessor-version":[{"id":16247,"href":"https:\/\/dinkpickleball.com\/de\/wp-json\/wp\/v2\/pages\/9\/revisions\/16247"}],"wp:attachment":[{"href":"https:\/\/dinkpickleball.com\/de\/wp-json\/wp\/v2\/media?parent=9"}],"curies":[{"name":"wp","href":"https:\/\/api.w.org\/{rel}","templated":true}]}}