{"id":8,"date":"2020-03-29T19:17:09","date_gmt":"2020-03-29T11:17:09","guid":{"rendered":"https:\/\/dinkpickleball.com\/?page_id=8"},"modified":"2026-03-12T19:57:07","modified_gmt":"2026-03-12T11:57:07","slug":"home","status":"publish","type":"page","link":"https:\/\/dinkpickleball.com\/de\/","title":{"rendered":"Startseite"},"content":{"rendered":"<p><img loading=\"lazy\" decoding=\"async\" width=\"702\" height=\"500\" src=\"https:\/\/dinkpickleball.com\/wp-content\/uploads\/2022\/05\/pickleball-paddles-factory.png\" alt=\"pickleball paddles fabrik\" srcset=\"https:\/\/dinkpickleball.com\/wp-content\/uploads\/2022\/05\/pickleball-paddles-factory.png 702w, https:\/\/dinkpickleball.com\/wp-content\/uploads\/2022\/05\/pickleball-paddles-factory-300x214.png 300w, https:\/\/dinkpickleball.com\/wp-content\/uploads\/2022\/05\/pickleball-paddles-factory-600x427.png 600w\" sizes=\"auto, (max-width: 702px) 100vw, 702px\" \/>\t\t\t\t\t\t\t\t\t\t\t\t\t<\/p>\n<h1>Pickleball Paddel Hersteller und Gro\u00dfhandel<\/h1>\n<h2>\u00dcber 10 Jahre Erfahrung im Design und der Herstellung von Pickleball-Paddeln nach Ma\u00df<\/h2>\n<p>\t\t\t\t\t<a role=\"button\"><br \/>\n\t\t\t\t\t\t\t\t\tAnfrage f\u00fcr ein Angebot<br \/>\n\t\t\t\t\t<\/a><\/p>\n<h2>Beschaffung von Pickleball-Produkten von DinkPickleball<\/h2>\n<p>\t\t\t\t\t<a role=\"button\"><br \/>\n\t\t\t\t\t\t\t\t\tIhr Gesch\u00e4ft ankurbeln<br \/>\n\t\t\t\t\t<\/a><\/p>\n<h3>\n\t\t\t\t\t\t\tF\u00fcr OEM\/ODM<br \/>\n\t\t\t\t\t<\/h3>\n<p>\n\t\t\t\t\t\tM\u00f6chten Sie einen Pickleball-Schl\u00e4ger individuell gestalten? DinkPickleball kann Ihnen helfen, Ihr Produkt zu entwickeln und es in ein echtes Produkt zu verwandeln! Wir helfen Ihnen, die Fallstricke zu vermeiden, um die Qualit\u00e4t und den Wert Ihrer benutzerdefinierten Pickleball B\u00e4lle brauchen, p\u00fcnktlich und im Rahmen des Budgets zu liefern.\t\t\t\t\t<\/p>\n<h3>\n\t\t\t\t\t\t\tEigent\u00fcmer der Marke<br \/>\n\t\t\t\t\t<\/h3>\n<p>\n\t\t\t\t\t\tBeschaffung von Pickleball-Schl\u00e4gern f\u00fcr Ihre Marke? Wir haben einen rationalisierten Prozess f\u00fcr Private Label Pickleball Paddles! Vom benutzerdefinierten Stil, Logo-Design und Produktverpackung bis hin zur Amazon FBA-Vorbereitung - wir haben alles f\u00fcr Sie!\t\t\t\t\t<\/p>\n<h3>\n\t\t\t\t\t\t\tGro\u00dfh\u00e4ndler<br \/>\n\t\t\t\t\t<\/h3>\n<p>\n\t\t\t\t\t\tSuchen Sie Hunderte von verschiedenen Pickleball-Produkten? Wir bieten Pickleball-Schl\u00e4ger, B\u00e4lle, Zubeh\u00f6r und vieles mehr! Wir bieten Ihnen die besten personalisierten Pickleball-Produkte, um Ihr Gesch\u00e4ft zu erweitern und Ihre Gewinne zu steigern.\t\t\t\t\t<\/p>\n<p>\t\t<iframe loading=\"lazy\" title=\"Die Revolutionierung der Pickleball-Schl\u00e4ger: Einblicke in die Fabrik von DinkPickleball\" width=\"500\" height=\"281\" src=\"https:\/\/www.youtube.com\/embed\/kPvfvxb44x0?feature=oembed\" frameborder=\"0\" allow=\"accelerometer; autoplay; clipboard-write; encrypted-media; gyroscope; picture-in-picture; web-share\" referrerpolicy=\"strict-origin-when-cross-origin\" allowfullscreen><\/iframe>\t\t<\/p>\n<h2>Verbessern Sie Ihr Gesch\u00e4ft, erfreuen Sie Ihre Kunden<\/h2>\n<p>Steigern Sie Ihren Umsatz und sorgen Sie daf\u00fcr, dass Ihre Kunden immer wieder kommen - mit den Pickleball-Schl\u00e4gern von DinkPickleball. Profitieren Sie von unseren wettbewerbsf\u00e4higen Preisen, Mengenrabatten und einem unvergleichlichen Kundensupport, der Ihnen hilft, Ihre Gewinne zu maximieren und gleichzeitig Ihren Kunden hervorragende Produkte zu liefern. W\u00e4hlen Sie DinkPickleball als Ihren zuverl\u00e4ssigen Partner und ebnen Sie den Weg zu einem erfolgreichen und florierenden Pickleball-Gesch\u00e4ft.<\/p>\n<p>                <a href=\"https:\/\/dinkpickleball.com\/de\/thermoformed-pickleball-paddle\/\"><br \/>\n                    <img loading=\"lazy\" decoding=\"async\" width=\"800\" height=\"800\" src=\"https:\/\/dinkpickleball.com\/wp-content\/uploads\/2023\/05\/Thermoformed-Pickleball-Paddle-Factory.png\" alt=\"Thermogeformtes Pickleball-Paddel Fabrik\" srcset=\"https:\/\/dinkpickleball.com\/wp-content\/uploads\/2023\/05\/Thermoformed-Pickleball-Paddle-Factory.png 800w, https:\/\/dinkpickleball.com\/wp-content\/uploads\/2023\/05\/Thermoformed-Pickleball-Paddle-Factory-300x300.png 300w, https:\/\/dinkpickleball.com\/wp-content\/uploads\/2023\/05\/Thermoformed-Pickleball-Paddle-Factory-150x150.png 150w, https:\/\/dinkpickleball.com\/wp-content\/uploads\/2023\/05\/Thermoformed-Pickleball-Paddle-Factory-768x768.png 768w, https:\/\/dinkpickleball.com\/wp-content\/uploads\/2023\/05\/Thermoformed-Pickleball-Paddle-Factory-600x600.png 600w, https:\/\/dinkpickleball.com\/wp-content\/uploads\/2023\/05\/Thermoformed-Pickleball-Paddle-Factory-100x100.png 100w\" sizes=\"auto, (max-width: 800px) 100vw, 800px\" \/><br \/>\n                <\/a><\/p>\n<h6>\n                        Thermogeformtes Paddel<br \/>\n                    <\/h6>\n<p>                                                            <a ><br \/>\n                                    Jetzt Anfrage senden                                <\/a><br \/>\n                <a href=\"https:\/\/dinkpickleball.com\/de\/kevlar-pickleball-paddle\/\"><br \/>\n                    <img loading=\"lazy\" decoding=\"async\" width=\"807\" height=\"807\" src=\"https:\/\/dinkpickleball.com\/wp-content\/uploads\/2024\/01\/kevlar-pickleball-paddle.png\" alt=\"Kevlar Pickleball-Paddel\" srcset=\"https:\/\/dinkpickleball.com\/wp-content\/uploads\/2024\/01\/kevlar-pickleball-paddle.png 807w, https:\/\/dinkpickleball.com\/wp-content\/uploads\/2024\/01\/kevlar-pickleball-paddle-300x300.png 300w, https:\/\/dinkpickleball.com\/wp-content\/uploads\/2024\/01\/kevlar-pickleball-paddle-150x150.png 150w, https:\/\/dinkpickleball.com\/wp-content\/uploads\/2024\/01\/kevlar-pickleball-paddle-768x768.png 768w\" sizes=\"auto, (max-width: 807px) 100vw, 807px\" \/><br \/>\n                <\/a><\/p>\n<h6>\n                         Kevlar Pickleball Paddel<br \/>\n                    <\/h6>\n<p>                                                            <a ><br \/>\n                                    Jetzt Anfrage senden                                <\/a><br \/>\n                <a href=\"https:\/\/dinkpickleball.com\/de\/edgeless-pickleball-paddles\/\"><br \/>\n                    <img loading=\"lazy\" decoding=\"async\" width=\"800\" height=\"800\" src=\"https:\/\/dinkpickleball.com\/wp-content\/uploads\/2023\/04\/Edgeless-Pickleball-Paddles.png\" alt=\"Kantenlose Pickleball-Schl\u00e4ger\" srcset=\"https:\/\/dinkpickleball.com\/wp-content\/uploads\/2023\/04\/Edgeless-Pickleball-Paddles.png 800w, https:\/\/dinkpickleball.com\/wp-content\/uploads\/2023\/04\/Edgeless-Pickleball-Paddles-300x300.png 300w, https:\/\/dinkpickleball.com\/wp-content\/uploads\/2023\/04\/Edgeless-Pickleball-Paddles-150x150.png 150w, https:\/\/dinkpickleball.com\/wp-content\/uploads\/2023\/04\/Edgeless-Pickleball-Paddles-768x768.png 768w, https:\/\/dinkpickleball.com\/wp-content\/uploads\/2023\/04\/Edgeless-Pickleball-Paddles-600x600.png 600w, https:\/\/dinkpickleball.com\/wp-content\/uploads\/2023\/04\/Edgeless-Pickleball-Paddles-100x100.png 100w\" sizes=\"auto, (max-width: 800px) 100vw, 800px\" \/><br \/>\n                <\/a><\/p>\n<h5>\n                        Kantenlose Pickleball-Schl\u00e4ger<br \/>\n                    <\/h5>\n<p>                                                            <a ><br \/>\n                                    Jetzt Anfrage senden                                <\/a><br \/>\n                <a href=\"https:\/\/dinkpickleball.com\/de\/graphite-pickleball-paddles\/\"><br \/>\n                    <img loading=\"lazy\" decoding=\"async\" width=\"800\" height=\"800\" src=\"https:\/\/dinkpickleball.com\/wp-content\/uploads\/2023\/04\/graphite-paddle.png\" alt=\"Graphitpaddel\" srcset=\"https:\/\/dinkpickleball.com\/wp-content\/uploads\/2023\/04\/graphite-paddle.png 800w, https:\/\/dinkpickleball.com\/wp-content\/uploads\/2023\/04\/graphite-paddle-300x300.png 300w, https:\/\/dinkpickleball.com\/wp-content\/uploads\/2023\/04\/graphite-paddle-150x150.png 150w, https:\/\/dinkpickleball.com\/wp-content\/uploads\/2023\/04\/graphite-paddle-768x768.png 768w, https:\/\/dinkpickleball.com\/wp-content\/uploads\/2023\/04\/graphite-paddle-600x600.png 600w, https:\/\/dinkpickleball.com\/wp-content\/uploads\/2023\/04\/graphite-paddle-100x100.png 100w\" sizes=\"auto, (max-width: 800px) 100vw, 800px\" \/><br \/>\n                <\/a><\/p>\n<h6>\n                        Graphit-Pickleball-Schl\u00e4ger<br \/>\n                    <\/h6>\n<p>                                                            <a ><br \/>\n                                    Jetzt Anfrage senden                                <\/a><br \/>\n                <a href=\"https:\/\/dinkpickleball.com\/de\/titanium-pickleball-paddle\/\"><br \/>\n                    <img loading=\"lazy\" decoding=\"async\" width=\"1024\" height=\"1024\" src=\"https:\/\/dinkpickleball.com\/wp-content\/uploads\/2024\/07\/Titanium-Pickleball-Paddle.png\" alt=\"Pickleball-Paddel aus Titan\" srcset=\"https:\/\/dinkpickleball.com\/wp-content\/uploads\/2024\/07\/Titanium-Pickleball-Paddle.png 1024w, https:\/\/dinkpickleball.com\/wp-content\/uploads\/2024\/07\/Titanium-Pickleball-Paddle-300x300.png 300w, https:\/\/dinkpickleball.com\/wp-content\/uploads\/2024\/07\/Titanium-Pickleball-Paddle-150x150.png 150w, https:\/\/dinkpickleball.com\/wp-content\/uploads\/2024\/07\/Titanium-Pickleball-Paddle-768x768.png 768w\" sizes=\"auto, (max-width: 1024px) 100vw, 1024px\" \/><br \/>\n                <\/a><\/p>\n<h6>\n                         Titan Pickleball-Paddel<br \/>\n                    <\/h6>\n<p>                                                            <a ><br \/>\n                                    Jetzt Anfrage senden                                <\/a><br \/>\n                <a href=\"https:\/\/dinkpickleball.com\/de\/carbon-pickleball-paddles\/\"><br \/>\n                    <img loading=\"lazy\" decoding=\"async\" width=\"800\" height=\"800\" src=\"https:\/\/dinkpickleball.com\/wp-content\/uploads\/2023\/04\/Carbon-Pickleball-Paddles.png\" alt=\"Carbon Pickleball-Schl\u00e4ger\" srcset=\"https:\/\/dinkpickleball.com\/wp-content\/uploads\/2023\/04\/Carbon-Pickleball-Paddles.png 800w, https:\/\/dinkpickleball.com\/wp-content\/uploads\/2023\/04\/Carbon-Pickleball-Paddles-300x300.png 300w, https:\/\/dinkpickleball.com\/wp-content\/uploads\/2023\/04\/Carbon-Pickleball-Paddles-150x150.png 150w, https:\/\/dinkpickleball.com\/wp-content\/uploads\/2023\/04\/Carbon-Pickleball-Paddles-768x768.png 768w, https:\/\/dinkpickleball.com\/wp-content\/uploads\/2023\/04\/Carbon-Pickleball-Paddles-600x600.png 600w, https:\/\/dinkpickleball.com\/wp-content\/uploads\/2023\/04\/Carbon-Pickleball-Paddles-100x100.png 100w\" sizes=\"auto, (max-width: 800px) 100vw, 800px\" \/><br \/>\n                <\/a><\/p>\n<h6>\n                        Carbon Pickleball-Schl\u00e4ger<br \/>\n                    <\/h6>\n<p>                                                            <a ><br \/>\n                                    Jetzt Anfrage senden                                <\/a><\/p>\n<h2>Pickleball und Pickleball-Schl\u00e4ger Hersteller<\/h2>\n<p>DinkPickleball wurde im Jahr 2012 gegr\u00fcndet. Wir sind ein professioneller Hersteller von Pickleball-Produkten von USAPA genehmigt, und unsere Fabrik zertifiziert BSCI und ISO9001.<\/p>\n<p>Zu unseren wichtigsten Pickleball-Produkten geh\u00f6ren Pickleball, Pickleball-Schl\u00e4ger, Pickleball-Netze, Pickleball-Zubeh\u00f6r, usw.<\/p>\n<p>Unser Kundenstamm reicht von Pickleball Paddles Sportmarken, Einzelh\u00e4ndlern, Gro\u00dfh\u00e4ndlern, Schulen, Vereinen, Veranstaltern, etc. Die meisten von ihnen bevorzugen die benutzerdefinierte Pickleball Paddel, so haben wir gut in OEM \/ ODM Pickleball Paddel Herstellung erfahren.<\/p>\n<h3><a href=\"https:\/\/dinkpickleball.com\/de\/about-us\/\">Mehr erfahren<\/a><\/h3>\n<figure><img decoding=\"async\" src=\"https:\/\/dinkpickleball.com\/wp-content\/uploads\/2022\/06\/onix.png\" alt=\"onix\" \/><\/figure>\n<figure><img decoding=\"async\" src=\"https:\/\/dinkpickleball.com\/wp-content\/uploads\/2022\/06\/Diadem-logo.png\" alt=\"Diadem-Logo\" \/><\/figure>\n<figure><img decoding=\"async\" src=\"https:\/\/dinkpickleball.com\/wp-content\/uploads\/2022\/06\/Gamma.png\" alt=\"Gamma\" \/><\/figure>\n<figure><img decoding=\"async\" src=\"https:\/\/dinkpickleball.com\/wp-content\/uploads\/2022\/06\/Paddletek.png\" alt=\"Paddletek\" \/><\/figure>\n<figure><img decoding=\"async\" src=\"https:\/\/dinkpickleball.com\/wp-content\/uploads\/2023\/04\/RECESS-logo.png\" alt=\"RECESS-Logo\" \/><\/figure>\n<figure><img decoding=\"async\" src=\"https:\/\/dinkpickleball.com\/wp-content\/uploads\/2023\/04\/CRBN-logo.png\" alt=\"CRBN-Logo\" \/><\/figure>\n<figure><img decoding=\"async\" src=\"https:\/\/dinkpickleball.com\/wp-content\/uploads\/2023\/04\/STIGA-logo.png\" alt=\"STIGA-Logo\" \/><\/figure>\n<figure><img decoding=\"async\" src=\"https:\/\/dinkpickleball.com\/wp-content\/uploads\/2024\/01\/tangerine.png\" alt=\"Mandarine\" \/><\/figure>\n<figure><img decoding=\"async\" src=\"https:\/\/dinkpickleball.com\/wp-content\/uploads\/2024\/01\/pickleball-apes.png\" alt=\"Pickleball-Affen\" \/><\/figure>\n<figure><img decoding=\"async\" src=\"https:\/\/dinkpickleball.com\/wp-content\/uploads\/2024\/01\/Holbrook.png\" alt=\"holbrook\" \/><\/figure>\n<figure><img decoding=\"async\" src=\"https:\/\/dinkpickleball.com\/wp-content\/uploads\/2024\/01\/6.0.png\" alt=\"6.0\" \/><\/figure>\n<figure><img decoding=\"async\" src=\"https:\/\/dinkpickleball.com\/wp-content\/uploads\/2022\/06\/niupipo.png\" alt=\"niupipo\" \/><\/figure>\n<h2>Das sagen unsere Kunden \u00fcber uns<\/h2>\n<p>\t\t\t\t\t\tW\u00e4hrend des gesamten Kaufprozesses war ich mit PB sehr zufrieden. Der Verk\u00e4ufer war sehr professionell, ich war sehr zufrieden mit dem Service und der Qualit\u00e4t der Pickleball-Paddel, und das personalisierte Druckdesign ist sehr anschaulich. Ich liebe sie.<br \/>\n\t\t\t\t\t\t<img decoding=\"async\" src=\"https:\/\/dinkpickleball.com\/wp-content\/uploads\/2022\/06\/picklebase-client-4.jpg\" alt=\"Angela Lee\"><br \/>\n\t\t\t\t\t\t\t\t<cite>Angela LeeCEO<\/cite><br \/>\n\t\t\t\t\t\tSourcing cutsom Pickleball Paddles aus dem Ausland ist manchmal frustrierend. Die Arbeit mit DinkPickleball ist viel weniger \u00c4rger. Der Entwurfs- und Bestellprozess war einfach. Alles, was ich tun muss, ist im B\u00fcro sitzen und warten, um die Ware zu erhalten.<br \/>\n\t\t\t\t\t\t<img decoding=\"async\" src=\"https:\/\/dinkpickleball.com\/wp-content\/uploads\/2022\/06\/y11.png\" alt=\"Mike Stuart\"><br \/>\n\t\t\t\t\t\t\t\t<cite>Mike StuartK\u00e4ufer<\/cite><br \/>\n\t\t\t\t\t\tIch m\u00f6chte mich bei Ihnen f\u00fcr den gesamten Prozess bedanken! Alles, vom Angebot \u00fcber die Bezahlung, das Muster, die Produktion bis hin zur Lieferung, ging sehr schnell. Es war ein Vergn\u00fcgen, mit Ihnen Gesch\u00e4fte zu machen. Nochmals vielen Dank!<br \/>\n\t\t\t\t\t\t<img decoding=\"async\" src=\"https:\/\/dinkpickleball.com\/wp-content\/uploads\/2022\/06\/picklebase-client-1.jpg\" alt=\"Gislaine Vanhook\"><br \/>\n\t\t\t\t\t\t\t\t<cite>Gislaine VanhookProduktspezialistin<\/cite><br \/>\n\t\t\t\t\t\tErschwinglich, stilvoll, toller Service. Die Kinder lieben individuelle Pickleball-Schl\u00e4ger! Sie waren ein gro\u00dfer Erfolg! Sie sind toll geworden, die Kinder lieben sie und es war ein Vergn\u00fcgen, mit Ihnen zu arbeiten. Die Lieferung erfolgte fr\u00fchzeitig. Vielen Dank an Sie!<br \/>\n\t\t\t\t\t\t<img decoding=\"async\" src=\"https:\/\/dinkpickleball.com\/wp-content\/uploads\/2022\/06\/picklebase-client-3.jpg\" alt=\"Alex Hannifin\"><br \/>\n\t\t\t\t\t\t\t\t<cite>Alex HannifinB\u00fcroverwalter<\/cite><br \/>\n\t\t\t\t\t\tDinkPickleball ist bei weitem der beste Pickleball-Paddel-Lieferant, mit dem wir gearbeitet haben! Wir haben die Fabrik in China besucht und waren angenehm \u00fcberrascht, wie viel Herz sie in jedes einzelne Produkt gesteckt haben.<br \/>\n\t\t\t\t\t\t<img decoding=\"async\" src=\"https:\/\/dinkpickleball.com\/wp-content\/uploads\/2022\/06\/picklebase-client-2.jpg\" alt=\"Unbekannter\"><br \/>\n\t\t\t\t\t\t\t\t<cite>John DoeK\u00e4ufer<\/cite>\t\t\t<\/p>\n<h2>Warum DinkPickleball<\/h2>\n<h2>Hohe Qualit\u00e4t<\/h2>\n<p>Hochwertige Materialien und fortschrittliche Maschinen machen erstklassige Produkte<\/p>\n<h2>Lieferkette<\/h2>\n<p>10 Jahre Erfahrung in der Kontrolle von Produkten mit stabiler Qualit\u00e4t und h\u00f6chstem Standard.<\/p>\n<h2>Niedriges MOQ<\/h2>\n<p>Als Top-Hersteller k\u00f6nnen wir mehr Kunden bedienen, indem wir Auftr\u00e4ge mit niedrigem MOQ annehmen.<\/p>\n<h2>Gro\u00dfartige Unterst\u00fctzung<\/h2>\n<p>Hohe Zufriedenheit mit einer schnellen Antwort innerhalb von 24 Stunden * 365 Tage. 7 Jahre erfahrene Verk\u00e4ufe konnten mit Ihnen effektiv kommunizieren.<\/p>\n<h2>OEM \/ODM verf\u00fcgbar<\/h2>\n<p>Egal, ob Sie Ihr Logo auf den Pickleball und die Paddles drucken lassen oder es anders gestalten wollen, wir k\u00f6nnen Ihnen helfen.<\/p>\n<h2>Schnelle Lieferung<\/h2>\n<p>Unsere hohe Produktivit\u00e4t und reiche Erfahrung im Verkauf k\u00f6nnen die schnelle Lieferung Ihrer Bestellung garantieren.<\/p>\n<h2>Fragen Sie uns was auch immer<\/h2>\n<p>\t\t\t\t\t\t\t\t\t\t\t\t<a tabindex=\"0\">Sind Sie ein Hersteller oder ein Handelsunternehmen? <\/a><\/p>\n<p>Wir sind ein erfahrener und professioneller Hersteller mit Sitz in Dongguan, China, und haben unser eigenes Handelsunternehmen.<\/p>\n<p>\t\t\t\t\t\t\t\t\t\t\t\t<a tabindex=\"0\">Wie sieht es mit dem Preis aus? K\u00f6nnen Sie es billiger machen?<\/a><\/p>\n<p>Ja, wir hoffen, dass wir eine langfristige Zusammenarbeit und gute Gesch\u00e4ftsbeziehung mit Ihnen haben k\u00f6nnen. Bitte beraten Sie Ihre Bestellmenge und einige andere spezifische Anforderungen, wir werden den besten Preis f\u00fcr Sie \u00fcberpr\u00fcfen.<\/p>\n<p>\t\t\t\t\t\t\t\t\t\t\t\t<a tabindex=\"0\">Wenn mir Ihre Paddelrahmenformen gefallen, kann ich dann OEM\/ODM-Bestellungen aufgeben? <\/a><\/p>\n<p>Ja, wir haben mehr Formen. Bitte kontaktieren Sie uns per E-Mail\/WhatsApp f\u00fcr weitere Informationen, wir werden Ihnen in 24 Stunden antworten.<\/p>\n<p>\t\t\t\t\t\t\t\t\t\t\t\t<a tabindex=\"0\">Wie sieht es mit der Vorlaufzeit aus?<\/a><\/p>\n<p>Normalerweise dauert es 7-15 Arbeitstage, abh\u00e4ngig von Ihrer Bestellmenge und unserem Bestellplan.<\/p>\n<p>\t\t\t\t\t\t\t\t\t\t\t\t<a tabindex=\"0\">Kann ich eine neue Pickleball-Schl\u00e4gerform erstellen?<\/a><\/p>\n<p>Wir k\u00f6nnen es nach Ihren Angaben und Anforderungen anfertigen. Teilen Sie uns die Abmessungen des fertigen Paddels mit, die Sie w\u00fcnschen.<\/p>\n<p>\t\t\t\t\t\t\t\t\t\t\t\t<a tabindex=\"0\">Was sind die Materialien f\u00fcr Pickleball Paddel Sie haben?<\/a><\/p>\n<p>Graphit\/Kohlefaser\/Glasfaser f\u00fcr die Paddeloberfl\u00e4che, Polymerwaben\/Aramid(Nomex)-Waben\/Aluminiumwaben f\u00fcr den Kern. Dies sind die besten und g\u00e4ngigsten Materialien f\u00fcr die Paddelherstellung. Und die Glasfaser + PP-Wabe ist der Top-Verk\u00e4ufer ein.<\/p>\n<p>\t\t\t\t\t\t\t\t\t\t\t\t<a tabindex=\"0\">Kann ich ein Logo\/Grafik auf Pickleball-Schl\u00e4ger, Ball, H\u00fclle, Tasche oder Box drucken?<\/a><\/p>\n<p>Ja, wir bieten einen individuellen Druckservice an. Wir ben\u00f6tigen Ihr Design\/Logo Dokumente, dann k\u00f6nnen wir den Nachweis und Pre-Production-Muster f\u00fcr Ihre Zustimmung zu machen.<\/p>\n<p>\t\t\t\t\t\t\t\t\t\t\t\t<a tabindex=\"0\">Wie sieht es mit den Lieferzeiten aus?<\/a><\/p>\n<p>In die Vereinigten Staaten dauert der Expressversand etwa 5-9 Werktage, der Seeweg etwa 20-32 Werktage. Sie k\u00f6nnen die Versandart nach Ihrem Zeitplan w\u00e4hlen.<\/p>\n<h2> Neueste Blogs<\/h2>\n<h2>Custom Pickleball Paddle Gro\u00dfhandel kann einfach und sicher sein<\/h2>\n<p>Sie brauchen mehr als nur einen einzigen Pickleball, Sie brauchen einen erfahrenen Lieferanten, der seit 10 Jahren in diesem Bereich t\u00e4tig ist, um Ihre Marke aufzubauen und Ihre Gewinne zu steigern. Lassen Sie DinkPickleball Ihnen helfen, gesch\u00e4ftlichen Erfolg zu erreichen.<\/p>\n<p>\t\t\t\t\t<a role=\"button\"><br \/>\n\t\t\t\t\t\t\t\t\tSchnelles Angebot einholen<br \/>\n\t\t\t\t\t<\/a><br \/>\n\t\t\t\t\t<a href=\"\/de\/custom-paddles\/\"><br \/>\n\t\t\t\t\t\t\t\t\tINDIVIDUELLE PADDEL ERKUNDEN<br \/>\n\t\t\t\t\t<\/a><\/p>","protected":false},"excerpt":{"rendered":"<p>Pickleball Paddle Manufacturer and Wholesale Over 10 Years of Experience In Custom Pickleball Paddle Design &amp; Manufacturing Request For Quotation Sourcing Pickleball Producsts from DinkPickleball Boost Your Business For OEM\/ODM Want to customize pickleball paddle? DinkPickleball can help develop your product and make it into a real one! We help you avoid the pitfalls to [&hellip;]<\/p>\n","protected":false},"author":1,"featured_media":0,"parent":0,"menu_order":0,"comment_status":"closed","ping_status":"closed","template":"","meta":{"_seopress_robots_primary_cat":"","_seopress_titles_title":"Pickleball Paddle Manufacturer","_seopress_titles_desc":"You need more than just a single pickleball, you need a veteran supplier who has been in this field for 10 years to build your brand and grow your profits.","_seopress_robots_index":"","footnotes":""},"class_list":["post-8","page","type-page","status-publish","hentry"],"meta_box":[],"_links":{"self":[{"href":"https:\/\/dinkpickleball.com\/de\/wp-json\/wp\/v2\/pages\/8","targetHints":{"allow":["GET"]}}],"collection":[{"href":"https:\/\/dinkpickleball.com\/de\/wp-json\/wp\/v2\/pages"}],"about":[{"href":"https:\/\/dinkpickleball.com\/de\/wp-json\/wp\/v2\/types\/page"}],"author":[{"embeddable":true,"href":"https:\/\/dinkpickleball.com\/de\/wp-json\/wp\/v2\/users\/1"}],"replies":[{"embeddable":true,"href":"https:\/\/dinkpickleball.com\/de\/wp-json\/wp\/v2\/comments?post=8"}],"version-history":[{"count":101,"href":"https:\/\/dinkpickleball.com\/de\/wp-json\/wp\/v2\/pages\/8\/revisions"}],"predecessor-version":[{"id":16241,"href":"https:\/\/dinkpickleball.com\/de\/wp-json\/wp\/v2\/pages\/8\/revisions\/16241"}],"wp:attachment":[{"href":"https:\/\/dinkpickleball.com\/de\/wp-json\/wp\/v2\/media?parent=8"}],"curies":[{"name":"wp","href":"https:\/\/api.w.org\/{rel}","templated":true}]}}