{"id":15891,"date":"2024-06-14T17:19:35","date_gmt":"2024-06-14T09:19:35","guid":{"rendered":"https:\/\/dinkpickleball.com\/?page_id=15891"},"modified":"2025-01-13T21:58:00","modified_gmt":"2025-01-13T13:58:00","slug":"pickleball-bag","status":"publish","type":"page","link":"https:\/\/dinkpickleball.com\/de\/pickleball-bag\/","title":{"rendered":"Pickleball Tasche"},"content":{"rendered":"<h1>Individuelle Pickleball-Tasche<\/h1>\n<p>Unsere individuellen Pickleball-Taschen sind ideal f\u00fcr Einzelh\u00e4ndler, Distributoren und Marken, die ihren Kunden einzigartige Produkte anbieten m\u00f6chten. Wir arbeiten eng mit Ihnen zusammen, um sicherzustellen, dass Ihr Branding und Ihre Designvorgaben erf\u00fcllt werden und ein Produkt entsteht, das sich auf dem Markt abhebt.<\/p>\n<p>\t\t\t<a role=\"button\"><br \/>\n\t\t\t\t\t\t\t\t\tSchnelles Angebot einholen<br \/>\n\t\t\t\t\t<\/a><br \/>\n\t\t\t\t\t\t\t\t\t\t\t\t\t<img loading=\"lazy\" decoding=\"async\" width=\"1024\" height=\"1024\" src=\"https:\/\/dinkpickleball.com\/wp-content\/uploads\/2024\/06\/pickleball-bag.png\" alt=\"Pickleball-Tasche\" srcset=\"https:\/\/dinkpickleball.com\/wp-content\/uploads\/2024\/06\/pickleball-bag.png 1024w, https:\/\/dinkpickleball.com\/wp-content\/uploads\/2024\/06\/pickleball-bag-300x300.png 300w, https:\/\/dinkpickleball.com\/wp-content\/uploads\/2024\/06\/pickleball-bag-150x150.png 150w, https:\/\/dinkpickleball.com\/wp-content\/uploads\/2024\/06\/pickleball-bag-768x768.png 768w\" sizes=\"auto, (max-width: 1024px) 100vw, 1024px\" \/>\t\t\t\t\t\t\t\t\t\t\t\t\t<\/p>\n<h2>Ma\u00dfgeschneidert f\u00fcr Ihre Marke<\/h2>\n<p>Unser <strong>Pickleball-Taschen nach Ma\u00df<\/strong> k\u00f6nnen auf das Logo, die Farben und das einzigartige Design Ihrer Marke zugeschnitten werden und helfen Ihnen, eine unverwechselbare Produktlinie zu schaffen, die bei Ihrer Zielgruppe Anklang findet. Diese Personalisierung steigert nicht nur den Wiedererkennungswert Ihrer Marke, sondern erh\u00f6ht auch den Wert Ihres Angebots.<\/p>\n<figure class='gallery-item'>\n\t\t\t\t<a  href='https:\/\/dinkpickleball.com\/wp-content\/uploads\/2024\/06\/pickleball-backpack.jpeg'><img loading=\"lazy\" width=\"800\" height=\"800\" src=\"https:\/\/dinkpickleball.com\/wp-content\/uploads\/2024\/06\/pickleball-backpack.jpeg\" alt=\"Pickleball-Rucksack\" decoding=\"async\" srcset=\"https:\/\/dinkpickleball.com\/wp-content\/uploads\/2024\/06\/pickleball-backpack.jpeg 800w, https:\/\/dinkpickleball.com\/wp-content\/uploads\/2024\/06\/pickleball-backpack-300x300.jpeg 300w, https:\/\/dinkpickleball.com\/wp-content\/uploads\/2024\/06\/pickleball-backpack-150x150.jpeg 150w, https:\/\/dinkpickleball.com\/wp-content\/uploads\/2024\/06\/pickleball-backpack-768x768.jpeg 768w\" sizes=\"auto, (max-width: 800px) 100vw, 800px\" \/><\/a><br \/>\n\t\t\t<\/figure>\n<figure class='gallery-item'>\n\t\t\t\t<a  href='https:\/\/dinkpickleball.com\/wp-content\/uploads\/2024\/06\/pickleball-bag-manufacturer.jpeg'><img loading=\"lazy\" width=\"720\" height=\"720\" src=\"https:\/\/dinkpickleball.com\/wp-content\/uploads\/2024\/06\/pickleball-bag-manufacturer.jpeg\" alt=\"Hersteller von Pickleball-Taschen\" decoding=\"async\" srcset=\"https:\/\/dinkpickleball.com\/wp-content\/uploads\/2024\/06\/pickleball-bag-manufacturer.jpeg 720w, https:\/\/dinkpickleball.com\/wp-content\/uploads\/2024\/06\/pickleball-bag-manufacturer-300x300.jpeg 300w, https:\/\/dinkpickleball.com\/wp-content\/uploads\/2024\/06\/pickleball-bag-manufacturer-150x150.jpeg 150w\" sizes=\"auto, (max-width: 720px) 100vw, 720px\" \/><\/a><br \/>\n\t\t\t<\/figure>\n<figure class='gallery-item'>\n\t\t\t\t<a  href='https:\/\/dinkpickleball.com\/wp-content\/uploads\/2024\/06\/pickleball-bag-wholesale.jpeg'><img loading=\"lazy\" width=\"720\" height=\"720\" src=\"https:\/\/dinkpickleball.com\/wp-content\/uploads\/2024\/06\/pickleball-bag-wholesale.jpeg\" alt=\"pickleball tasche gro\u00dfhandel\" decoding=\"async\" srcset=\"https:\/\/dinkpickleball.com\/wp-content\/uploads\/2024\/06\/pickleball-bag-wholesale.jpeg 720w, https:\/\/dinkpickleball.com\/wp-content\/uploads\/2024\/06\/pickleball-bag-wholesale-300x300.jpeg 300w, https:\/\/dinkpickleball.com\/wp-content\/uploads\/2024\/06\/pickleball-bag-wholesale-150x150.jpeg 150w\" sizes=\"auto, (max-width: 720px) 100vw, 720px\" \/><\/a><br \/>\n\t\t\t<\/figure>\n<figure class='gallery-item'>\n\t\t\t\t<a  href='https:\/\/dinkpickleball.com\/wp-content\/uploads\/2024\/06\/pickleball-paddle-bag.jpeg'><img loading=\"lazy\" width=\"800\" height=\"800\" src=\"https:\/\/dinkpickleball.com\/wp-content\/uploads\/2024\/06\/pickleball-paddle-bag.jpeg\" alt=\"Pickleball Schl\u00e4gertasche\" decoding=\"async\" srcset=\"https:\/\/dinkpickleball.com\/wp-content\/uploads\/2024\/06\/pickleball-paddle-bag.jpeg 800w, https:\/\/dinkpickleball.com\/wp-content\/uploads\/2024\/06\/pickleball-paddle-bag-300x300.jpeg 300w, https:\/\/dinkpickleball.com\/wp-content\/uploads\/2024\/06\/pickleball-paddle-bag-150x150.jpeg 150w, https:\/\/dinkpickleball.com\/wp-content\/uploads\/2024\/06\/pickleball-paddle-bag-768x768.jpeg 768w\" sizes=\"auto, (max-width: 800px) 100vw, 800px\" \/><\/a><br \/>\n\t\t\t<\/figure>\n<figure class='gallery-item'>\n\t\t\t\t<a  href='https:\/\/dinkpickleball.com\/wp-content\/uploads\/2024\/06\/pickleball-bag-factory.jpg'><img loading=\"lazy\" width=\"1000\" height=\"1000\" src=\"https:\/\/dinkpickleball.com\/wp-content\/uploads\/2024\/06\/pickleball-bag-factory.jpg\" alt=\"pickleball bag factory\" decoding=\"async\" srcset=\"https:\/\/dinkpickleball.com\/wp-content\/uploads\/2024\/06\/pickleball-bag-factory.jpg 1000w, https:\/\/dinkpickleball.com\/wp-content\/uploads\/2024\/06\/pickleball-bag-factory-300x300.jpg 300w, https:\/\/dinkpickleball.com\/wp-content\/uploads\/2024\/06\/pickleball-bag-factory-150x150.jpg 150w, https:\/\/dinkpickleball.com\/wp-content\/uploads\/2024\/06\/pickleball-bag-factory-768x768.jpg 768w\" sizes=\"auto, (max-width: 1000px) 100vw, 1000px\" \/><\/a><br \/>\n\t\t\t<\/figure>\n<figure class='gallery-item'>\n\t\t\t\t<a  href='https:\/\/dinkpickleball.com\/wp-content\/uploads\/2024\/06\/custom-pickleball-bag.png'><img loading=\"lazy\" width=\"753\" height=\"735\" src=\"https:\/\/dinkpickleball.com\/wp-content\/uploads\/2024\/06\/custom-pickleball-bag.png\" alt=\"Pickleball-Tasche nach Ma\u00df\" decoding=\"async\" srcset=\"https:\/\/dinkpickleball.com\/wp-content\/uploads\/2024\/06\/custom-pickleball-bag.png 753w, https:\/\/dinkpickleball.com\/wp-content\/uploads\/2024\/06\/custom-pickleball-bag-300x293.png 300w\" sizes=\"auto, (max-width: 753px) 100vw, 753px\" \/><\/a><br \/>\n\t\t\t<\/figure>\n<h2>Perfekte Personalisierung<\/h2>\n<p><strong>Heben Sie Ihre Marke mit den individuellen Pickleball-Taschen von DinkPickleball hervor<\/strong><\/p>\n<h2> Wettbewerbsf\u00e4hige Gro\u00dfhandelspreise<\/h2>\n<p>Unser Mengenpreismodell ist so konzipiert, dass es B2B-Kunden erhebliche Kosteneinsparungen erm\u00f6glicht. Durch eine Partnerschaft mit DinkPickleball profitieren Sie von unserer wettbewerbsf\u00e4higen Preisgestaltung, die es Ihnen erm\u00f6glicht, Ihre Gewinnspannen zu maximieren und gleichzeitig Ihren Kunden hochwertige Produkte anzubieten.<\/p>\n<h2>Umfangreiche Anpassungsoptionen<\/h2>\n<p>DinkPickleball bietet eine breite Palette von Anpassungsm\u00f6glichkeiten, um Ihren speziellen Bed\u00fcrfnissen gerecht zu werden. Egal, ob Sie verschiedene Gr\u00f6\u00dfen, zus\u00e4tzliche F\u00e4cher oder besondere Merkmale wie isolierte Taschen ben\u00f6tigen, unsere <strong data-immersive-translate-walked=\"32ff1652-6224-42eb-a6e8-49b3a088daa7\">kundenspezifische Taschen<\/strong> kann vollst\u00e4ndig auf die Anforderungen Ihres Marktes zugeschnitten werden.\u00a0<\/p>\n<h2>Bew\u00e4hrte Erfolgsbilanz und globale Reichweite<\/h2>\n<p>Wir sind ein zuverl\u00e4ssiger Partner f\u00fcr Unternehmen in den USA, Kanada, Australien und dar\u00fcber hinaus. Unsere Erfahrung und Kompetenz in der Fertigung<strong data-immersive-translate-walked=\"32ff1652-6224-42eb-a6e8-49b3a088daa7\">\u00a0Pickleball-Taschen<\/strong> machen uns zur idealen Wahl f\u00fcr Sie, wenn Sie Ihr Produktangebot erweitern und neue M\u00e4rkte erreichen wollen.<\/p>\n<h2>Fokussiert auf Marken und Vertriebspartner<\/h2>\n<p>Wir haben uns auf die Betreuung von Marken und H\u00e4ndlern spezialisiert und verstehen ihre besonderen Herausforderungen und Anforderungen. Unser <strong data-immersive-translate-walked=\"32ff1652-6224-42eb-a6e8-49b3a088daa7\">Taschen<\/strong> sind so konzipiert, dass sie den hohen Anforderungen entsprechen und Ihr Produkt sich von anderen abhebt.<\/p>\n<h2>Effiziente Produktion und schneller Turnaround<\/h2>\n<p>Unsere effizienten Fertigungsprozesse sorgen daf\u00fcr, dass wir gro\u00dfe Auftr\u00e4ge mit kurzen Durchlaufzeiten bearbeiten k\u00f6nnen. Wenn Sie sich f\u00fcr DinkPickleball entscheiden, k\u00f6nnen Sie sich auf die rechtzeitige Lieferung Ihrer<strong data-immersive-translate-walked=\"32ff1652-6224-42eb-a6e8-49b3a088daa7\"> Pickleball-Schl\u00e4gertaschen<\/strong>.<\/p>\n<h2>Umfassende Unterst\u00fctzung und Zusammenarbeit<\/h2>\n<p>Von der ersten Beratung bis zur endg\u00fcltigen Lieferung bieten wir umfassende Unterst\u00fctzung, um Ihre Zufriedenheit zu gew\u00e4hrleisten. Unser Team arbeitet eng mit Ihnen zusammen, um das perfekte Produkt zu entwickeln. <strong data-immersive-translate-walked=\"32ff1652-6224-42eb-a6e8-49b3a088daa7\">Pickleball-Tasche nach Ma\u00df<\/strong> L\u00f6sung f\u00fcr Ihr Unternehmen.<\/p>\n<figure><img decoding=\"async\" src=\"https:\/\/dinkpickleball.com\/wp-content\/uploads\/2024\/06\/onix.png\" alt=\"onix.png\" \/><\/figure>\n<figure><img decoding=\"async\" src=\"https:\/\/dinkpickleball.com\/wp-content\/uploads\/2024\/06\/Diadem-logo.png\" alt=\"diadem-logo.png\" \/><\/figure>\n<figure><img decoding=\"async\" src=\"https:\/\/dinkpickleball.com\/wp-content\/uploads\/2024\/06\/Gamma.png\" alt=\"gamma.png\" \/><\/figure>\n<figure><img decoding=\"async\" src=\"https:\/\/dinkpickleball.com\/wp-content\/uploads\/2024\/06\/Paddletek.png\" alt=\"paddletek.png\" \/><\/figure>\n<figure><img decoding=\"async\" src=\"https:\/\/dinkpickleball.com\/wp-content\/uploads\/2024\/06\/RECESS-logo.png\" alt=\"Vertiefungslogo.png\" \/><\/figure>\n<figure><img decoding=\"async\" src=\"https:\/\/dinkpickleball.com\/wp-content\/uploads\/2024\/06\/CRBN-logo.png\" alt=\"crbn-logo.png\" \/><\/figure>\n<figure><img decoding=\"async\" src=\"https:\/\/dinkpickleball.com\/wp-content\/uploads\/2024\/06\/STIGA-logo.png\" alt=\"stiga-logo.png\" \/><\/figure>\n<figure><img decoding=\"async\" src=\"https:\/\/dinkpickleball.com\/wp-content\/uploads\/2024\/06\/tangerine.png\" alt=\"tangerine.png\" \/><\/figure>\n<figure><img decoding=\"async\" src=\"https:\/\/dinkpickleball.com\/wp-content\/uploads\/2024\/06\/pickleball-apes.png\" alt=\"pickleball affen.png\" \/><\/figure>\n<figure><img decoding=\"async\" src=\"https:\/\/dinkpickleball.com\/wp-content\/uploads\/2024\/06\/6.0.png\" alt=\"6.0.png\" \/><\/figure>\n<figure><img decoding=\"async\" src=\"https:\/\/dinkpickleball.com\/wp-content\/uploads\/2024\/06\/Holbrook.png\" alt=\"holbrook.png\" \/><\/figure>\n<figure><img decoding=\"async\" src=\"https:\/\/dinkpickleball.com\/wp-content\/uploads\/2024\/06\/niupipo.png\" alt=\"niupipo.png\" \/><\/figure>\n<h2>Ma\u00dfgeschneidert f\u00fcr die einzigartige Identit\u00e4t Ihrer Marke<\/h2>\n<p><strong>Mit personalisierten Pickleball-Taschen auffallen<\/strong><\/p>\n<p>\t\t\t\t\t\t\t\t\t\t\t\t\t<img decoding=\"async\" src=\"https:\/\/dinkpickleball.com\/wp-content\/uploads\/2024\/06\/Proven-Track-Record.jpg\" title=\"Bew\u00e4hrte-Track-Bilanz.jpg\" alt=\"nachgewiesene Erfolgsbilanz.jpg\" loading=\"lazy\" \/>\t\t\t\t\t\t\t\t\t\t\t\t\t<\/p>\n<h3>Vollst\u00e4ndig anpassbare Designs<\/h3>\n<p>Unser <strong data-immersive-translate-walked=\"e655e911-21e6-482c-aeca-edb3e4a1e534\">Pickleball-Taschen nach Ma\u00df<\/strong> bieten umfangreiche Anpassungsm\u00f6glichkeiten, die es Einzelh\u00e4ndlern und Marken erm\u00f6glichen, einzigartige, auff\u00e4llige Designs zu erstellen. Von Farbschemata bis hin zur Logoplatzierung kann jedes Detail auf Ihre Markenidentit\u00e4t zugeschnitten werden, um sicherzustellen, dass Ihre Produkte auf dem Markt hervorstechen<\/p>\n<p>\t\t\t<a role=\"button\"><br \/>\n\t\t\t\t\t\t\t\t\tSofortiges Angebot anfordern<br \/>\n\t\t\t\t\t<\/a><br \/>\n\t\t\t\t\t\t\t\t\t\t\t\t\t<img decoding=\"async\" src=\"https:\/\/dinkpickleball.com\/wp-content\/uploads\/2024\/06\/Premium-Quality-Products.jpg\" title=\"Premium-Qualit\u00e4tsprodukte.jpg\" alt=\"Premium-Qualit\u00e4tsprodukte.jpg\" loading=\"lazy\" \/>\t\t\t\t\t\t\t\t\t\t\t\t\t<\/p>\n<h3>Hochwertige Materialien und Langlebigkeit<\/h3>\n<p>Wir verwenden hochwertige, langlebige Materialien zur Herstellung unserer <strong data-immersive-translate-walked=\"e655e911-21e6-482c-aeca-edb3e4a1e534\">Personalisierte Pickleball-Taschen<\/strong>. Dadurch wird sichergestellt, dass die Taschen nicht nur stilvoll, sondern auch robust und langlebig sind und den Strapazen des t\u00e4glichen Gebrauchs auf und neben dem Platz standhalten.<\/p>\n<p>\t\t\t<a role=\"button\"><br \/>\n\t\t\t\t\t\t\t\t\tSofortiges Angebot anfordern<br \/>\n\t\t\t\t\t<\/a><br \/>\n\t\t\t\t\t\t\t\t\t\t\t\t\t<img decoding=\"async\" src=\"https:\/\/dinkpickleball.com\/wp-content\/uploads\/2024\/06\/Adaptability-and-Responsiveness-to-Market.jpeg\" title=\"Anpassungsf\u00e4higkeit und Reaktionsf\u00e4higkeit auf dem Markt.jpeg\" alt=\"Anpassungsf\u00e4higkeit und Reaktionsf\u00e4higkeit auf dem Markt.jpeg\" loading=\"lazy\" \/>\t\t\t\t\t\t\t\t\t\t\t\t\t<\/p>\n<h3>Umweltvertr\u00e4gliche Optionen<\/h3>\n<p>Unser <strong data-immersive-translate-walked=\"e655e911-21e6-482c-aeca-edb3e4a1e534\">Pickleball-Taschen nach Ma\u00df<\/strong> wurden mit dem Gedanken an den Endverbraucher entworfen. Merkmale wie mehrere F\u00e4cher, ergonomische Gurte und strapazierf\u00e4hige Rei\u00dfverschl\u00fcsse sorgen f\u00fcr maximale Funktionalit\u00e4t und Bequemlichkeit f\u00fcr die Spieler und verbessern ihr Gesamterlebnis.<\/p>\n<p>\t\t\t<a role=\"button\"><br \/>\n\t\t\t\t\t\t\t\t\tSofortiges Angebot anfordern<br \/>\n\t\t\t\t\t<\/a><br \/>\n\t\t\t\t\t\t\t\t\t\t\t\t\t<img decoding=\"async\" src=\"https:\/\/dinkpickleball.com\/wp-content\/uploads\/2024\/06\/Collaborative-Approach-.jpeg\" title=\"Kollaborativer-Ansatz-.jpeg\" alt=\"kollaborativer Ansatz .jpeg\" loading=\"lazy\" \/>\t\t\t\t\t\t\t\t\t\t\t\t\t<\/p>\n<h3>Verbesserte Funktionalit\u00e4t und Design<\/h3>\n<p>Unser <strong data-immersive-translate-walked=\"e655e911-21e6-482c-aeca-edb3e4a1e534\">Pickleball-Taschen nach Ma\u00df<\/strong> wurden mit dem Gedanken an den Endverbraucher entworfen. Merkmale wie mehrere F\u00e4cher, ergonomische Gurte und strapazierf\u00e4hige Rei\u00dfverschl\u00fcsse sorgen f\u00fcr maximale Funktionalit\u00e4t und Bequemlichkeit f\u00fcr die Spieler und verbessern ihr Gesamterlebnis.<\/p>\n<p>\t\t\t<a role=\"button\"><br \/>\n\t\t\t\t\t\t\t\t\tSofortiges Angebot anfordern<br \/>\n\t\t\t\t\t<\/a><\/p>","protected":false},"excerpt":{"rendered":"<p>Custom Pickleball Bag Our custom pickleball bags are perfect for retailers, distributors, and brands looking to offer unique products to their customers. We work closely with you to ensure your branding and design specifications are met, creating a product that stands out in the market. Get Quick Quote Tailored for Your Brand Our custom pickleball [&hellip;]<\/p>\n","protected":false},"author":1,"featured_media":0,"parent":0,"menu_order":0,"comment_status":"closed","ping_status":"closed","template":"","meta":{"_seopress_robots_primary_cat":"","_seopress_titles_title":"","_seopress_titles_desc":"","_seopress_robots_index":"","footnotes":""},"class_list":["post-15891","page","type-page","status-publish","hentry"],"meta_box":[],"_links":{"self":[{"href":"https:\/\/dinkpickleball.com\/de\/wp-json\/wp\/v2\/pages\/15891","targetHints":{"allow":["GET"]}}],"collection":[{"href":"https:\/\/dinkpickleball.com\/de\/wp-json\/wp\/v2\/pages"}],"about":[{"href":"https:\/\/dinkpickleball.com\/de\/wp-json\/wp\/v2\/types\/page"}],"author":[{"embeddable":true,"href":"https:\/\/dinkpickleball.com\/de\/wp-json\/wp\/v2\/users\/1"}],"replies":[{"embeddable":true,"href":"https:\/\/dinkpickleball.com\/de\/wp-json\/wp\/v2\/comments?post=15891"}],"version-history":[{"count":31,"href":"https:\/\/dinkpickleball.com\/de\/wp-json\/wp\/v2\/pages\/15891\/revisions"}],"predecessor-version":[{"id":16291,"href":"https:\/\/dinkpickleball.com\/de\/wp-json\/wp\/v2\/pages\/15891\/revisions\/16291"}],"wp:attachment":[{"href":"https:\/\/dinkpickleball.com\/de\/wp-json\/wp\/v2\/media?parent=15891"}],"curies":[{"name":"wp","href":"https:\/\/api.w.org\/{rel}","templated":true}]}}