{"id":15833,"date":"2024-04-30T15:57:11","date_gmt":"2024-04-30T07:57:11","guid":{"rendered":"https:\/\/dinkpickleball.com\/?page_id=15833"},"modified":"2025-01-13T21:58:53","modified_gmt":"2025-01-13T13:58:53","slug":"gen-3-pickleball-paddle","status":"publish","type":"page","link":"https:\/\/dinkpickleball.com\/de\/gen-3-pickleball-paddle\/","title":{"rendered":"Gen 3 Pickleball Paddel"},"content":{"rendered":"<h2>Gen 3 Pickleball Paddel Hersteller<\/h2>\n<h3>Vom Kern bis zur Oberfl\u00e4che - jedes Detail unseres Gen 3 Paddels f\u00f6rdert Ihr Gesch\u00e4ft.<\/h3>\n<p>\t\t\t<a role=\"button\"><br \/>\n\t\t\t\t\t\t\t\t\tAnfrage f\u00fcr ein Angebot<br \/>\n\t\t\t\t\t<\/a><br \/>\n\t\t\t\t\t\t\t\t\t\t\t\t\t<img loading=\"lazy\" decoding=\"async\" width=\"527\" height=\"527\" src=\"https:\/\/dinkpickleball.com\/wp-content\/uploads\/2024\/04\/Gen-3-Pickleball-Paddles-factory.png\" alt=\"gen 3 pickleball paddles Fabrik\" srcset=\"https:\/\/dinkpickleball.com\/wp-content\/uploads\/2024\/04\/Gen-3-Pickleball-Paddles-factory.png 527w, https:\/\/dinkpickleball.com\/wp-content\/uploads\/2024\/04\/Gen-3-Pickleball-Paddles-factory-300x300.png 300w, https:\/\/dinkpickleball.com\/wp-content\/uploads\/2024\/04\/Gen-3-Pickleball-Paddles-factory-150x150.png 150w\" sizes=\"auto, (max-width: 527px) 100vw, 527px\" \/>\t\t\t\t\t\t\t\t\t\t\t\t\t<\/p>\n<h2>Rationalisierte Lieferkette<\/h2>\n<p>DinkPickleball bietet direkten Zugang zu unserer Produktionslinie, wodurch Zwischenh\u00e4ndler \u00fcberfl\u00fcssig werden und Verz\u00f6gerungen vermieden werden. Diese straffe Lieferkette sorgt f\u00fcr k\u00fcrzere Durchlaufzeiten von der Bestellung bis zur Lieferung und erm\u00f6glicht es Ihnen, mit der Marktnachfrage Schritt zu halten, ohne \u00fcberm\u00e4\u00dfige Lagerhaltung.<\/p>\n<p>\t\t\t<a role=\"button\"><br \/>\n\t\t\t\t\t\t\t\t\tAnfrage f\u00fcr ein Angebot<br \/>\n\t\t\t\t\t<\/a><\/p>\n<h2>Anpassungsf\u00e4higkeiten<\/h2>\n<p>Wir wissen, wie wichtig es ist, sich von der Konkurrenz abzuheben. Deshalb bieten wir Anpassungsm\u00f6glichkeiten f\u00fcr das Gen 3 Pickleball-Paddel. Egal, ob es sich um individuelle Farben, Branding oder einzigartige Design-Optimierungen handelt, mit unseren M\u00f6glichkeiten k\u00f6nnen Sie ein Produkt anbieten, das sich auf dem Markt abhebt.<\/p>\n<p>\t\t\t<a role=\"button\"><br \/>\n\t\t\t\t\t\t\t\t\tAnfrage f\u00fcr ein Angebot<br \/>\n\t\t\t\t\t<\/a><\/p>\n<h2>Wettbewerbsf\u00e4hige Preisstruktur<\/h2>\n<p>DinkPickleball arbeitet mit einer effizienten Kostenstruktur, die es uns erm\u00f6glicht, Einsparungen an unsere B2B-Kunden weiterzugeben. Unsere wettbewerbsf\u00e4higen Preise f\u00fcr Gro\u00dfh\u00e4ndler und Distributoren bedeuten, dass Sie h\u00f6here Gewinnspannen erzielen und Ihren Kunden Qualit\u00e4tsprodukte anbieten k\u00f6nnen.<\/p>\n<p>\t\t\t<a role=\"button\"><br \/>\n\t\t\t\t\t\t\t\t\tAnfrage f\u00fcr ein Angebot<br \/>\n\t\t\t\t\t<\/a><\/p>\n<figure><img decoding=\"async\" src=\"https:\/\/dinkpickleball.com\/wp-content\/uploads\/2022\/06\/onix.png\" alt=\"onix\" \/><\/figure>\n<figure><img decoding=\"async\" src=\"https:\/\/dinkpickleball.com\/wp-content\/uploads\/2022\/06\/Diadem-logo.png\" alt=\"Diadem-Logo\" \/><\/figure>\n<figure><img decoding=\"async\" src=\"https:\/\/dinkpickleball.com\/wp-content\/uploads\/2022\/06\/Gamma.png\" alt=\"Gamma\" \/><\/figure>\n<figure><img decoding=\"async\" src=\"https:\/\/dinkpickleball.com\/wp-content\/uploads\/2023\/04\/CRBN-logo.png\" alt=\"CRBN-Logo\" \/><\/figure>\n<figure><img decoding=\"async\" src=\"https:\/\/dinkpickleball.com\/wp-content\/uploads\/2023\/04\/RECESS-logo.png\" alt=\"RECESS-Logo\" \/><\/figure>\n<figure><img decoding=\"async\" src=\"https:\/\/dinkpickleball.com\/wp-content\/uploads\/2023\/04\/STIGA-logo.png\" alt=\"STIGA-Logo\" \/><\/figure>\n<figure><img decoding=\"async\" src=\"https:\/\/dinkpickleball.com\/wp-content\/uploads\/2022\/06\/Paddletek.png\" alt=\"Paddletek\" \/><\/figure>\n<figure><img decoding=\"async\" src=\"https:\/\/dinkpickleball.com\/wp-content\/uploads\/2024\/01\/tangerine.png\" alt=\"Mandarine\" \/><\/figure>\n<figure><img decoding=\"async\" src=\"https:\/\/dinkpickleball.com\/wp-content\/uploads\/2024\/01\/pickleball-apes.png\" alt=\"Pickleball-Affen\" \/><\/figure>\n<figure><img decoding=\"async\" src=\"https:\/\/dinkpickleball.com\/wp-content\/uploads\/2024\/01\/Holbrook.png\" alt=\"holbrook\" \/><\/figure>\n<figure><img decoding=\"async\" src=\"https:\/\/dinkpickleball.com\/wp-content\/uploads\/2024\/01\/6.0.png\" alt=\"6.0\" \/><\/figure>\n<figure><img decoding=\"async\" src=\"https:\/\/dinkpickleball.com\/wp-content\/uploads\/2022\/06\/niupipo.png\" alt=\"niupipo\" \/><\/figure>\n<h2>Umsatzsteigerung mit un\u00fcbertroffener Leistung <\/h2>\n<p>DinkPickleball hat sich der kontinuierlichen Forschung und Entwicklung verschrieben und ist st\u00e4ndig bem\u00fcht, seine Produkte zu erneuern und zu verbessern. Wenn Sie sich f\u00fcr uns entscheiden, erhalten Sie Zugang zu den neuesten Entwicklungen in der Pickleball-Technologie, damit Ihr Produktangebot frisch und spannend bleibt.<\/p>\n<p>\t\t\t\t\t\t\t\t\t\t\t\t\t<img decoding=\"async\" src=\"https:\/\/dinkpickleball.com\/wp-content\/uploads\/2024\/04\/Gen-3-Pickleball-Paddle-wholesale.png\" title=\"Gen 3 Pickleball Paddel Gro\u00dfhandel\" alt=\"Gen 3 Pickleball Paddel Gro\u00dfhandel\" loading=\"lazy\" \/>\t\t\t\t\t\t\t\t\t\t\t\t\t<\/p>\n<h3>Kerntechnologie f\u00fcr die n\u00e4chste Generation von Antrieben<\/h3>\n<p>Das Gen 3 Pickleball Paddle verf\u00fcgt \u00fcber unseren propriet\u00e4ren Propulsion Core, der f\u00fcr explosive Power bei aggressiven Drives, Kontern und Speed-Ups entwickelt wurde, w\u00e4hrend er gleichzeitig eine verfeinerte Kontrolle f\u00fcr weiche Spielz\u00fcge wie Dinks, Drops und Resets bietet. Diese Mischung aus Kraft und Pr\u00e4zision ist sowohl f\u00fcr Wettkampf- als auch f\u00fcr Gelegenheitsspieler geeignet.<\/p>\n<p>\t\t\t<a role=\"button\"><br \/>\n\t\t\t\t\t\t\t\t\tSofortiges Angebot anfordern<br \/>\n\t\t\t\t\t<\/a><br \/>\n\t\t\t\t\t\t\t\t\t\t\t\t\t<img decoding=\"async\" src=\"https:\/\/dinkpickleball.com\/wp-content\/uploads\/2024\/04\/New-Pickleball-Paddles.png\" title=\"Neue Pickleball-Schl\u00e4ger\" alt=\"neue Pickleball-Schl\u00e4ger\" loading=\"lazy\" \/>\t\t\t\t\t\t\t\t\t\t\t\t\t<\/p>\n<h3>Erweiterte Schwingungsd\u00e4mpfung<\/h3>\n<p>Die Integration von vibrationsd\u00e4mpfendem Schaumstoff in den Wabenkern reduziert den Aufprallschock und sorgt f\u00fcr ein sanfteres Gef\u00fchl beim Ballkontakt. Diese Eigenschaft ist besonders vorteilhaft f\u00fcr Spieler, die ihre Gelenke w\u00e4hrend des Spiels schonen wollen.<\/p>\n<p>\t\t\t<a role=\"button\"><br \/>\n\t\t\t\t\t\t\t\t\tSofortiges Angebot anfordern<br \/>\n\t\t\t\t\t<\/a><br \/>\n\t\t\t\t\t\t\t\t\t\t\t\t\t<img decoding=\"async\" src=\"https:\/\/dinkpickleball.com\/wp-content\/uploads\/2024\/04\/Gen-3-Pickleball-Paddles-Manufacturer.png\" title=\"Gen 3 Pickleball Paddles Hersteller\" alt=\"pickleball paddles gen 3 hersteller\" loading=\"lazy\" \/>\t\t\t\t\t\t\t\t\t\t\t\t\t<\/p>\n<h3>Schutzkantenschutz<\/h3>\n<p>Ein robuster Kantenschutz festigt nicht nur die Struktur des Paddels, sondern verhindert auch eine Delamination der Oberfl\u00e4che. Diese Strapazierf\u00e4higkeit macht es zur idealen Wahl f\u00fcr Einzelh\u00e4ndler, die ein langlebiges Paddelangebot suchen.<\/p>\n<p>\t\t\t<a role=\"button\"><br \/>\n\t\t\t\t\t\t\t\t\tSofortiges Angebot anfordern<br \/>\n\t\t\t\t\t<\/a><br \/>\n\t\t\t\t\t\t\t\t\t\t\t\t\t<img decoding=\"async\" src=\"https:\/\/dinkpickleball.com\/wp-content\/uploads\/2024\/04\/Gen-3-Pickleball-Paddles-factory-1.png\" title=\"Gen 3 Pickleball Paddles Fabrik\" alt=\"gen 3 pickleball paddles Fabrik\" loading=\"lazy\" \/>\t\t\t\t\t\t\t\t\t\t\t\t\t<\/p>\n<h3>Kohlenstoff-Reibungsfl\u00e4che<\/h3>\n<p>Der Schl\u00e4ger verf\u00fcgt \u00fcber eine Reibungsfl\u00e4che aus Karbon, die dem Ball eine strukturierte Griffigkeit verleiht und f\u00fcr mehr Spin und eine bessere Kontrolle \u00fcber die Flugbahn des Balls sorgt, was fortgeschrittene Spieler anspricht, die ihr Spiel verbessern wollen.<\/p>\n<p>\t\t\t<a role=\"button\"><br \/>\n\t\t\t\t\t\t\t\t\tSofortiges Angebot anfordern<br \/>\n\t\t\t\t\t<\/a><br \/>\n\t\t\t\t\t\t\t\t\t\t\t\t\t<img decoding=\"async\" src=\"https:\/\/dinkpickleball.com\/wp-content\/uploads\/2024\/04\/Gen-3-Pickleball-Paddle-bulk.png\" title=\"Gen 3 Pickleball Paddel lose\" alt=\"gen 3 pickleball paddle bulk\" loading=\"lazy\" \/>\t\t\t\t\t\t\t\t\t\t\t\t\t<\/p>\n<h3>Innovative Konstruktion und Langlebigkeit<\/h3>\n<p>Konstruiert mit einem wei\u00dfen gewebten Material unter rohem Kohlenstoff und einem 14mm Querschnitt f\u00fcr erh\u00f6hte Haltbarkeit und Leistung Langlebigkeit. Der Polypropylen-Kern wird durch ein wei\u00dfes Schaumstoff-Federungssystem unterst\u00fctzt, das entwickelt wurde, um rigorosen Spielen zu widerstehen und gleichzeitig die strukturelle Integrit\u00e4t des Paddels zu erhalten.<\/p>\n<p>\t\t\t<a role=\"button\"><br \/>\n\t\t\t\t\t\t\t\t\tSofortiges Angebot anfordern<br \/>\n\t\t\t\t\t<\/a><br \/>\n\t\t\t\t\t\t\t\t\t\t\t\t\t<img decoding=\"async\" src=\"https:\/\/dinkpickleball.com\/wp-content\/uploads\/2024\/04\/Gen-3-Pickleball-Paddle-in-bulk.png\" title=\"Gen 3 Pickleball Paddel in loser Sch\u00fcttung\" alt=\"Pickleball-Schl\u00e4ger der Generation 3 in loser Sch\u00fcttung\" loading=\"lazy\" \/>\t\t\t\t\t\t\t\t\t\t\t\t\t<\/p>\n<h3>Schaumstoffkantenwand f\u00fcr verbesserte Stabilit\u00e4t<\/h3>\n<p>Die um den Umfang des Paddels herum eingespritzte Schaumstoffkantenwand sorgt f\u00fcr das n\u00f6tige Gewicht und die n\u00f6tige Stabilit\u00e4t, was den Sweetspot erheblich vergr\u00f6\u00dfert und eine gleichm\u00e4\u00dfige Leistung \u00fcber die gesamte Paddelfl\u00e4che gew\u00e4hrleistet.<\/p>\n<p>\t\t\t<a role=\"button\"><br \/>\n\t\t\t\t\t\t\t\t\tSofortiges Angebot anfordern<br \/>\n\t\t\t\t\t<\/a><\/p>\n<h2>Pickleball-Paddel-Hersteller<\/h2>\n<p>Unser engagiertes Kundendienstteam ist darauf geschult, B2B-Kunden bei allen auftretenden Problemen zu unterst\u00fctzen, von der Logistik bis zu Produktanfragen. Dieser reaktionsschnelle Service stellt sicher, dass Sie sich immer auf uns verlassen k\u00f6nnen, um Ihren Ruf f\u00fcr Qualit\u00e4t und Zuverl\u00e4ssigkeit zu wahren.<\/p>","protected":false},"excerpt":{"rendered":"<p>Gen 3 Pickleball Paddle Manufacturer From Core to Surface \u2013 Every Detail of Our Gen 3 Paddle Boosts Your Business. Request For Quotation Streamlined Supply Chain DinkPickleball offers direct access to our production line, eliminating intermediaries and reducing delays. This streamlined supply chain ensures quicker turnaround times from order to delivery, allowing you to keep [&hellip;]<\/p>\n","protected":false},"author":1,"featured_media":0,"parent":0,"menu_order":0,"comment_status":"closed","ping_status":"closed","template":"","meta":{"_seopress_robots_primary_cat":"","_seopress_titles_title":"","_seopress_titles_desc":"","_seopress_robots_index":"","footnotes":""},"class_list":["post-15833","page","type-page","status-publish","hentry"],"meta_box":[],"_links":{"self":[{"href":"https:\/\/dinkpickleball.com\/de\/wp-json\/wp\/v2\/pages\/15833","targetHints":{"allow":["GET"]}}],"collection":[{"href":"https:\/\/dinkpickleball.com\/de\/wp-json\/wp\/v2\/pages"}],"about":[{"href":"https:\/\/dinkpickleball.com\/de\/wp-json\/wp\/v2\/types\/page"}],"author":[{"embeddable":true,"href":"https:\/\/dinkpickleball.com\/de\/wp-json\/wp\/v2\/users\/1"}],"replies":[{"embeddable":true,"href":"https:\/\/dinkpickleball.com\/de\/wp-json\/wp\/v2\/comments?post=15833"}],"version-history":[{"count":34,"href":"https:\/\/dinkpickleball.com\/de\/wp-json\/wp\/v2\/pages\/15833\/revisions"}],"predecessor-version":[{"id":16265,"href":"https:\/\/dinkpickleball.com\/de\/wp-json\/wp\/v2\/pages\/15833\/revisions\/16265"}],"wp:attachment":[{"href":"https:\/\/dinkpickleball.com\/de\/wp-json\/wp\/v2\/media?parent=15833"}],"curies":[{"name":"wp","href":"https:\/\/api.w.org\/{rel}","templated":true}]}}