{"id":15652,"date":"2024-01-28T09:44:52","date_gmt":"2024-01-28T01:44:52","guid":{"rendered":"https:\/\/dinkpickleball.com\/?page_id=15652"},"modified":"2025-01-13T21:59:32","modified_gmt":"2025-01-13T13:59:32","slug":"kevlar-pickleball-paddle","status":"publish","type":"page","link":"https:\/\/dinkpickleball.com\/de\/kevlar-pickleball-paddle\/","title":{"rendered":"Kevlar Pickleball Paddel"},"content":{"rendered":"<h1>Kevlar Pickleball Paddel<\/h1>\n<h3>Kevlar, das f\u00fcr seine Verwendung in Hochleistungsanwendungen bekannt ist, wird durch einen komplexen chemischen Prozess synthetisiert, wodurch ein Material mit fl\u00fcssigkristallinem Verhalten entsteht. Diese einzigartige Zusammensetzung tr\u00e4gt zu der au\u00dfergew\u00f6hnlichen Haltbarkeit und St\u00e4rke unserer Paddel bei.<\/h3>\n<p>\t\t\t\t\t<a role=\"button\"><br \/>\n\t\t\t\t\t\t\t\t\tANGEBOT EINHOLEN<br \/>\n\t\t\t\t\t<\/a><br \/>\n\t\t\t\t\t\t\t\t\t\t\t\t\t<img loading=\"lazy\" decoding=\"async\" width=\"682\" height=\"1024\" src=\"https:\/\/dinkpickleball.com\/wp-content\/uploads\/2024\/01\/Kevlar-Pickleball-Paddles.png\" alt=\"Kevlar-Pickleball-Schl\u00e4ger\" srcset=\"https:\/\/dinkpickleball.com\/wp-content\/uploads\/2024\/01\/Kevlar-Pickleball-Paddles.png 682w, https:\/\/dinkpickleball.com\/wp-content\/uploads\/2024\/01\/Kevlar-Pickleball-Paddles-200x300.png 200w\" sizes=\"auto, (max-width: 682px) 100vw, 682px\" \/>\t\t\t\t\t\t\t\t\t\t\t\t\t<\/p>\n<h2>USAPA-Konformit\u00e4t als Wettbewerbsvorteil<\/h2>\n<p>Marken suchen Ausr\u00fcstungen, die nicht nur qualitativ hochwertig sind, sondern auch den professionellen Standards entsprechen. Unsere Paddel entsprechen den USAPA-Standards und bieten Marken einen Wettbewerbsvorteil auf einem Markt, der professionelle Ausr\u00fcstung sch\u00e4tzt und ihr Portfolio mit Produkten erweitert, die f\u00fcr ihre hervorragende Qualit\u00e4t bekannt sind.<\/p>\n<p>\t\t\t\t\t<a role=\"button\"><br \/>\n\t\t\t\t\t\t\t\t\tANGEBOT EINHOLEN<br \/>\n\t\t\t\t\t<\/a><\/p>\n<h2>Individualisierung f\u00fcr Markenunterscheidbarkeit<\/h2>\n<p>Einzigartiges Branding ist f\u00fcr Unternehmen entscheidend, um sich abzuheben. Wir bieten individuell gestaltbare Kevlar-Paddel an, die Unternehmen mit ihrer Markenidentit\u00e4t in Einklang bringen k\u00f6nnen, sodass jedes Paddel nicht nur ein Ausr\u00fcstungsgegenstand ist, sondern auch das Engagement ihrer Marke f\u00fcr Qualit\u00e4t und Einzigartigkeit zum Ausdruck bringt.<\/p>\n<p>\t\t\t\t\t<a role=\"button\"><br \/>\n\t\t\t\t\t\t\t\t\tANGEBOT EINHOLEN<br \/>\n\t\t\t\t\t<\/a><\/p>\n<h2>Kosteneffizienz bei Gro\u00dfeink\u00e4ufen<\/h2>\n<p>Budgetbeschr\u00e4nkungen sind f\u00fcr viele Einzelh\u00e4ndler und Distributoren eine Realit\u00e4t. Dinkpickleball bietet wettbewerbsf\u00e4hige Preise f\u00fcr Gro\u00dfbestellungen und damit eine kosteneffiziente L\u00f6sung ohne Qualit\u00e4tseinbu\u00dfen, die es den Unternehmen erleichtert, ihre Vorr\u00e4te aufzustocken und ihren Kunden einen Mehrwert zu bieten.<\/p>\n<p>\t\t\t\t\t<a role=\"button\"><br \/>\n\t\t\t\t\t\t\t\t\tANGEBOT EINHOLEN<br \/>\n\t\t\t\t\t<\/a><\/p>\n<figure><img decoding=\"async\" src=\"https:\/\/dinkpickleball.com\/wp-content\/uploads\/2022\/06\/onix.png\" alt=\"onix\" \/><\/figure>\n<figure><img decoding=\"async\" src=\"https:\/\/dinkpickleball.com\/wp-content\/uploads\/2022\/06\/Diadem-logo.png\" alt=\"Diadem-Logo\" \/><\/figure>\n<figure><img decoding=\"async\" src=\"https:\/\/dinkpickleball.com\/wp-content\/uploads\/2022\/06\/Gamma.png\" alt=\"Gamma\" \/><\/figure>\n<figure><img decoding=\"async\" src=\"https:\/\/dinkpickleball.com\/wp-content\/uploads\/2022\/06\/Paddletek.png\" alt=\"Paddletek\" \/><\/figure>\n<figure><img decoding=\"async\" src=\"https:\/\/dinkpickleball.com\/wp-content\/uploads\/2023\/04\/RECESS-logo.png\" alt=\"RECESS-Logo\" \/><\/figure>\n<figure><img decoding=\"async\" src=\"https:\/\/dinkpickleball.com\/wp-content\/uploads\/2023\/04\/CRBN-logo.png\" alt=\"CRBN-Logo\" \/><\/figure>\n<figure><img decoding=\"async\" src=\"https:\/\/dinkpickleball.com\/wp-content\/uploads\/2023\/04\/STIGA-logo.png\" alt=\"STIGA-Logo\" \/><\/figure>\n<figure><img decoding=\"async\" src=\"https:\/\/dinkpickleball.com\/wp-content\/uploads\/2024\/01\/6.0.png\" alt=\"6.0\" \/><\/figure>\n<figure><img decoding=\"async\" src=\"https:\/\/dinkpickleball.com\/wp-content\/uploads\/2024\/01\/Holbrook.png\" alt=\"holbrook\" \/><\/figure>\n<figure><img decoding=\"async\" src=\"https:\/\/dinkpickleball.com\/wp-content\/uploads\/2024\/01\/pickleball-apes.png\" alt=\"Pickleball-Affen\" \/><\/figure>\n<figure><img decoding=\"async\" src=\"https:\/\/dinkpickleball.com\/wp-content\/uploads\/2024\/01\/tangerine.png\" alt=\"Mandarine\" \/><\/figure>\n<figure><img decoding=\"async\" src=\"https:\/\/dinkpickleball.com\/wp-content\/uploads\/2022\/06\/niupipo.png\" alt=\"niupipo\" \/><\/figure>\n<h2>Customize for Excellence - Ihre Marke, unsere Qualit\u00e4t<\/h2>\n<p>M\u00f6chten Sie, dass Ihre Marke auf dem wettbewerbsintensiven Sportmarkt hervorsticht? Dinkpickleball bietet individuell anpassbare Kevlar-Schl\u00e4ger, die daf\u00fcr sorgen, dass Ihre Marke durch Qualit\u00e4t und Innovation gl\u00e4nzt.\u00a0<b>\u00a0<\/b>Lassen Sie uns zusammenarbeiten, um Paddel zu kreieren, die Ihre Marke einzigartig repr\u00e4sentieren!<\/p>\n<p>                <a ><br \/>\n                    <img loading=\"lazy\" decoding=\"async\" width=\"720\" height=\"720\" src=\"https:\/\/dinkpickleball.com\/wp-content\/uploads\/2024\/01\/Kevlar-Pickleball-Paddle-factory.jpg\" alt=\"Kevlar Pickleball Paddel Fabrik\" srcset=\"https:\/\/dinkpickleball.com\/wp-content\/uploads\/2024\/01\/Kevlar-Pickleball-Paddle-factory.jpg 720w, https:\/\/dinkpickleball.com\/wp-content\/uploads\/2024\/01\/Kevlar-Pickleball-Paddle-factory-300x300.jpg 300w, https:\/\/dinkpickleball.com\/wp-content\/uploads\/2024\/01\/Kevlar-Pickleball-Paddle-factory-150x150.jpg 150w\" sizes=\"auto, (max-width: 720px) 100vw, 720px\" \/><br \/>\n                <\/a><br \/>\n                                                            <a ><br \/>\n                                    ANGEBOT EINHOLEN                                <\/a><br \/>\n                <a ><br \/>\n                    <img loading=\"lazy\" decoding=\"async\" width=\"720\" height=\"720\" src=\"https:\/\/dinkpickleball.com\/wp-content\/uploads\/2024\/01\/Kevlar-Pickleball-Paddle-wholesale.png\" alt=\"Kevlar Pickleball Paddel Gro\u00dfhandel\" srcset=\"https:\/\/dinkpickleball.com\/wp-content\/uploads\/2024\/01\/Kevlar-Pickleball-Paddle-wholesale.png 720w, https:\/\/dinkpickleball.com\/wp-content\/uploads\/2024\/01\/Kevlar-Pickleball-Paddle-wholesale-300x300.png 300w, https:\/\/dinkpickleball.com\/wp-content\/uploads\/2024\/01\/Kevlar-Pickleball-Paddle-wholesale-150x150.png 150w\" sizes=\"auto, (max-width: 720px) 100vw, 720px\" \/><br \/>\n                <\/a><br \/>\n                                                            <a ><br \/>\n                                    ANGEBOT EINHOLEN                                <\/a><br \/>\n                <a ><br \/>\n                    <img loading=\"lazy\" decoding=\"async\" width=\"720\" height=\"720\" src=\"https:\/\/dinkpickleball.com\/wp-content\/uploads\/2024\/01\/Kevlar-Pickleball-Paddle-bulk.jpg\" alt=\"Kevlar Pickleball Paddel lose\" srcset=\"https:\/\/dinkpickleball.com\/wp-content\/uploads\/2024\/01\/Kevlar-Pickleball-Paddle-bulk.jpg 720w, https:\/\/dinkpickleball.com\/wp-content\/uploads\/2024\/01\/Kevlar-Pickleball-Paddle-bulk-300x300.jpg 300w, https:\/\/dinkpickleball.com\/wp-content\/uploads\/2024\/01\/Kevlar-Pickleball-Paddle-bulk-150x150.jpg 150w\" sizes=\"auto, (max-width: 720px) 100vw, 720px\" \/><br \/>\n                <\/a><br \/>\n                                                            <a ><br \/>\n                                    ANGEBOT EINHOLEN                                <\/a><br \/>\n\t\t\t\t\t\t\t<a href=\"https:\/\/dinkpickleball.com\/wp-content\/uploads\/2024\/01\/kevlar-Black.jpeg\"><br \/>\n\t\t\t\t\t\t\t\t\t\t\t\t\t\t\t\t\t\tKevlar Schwarz<br \/>\n\t\t\t\t\t\t\t\t\t<\/a><br \/>\n\t\t\t\t\t\t\t<a href=\"https:\/\/dinkpickleball.com\/wp-content\/uploads\/2024\/01\/kevlar-BlueBlack.jpg\"><br \/>\n\t\t\t\t\t\t\t\t\t\t\t\t\t\t\t\t\t\tKevlar Blau:Schwarz<br \/>\n\t\t\t\t\t\t\t\t\t<\/a><br \/>\n\t\t\t\t\t\t\t<a href=\"https:\/\/dinkpickleball.com\/wp-content\/uploads\/2024\/01\/kevlar-Red.jpg\"><br \/>\n\t\t\t\t\t\t\t\t\t\t\t\t\t\t\t\t\t\tKevlar Rot<br \/>\n\t\t\t\t\t\t\t\t\t<\/a><br \/>\n\t\t\t\t\t\t\t<a href=\"https:\/\/dinkpickleball.com\/wp-content\/uploads\/2024\/01\/kevlar-RedBlack.jpg\"><br \/>\n\t\t\t\t\t\t\t\t\t\t\t\t\t\t\t\t\t\tKevlar Rot:Schwarz<br \/>\n\t\t\t\t\t\t\t\t\t<\/a><br \/>\n\t\t\t\t\t\t\t<a href=\"https:\/\/dinkpickleball.com\/wp-content\/uploads\/2024\/01\/kevlar-YellowBlack.png\"><br \/>\n\t\t\t\t\t\t\t\t\t\t\t\t\t\t\t\t\t\tKevlar Gelb:Schwarz<br \/>\n\t\t\t\t\t\t\t\t\t<\/a><\/p>\n<h2>Wie man<\/h2>\n<h3>\n\t\t\t\t\t\t\tSchritt 1: Erstkonsultation<br \/>\n\t\t\t\t\t<\/h3>\n<p>\n\t\t\t\t\t\tEngagement f\u00fcr den Kunden: Wir beginnen mit einem Beratungsgespr\u00e4ch, um Ihre spezifischen Bed\u00fcrfnisse und Pr\u00e4ferenzen zu verstehen. Dabei besprechen wir Ihren Zielmarkt, Ihre Markenidentit\u00e4t und alle spezifischen Anforderungen an die Paddel. Erfassen der Anforderungen: Detaillierung von Aspekten wie Farbschemata, Logodesigns, Grifftypen und anderen kundenspezifischen Merkmalen, die Sie einbeziehen m\u00f6chten.\t\t\t\t\t<\/p>\n<h3>\n\t\t\t\t\t\t\t Schritt 2: Entwurf und Muster<br \/>\n\t\t\t\t\t<\/h3>\n<p>\n\t\t\t\t\t\tDesign-Entwurf: Auf der Grundlage der Beratung erstellt unser Designteam erste Skizzen und digitale Renderings des individuellen Kevlar-Pickleball-Paddels. Entwicklung von Mustern: Anschlie\u00dfend werden Muster f\u00fcr Ihre \u00dcberpr\u00fcfung hergestellt. So k\u00f6nnen Sie sich ein Bild von dem Produkt machen und vor der endg\u00fcltigen Produktion alle notwendigen Anpassungen vornehmen.\t\t\t\t\t<\/p>\n<h3>\n\t\t\t\t\t\t\tSchritt 3: Feedback und Fertigstellung<br \/>\n\t\t\t\t\t<\/h3>\n<p>\n\t\t\t\t\t\t\u00dcberpr\u00fcfung und Verfeinerung: Sie pr\u00fcfen die Muster und geben uns Ihr Feedback. Wir verfeinern das Design nach Ihren Vorschl\u00e4gen, um sicherzustellen, dass es perfekt auf Ihre Vorstellungen abgestimmt ist. Freigabe: Wenn Sie mit dem Design und dem Prototyp zufrieden sind, geben Sie Ihre endg\u00fcltige Zustimmung zur Massenproduktion.\t\t\t\t\t<\/p>\n<h3>\n\t\t\t\t\t\t\tSchritt 4: Massenproduktion<br \/>\n\t\t\t\t\t<\/h3>\n<p>\n\t\t\t\t\t\tBeginn der Produktion: Nach der Genehmigung beginnen wir mit der Massenproduktion Ihrer individuellen Kevlar Pickleball Paddles. Qualit\u00e4tssicherung: W\u00e4hrend des gesamten Produktionsprozesses f\u00fchren wir strenge Qualit\u00e4tskontrollen durch, um sicherzustellen, dass jedes Paddel unseren hohen Standards und Ihren Erwartungen entspricht.\t\t\t\t\t<\/p>\n<p>\t\t\t\t\t<a role=\"button\"><br \/>\n\t\t\t\t\t\t\t\t\tANGEBOT EINHOLEN<br \/>\n\t\t\t\t\t<\/a><\/p>\n<h2>Warum DinkPickleball<\/h2>\n<h2>Innovative Kevlar-Konstruktion<\/h2>\n<p><em data-immersive-translate-walked=\"09d7a50e-5077-4245-888f-461d2c388f7a\">Langlebigkeit und St\u00e4rke:<\/em>\u00a0Unsere Paddel sind aus hochwertigem Kevlar gefertigt, das f\u00fcr seine Verwendung in fortschrittlichen Anwendungen bekannt ist, und bieten eine un\u00fcbertroffene Haltbarkeit und St\u00e4rke, was sie ideal f\u00fcr intensive Spiele macht.<\/p>\n<h2>Kevlar-Qualit\u00e4ten<\/h2>\n<p>F\u00fcr unsere Paddel werden spezielle Kevlarqualit\u00e4ten wie Kevlar K-29 und Kevlar K149 verwendet, die aufgrund ihrer hohen Zugfestigkeit und Schlagfestigkeit ausgew\u00e4hlt wurden, um sicherzustellen, dass Ihr Paddel den Strapazen eines intensiven Spiels standh\u00e4lt.<\/p>\n<h2>Nachgiebige Schlagfl\u00e4che<\/h2>\n<p>Erleben Sie eine Mischung aus Power und Kontrolle mit einer Oberfl\u00e4che, die auf jede Ihrer Bewegungen reagiert. Das sorgf\u00e4ltige Design sorgt f\u00fcr punktgenaue Pr\u00e4zision bei Put-Away-Schl\u00e4gen und macht jedes Spiel zu einer Gewinnchance.<\/p>\n<h2>FAQ<\/h2>\n<p>Hier sind einige h\u00e4ufig gestellte Fragen (FAQs), die B2B-Kunden beim Kauf von Kevlar-Pickleball-Schl\u00e4gern stellen k\u00f6nnten:<\/p>\n<p>                        <a href=\"#collapse-bc228306743f7e2227ed\" data-ekit-toggle=\"collapse\" data-target=\"#Collapse-bc228306743f7e2227ed\" aria-expanded=\"true\" aria-controls=\"Collapse-bc228306743f7e2227ed\"><br \/>\n                            Entsprechen die Kevlar-Pickleball-Schl\u00e4ger professionellen Standards?<br \/>\n                                        <!-- Normal Icon --><br \/>\n                                        <!-- Active Icon --><br \/>\n                                                    <\/a><\/p>\n<p><em>Ja, unsere Schl\u00e4ger sind nach den Standards der USA Pickleball Association (USAPA) entwickelt worden und erf\u00fcllen somit die Anforderungen f\u00fcr den professionellen Einsatz und f\u00fcr Turniere.<\/em><\/p>\n<p>                <!-- .elementskit-card END --><br \/>\n                        <a href=\"#collapse-3dad4e06743f7e2227ed\" data-ekit-toggle=\"collapse\" data-target=\"#Collapse-3dad4e06743f7e2227ed\" aria-expanded=\"false\" aria-controls=\"Collapse-3dad4e06743f7e2227ed\"><br \/>\n                            Welche Anpassungsm\u00f6glichkeiten gibt es bei Gro\u00dfbestellungen?<br \/>\n                                        <!-- Normal Icon --><br \/>\n                                        <!-- Active Icon --><br \/>\n                                                    <\/a><\/p>\n<p><em>Wir bieten verschiedene Anpassungsm\u00f6glichkeiten, einschlie\u00dflich Farben, Logodruck und Griffstile, um Ihre Markenidentit\u00e4t oder spezifische Kundenpr\u00e4ferenzen zu ber\u00fccksichtigen.<\/em><\/p>\n<p>                <!-- .elementskit-card END --><br \/>\n                        <a href=\"#collapse-8417e716743f7e2227ed\" data-ekit-toggle=\"collapse\" data-target=\"#Collapse-8417e716743f7e2227ed\" aria-expanded=\"false\" aria-controls=\"Collapse-8417e716743f7e2227ed\"><br \/>\n                            Wie haltbar sind die Kevlar-Paddel im Vergleich zu herk\u00f6mmlichen Materialien?<br \/>\n                                        <!-- Normal Icon --><br \/>\n                                        <!-- Active Icon --><br \/>\n                                                    <\/a><\/p>\n<p><em>Kevlar ist bekannt f\u00fcr seine hohe Festigkeit und Haltbarkeit. Unsere Paddel sind widerstandsf\u00e4higer gegen Abnutzung und Verschlei\u00df im Vergleich zu denen aus herk\u00f6mmlichen Materialien und bieten eine l\u00e4ngere Lebensdauer.<\/em><\/p>\n<p>                <!-- .elementskit-card END --><br \/>\n                        <a href=\"#collapse-293f4f96743f7e2227ed\" data-ekit-toggle=\"collapse\" data-target=\"#Collapse-293f4f96743f7e2227ed\" aria-expanded=\"false\" aria-controls=\"Collapse-293f4f96743f7e2227ed\"><br \/>\n                            Was ist die Preisspanne f\u00fcr Gro\u00dfhandelsauftr\u00e4ge?<br \/>\n                                        <!-- Normal Icon --><br \/>\n                                        <!-- Active Icon --><br \/>\n                                                    <\/a><\/p>\n<p><em>Die Preise variieren je nach Bestellmenge und Anpassungsanforderungen. Wir bieten wettbewerbsf\u00e4hige Preise f\u00fcr Gro\u00dfbestellungen und bitten Sie, uns f\u00fcr ein detailliertes Angebot zu kontaktieren.<\/em><\/p>\n<p>                <!-- .elementskit-card END --><br \/>\n                        <a href=\"#collapse-1e5da806743f7e2227ed\" data-ekit-toggle=\"collapse\" data-target=\"#Collapse-1e5da806743f7e2227ed\" aria-expanded=\"false\" aria-controls=\"Collapse-1e5da806743f7e2227ed\"><br \/>\n                            Wie wirkt sich das Kevlar-Material auf die Leistung des Paddels aus?<br \/>\n                                        <!-- Normal Icon --><br \/>\n                                        <!-- Active Icon --><br \/>\n                                                    <\/a><\/p>\n<p><em>Kevlar verbessert die Kraft und Kontrolle des Schl\u00e4gers und sorgt f\u00fcr ein hervorragendes Spielerlebnis mit h\u00f6herer Genauigkeit und einer fehlerverzeihenden Schlagfl\u00e4che.<\/em><\/p>\n<p>                <!-- .elementskit-card END --><\/p>","protected":false},"excerpt":{"rendered":"<p>Kevlar Pickleball Paddle Kevlar, known for its use in high-performance applications, is synthesized through a complex chemical process, creating a material with liquid-crystalline behavior. This unique composition contributes to the exceptional durability and strength of our paddles. GET A QUOTE USAPA Compliance for Competitive Edge Brands seek equipment that\u2019s not only high-quality but also compliant [&hellip;]<\/p>\n","protected":false},"author":1,"featured_media":0,"parent":0,"menu_order":0,"comment_status":"closed","ping_status":"closed","template":"","meta":{"_seopress_robots_primary_cat":"","_seopress_titles_title":"","_seopress_titles_desc":"Want your brand to stand out in the competitive sports market? Dinkpickleball provides customizable Kevlar Paddles, ensuring your brand shines through quality and innovation.  Let&#039;s collaborate to create paddles that uniquely represent your brand!","_seopress_robots_index":"","footnotes":""},"class_list":["post-15652","page","type-page","status-publish","hentry"],"meta_box":[],"_links":{"self":[{"href":"https:\/\/dinkpickleball.com\/de\/wp-json\/wp\/v2\/pages\/15652","targetHints":{"allow":["GET"]}}],"collection":[{"href":"https:\/\/dinkpickleball.com\/de\/wp-json\/wp\/v2\/pages"}],"about":[{"href":"https:\/\/dinkpickleball.com\/de\/wp-json\/wp\/v2\/types\/page"}],"author":[{"embeddable":true,"href":"https:\/\/dinkpickleball.com\/de\/wp-json\/wp\/v2\/users\/1"}],"replies":[{"embeddable":true,"href":"https:\/\/dinkpickleball.com\/de\/wp-json\/wp\/v2\/comments?post=15652"}],"version-history":[{"count":6,"href":"https:\/\/dinkpickleball.com\/de\/wp-json\/wp\/v2\/pages\/15652\/revisions"}],"predecessor-version":[{"id":16284,"href":"https:\/\/dinkpickleball.com\/de\/wp-json\/wp\/v2\/pages\/15652\/revisions\/16284"}],"wp:attachment":[{"href":"https:\/\/dinkpickleball.com\/de\/wp-json\/wp\/v2\/media?parent=15652"}],"curies":[{"name":"wp","href":"https:\/\/api.w.org\/{rel}","templated":true}]}}