{"id":15549,"date":"2023-12-09T16:43:57","date_gmt":"2023-12-09T08:43:57","guid":{"rendered":"https:\/\/dinkpickleball.com\/?page_id=15549"},"modified":"2025-01-13T22:10:13","modified_gmt":"2025-01-13T14:10:13","slug":"custom-pickleball-paddle-cover","status":"publish","type":"page","link":"https:\/\/dinkpickleball.com\/de\/custom-pickleball-paddle-cover\/","title":{"rendered":"Benutzerdefinierte Pickleball Paddel Abdeckung"},"content":{"rendered":"<h1>Benutzerdefinierte Pickleball Paddel Abdeckung<\/h1>\n<h3>Dinkpickleball ist sich der besonderen Bed\u00fcrfnisse von Marken und Teams bewusst und bietet au\u00dfergew\u00f6hnliche Anpassungsdienste an. Von personalisierten Designs bis hin zu spezifischen Branding-Anforderungen - unsere Expertise bei der Erstellung von ma\u00dfgeschneiderten Pickleball-Schl\u00e4gerh\u00fcllen hebt uns von anderen ab und schafft einen erheblichen Mehrwert f\u00fcr Sie.<\/h3>\n<p>\t\t\t<a role=\"button\"><br \/>\n\t\t\t\t\t\tANGEBOT EINHOLEN<br \/>\n\t\t\t\t\t<\/a><br \/>\n\t\t\t\t\t\t\t\t\t\t\t\t<img loading=\"lazy\" decoding=\"async\" width=\"800\" height=\"1200\" src=\"https:\/\/dinkpickleball.com\/wp-content\/uploads\/2023\/12\/Custom-Pickleball-Paddle-Cover.png\" alt=\"Pickleball-Paddelh\u00fclle nach Ma\u00df\" srcset=\"https:\/\/dinkpickleball.com\/wp-content\/uploads\/2023\/12\/Custom-Pickleball-Paddle-Cover.png 800w, https:\/\/dinkpickleball.com\/wp-content\/uploads\/2023\/12\/Custom-Pickleball-Paddle-Cover-200x300.png 200w, https:\/\/dinkpickleball.com\/wp-content\/uploads\/2023\/12\/Custom-Pickleball-Paddle-Cover-683x1024.png 683w, https:\/\/dinkpickleball.com\/wp-content\/uploads\/2023\/12\/Custom-Pickleball-Paddle-Cover-768x1152.png 768w\" sizes=\"auto, (max-width: 800px) 100vw, 800px\" \/>\t\t\t\t\t\t\t\t\t\t\t\t\t\t<\/p>\n<h2>Konkurrenzf\u00e4hige Preisgestaltung<\/h2>\n<p>Dinkpickleball bietet wettbewerbsf\u00e4hige Preisstrukturen, insbesondere f\u00fcr Gro\u00df- und Gro\u00dfhandelsbestellungen. Unsere Preisstrategie ist darauf ausgerichtet, unseren B2B-Partnern einen maximalen Wert zu bieten und sicherzustellen, dass sie gesunde Gewinnspannen erzielen und ihren Kunden Qualit\u00e4tsprodukte anbieten k\u00f6nnen.<\/p>\n<p>\t\t\t<a role=\"button\"><br \/>\n\t\t\t\t\t\tANGEBOT EINHOLEN<br \/>\n\t\t\t\t\t<\/a><\/p>\n<h2>Hohe Qualit\u00e4t<\/h2>\n<p>Durch die Verwendung hochwertiger Materialien wie Neopren und Baumwoll-Canvas stellen wir sicher, dass jede von uns hergestellte Pickleball-Schl\u00e4gerh\u00fclle h\u00f6chsten Qualit\u00e4tsanspr\u00fcchen gen\u00fcgt. Dieses Engagement f\u00fcr Qualit\u00e4t ist wichtig f\u00fcr Sie, die Produkte verlangen, die ihre eigenen Standards der Exzellenz widerspiegeln.<\/p>\n<p>\t\t\t<a role=\"button\"><br \/>\n\t\t\t\t\t\tANGEBOT EINHOLEN<br \/>\n\t\t\t\t\t<\/a><\/p>\n<h2>Engagierte Kundenbetreuung<\/h2>\n<p>Bei Dinkpickleball bieten wir einen engagierten Kundenservice, der sich um alle B2B-Anfragen und Bestellungen k\u00fcmmert. Unser Team ist darauf geschult, pers\u00f6nliche Unterst\u00fctzung zu bieten, um sicherzustellen, dass die individuellen Bed\u00fcrfnisse und Anliegen jedes Kunden umgehend und effektiv behandelt werden.<\/p>\n<p>\t\t\t<a role=\"button\"><br \/>\n\t\t\t\t\t\tANGEBOT EINHOLEN<br \/>\n\t\t\t\t\t<\/a><\/p>\n<figure><img decoding=\"async\" src=\"https:\/\/dinkpickleball.com\/wp-content\/uploads\/2022\/06\/onix.png\" alt=\"onix\" \/><\/figure>\n<figure><img decoding=\"async\" src=\"https:\/\/dinkpickleball.com\/wp-content\/uploads\/2022\/06\/Diadem-logo.png\" alt=\"Diadem-Logo\" \/><\/figure>\n<figure><img decoding=\"async\" src=\"https:\/\/dinkpickleball.com\/wp-content\/uploads\/2022\/06\/Gamma.png\" alt=\"Gamma\" \/><\/figure>\n<figure><img decoding=\"async\" src=\"https:\/\/dinkpickleball.com\/wp-content\/uploads\/2022\/06\/Paddletek.png\" alt=\"Paddletek\" \/><\/figure>\n<figure><img decoding=\"async\" src=\"https:\/\/dinkpickleball.com\/wp-content\/uploads\/2023\/04\/RECESS-logo.png\" alt=\"RECESS-Logo\" \/><\/figure>\n<figure><img decoding=\"async\" src=\"https:\/\/dinkpickleball.com\/wp-content\/uploads\/2023\/04\/CRBN-logo.png\" alt=\"CRBN-Logo\" \/><\/figure>\n<figure><img decoding=\"async\" src=\"https:\/\/dinkpickleball.com\/wp-content\/uploads\/2023\/04\/STIGA-logo.png\" alt=\"STIGA-Logo\" \/><\/figure>\n<figure><img decoding=\"async\" src=\"https:\/\/dinkpickleball.com\/wp-content\/uploads\/2022\/06\/niupipo.png\" alt=\"niupipo\" \/><\/figure>\n<h2>Personalisierte Pickleball-Schl\u00e4gerh\u00fcllen<\/h2>\n<p>Vom Konzept zur Kreation: Ihre Vision, unser Handwerk. Sie m\u00f6chten Ihre einzigartigen Ideen f\u00fcr Paddelbez\u00fcge in die Realit\u00e4t umsetzen? Es ist nicht leicht, einen Hersteller zu finden, der Ihre Visionen genau umsetzen kann. Dinkpickleball arbeitet eng mit Ihnen zusammen, um individuelle Schl\u00e4gerh\u00fcllen zu entwickeln, die das Wesen Ihrer Marke perfekt widerspiegeln. Erleben Sie nahtlose Anpassung mit uns!<\/p>\n<p>                <a ><br \/>\n                    <img loading=\"lazy\" decoding=\"async\" width=\"800\" height=\"800\" src=\"https:\/\/dinkpickleball.com\/wp-content\/uploads\/2023\/12\/Pickleball-Paddle-Cover-bulk.jpg\" alt=\"pickleball paddle cover bulk\" srcset=\"https:\/\/dinkpickleball.com\/wp-content\/uploads\/2023\/12\/Pickleball-Paddle-Cover-bulk.jpg 800w, https:\/\/dinkpickleball.com\/wp-content\/uploads\/2023\/12\/Pickleball-Paddle-Cover-bulk-300x300.jpg 300w, https:\/\/dinkpickleball.com\/wp-content\/uploads\/2023\/12\/Pickleball-Paddle-Cover-bulk-150x150.jpg 150w, https:\/\/dinkpickleball.com\/wp-content\/uploads\/2023\/12\/Pickleball-Paddle-Cover-bulk-768x768.jpg 768w\" sizes=\"auto, (max-width: 800px) 100vw, 800px\" \/><br \/>\n                <\/a><br \/>\n                                                            <a ><br \/>\n                                    ANGEBOT EINHOLEN                                <\/a><br \/>\n                <a ><br \/>\n                    <img loading=\"lazy\" decoding=\"async\" width=\"800\" height=\"800\" src=\"https:\/\/dinkpickleball.com\/wp-content\/uploads\/2023\/12\/Pickleball-Paddle-Cover-wholesale.jpg\" alt=\"pickleball paddle cover gro\u00dfhandel\" srcset=\"https:\/\/dinkpickleball.com\/wp-content\/uploads\/2023\/12\/Pickleball-Paddle-Cover-wholesale.jpg 800w, https:\/\/dinkpickleball.com\/wp-content\/uploads\/2023\/12\/Pickleball-Paddle-Cover-wholesale-300x300.jpg 300w, https:\/\/dinkpickleball.com\/wp-content\/uploads\/2023\/12\/Pickleball-Paddle-Cover-wholesale-150x150.jpg 150w, https:\/\/dinkpickleball.com\/wp-content\/uploads\/2023\/12\/Pickleball-Paddle-Cover-wholesale-768x768.jpg 768w\" sizes=\"auto, (max-width: 800px) 100vw, 800px\" \/><br \/>\n                <\/a><br \/>\n                                                            <a ><br \/>\n                                    ANGEBOT EINHOLEN                                <\/a><br \/>\n                <a ><br \/>\n                    <img loading=\"lazy\" decoding=\"async\" width=\"800\" height=\"800\" src=\"https:\/\/dinkpickleball.com\/wp-content\/uploads\/2023\/12\/Pickleball-Paddle-Cover-custom.jpg\" alt=\"pickleball paddle cover custom\" srcset=\"https:\/\/dinkpickleball.com\/wp-content\/uploads\/2023\/12\/Pickleball-Paddle-Cover-custom.jpg 800w, https:\/\/dinkpickleball.com\/wp-content\/uploads\/2023\/12\/Pickleball-Paddle-Cover-custom-300x300.jpg 300w, https:\/\/dinkpickleball.com\/wp-content\/uploads\/2023\/12\/Pickleball-Paddle-Cover-custom-150x150.jpg 150w, https:\/\/dinkpickleball.com\/wp-content\/uploads\/2023\/12\/Pickleball-Paddle-Cover-custom-768x768.jpg 768w\" sizes=\"auto, (max-width: 800px) 100vw, 800px\" \/><br \/>\n                <\/a><br \/>\n                                                            <a ><br \/>\n                                    ANGEBOT EINHOLEN                                <\/a><br \/>\n                <a ><br \/>\n                    <img loading=\"lazy\" decoding=\"async\" width=\"1024\" height=\"1024\" src=\"https:\/\/dinkpickleball.com\/wp-content\/uploads\/2023\/12\/Pickleball-Paddle-Cover-manufacturer.jpg\" alt=\"pickleball paddle cover Hersteller\" srcset=\"https:\/\/dinkpickleball.com\/wp-content\/uploads\/2023\/12\/Pickleball-Paddle-Cover-manufacturer.jpg 1024w, https:\/\/dinkpickleball.com\/wp-content\/uploads\/2023\/12\/Pickleball-Paddle-Cover-manufacturer-300x300.jpg 300w, https:\/\/dinkpickleball.com\/wp-content\/uploads\/2023\/12\/Pickleball-Paddle-Cover-manufacturer-150x150.jpg 150w, https:\/\/dinkpickleball.com\/wp-content\/uploads\/2023\/12\/Pickleball-Paddle-Cover-manufacturer-768x768.jpg 768w\" sizes=\"auto, (max-width: 1024px) 100vw, 1024px\" \/><br \/>\n                <\/a><br \/>\n                                                            <a ><br \/>\n                                    ANGEBOT EINHOLEN                                <\/a><br \/>\n                <a ><br \/>\n                    <img loading=\"lazy\" decoding=\"async\" width=\"800\" height=\"800\" src=\"https:\/\/dinkpickleball.com\/wp-content\/uploads\/2023\/12\/Pickleball-Paddle-Covers.jpg\" alt=\"Pickleball-Schl\u00e4gerh\u00fcllen\" srcset=\"https:\/\/dinkpickleball.com\/wp-content\/uploads\/2023\/12\/Pickleball-Paddle-Covers.jpg 800w, https:\/\/dinkpickleball.com\/wp-content\/uploads\/2023\/12\/Pickleball-Paddle-Covers-300x300.jpg 300w, https:\/\/dinkpickleball.com\/wp-content\/uploads\/2023\/12\/Pickleball-Paddle-Covers-150x150.jpg 150w, https:\/\/dinkpickleball.com\/wp-content\/uploads\/2023\/12\/Pickleball-Paddle-Covers-768x768.jpg 768w\" sizes=\"auto, (max-width: 800px) 100vw, 800px\" \/><br \/>\n                <\/a><br \/>\n                                                            <a ><br \/>\n                                    ANGEBOT EINHOLEN                                <\/a><br \/>\n                <a ><br \/>\n                    <img loading=\"lazy\" decoding=\"async\" width=\"800\" height=\"800\" src=\"https:\/\/dinkpickleball.com\/wp-content\/uploads\/2023\/12\/Pickleball-Paddle-Cover-logo.jpeg\" alt=\"pickleball paddle cover logo\" srcset=\"https:\/\/dinkpickleball.com\/wp-content\/uploads\/2023\/12\/Pickleball-Paddle-Cover-logo.jpeg 800w, https:\/\/dinkpickleball.com\/wp-content\/uploads\/2023\/12\/Pickleball-Paddle-Cover-logo-300x300.jpeg 300w, https:\/\/dinkpickleball.com\/wp-content\/uploads\/2023\/12\/Pickleball-Paddle-Cover-logo-150x150.jpeg 150w, https:\/\/dinkpickleball.com\/wp-content\/uploads\/2023\/12\/Pickleball-Paddle-Cover-logo-768x768.jpeg 768w\" sizes=\"auto, (max-width: 800px) 100vw, 800px\" \/><br \/>\n                <\/a><br \/>\n                                                            <a ><br \/>\n                                    ANGEBOT EINHOLEN                                <\/a><br \/>\n                <a ><br \/>\n                    <img loading=\"lazy\" decoding=\"async\" width=\"800\" height=\"800\" src=\"https:\/\/dinkpickleball.com\/wp-content\/uploads\/2023\/12\/Pickleball-Paddle-Cover-company.jpg\" alt=\"pickleball paddle cover company\" srcset=\"https:\/\/dinkpickleball.com\/wp-content\/uploads\/2023\/12\/Pickleball-Paddle-Cover-company.jpg 800w, https:\/\/dinkpickleball.com\/wp-content\/uploads\/2023\/12\/Pickleball-Paddle-Cover-company-300x300.jpg 300w, https:\/\/dinkpickleball.com\/wp-content\/uploads\/2023\/12\/Pickleball-Paddle-Cover-company-150x150.jpg 150w, https:\/\/dinkpickleball.com\/wp-content\/uploads\/2023\/12\/Pickleball-Paddle-Cover-company-768x768.jpg 768w\" sizes=\"auto, (max-width: 800px) 100vw, 800px\" \/><br \/>\n                <\/a><br \/>\n                                                            <a ><br \/>\n                                    ANGEBOT EINHOLEN                                <\/a><br \/>\n                <a ><br \/>\n                    <img loading=\"lazy\" decoding=\"async\" width=\"800\" height=\"800\" src=\"https:\/\/dinkpickleball.com\/wp-content\/uploads\/2023\/12\/Pickleball-Paddle-Cover-factory.jpg\" alt=\"pickleball paddle cover factory\" srcset=\"https:\/\/dinkpickleball.com\/wp-content\/uploads\/2023\/12\/Pickleball-Paddle-Cover-factory.jpg 800w, https:\/\/dinkpickleball.com\/wp-content\/uploads\/2023\/12\/Pickleball-Paddle-Cover-factory-300x300.jpg 300w, https:\/\/dinkpickleball.com\/wp-content\/uploads\/2023\/12\/Pickleball-Paddle-Cover-factory-150x150.jpg 150w, https:\/\/dinkpickleball.com\/wp-content\/uploads\/2023\/12\/Pickleball-Paddle-Cover-factory-768x768.jpg 768w\" sizes=\"auto, (max-width: 800px) 100vw, 800px\" \/><br \/>\n                <\/a><br \/>\n                                                            <a ><br \/>\n                                    ANGEBOT EINHOLEN                                <\/a><br \/>\n\t\t\t\t\t\t\t\t\t\t\t\t<img loading=\"lazy\" decoding=\"async\" width=\"1032\" height=\"1548\" src=\"https:\/\/dinkpickleball.com\/wp-content\/uploads\/2023\/12\/Personalized-Pickleball-Paddle-Covers.png\" alt=\"Personalisierte Pickleball-Schl\u00e4gerh\u00fcllen\" srcset=\"https:\/\/dinkpickleball.com\/wp-content\/uploads\/2023\/12\/Personalized-Pickleball-Paddle-Covers.png 1032w, https:\/\/dinkpickleball.com\/wp-content\/uploads\/2023\/12\/Personalized-Pickleball-Paddle-Covers-200x300.png 200w, https:\/\/dinkpickleball.com\/wp-content\/uploads\/2023\/12\/Personalized-Pickleball-Paddle-Covers-683x1024.png 683w, https:\/\/dinkpickleball.com\/wp-content\/uploads\/2023\/12\/Personalized-Pickleball-Paddle-Covers-768x1152.png 768w, https:\/\/dinkpickleball.com\/wp-content\/uploads\/2023\/12\/Personalized-Pickleball-Paddle-Covers-1024x1536.png 1024w\" sizes=\"auto, (max-width: 1032px) 100vw, 1032px\" \/>\t\t\t\t\t\t\t\t\t\t\t\t\t\t<\/p>\n<h2>Wie man<\/h2>\n<h3>\n\t\t\t\t\t\tErstkonsultation<br \/>\n\t\t\t\t<\/h3>\n<p>\n\t\t\t\t\t\tWir sammeln alle notwendigen Informationen, um ein ma\u00dfgeschneidertes Produkt zu erstellen, das mit der Identit\u00e4t Ihrer Marke oder Ihres Teams \u00fcbereinstimmt.\t\t\t\t\t<\/p>\n<h3>\n\t\t\t\t\t\tEntwurfsvorschlag und Genehmigung<br \/>\n\t\t\t\t<\/h3>\n<p>\n\t\t\t\t\t\tAuf der Grundlage des ersten Beratungsgespr\u00e4chs erstellt unser Designteam ein Modell der individuellen Paddelh\u00fclle. Dieser Designvorschlag wird Ihnen zur \u00dcberpr\u00fcfung und Genehmigung zugesandt. So k\u00f6nnen Sie sicherstellen, dass das vorgeschlagene Design Ihren Erwartungen entspricht, und gegebenenfalls Anpassungen vornehmen, bevor wir mit der Produktion beginnen.\t\t\t\t\t<\/p>\n<h3>\n\t\t\t\t\t\tMusterproduktion<br \/>\n\t\t\t\t<\/h3>\n<p>\n\t\t\t\t\t\tEin greifbares Beispiel des Endprodukts, damit Sie sich sicher sein k\u00f6nnen und eine endg\u00fcltige Best\u00e4tigung erhalten.\t\t\t\t\t<\/p>\n<h3>\n\t\t\t\t\t\tMassenproduktion<br \/>\n\t\t\t\t<\/h3>\n<p>\n\t\t\t\t\t\tEffiziente Produktion der kundenspezifischen Paddelabdeckungen bei gleichbleibender Qualit\u00e4t in allen Einheiten.\t\t\t\t\t<\/p>\n<p>\t\t\t<a role=\"button\"><br \/>\n\t\t\t\t\t\tANGEBOT EINHOLEN<br \/>\n\t\t\t\t\t<\/a><\/p>\n<h2>Individuelle Pickleball-Abdeckung von DinkPickleball<\/h2>\n<h2>Exzellente Anpassung<\/h2>\n<p>Unsere individuellen Pickleball-Schl\u00e4gerh\u00fcllen bieten unvergleichliche M\u00f6glichkeiten zur Personalisierung. Ob f\u00fcr das Branding oder den individuellen Stil, unsere Anpassungsoptionen sorgen daf\u00fcr, dass jede H\u00fclle die einzigartige Identit\u00e4t Ihrer Marke oder Ihres Teams widerspiegelt.\u00a0<\/p>\n<h2>Hochwertige Materialien<\/h2>\n<p>Unsere aus hochwertigem Neopren und Baumwollgewebe gefertigten H\u00fcllen versprechen Langlebigkeit und dauerhaften Schutz f\u00fcr Ihre Paddel. Diese Materialwahl ist ideal f\u00fcr Einzelh\u00e4ndler und Distributoren, die nach Qualit\u00e4tsprodukten suchen, die den Test der Zeit bestehen.<\/p>\n<h2>Benutzerfreundlichkeit<\/h2>\n<p>Unsere Pickleball-Schl\u00e4gerh\u00fcllen sind extrem einfach zu handhaben und ersparen den Spielern Zeit und \u00c4rger. Diese Eigenschaft ist besonders attraktiv f\u00fcr vielbesch\u00e4ftigte Sportteams und Einzelspieler.<\/p>\n<h2>Einfache Wartung<\/h2>\n<p>Die einfache Reinigung unserer Abdeckungen sorgt daf\u00fcr, dass sie mit minimalem Aufwand in tadellosem Zustand bleiben. Dieser Aspekt ist von entscheidender Bedeutung f\u00fcr Marken und Unternehmen, die Wert darauf legen, dass ihre Ausr\u00fcstung immer professionell und gut gepflegt aussieht.<\/p>\n<h2>Sch\u00fctzendes Design<\/h2>\n<p>Unsere H\u00fcllen bieten hervorragenden Schutz vor Kratzern, Dellen und allgemeiner Abnutzung. Dieser Schutz sorgt daf\u00fcr, dass die Paddel in einem Top-Zustand bleiben, ein entscheidender Faktor f\u00fcr Einzelh\u00e4ndler und Sportteams.<\/p>\n<h2>Vielseitige Stiloptionen<\/h2>\n<p>Mit einer breiten Palette von Stiloptionen erf\u00fcllen unsere personalisierten Pickleball-Schl\u00e4gerh\u00fcllen alle Geschm\u00e4cker und Vorlieben. Diese Vielseitigkeit macht unsere H\u00fcllen zu einer beliebten Wahl f\u00fcr Marken und Unternehmen, die das Produkt mit ihrem Image in Einklang bringen wollen.<\/p>\n<h2>FAQ<\/h2>\n<p>Diese FAQs sind darauf zugeschnitten, die wichtigsten Anliegen anzusprechen und den Entscheidungsprozess f\u00fcr B2B-Kunden zu vereinfachen, die Dinkpickleball f\u00fcr ihren Bedarf an ma\u00dfgeschneiderten Pickleball-Schl\u00e4gerh\u00fcllen in Betracht ziehen:<\/p>\n<p>                        <a href=\"#collapse-bc228306575666a901bd\" data-ekit-toggle=\"collapse\" data-target=\"#Collapse-bc228306575666a901bd\" aria-expanded=\"true\" aria-controls=\"Collapse-bc228306575666a901bd\"><br \/>\n                            Welche Anpassungsm\u00f6glichkeiten gibt es f\u00fcr die Pickleball-Schl\u00e4gerbez\u00fcge?<br \/>\n                                        <!-- Normal Icon --><br \/>\n                                        <!-- Active Icon --><br \/>\n                                                    <\/a><\/p>\n<p>Wir bieten eine breite Palette von Anpassungsm\u00f6glichkeiten, darunter Farbauswahl, Logodruck und einzigartige Designmuster. Unser Team kann mit Ihnen zusammenarbeiten, um Cover zu entwerfen, die perfekt zur Identit\u00e4t Ihrer Marke oder Ihres Teams passen.<\/p>\n<p>                <!-- .elementskit-card END --><br \/>\n                        <a href=\"#collapse-3dad4e06575666a901bd\" data-ekit-toggle=\"collapse\" data-target=\"#Collapse-3dad4e06575666a901bd\" aria-expanded=\"false\" aria-controls=\"Collapse-3dad4e06575666a901bd\"><br \/>\n                            Welche Materialien werden f\u00fcr die Paddelabdeckungen verwendet?<br \/>\n                                        <!-- Normal Icon --><br \/>\n                                        <!-- Active Icon --><br \/>\n                                                    <\/a><\/p>\n<p>Unsere Paddelh\u00fcllen sind aus hochwertigem Neopren und Baumwollsegeltuch gefertigt und garantieren Langlebigkeit und Schutz f\u00fcr die Paddel.<\/p>\n<p>                <!-- .elementskit-card END --><br \/>\n                        <a href=\"#collapse-8417e716575666a901bd\" data-ekit-toggle=\"collapse\" data-target=\"#Collapse-8417e716575666a901bd\" aria-expanded=\"false\" aria-controls=\"Collapse-8417e716575666a901bd\"><br \/>\n                            Gibt es Rabatte f\u00fcr Gro\u00dfbestellungen?<br \/>\n                                        <!-- Normal Icon --><br \/>\n                                        <!-- Active Icon --><br \/>\n                                                    <\/a><\/p>\n<p>Ja, wir bieten wettbewerbsf\u00e4hige Preise und Rabatte f\u00fcr Gro\u00dfauftr\u00e4ge. Die H\u00f6he des Rabatts h\u00e4ngt von der Bestellmenge ab. Bitte kontaktieren Sie uns f\u00fcr ein detailliertes Angebot.<\/p>\n<p>                <!-- .elementskit-card END --><br \/>\n                        <a href=\"#collapse-293f4f96575666a901bd\" data-ekit-toggle=\"collapse\" data-target=\"#Collapse-293f4f96575666a901bd\" aria-expanded=\"false\" aria-controls=\"Collapse-293f4f96575666a901bd\"><br \/>\n                            Wie stellen wir die Qualit\u00e4t der Produkte sicher?<br \/>\n                                        <!-- Normal Icon --><br \/>\n                                        <!-- Active Icon --><br \/>\n                                                    <\/a><\/p>\n<p>Qualit\u00e4t ist unser oberstes Gebot. Wir f\u00fchren in jeder Phase der Produktion strenge Qualit\u00e4tskontrollen durch, um sicherzustellen, dass jeder Bezug unseren hohen Standards und Ihren Erwartungen entspricht.<\/p>\n<p>                <!-- .elementskit-card END --><br \/>\n                        <a href=\"#collapse-1e5da806575666a901bd\" data-ekit-toggle=\"collapse\" data-target=\"#Collapse-1e5da806575666a901bd\" aria-expanded=\"false\" aria-controls=\"Collapse-1e5da806575666a901bd\"><br \/>\n                            K\u00f6nnen wir Muster anfordern, bevor wir eine Gro\u00dfbestellung aufgeben?<br \/>\n                                        <!-- Normal Icon --><br \/>\n                                        <!-- Active Icon --><br \/>\n                                                    <\/a><\/p>\n<p>Selbstverst\u00e4ndlich k\u00f6nnen wir Ihnen Musterabdeckungen f\u00fcr Ihre Bewertung zur Verf\u00fcgung stellen. Bitte setzen Sie sich mit uns in Verbindung, um die Einzelheiten zu besprechen und eine Musterlieferung zu vereinbaren.<\/p>\n<p>                <!-- .elementskit-card END --><\/p>","protected":false},"excerpt":{"rendered":"<p>Custom Pickleball Paddle Cover Understanding the unique needs of brands and teams, Dinkpickleball offers exceptional customization services. From personalized designs to specific branding requirements, our expertise in creating tailor-made pickleball paddle covers sets us apart and adds significant value for you. GET A QUOTE Competitive Pricing Dinkpickleball offers competitive pricing structures, especially for bulk and [&hellip;]<\/p>\n","protected":false},"author":1,"featured_media":0,"parent":0,"menu_order":0,"comment_status":"closed","ping_status":"closed","template":"","meta":{"_seopress_robots_primary_cat":"","_seopress_titles_title":"","_seopress_titles_desc":"","_seopress_robots_index":"","footnotes":""},"class_list":["post-15549","page","type-page","status-publish","hentry"],"meta_box":[],"_links":{"self":[{"href":"https:\/\/dinkpickleball.com\/de\/wp-json\/wp\/v2\/pages\/15549","targetHints":{"allow":["GET"]}}],"collection":[{"href":"https:\/\/dinkpickleball.com\/de\/wp-json\/wp\/v2\/pages"}],"about":[{"href":"https:\/\/dinkpickleball.com\/de\/wp-json\/wp\/v2\/types\/page"}],"author":[{"embeddable":true,"href":"https:\/\/dinkpickleball.com\/de\/wp-json\/wp\/v2\/users\/1"}],"replies":[{"embeddable":true,"href":"https:\/\/dinkpickleball.com\/de\/wp-json\/wp\/v2\/comments?post=15549"}],"version-history":[{"count":62,"href":"https:\/\/dinkpickleball.com\/de\/wp-json\/wp\/v2\/pages\/15549\/revisions"}],"predecessor-version":[{"id":16292,"href":"https:\/\/dinkpickleball.com\/de\/wp-json\/wp\/v2\/pages\/15549\/revisions\/16292"}],"wp:attachment":[{"href":"https:\/\/dinkpickleball.com\/de\/wp-json\/wp\/v2\/media?parent=15549"}],"curies":[{"name":"wp","href":"https:\/\/api.w.org\/{rel}","templated":true}]}}