{"id":15243,"date":"2023-09-21T17:16:47","date_gmt":"2023-09-21T09:16:47","guid":{"rendered":"https:\/\/dinkpickleball.com\/?page_id=15243"},"modified":"2025-01-13T22:01:12","modified_gmt":"2025-01-13T14:01:12","slug":"pickleball-training-paddle","status":"publish","type":"page","link":"https:\/\/dinkpickleball.com\/de\/pickleball-training-paddle\/","title":{"rendered":"Pickleball Training Paddel"},"content":{"rendered":"<h1>Pickleball Training Paddel<\/h1>\n<h3>Engineered to perfect your play. Experience the game-changing advantage of a paddle designed to consistently hit the sweet spot. Elevate your skills, whether it&#8217;s a casual match or a competitive tournament. With our paddle, accuracy isn&#8217;t just a goal; it&#8217;s a guarantee.<\/h3>\n<p>\t\t\t<a role=\"button\"><br \/>\n\t\t\t\t\t\t\t\t\tANGEBOT EINHOLEN<br \/>\n\t\t\t\t\t<\/a><br \/>\n\t\t\t\t\t\t\t\t\t\t\t\t\t<img loading=\"lazy\" decoding=\"async\" width=\"600\" height=\"900\" src=\"https:\/\/dinkpickleball.com\/wp-content\/uploads\/2023\/11\/pickleball-focus-training-paddle.png\" alt=\"pickleball focus training paddle\" srcset=\"https:\/\/dinkpickleball.com\/wp-content\/uploads\/2023\/11\/pickleball-focus-training-paddle.png 600w, https:\/\/dinkpickleball.com\/wp-content\/uploads\/2023\/11\/pickleball-focus-training-paddle-200x300.png 200w\" sizes=\"auto, (max-width: 600px) 100vw, 600px\" \/>\t\t\t\t\t\t\t\t\t\t\t\t\t<\/p>\n<h2>F\u00fcr Trainer und Ausbilder<\/h2>\n<p>Die Pickleball-Trainingsschl\u00e4ger von Dinkpickleball sind ein Segen f\u00fcr professionelle Trainer und Ausbilder, die die F\u00e4higkeiten ihrer Kunden verbessern wollen. Das Design der Paddles konzentriert sich auf die Verbesserung der Genauigkeit und der Hand-Augen-Koordination, was sie effektiver und lohnender macht.<\/p>\n<p>\t\t\t<a role=\"button\"><br \/>\n\t\t\t\t\t\t\t\t\tANGEBOT EINHOLEN<br \/>\n\t\t\t\t\t<\/a><\/p>\n<h2>F\u00fcr Einzelh\u00e4ndler und Distributoren<\/h2>\n<p>Dinkpickleball bietet Ihnen eine au\u00dfergew\u00f6hnliche M\u00f6glichkeit, Ihren Sportger\u00e4tebestand zu diversifizieren. Unser <!-- notionvc: 227f3bd9-c6d5-4ef1-8d12-62837ad2cf11 -->Pickleball-Trainingsschl\u00e4ger sind auf hervorragende Leistung und Haltbarkeit ausgelegt, um die Kundenzufriedenheit zu gew\u00e4hrleisten.\u00a0<\/p>\n<p>\t\t\t<a role=\"button\"><br \/>\n\t\t\t\t\t\t\t\t\tANGEBOT EINHOLEN<br \/>\n\t\t\t\t\t<\/a><\/p>\n<h2>F\u00fcr Marken<\/h2>\n<p>In einem Markt, in dem Differenzierung der Schl\u00fcssel ist, bietet Ihnen Dinkpickleball ein Pickleball-Trainingspaddel, das sowohl Qualit\u00e4t als auch Innovation verk\u00f6rpert. Unsere anpassbare Gewichtsfunktion erm\u00f6glicht es Ihrer Marke, jedem Kunden ein ma\u00dfgeschneidertes Erlebnis zu bieten.\u00a0<\/p>\n<p>\t\t\t<a role=\"button\"><br \/>\n\t\t\t\t\t\t\t\t\tANGEBOT EINHOLEN<br \/>\n\t\t\t\t\t<\/a><\/p>\n<figure><img decoding=\"async\" src=\"https:\/\/dinkpickleball.com\/wp-content\/uploads\/2022\/06\/onix.png\" alt=\"onix\" \/><\/figure>\n<figure><img decoding=\"async\" src=\"https:\/\/dinkpickleball.com\/wp-content\/uploads\/2022\/06\/Diadem-logo.png\" alt=\"Diadem-Logo\" \/><\/figure>\n<figure><img decoding=\"async\" src=\"https:\/\/dinkpickleball.com\/wp-content\/uploads\/2022\/06\/Gamma.png\" alt=\"Gamma\" \/><\/figure>\n<figure><img decoding=\"async\" src=\"https:\/\/dinkpickleball.com\/wp-content\/uploads\/2022\/06\/Paddletek.png\" alt=\"Paddletek\" \/><\/figure>\n<figure><img decoding=\"async\" src=\"https:\/\/dinkpickleball.com\/wp-content\/uploads\/2023\/04\/RECESS-logo.png\" alt=\"RECESS-Logo\" \/><\/figure>\n<figure><img decoding=\"async\" src=\"https:\/\/dinkpickleball.com\/wp-content\/uploads\/2023\/04\/CRBN-logo.png\" alt=\"CRBN-Logo\" \/><\/figure>\n<figure><img decoding=\"async\" src=\"https:\/\/dinkpickleball.com\/wp-content\/uploads\/2023\/04\/STIGA-logo.png\" alt=\"STIGA-Logo\" \/><\/figure>\n<figure><img decoding=\"async\" src=\"https:\/\/dinkpickleball.com\/wp-content\/uploads\/2022\/06\/niupipo.png\" alt=\"niupipo\" \/><\/figure>\n<h2>Erh\u00f6hen Sie Ihr Spiel, verbessern Sie Ihre Technik<\/h2>\n<p>Dinkpickleball definiert das Training mit Paddles neu, die Ihr Spiel verbessern. Unsere Schl\u00e4ger sind nicht nur Ausr\u00fcstung, sie sind eine Erweiterung Ihres Ehrgeizes zu \u00fcbertreffen. Durch die Verbesserung der Pr\u00e4zision und Koordination, verbessern sie Ihre Technik, so dass jede Trainingseinheit auf Ihrem Weg zum Pickleball-Champion z\u00e4hlt.<\/p>\n<p>                <a ><br \/>\n                    <img loading=\"lazy\" decoding=\"async\" width=\"1000\" height=\"1000\" src=\"https:\/\/dinkpickleball.com\/wp-content\/uploads\/2023\/11\/pickleball-training-paddles.jpg\" alt=\"pickleball training paddles\" srcset=\"https:\/\/dinkpickleball.com\/wp-content\/uploads\/2023\/11\/pickleball-training-paddles.jpg 1000w, https:\/\/dinkpickleball.com\/wp-content\/uploads\/2023\/11\/pickleball-training-paddles-300x300.jpg 300w, https:\/\/dinkpickleball.com\/wp-content\/uploads\/2023\/11\/pickleball-training-paddles-150x150.jpg 150w, https:\/\/dinkpickleball.com\/wp-content\/uploads\/2023\/11\/pickleball-training-paddles-768x768.jpg 768w\" sizes=\"auto, (max-width: 1000px) 100vw, 1000px\" \/><br \/>\n                <\/a><br \/>\n                                                            <a ><br \/>\n                                    ANGEBOT EINHOLEN                                <\/a><br \/>\n                <a ><br \/>\n                    <img loading=\"lazy\" decoding=\"async\" width=\"1000\" height=\"1000\" src=\"https:\/\/dinkpickleball.com\/wp-content\/uploads\/2023\/11\/training-pickleball-paddle.jpg\" alt=\"Training Pickleball Paddel\" srcset=\"https:\/\/dinkpickleball.com\/wp-content\/uploads\/2023\/11\/training-pickleball-paddle.jpg 1000w, https:\/\/dinkpickleball.com\/wp-content\/uploads\/2023\/11\/training-pickleball-paddle-300x300.jpg 300w, https:\/\/dinkpickleball.com\/wp-content\/uploads\/2023\/11\/training-pickleball-paddle-150x150.jpg 150w, https:\/\/dinkpickleball.com\/wp-content\/uploads\/2023\/11\/training-pickleball-paddle-768x768.jpg 768w\" sizes=\"auto, (max-width: 1000px) 100vw, 1000px\" \/><br \/>\n                <\/a><br \/>\n                                                            <a ><br \/>\n                                    ANGEBOT EINHOLEN                                <\/a><br \/>\n\t\t\t\t\t\t\t\t\t\t\t\t\t<img loading=\"lazy\" decoding=\"async\" width=\"1078\" height=\"1618\" src=\"https:\/\/dinkpickleball.com\/wp-content\/uploads\/2023\/11\/custom-pickleball-training-paddle.png\" alt=\"Individuelles Pickleball-Trainingspaddel\" srcset=\"https:\/\/dinkpickleball.com\/wp-content\/uploads\/2023\/11\/custom-pickleball-training-paddle.png 1078w, https:\/\/dinkpickleball.com\/wp-content\/uploads\/2023\/11\/custom-pickleball-training-paddle-200x300.png 200w, https:\/\/dinkpickleball.com\/wp-content\/uploads\/2023\/11\/custom-pickleball-training-paddle-682x1024.png 682w, https:\/\/dinkpickleball.com\/wp-content\/uploads\/2023\/11\/custom-pickleball-training-paddle-768x1153.png 768w, https:\/\/dinkpickleball.com\/wp-content\/uploads\/2023\/11\/custom-pickleball-training-paddle-1023x1536.png 1023w\" sizes=\"auto, (max-width: 1078px) 100vw, 1078px\" \/>\t\t\t\t\t\t\t\t\t\t\t\t\t<\/p>\n<h2>Wie man<\/h2>\n<h3>\n\t\t\t\t\t\t\tErste Anfrage und Konsultation<br \/>\n\t\t\t\t\t<\/h3>\n<p>\n\t\t\t\t\t\tEin Produktmanager wird einen Beratungstermin vereinbaren, um die spezifischen Bed\u00fcrfnisse und Anforderungen des Kunden an die individuellen Pickleball-Trainingsschl\u00e4ger zu besprechen. W\u00e4hrend des Beratungsgespr\u00e4chs wird der Vertriebsmitarbeiter die detaillierten Anforderungen des Kunden erfassen. Dazu geh\u00f6ren die ben\u00f6tigte Menge an Schl\u00e4gern, spezielle Designw\u00fcnsche (wie Farben, Logos und andere Branding-Elemente), Materialw\u00fcnsche, Gewichtsspezifikationen und alle anderen gew\u00fcnschten Eigenschaften.\t\t\t\t\t<\/p>\n<h3>\n\t\t\t\t\t\t\tEntwurf und Prototyp<br \/>\n\t\t\t\t\t<\/h3>\n<p>\n\t\t\t\t\t\tBased on the gathered requirements, Dinkpickleball&#8217;s design team will create a prototype of the custom paddle. This may involve creating digital mockups or an actual physical sample, depending on the client&#8217;s needs and the complexity of the design\t\t\t\t\t<\/p>\n<h3>\n\t\t\t\t\t\t\t\u00dcberpr\u00fcfung und Genehmigung durch den Kunden<br \/>\n\t\t\t\t\t<\/h3>\n<p>\n\t\t\t\t\t\tDer Prototyp oder das Mockup wird dann zur \u00dcberpr\u00fcfung an den Kunden geschickt. Der Kunde kann \u00c4nderungen oder Anpassungen verlangen. Sobald der Kunde dem Entwurf zustimmt, erstellt Dinkpickleball einen endg\u00fcltigen Kostenvoranschlag, in dem die Kosten pro Einheit und die Gesamtkosten f\u00fcr den Auftrag angegeben sind. Der Kunde best\u00e4tigt dann den Auftrag und leistet alle erforderlichen Zahlungen gem\u00e4\u00df den vereinbarten Bedingungen.\t\t\t\t\t<\/p>\n<h3>\n\t\t\t\t\t\t\tMuster und Produktion<br \/>\n\t\t\t\t\t<\/h3>\n<p>\n\t\t\t\t\t\tUnter Ber\u00fccksichtigung der R\u00fcckmeldungen des Kunden wird ein endg\u00fcltiges Muster des individuellen Paddels hergestellt. Dieses Muster ist eine genaue Darstellung des Endprodukts und zeigt die tats\u00e4chlichen Materialien, das Gewicht und das Design. Nachdem die Bestellung best\u00e4tigt und die Zahlung abgewickelt wurde, beginnt das Produktionsteam von Dinkpickleball mit der Herstellung der individuellen Pickleball-Trainingsschl\u00e4ger. Die Produktionszeit kann je nach Auftragsgr\u00f6\u00dfe und Komplexit\u00e4t der Anpassungen variieren.\t\t\t\t\t<\/p>\n<p>\t\t\t<a role=\"button\"><br \/>\n\t\t\t\t\t\t\t\t\tANGEBOT EINHOLEN<br \/>\n\t\t\t\t\t<\/a><\/p>\n<h2>Warum DinkPickleball<\/h2>\n<h2>Precision Enhancemen<\/h2>\n<p>Das Trainingspaddel von Dinkpickleball wurde fachm\u00e4nnisch entwickelt, um die Genauigkeit zu verbessern und speziell auf den Sweet Spot zu zielen. Diese Pr\u00e4zisionsverbesserung ist entscheidend f\u00fcr Sie, wenn Sie hochwertige, leistungsorientierte Produkte anbieten wollen.<\/p>\n<h2>Vielseitiges Schulungsinstrument<\/h2>\n<p>Dieses Paddel eignet sich sowohl f\u00fcr Aufw\u00e4rm\u00fcbungen als auch f\u00fcr intensive \u00dcbungen und ist eine vielseitige Erg\u00e4nzung f\u00fcr jeden Spieler. Diese Anpassungsf\u00e4higkeit macht es attraktiv f\u00fcr Turniere, Sportmannschaften und gemeinn\u00fctzige Organisationen, die Spieler mit unterschiedlichen Spielst\u00e4rken aufnehmen.<\/p>\n<h2>Anpassbares Gewicht <\/h2>\n<p>Mit der Option, Bleigewichte hinzuzuf\u00fcgen, kann unser Pickleball-Trainingsschl\u00e4ger so angepasst werden, dass er dem Gef\u00fchl des Lieblingspaddels eines Spielers entspricht. Das macht ihn perfekt f\u00fcr Marken und Einzelspieler, die auf ein individuelles Trainingserlebnis Wert legen.<\/p>\n<h2>Verbesserung der Hand-Augen-Koordination<\/h2>\n<p>Unser Paddel verbessert das Spiel der Spieler durch die Verbesserung der Hand-Augen-Koordination. Diese Eigenschaft ist besonders attraktiv f\u00fcr Trainer, Sportteams und Bildungseinrichtungen, die sich auf die Entwicklung von F\u00e4higkeiten konzentrieren.<\/p>\n<h2>Einhaltung der USAPA-Standards<\/h2>\n<p>Dinkpickleball stellt sicher, dass unsere Schl\u00e4ger den USAPA-Standards entsprechen und bietet Einzelh\u00e4ndlern, Distributoren und professionellen Einrichtungen eine Garantie f\u00fcr Qualit\u00e4t und Einhaltung der Vorschriften.<\/p>\n<h2>Gro\u00df- und Sonderbestellungen f\u00fcr den Gesch\u00e4ftsbedarf<\/h2>\n<p>Dinkpickleball ist auf B2B-, Gro\u00df- und Sonderbestellungen spezialisiert, was unsere Paddles zur ersten Wahl f\u00fcr Einzelh\u00e4ndler, Marken und Organisationen macht, die nach ma\u00dfgeschneiderten L\u00f6sungen suchen.<\/p>\n<h2>FAQ<\/h2>\n<p>Hier finden Sie einige h\u00e4ufig gestellte Fragen (FAQs), die B2B-Kunden beim Kauf eines Pickleball-Trainingsschl\u00e4gers stellen k\u00f6nnten:<\/p>\n<p>                        <a href=\"#collapse-bc22830662f09a6c7f00\" data-ekit-toggle=\"collapse\" data-target=\"#Collapse-bc22830662f09a6c7f00\" aria-expanded=\"true\" aria-controls=\"Collapse-bc22830662f09a6c7f00\"><br \/>\n                            F: Wodurch heben sich die Trainingsschl\u00e4ger von Dinkpickleball&#039;von der Konkurrenz ab?<br \/>\n                                        <!-- Normal Icon --><br \/>\n                                        <!-- Active Icon --><br \/>\n                                                    <\/a><\/p>\n<p>A: Bei der Entwicklung unserer Paddles lag der Schwerpunkt auf der Verbesserung der Leistung der Spieler. Sie verf\u00fcgen \u00fcber ein einzigartiges Design, das das Treffen des Sweetspots verbessert, die Hand-Augen-Koordination f\u00f6rdert und f\u00fcr Spieler aller Spielst\u00e4rken geeignet ist. Dies macht sie ideal f\u00fcr eine Vielzahl von Kunden, von Anf\u00e4ngern bis hin zu fortgeschrittenen Spielern.A: Unsere Schl\u00e4ger wurden mit dem Ziel entwickelt, die Leistung der Spieler zu verbessern. Sie verf\u00fcgen \u00fcber ein einzigartiges Design, das das Treffen des Sweetspots verbessert, die Hand-Augen-Koordination f\u00f6rdert und f\u00fcr Spieler aller Spielst\u00e4rken geeignet ist. Das macht sie ideal f\u00fcr eine Vielzahl von Kunden, von Anf\u00e4ngern bis zu fortgeschrittenen Spielern.<\/p>\n<p>                <!-- .elementskit-card END --><br \/>\n                        <a href=\"#collapse-3dad4e0662f09a6c7f00\" data-ekit-toggle=\"collapse\" data-target=\"#Collapse-3dad4e0662f09a6c7f00\" aria-expanded=\"false\" aria-controls=\"Collapse-3dad4e0662f09a6c7f00\"><br \/>\n                            F: K\u00f6nnen die Paddel bei Gro\u00dfbestellungen individuell angepasst werden?<br \/>\n                                        <!-- Normal Icon --><br \/>\n                                        <!-- Active Icon --><br \/>\n                                                    <\/a><\/p>\n<p>A: Absolutely. We offer customization options for bulk orders, allowing businesses and organizations to tailor the paddles to their specific needs, whether it&#8217;s for branding purposes or to cater to a particular group of players.<\/p>\n<p>                <!-- .elementskit-card END --><br \/>\n                        <a href=\"#collapse-8417e71662f09a6c7f00\" data-ekit-toggle=\"collapse\" data-target=\"#Collapse-8417e71662f09a6c7f00\" aria-expanded=\"false\" aria-controls=\"Collapse-8417e71662f09a6c7f00\"><br \/>\n                            F: Entsprechen die Schl\u00e4ger den offiziellen Normen f\u00fcr Pickleball-Ausr\u00fcstung?<br \/>\n                                        <!-- Normal Icon --><br \/>\n                                        <!-- Active Icon --><br \/>\n                                                    <\/a><\/p>\n<p>A: Ja, alle Dinkpickleball-Trainingsschl\u00e4ger sind so konzipiert, dass sie die von der USA Pickleball Association (USAPA) festgelegten Standards erf\u00fcllen und sogar \u00fcbertreffen, so dass sie sowohl f\u00fcr das Training als auch f\u00fcr offizielle Turniere geeignet sind.<\/p>\n<p>                <!-- .elementskit-card END --><br \/>\n                        <a href=\"#collapse-293f4f9662f09a6c7f00\" data-ekit-toggle=\"collapse\" data-target=\"#Collapse-293f4f9662f09a6c7f00\" aria-expanded=\"false\" aria-controls=\"Collapse-293f4f9662f09a6c7f00\"><br \/>\n                            F: K\u00f6nnen Sie Gro\u00dfauftr\u00e4ge f\u00fcr Veranstaltungen oder Organisationen bearbeiten?<br \/>\n                                        <!-- Normal Icon --><br \/>\n                                        <!-- Active Icon --><br \/>\n                                                    <\/a><\/p>\n<p>A: Ja, wir sind voll ausgestattet, um gro\u00dfe Bestellungen zu bearbeiten. Unsere Produktionskapazit\u00e4t erm\u00f6glicht es uns, die Anforderungen von Gro\u00dfveranstaltungen, Turnieren, Schulen oder Organisationen, die eine gro\u00dfe Menge an Paddeln ben\u00f6tigen, zu erf\u00fcllen, ohne Kompromisse bei der Qualit\u00e4t einzugehen.<\/p>\n<p>                <!-- .elementskit-card END --><br \/>\n                        <a href=\"#collapse-1e5da80662f09a6c7f00\" data-ekit-toggle=\"collapse\" data-target=\"#Collapse-1e5da80662f09a6c7f00\" aria-expanded=\"false\" aria-controls=\"Collapse-1e5da80662f09a6c7f00\"><br \/>\n                            F: Gibt es Rabatte f\u00fcr Gro\u00df- oder Nachbestellungen?<br \/>\n                                        <!-- Normal Icon --><br \/>\n                                        <!-- Active Icon --><br \/>\n                                                    <\/a><\/p>\n<p>A: Wir legen Wert auf langfristige Beziehungen und bieten wettbewerbsf\u00e4hige Preise f\u00fcr Gro\u00df- und Nachbestellungen. Unsere Preisstruktur ist so gestaltet, dass sie f\u00fcr Unternehmen und Organisationen, die gr\u00f6\u00dfere Bestellungen t\u00e4tigen, von Vorteil ist.<\/p>\n<p>                <!-- .elementskit-card END --><\/p>","protected":false},"excerpt":{"rendered":"<p>Pickleball Training Paddle Engineered to perfect your play. Experience the game-changing advantage of a paddle designed to consistently hit the sweet spot. Elevate your skills, whether it&#8217;s a casual match or a competitive tournament. With our paddle, accuracy isn&#8217;t just a goal; it&#8217;s a guarantee. GET A QUOTE For Coaches and Trainers Dinkpickleball&#8217;s pickleball training [&hellip;]<\/p>\n","protected":false},"author":1,"featured_media":0,"parent":0,"menu_order":0,"comment_status":"closed","ping_status":"closed","template":"","meta":{"_seopress_robots_primary_cat":"","_seopress_titles_title":"","_seopress_titles_desc":"","_seopress_robots_index":"","footnotes":""},"class_list":["post-15243","page","type-page","status-publish","hentry"],"meta_box":[],"_links":{"self":[{"href":"https:\/\/dinkpickleball.com\/de\/wp-json\/wp\/v2\/pages\/15243","targetHints":{"allow":["GET"]}}],"collection":[{"href":"https:\/\/dinkpickleball.com\/de\/wp-json\/wp\/v2\/pages"}],"about":[{"href":"https:\/\/dinkpickleball.com\/de\/wp-json\/wp\/v2\/types\/page"}],"author":[{"embeddable":true,"href":"https:\/\/dinkpickleball.com\/de\/wp-json\/wp\/v2\/users\/1"}],"replies":[{"embeddable":true,"href":"https:\/\/dinkpickleball.com\/de\/wp-json\/wp\/v2\/comments?post=15243"}],"version-history":[{"count":39,"href":"https:\/\/dinkpickleball.com\/de\/wp-json\/wp\/v2\/pages\/15243\/revisions"}],"predecessor-version":[{"id":16287,"href":"https:\/\/dinkpickleball.com\/de\/wp-json\/wp\/v2\/pages\/15243\/revisions\/16287"}],"wp:attachment":[{"href":"https:\/\/dinkpickleball.com\/de\/wp-json\/wp\/v2\/media?parent=15243"}],"curies":[{"name":"wp","href":"https:\/\/api.w.org\/{rel}","templated":true}]}}