{"id":15195,"date":"2023-09-08T10:08:54","date_gmt":"2023-09-08T02:08:54","guid":{"rendered":"https:\/\/dinkpickleball.com\/?page_id=15195"},"modified":"2025-01-13T22:02:06","modified_gmt":"2025-01-13T14:02:06","slug":"3d-18k-carbon-fiber-paddle","status":"publish","type":"page","link":"https:\/\/dinkpickleball.com\/de\/3d-18k-carbon-fiber-paddle\/","title":{"rendered":"3D 18k Kohlefaser Paddel"},"content":{"rendered":"<h1>3D 18k Kohlefaser Paddel Hersteller<\/h1>\n<p>Werten Sie Ihren Verkaufsraum mit unserem 3D 18k Carbon Fiber Pickleball Paddle auf. Sein einzigartiges Design und seine visuelle Attraktivit\u00e4t versprechen mehr Laufkundschaft anzuziehen, das Engagement im Laden zu erh\u00f6hen und potenzielle Verk\u00e4ufe zu steigern. Aufgrund der fortschrittlichen Technologie und der einzigartigen Eigenschaften unseres Paddels k\u00f6nnen Einzelh\u00e4ndler einen Premiumpreis verlangen, der Ihre Gewinnspanne und Ihren Gesamtumsatz erh\u00f6ht.<\/p>\n<p><a role=\"button\"><br \/>\nAktuellen Preis anfragen<br \/>\n<\/a><br \/>\n<img decoding=\"async\" src=\"https:\/\/dinkpickleball.com\/wp-content\/uploads\/2023\/09\/3D-18k-Carbon-Fiber-Paddle-Manufacturer.png\" title=\"3D 18k Kohlefaser Paddel Hersteller\" alt=\"3d 18k Kohlefaser Paddel Hersteller\" loading=\"lazy\" \/><\/p>\n<h2>Attraktivit\u00e4t in allen Bereichen<\/h2>\n<p>Wenn Sie Produkte anbieten, die den Gipfel der Innovation und Qualit\u00e4t darstellen, machen Sie nicht nur einen Verkauf, sondern f\u00f6rdern auch die Markentreue. Zufriedene Kunden werden wiederkommen, weil sie das Neueste und Beste suchen, und mit unserem Paddel sind Sie an der Spitze dieser Nachfrage.<\/p>\n<h3>\n\t\t\t\t\t\tInvestitionen in Spitzentechnologie<\/h3>\n<p>Nutzen Sie die Kraft der hochmodernen 3D 18k Kohlefasertechnologie. Heben Sie sich auf dem Markt mit einem Paddel ab, das die Spitze der Innovation in der Pickleball-Industrie darstellt.<\/p>\n<h3>\n\t\t\t\t\t\t\u00dcberlegene Spin-Kontrolle<\/h3>\n<p>Unser Paddel verf\u00fcgt \u00fcber ein einzigartiges dreiachsiges Geflecht aus miteinander verwobenen Garnen und bietet ein un\u00fcbertroffenes Spinnpotenzial in jedem Winkel. Bieten Sie Ihren Kunden einen Wettbewerbsvorteil wie kein anderer.<\/p>\n<h3>\n\t\t\t\t\t\tAuffallende visuelle Attraktivit\u00e4t<\/h3>\n<p>Die faszinierende 3D-Optik des Paddels erh\u00f6ht nicht nur das Spielerlebnis, sondern verspricht auch ein visuelles Verkaufsargument f\u00fcr den Einzelhandel zu sein, das Kunden anzieht und die Auslagen in den Gesch\u00e4ften aufwertet.<\/p>\n<h3>\n\t\t\t\t\t\tDifferenzierung im Wettbewerb<\/h3>\n<p>Heben Sie sich in der B2B-Landschaft ab, indem Sie ein Produkt mit einer einzigartigen 3D-18k-Kohlefaseroberfl\u00e4che anbieten. Heben Sie Ihre Marke hervor, indem Sie mit einem Produkt assoziiert werden, das einfach \"besser\" ist.<\/p>\n<h3>\n\t\t\t\t\t\tBekenntnis zur Qualit\u00e4t<\/h3>\n<p>Gehen Sie eine Partnerschaft mit Dinkpickleball ein, einem Unternehmen, das Wert auf erstklassige Fertigung und Design legt. Stellen Sie sicher, dass Ihre Kunden ein Produkt erhalten, das mit unvergleichlicher Pr\u00e4zision und Leidenschaft hergestellt wurde.<\/p>\n<h3>\n\t\t\t\t\t\tVielseitige Marktpositionierung<\/h3>\n<p>Ob f\u00fcr erfahrene Spieler oder Anf\u00e4nger, das 3D 18k Paddle spricht ein breites Publikum an. Eine Einheitsl\u00f6sung zur Diversifizierung Ihres Produktangebots.<\/p>","protected":false},"excerpt":{"rendered":"<p>3D 18k Carbon Fiber Paddle Manufacturer Elevate your retail space with our 3D 18k Carbon Fiber Pickleball Paddle. Its unique design and visual appeal promise to attract more foot traffic, increasing in-store engagement and potential sales. Given the advanced technology and unique features of our paddle, retailers can command a premium price point, increasing your [&hellip;]<\/p>\n","protected":false},"author":1,"featured_media":0,"parent":0,"menu_order":0,"comment_status":"closed","ping_status":"closed","template":"","meta":{"_seopress_robots_primary_cat":"","_seopress_titles_title":"","_seopress_titles_desc":"Elevate your retail space with our 3D 18k Carbon Fiber Pickleball Paddle. Its unique design and visual appeal promise to attract more foot traffic, increasing in-store engagement and potential sales.","_seopress_robots_index":"","footnotes":""},"class_list":["post-15195","page","type-page","status-publish","hentry"],"meta_box":[],"_links":{"self":[{"href":"https:\/\/dinkpickleball.com\/de\/wp-json\/wp\/v2\/pages\/15195","targetHints":{"allow":["GET"]}}],"collection":[{"href":"https:\/\/dinkpickleball.com\/de\/wp-json\/wp\/v2\/pages"}],"about":[{"href":"https:\/\/dinkpickleball.com\/de\/wp-json\/wp\/v2\/types\/page"}],"author":[{"embeddable":true,"href":"https:\/\/dinkpickleball.com\/de\/wp-json\/wp\/v2\/users\/1"}],"replies":[{"embeddable":true,"href":"https:\/\/dinkpickleball.com\/de\/wp-json\/wp\/v2\/comments?post=15195"}],"version-history":[{"count":24,"href":"https:\/\/dinkpickleball.com\/de\/wp-json\/wp\/v2\/pages\/15195\/revisions"}],"predecessor-version":[{"id":16283,"href":"https:\/\/dinkpickleball.com\/de\/wp-json\/wp\/v2\/pages\/15195\/revisions\/16283"}],"wp:attachment":[{"href":"https:\/\/dinkpickleball.com\/de\/wp-json\/wp\/v2\/media?parent=15195"}],"curies":[{"name":"wp","href":"https:\/\/api.w.org\/{rel}","templated":true}]}}