{"id":15081,"date":"2023-08-12T01:35:23","date_gmt":"2023-08-11T17:35:23","guid":{"rendered":"https:\/\/dinkpickleball.com\/?page_id=15081"},"modified":"2025-01-13T22:08:11","modified_gmt":"2025-01-13T14:08:11","slug":"pickleball-paddle-eraser","status":"publish","type":"page","link":"https:\/\/dinkpickleball.com\/de\/pickleball-paddle-eraser\/","title":{"rendered":"Pickleball Paddel Radiergummi"},"content":{"rendered":"<h1>Pickleball Paddel Radiergummi<\/h1>\n<p><strong>Ma\u00dfgeschneidert, um zu beeindrucken, entworfen, um zu halten<\/strong>: Statten Sie Ihr Unternehmen mit der ultimativen Paddelpflege-L\u00f6sung aus. Optimale Sauberkeit, jedes einzelne Mal. Ihr Unternehmen verdient mehr als das \u00dcbliche. Entscheiden Sie sich f\u00fcr den Custom Paddle Eraser von Dinkpickleball - damit Ihre Marke bei jedem Wischen gl\u00e4nzt.<\/p>\n<p>\t\t\t<a role=\"button\"><br \/>\n\t\t\t\t\t\tSchnelles Angebot einholen<br \/>\n\t\t\t\t\t<\/a><br \/>\n\t\t\t\t\t\t\t\t\t\t\t\t<img decoding=\"async\" width=\"800\" height=\"800\" src=\"https:\/\/dinkpickleball.com\/wp-content\/uploads\/2023\/08\/banner.png\" alt=\"Banner\" loading=\"lazy\" srcset=\"https:\/\/dinkpickleball.com\/wp-content\/uploads\/2023\/08\/banner.png 800w, https:\/\/dinkpickleball.com\/wp-content\/uploads\/2023\/08\/banner-300x300.png 300w, https:\/\/dinkpickleball.com\/wp-content\/uploads\/2023\/08\/banner-150x150.png 150w, https:\/\/dinkpickleball.com\/wp-content\/uploads\/2023\/08\/banner-768x768.png 768w, https:\/\/dinkpickleball.com\/wp-content\/uploads\/2023\/08\/banner-600x600.png 600w, https:\/\/dinkpickleball.com\/wp-content\/uploads\/2023\/08\/banner-100x100.png 100w\" sizes=\"auto, (max-width: 800px) 100vw, 800px\" \/>\t\t\t\t\t\t\t\t\t\t\t\t\t\t<\/p>\n<h2>Saubere Pr\u00e4zision, Spitzenleistung<\/h2>\n<p>Ver\u00e4ndern Sie Ihr Pickleball-Angebot mit Radiergummis, die auf das Wesen Ihrer Marke zugeschnitten sind. Individuell. Sauber. Fesselnd.<\/p>\n<figure class='gallery-item'>\n\t\t\t\t<a  title=\"Pickleball Paddel Radiergummi\"  href='https:\/\/dinkpickleball.com\/wp-content\/uploads\/2023\/08\/Pickleball-Paddle-Eraser.jpg'><img width=\"800\" height=\"800\" src=\"https:\/\/dinkpickleball.com\/wp-content\/uploads\/2023\/08\/Pickleball-Paddle-Eraser.jpg\" alt=\"Pickleball Paddel Radiergummi\" decoding=\"async\" aria-describedby=\"gallery-1-15090\" loading=\"lazy\" srcset=\"https:\/\/dinkpickleball.com\/wp-content\/uploads\/2023\/08\/Pickleball-Paddle-Eraser.jpg 800w, https:\/\/dinkpickleball.com\/wp-content\/uploads\/2023\/08\/Pickleball-Paddle-Eraser-300x300.jpg 300w, https:\/\/dinkpickleball.com\/wp-content\/uploads\/2023\/08\/Pickleball-Paddle-Eraser-150x150.jpg 150w, https:\/\/dinkpickleball.com\/wp-content\/uploads\/2023\/08\/Pickleball-Paddle-Eraser-768x768.jpg 768w, https:\/\/dinkpickleball.com\/wp-content\/uploads\/2023\/08\/Pickleball-Paddle-Eraser-600x600.jpg 600w, https:\/\/dinkpickleball.com\/wp-content\/uploads\/2023\/08\/Pickleball-Paddle-Eraser-100x100.jpg 100w\" sizes=\"auto, (max-width: 800px) 100vw, 800px\" \/><\/a><figcaption class='wp-caption-text gallery-caption' id='gallery-1-15090'>\n\t\t\t\tPickleball Paddel Radiergummi<br \/>\n\t\t\t\t<\/figcaption><\/figure>\n<figure class='gallery-item'>\n\t\t\t\t<a  title=\"Pickleball Paddle Eraser Gro\u00dfhandel\"  href='https:\/\/dinkpickleball.com\/wp-content\/uploads\/2023\/08\/Pickleball-Paddle-Eraser-wholesale.jpg'><img width=\"800\" height=\"800\" src=\"https:\/\/dinkpickleball.com\/wp-content\/uploads\/2023\/08\/Pickleball-Paddle-Eraser-wholesale.jpg\" alt=\"Pickleball Paddle Eraser Gro\u00dfhandel\" decoding=\"async\" aria-describedby=\"gallery-1-15089\" loading=\"lazy\" srcset=\"https:\/\/dinkpickleball.com\/wp-content\/uploads\/2023\/08\/Pickleball-Paddle-Eraser-wholesale.jpg 800w, https:\/\/dinkpickleball.com\/wp-content\/uploads\/2023\/08\/Pickleball-Paddle-Eraser-wholesale-300x300.jpg 300w, https:\/\/dinkpickleball.com\/wp-content\/uploads\/2023\/08\/Pickleball-Paddle-Eraser-wholesale-150x150.jpg 150w, https:\/\/dinkpickleball.com\/wp-content\/uploads\/2023\/08\/Pickleball-Paddle-Eraser-wholesale-768x768.jpg 768w, https:\/\/dinkpickleball.com\/wp-content\/uploads\/2023\/08\/Pickleball-Paddle-Eraser-wholesale-600x600.jpg 600w, https:\/\/dinkpickleball.com\/wp-content\/uploads\/2023\/08\/Pickleball-Paddle-Eraser-wholesale-100x100.jpg 100w\" sizes=\"auto, (max-width: 800px) 100vw, 800px\" \/><\/a><figcaption class='wp-caption-text gallery-caption' id='gallery-1-15089'>\n\t\t\t\tPickleball Paddle Eraser Gro\u00dfhandel<br \/>\n\t\t\t\t<\/figcaption><\/figure>\n<figure class='gallery-item'>\n\t\t\t\t<a  title=\"Pickleball Paddle Eraser lose\"  href='https:\/\/dinkpickleball.com\/wp-content\/uploads\/2023\/08\/Pickleball-Paddle-Eraser-bulk.jpg'><img width=\"800\" height=\"800\" src=\"https:\/\/dinkpickleball.com\/wp-content\/uploads\/2023\/08\/Pickleball-Paddle-Eraser-bulk.jpg\" alt=\"Pickleball Paddle Eraser lose\" decoding=\"async\" aria-describedby=\"gallery-1-15088\" loading=\"lazy\" srcset=\"https:\/\/dinkpickleball.com\/wp-content\/uploads\/2023\/08\/Pickleball-Paddle-Eraser-bulk.jpg 800w, https:\/\/dinkpickleball.com\/wp-content\/uploads\/2023\/08\/Pickleball-Paddle-Eraser-bulk-300x300.jpg 300w, https:\/\/dinkpickleball.com\/wp-content\/uploads\/2023\/08\/Pickleball-Paddle-Eraser-bulk-150x150.jpg 150w, https:\/\/dinkpickleball.com\/wp-content\/uploads\/2023\/08\/Pickleball-Paddle-Eraser-bulk-768x768.jpg 768w, https:\/\/dinkpickleball.com\/wp-content\/uploads\/2023\/08\/Pickleball-Paddle-Eraser-bulk-600x600.jpg 600w, https:\/\/dinkpickleball.com\/wp-content\/uploads\/2023\/08\/Pickleball-Paddle-Eraser-bulk-100x100.jpg 100w\" sizes=\"auto, (max-width: 800px) 100vw, 800px\" \/><\/a><figcaption class='wp-caption-text gallery-caption' id='gallery-1-15088'>\n\t\t\t\tPickleball Paddle Eraser lose<br \/>\n\t\t\t\t<\/figcaption><\/figure>\n<figure class='gallery-item'>\n\t\t\t\t<a  title=\"Pickleball Paddle Eraser Fabrik\"  href='https:\/\/dinkpickleball.com\/wp-content\/uploads\/2023\/08\/Pickleball-Paddle-Eraser-factory.jpg'><img width=\"1024\" height=\"990\" src=\"https:\/\/dinkpickleball.com\/wp-content\/uploads\/2023\/08\/Pickleball-Paddle-Eraser-factory.jpg\" alt=\"Pickleball Paddle Eraser Fabrik\" decoding=\"async\" aria-describedby=\"gallery-1-15087\" loading=\"lazy\" srcset=\"https:\/\/dinkpickleball.com\/wp-content\/uploads\/2023\/08\/Pickleball-Paddle-Eraser-factory.jpg 1024w, https:\/\/dinkpickleball.com\/wp-content\/uploads\/2023\/08\/Pickleball-Paddle-Eraser-factory-300x290.jpg 300w, https:\/\/dinkpickleball.com\/wp-content\/uploads\/2023\/08\/Pickleball-Paddle-Eraser-factory-768x743.jpg 768w, https:\/\/dinkpickleball.com\/wp-content\/uploads\/2023\/08\/Pickleball-Paddle-Eraser-factory-600x580.jpg 600w\" sizes=\"auto, (max-width: 1024px) 100vw, 1024px\" \/><\/a><figcaption class='wp-caption-text gallery-caption' id='gallery-1-15087'>\n\t\t\t\tPickleball Paddle Eraser Fabrik<br \/>\n\t\t\t\t<\/figcaption><\/figure>\n<figure class='gallery-item'>\n\t\t\t\t<a  title=\"Pickleball Paddle Eraser Unternehmen\"  href='https:\/\/dinkpickleball.com\/wp-content\/uploads\/2023\/08\/Pickleball-Paddle-Eraser-company.jpeg'><img width=\"800\" height=\"800\" src=\"https:\/\/dinkpickleball.com\/wp-content\/uploads\/2023\/08\/Pickleball-Paddle-Eraser-company.jpeg\" alt=\"Pickleball Paddle Eraser Unternehmen\" decoding=\"async\" aria-describedby=\"gallery-1-15086\" loading=\"lazy\" srcset=\"https:\/\/dinkpickleball.com\/wp-content\/uploads\/2023\/08\/Pickleball-Paddle-Eraser-company.jpeg 800w, https:\/\/dinkpickleball.com\/wp-content\/uploads\/2023\/08\/Pickleball-Paddle-Eraser-company-300x300.jpeg 300w, https:\/\/dinkpickleball.com\/wp-content\/uploads\/2023\/08\/Pickleball-Paddle-Eraser-company-150x150.jpeg 150w, https:\/\/dinkpickleball.com\/wp-content\/uploads\/2023\/08\/Pickleball-Paddle-Eraser-company-768x768.jpeg 768w, https:\/\/dinkpickleball.com\/wp-content\/uploads\/2023\/08\/Pickleball-Paddle-Eraser-company-600x600.jpeg 600w, https:\/\/dinkpickleball.com\/wp-content\/uploads\/2023\/08\/Pickleball-Paddle-Eraser-company-100x100.jpeg 100w\" sizes=\"auto, (max-width: 800px) 100vw, 800px\" \/><\/a><figcaption class='wp-caption-text gallery-caption' id='gallery-1-15086'>\n\t\t\t\tPickleball Paddle Eraser Unternehmen<br \/>\n\t\t\t\t<\/figcaption><\/figure>\n<figure class='gallery-item'>\n\t\t\t\t<a  title=\"Pickleball Paddle Eraser Marke\"  href='https:\/\/dinkpickleball.com\/wp-content\/uploads\/2023\/08\/Pickleball-Paddle-Eraser-brand.jpg'><img width=\"800\" height=\"800\" src=\"https:\/\/dinkpickleball.com\/wp-content\/uploads\/2023\/08\/Pickleball-Paddle-Eraser-brand.jpg\" alt=\"Pickleball Paddle Eraser Marke\" decoding=\"async\" aria-describedby=\"gallery-1-15085\" loading=\"lazy\" srcset=\"https:\/\/dinkpickleball.com\/wp-content\/uploads\/2023\/08\/Pickleball-Paddle-Eraser-brand.jpg 800w, https:\/\/dinkpickleball.com\/wp-content\/uploads\/2023\/08\/Pickleball-Paddle-Eraser-brand-300x300.jpg 300w, https:\/\/dinkpickleball.com\/wp-content\/uploads\/2023\/08\/Pickleball-Paddle-Eraser-brand-150x150.jpg 150w, https:\/\/dinkpickleball.com\/wp-content\/uploads\/2023\/08\/Pickleball-Paddle-Eraser-brand-768x768.jpg 768w, https:\/\/dinkpickleball.com\/wp-content\/uploads\/2023\/08\/Pickleball-Paddle-Eraser-brand-600x600.jpg 600w, https:\/\/dinkpickleball.com\/wp-content\/uploads\/2023\/08\/Pickleball-Paddle-Eraser-brand-100x100.jpg 100w\" sizes=\"auto, (max-width: 800px) 100vw, 800px\" \/><\/a><figcaption class='wp-caption-text gallery-caption' id='gallery-1-15085'>\n\t\t\t\tPickleball Paddle Eraser Marke<br \/>\n\t\t\t\t<\/figcaption><\/figure>\n<h2>Saubere Pr\u00e4zision, Spitzenleistung<\/h2>\n<p>\u00a0Unser Radiergummi wurde speziell f\u00fcr Pickleball-Schl\u00e4ger aus Kohlefaser entwickelt. Er sorgt nicht nur f\u00fcr Sauberkeit, sondern bewahrt auch die angeborenen Spineigenschaften und die \u00c4sthetik des Schl\u00e4gers. Es geht nicht nur um die Reinigung, sondern auch darum, den Wert des Paddels zu erhalten.<\/p>\n<p>https:\/\/www.youtube.com\/watch?v=SZ23rUQuJLA\t\t<\/p>\n<h3>\n\t\t\t\t\t\tOptimale Leistung Wartung<br \/>\n\t\t\t\t<\/h3>\n<p>\n\t\t\t\t\t\t Unser Pickleball Paddle Eraser sorgt f\u00fcr eine einfache Reinigung, indem er eine spezielle Gummimischung verwendet, die m\u00fchelos Ballr\u00fcckst\u00e4nde, Schmutz und kleinere Kratzer entfernt. Dies verj\u00fcngt das Aussehen des Paddels, so dass es nach jeder Reinigung brandneu aussieht.\n\t\t\t\t\t<\/p>\n<h3>\n\t\t\t\t\t\tImmer in greifbarer N\u00e4he<br \/>\n\t\t\t\t<\/h3>\n<p>\n\t\t\t\t\t\tDank seines tragbaren Designs kann der Dinkpickleball Paddle Eraser einfach in jede Pickleball-Tasche gesteckt werden, so dass die Paddelpflege jederzeit und \u00fcberall durchgef\u00fchrt werden kann - egal, ob Sie gerade mitten im Spiel sind oder ein Turnier abschlie\u00dfen.\t\t\t\t\t<\/p>\n<h3>\n\t\t\t\t\t\tPaddle's Spin bewahren<br \/>\n\t\t\t\t<\/h3>\n<p>\n\t\t\t\t\t\tEines der ersten Dinge, die sich bei einem Paddel verschlechtern, ist sein Spin, haupts\u00e4chlich aufgrund der Ansammlung kleiner Kugelfasern. Unser Paddle Eraser behebt dieses Problem effektiv mit seiner Funktion der Spin Retention, die sicherstellt, dass Ihr Paddel seine Spin-Kapazit\u00e4t im Laufe der Zeit beibeh\u00e4lt.\t\t\t\t\t<\/p>\n<h3>\n\t\t\t\t\t\tWissenschaftliche Validierung<br \/>\n\t\t\t\t<\/h3>\n<p>\n\t\t\t\t\t\tWir glauben an den Beweis. Mit der Validierung durch Mikroskopie haben unsere Tests eine greifbare Verbesserung der Paddelsauberkeit und die Beibehaltung der Schleuderf\u00e4higkeit nach dem Gebrauch gezeigt. Ihr Kauf basiert nicht nur auf unserem Wort, sondern ist wissenschaftlich untermauert.\t\t\t\t\t<\/p>\n<h3>\n\t\t\t\t\t\tUmweltbewusste Wahl<br \/>\n\t\t\t\t<\/h3>\n<p>\n\t\t\t\t\t\tIn einer Zeit des wachsenden Umweltbewusstseins zeichnet sich unser Paddle Eraser dadurch aus, dass er aus umweltfreundlichen Materialien hergestellt wird. Wir glauben daran, dass wir erstklassige Leistung liefern, ohne das Wohl unseres Planeten zu gef\u00e4hrden.\t\t\t\t\t<\/p>\n<h3>\n\t\t\t\t\t\tKosteneffiziente Wartung<br \/>\n\t\t\t\t<\/h3>\n<p>\n\t\t\t\t\t\tMit unserem Paddle Eraser m\u00fcssen Sie nicht st\u00e4ndig neues Reinigungsmaterial kaufen. Er ist wiederverwendbar und bietet eine gleichbleibende Leistung \u00fcber zahlreiche Reinigungszyklen hinweg, was sowohl ein gutes Preis-Leistungs-Verh\u00e4ltnis als auch weniger Abfall gew\u00e4hrleistet.\t\t\t\t\t<\/p>\n<figure><img decoding=\"async\" src=\"https:\/\/dinkpickleball.com\/wp-content\/uploads\/2022\/06\/onix.png\" alt=\"onix\" \/><\/figure>\n<figure><img decoding=\"async\" src=\"https:\/\/dinkpickleball.com\/wp-content\/uploads\/2022\/06\/Diadem-logo.png\" alt=\"Diadem-Logo\" \/><\/figure>\n<figure><img decoding=\"async\" src=\"https:\/\/dinkpickleball.com\/wp-content\/uploads\/2022\/06\/Gamma.png\" alt=\"Gamma\" \/><\/figure>\n<figure><img decoding=\"async\" src=\"https:\/\/dinkpickleball.com\/wp-content\/uploads\/2022\/06\/Paddletek.png\" alt=\"Paddletek\" \/><\/figure>\n<figure><img decoding=\"async\" src=\"https:\/\/dinkpickleball.com\/wp-content\/uploads\/2023\/04\/RECESS-logo.png\" alt=\"RECESS-Logo\" \/><\/figure>\n<figure><img decoding=\"async\" src=\"https:\/\/dinkpickleball.com\/wp-content\/uploads\/2023\/04\/CRBN-logo.png\" alt=\"CRBN-Logo\" \/><\/figure>\n<figure><img decoding=\"async\" src=\"https:\/\/dinkpickleball.com\/wp-content\/uploads\/2023\/04\/STIGA-logo.png\" alt=\"STIGA-Logo\" \/><\/figure>\n<figure><img decoding=\"async\" src=\"https:\/\/dinkpickleball.com\/wp-content\/uploads\/2022\/06\/niupipo.png\" alt=\"niupipo\" \/><\/figure>\n<h2>Ihr ultimativer Partner auf dem globalen Pickleball-Markt<\/h2>\n<p>In der gesch\u00e4ftigen Welt des Pickleball-Zubeh\u00f6rs verlieren sich die Unternehmen oft in der Masse der Gattungsprodukte. Aber was w\u00e4re, wenn es einen Namen g\u00e4be, der sich von anderen abhebt? Hier ist Dinkpickleball - wo Innovation auf Tradition trifft.<\/p>\n<p>\t\t\t\t\t\t\t\t\t\t\t\t<img decoding=\"async\" src=\"https:\/\/dinkpickleball.com\/wp-content\/uploads\/2023\/04\/Proven-Track-Record.jpg\" title=\"Nachgewiesene Erfolgsbilanz\" alt=\"Nachgewiesene Erfolgsbilanz\" loading=\"lazy\" \/>\t\t\t\t\t\t\t\t\t\t\t\t\t\t<\/p>\n<h3>Ma\u00dfgeschneidert f\u00fcr Ihre Bed\u00fcrfnisse<\/h3>\n<p>Der B2B-Markt lebt von der Individualisierung. Es geht nicht nur darum, ein Produkt zu haben; es geht darum, IHR Produkt zu haben. Dinkpickleball setzt dies mit unserem Custom Pickleball Paddle Eraser um, der speziell f\u00fcr die Identit\u00e4t Ihrer Marke und die W\u00fcnsche Ihrer Kunden entwickelt wurde.<\/p>\n<p>\t\t\t<a role=\"button\"><br \/>\n\t\t\t\t\t\tSofortiges Angebot anfordern<br \/>\n\t\t\t\t\t<\/a><br \/>\n\t\t\t\t\t\t\t\t\t\t\t\t<img decoding=\"async\" src=\"https:\/\/dinkpickleball.com\/wp-content\/uploads\/2023\/04\/Premium-Quality-Products.jpg\" title=\"Produkte von h\u00f6chster Qualit\u00e4t\" alt=\"Produkte von h\u00f6chster Qualit\u00e4t\" loading=\"lazy\" \/>\t\t\t\t\t\t\t\t\t\t\t\t\t\t<\/p>\n<h3>Unersch\u00fctterliche Qualit\u00e4tsverpflichtung<\/h3>\n<p>Wir alle kennen die Geschichten - Unternehmen, die mit auff\u00e4lligen Versprechungen locken und dann durch minderwertige Qualit\u00e4t entt\u00e4uscht werden. Dinkpickleball kehrt die Erz\u00e4hlung um. Mit unserem unersch\u00fctterlichen Engagement f\u00fcr Qualit\u00e4t erf\u00fcllen wir nicht nur die Erwartungen, wir \u00fcbertreffen sie.<\/p>\n<p>\t\t\t<a role=\"button\"><br \/>\n\t\t\t\t\t\tSofortiges Angebot anfordern<br \/>\n\t\t\t\t\t<\/a><br \/>\n\t\t\t\t\t\t\t\t\t\t\t\t<img decoding=\"async\" src=\"https:\/\/dinkpickleball.com\/wp-content\/uploads\/2023\/04\/Adaptability-and-Responsiveness-to-Market.jpeg\" title=\"Anpassungsf\u00e4higkeit und Reaktionsf\u00e4higkeit auf den Markt\" alt=\"Anpassungsf\u00e4higkeit und Reaktionsf\u00e4higkeit auf den Markt\" loading=\"lazy\" \/>\t\t\t\t\t\t\t\t\t\t\t\t\t\t<\/p>\n<h3>Anbieter ganzheitlicher L\u00f6sungen<\/h3>\n<p>Die Welt des Pickleballs ist riesig, und so sind auch die Bed\u00fcrfnisse der Unternehmen. Mit Dinkpickleball erhalten Sie nicht nur ein Produkt, sondern eine ganzheitliche L\u00f6sung. Vom anf\u00e4nglichen Design bis hin zur endg\u00fcltigen Lieferung, unsere End-to-End-L\u00f6sungen stellen sicher, dass Sie bei jedem Schritt des Weges abgedeckt sind.<\/p>\n<p>\t\t\t<a role=\"button\"><br \/>\n\t\t\t\t\t\tSofortiges Angebot anfordern<br \/>\n\t\t\t\t\t<\/a><br \/>\n\t\t\t\t\t\t\t\t\t\t\t\t<img decoding=\"async\" src=\"https:\/\/dinkpickleball.com\/wp-content\/uploads\/2023\/04\/Collaborative-Approach-.jpeg\" title=\"Kollaborativer Ansatz\" alt=\"Kollaborativer Ansatz\" loading=\"lazy\" \/>\t\t\t\t\t\t\t\t\t\t\t\t\t\t<\/p>\n<h3>Eine Partnerschaft, nicht nur ein Kauf<\/h3>\n<p>Jedes Unternehmen sucht mehr als nur einen Lieferanten; es sucht einen Partner. Das Ethos von Dinkpickleball ist in der Partnerschaft verwurzelt. Wir liefern nicht nur, wir arbeiten zusammen und stellen sicher, dass jedes Produkt mit der Stimme und Vision Ihrer Marke \u00fcbereinstimmt.<\/p>\n<p>\t\t\t<a role=\"button\"><br \/>\n\t\t\t\t\t\tSofortiges Angebot anfordern<br \/>\n\t\t\t\t\t<\/a><\/p>\n<h2>FAQ<\/h2>\n<p>Sie haben bestimmte Bedenken, wenn Sie Produkte kaufen, vor allem in gro\u00dfen Mengen. Sie suchen oft nach Qualit\u00e4tssicherung, Kosteneffizienz und effizienter Lieferung, hier sind einige h\u00e4ufig gestellte Fragen (FAQs), die sie haben k\u00f6nnten, wenn sie den Kauf Pickleball Paddle Eraser in Betracht ziehen.<\/p>\n<p>                        <a href=\"#collapse-a767ad6650c4ffe523eb\" data-ekit-toggle=\"collapse\" data-target=\"#Collapse-a767ad6650c4ffe523eb\" aria-expanded=\"true\" aria-controls=\"Collapse-a767ad6650c4ffe523eb\"><br \/>\n                            Aus welchem Material ist der Dinkpickleball Paddle Eraser haupts\u00e4chlich hergestellt?<br \/>\n                                        <!-- Normal Icon --><br \/>\n                                        <!-- Active Icon --><br \/>\n                                                    <\/a><\/p>\n<p>Der Dinkpickleball Paddle Eraser wird aus einer speziellen Mischung aus umweltfreundlichem Gummi hergestellt, die Ballr\u00fcckst\u00e4nde, Schmutz und kleinere Kratzer ohne Chemikalien entfernt.<\/p>\n<p>                <!-- .elementskit-card END --><br \/>\n                        <a href=\"#collapse-bc22830650c4ffe523eb\" data-ekit-toggle=\"collapse\" data-target=\"#Collapse-bc22830650c4ffe523eb\" aria-expanded=\"false\" aria-controls=\"Collapse-bc22830650c4ffe523eb\"><br \/>\n                            Wie unterscheidet sich der Paddle Eraser von anderen Reinigungsprodukten auf dem Markt?<br \/>\n                                        <!-- Normal Icon --><br \/>\n                                        <!-- Active Icon --><br \/>\n                                                    <\/a><\/p>\n<p>Unser Paddle Eraser ist speziell f\u00fcr Pickleball-Paddel aus Kohlefaser entwickelt worden. Er reinigt nicht nur das Paddel, sondern bewahrt auch seine Spineigenschaften und \u00c4sthetik. Au\u00dferdem unterscheidet er sich durch seine umweltfreundliche und wiederverwendbare Beschaffenheit von anderen herk\u00f6mmlichen Reinigungsprodukten.<\/p>\n<p>                <!-- .elementskit-card END --><br \/>\n                        <a href=\"#collapse-8417e71650c4ffe523eb\" data-ekit-toggle=\"collapse\" data-target=\"#Collapse-8417e71650c4ffe523eb\" aria-expanded=\"false\" aria-controls=\"Collapse-8417e71650c4ffe523eb\"><br \/>\n                             Kann der Paddle Eraser individuell an unsere Markenidentit\u00e4t angepasst werden?<br \/>\n                                        <!-- Normal Icon --><br \/>\n                                        <!-- Active Icon --><br \/>\n                                                    <\/a><\/p>\n<p>Unbedingt! Dinkpickleball kennt die einzigartigen Bed\u00fcrfnisse von B2B-Kunden und bietet Anpassungsm\u00f6glichkeiten f\u00fcr Gro\u00dfbestellungen, um die Identit\u00e4t und die Anforderungen Ihrer Marke zu erf\u00fcllen.<\/p>\n<p>                <!-- .elementskit-card END --><br \/>\n                        <a href=\"#collapse-3dad4e0650c4ffe523eb\" data-ekit-toggle=\"collapse\" data-target=\"#Collapse-3dad4e0650c4ffe523eb\" aria-expanded=\"false\" aria-controls=\"Collapse-3dad4e0650c4ffe523eb\"><br \/>\n                            Wie gew\u00e4hrleistet der Paddle Eraser die Beibehaltung des Paddelspins?<br \/>\n                                        <!-- Normal Icon --><br \/>\n                                        <!-- Active Icon --><br \/>\n                                                    <\/a><\/p>\n<p>Der Paddle Eraser wurde entwickelt, um die Ansammlung kleiner Kugelfasern zu verhindern, die den Spin des Paddels mit der Zeit beeintr\u00e4chtigen k\u00f6nnen. Durch die effektive Entfernung dieser Fasern und R\u00fcckst\u00e4nde bleiben die Spineigenschaften des Paddels erhalten.<\/p>\n<p>                <!-- .elementskit-card END --><br \/>\n                        <a href=\"#collapse-17fe5a5650c4ffe523eb\" data-ekit-toggle=\"collapse\" data-target=\"#Collapse-17fe5a5650c4ffe523eb\" aria-expanded=\"false\" aria-controls=\"Collapse-17fe5a5650c4ffe523eb\"><br \/>\n                            Gibt es eine wissenschaftliche Best\u00e4tigung f\u00fcr die Wirksamkeit des Paddle Eraser&amp;#039?<br \/>\n                                        <!-- Normal Icon --><br \/>\n                                        <!-- Active Icon --><br \/>\n                                                    <\/a><\/p>\n<p>Ja, die Wirksamkeit unseres Produkts wurde durch eine mikroskopische Analyse best\u00e4tigt, die eine sp\u00fcrbare Verbesserung der Paddelsauberkeit und der Spin-Retention nach der Anwendung zeigt.<\/p>\n<p>                <!-- .elementskit-card END --><\/p>","protected":false},"excerpt":{"rendered":"<p>Pickleball Paddle Eraser Tailored to Impress, Designed to Last: Equip your business with the ultimate paddle care solution. Optimal cleanliness, every single time. Your business deserves more than generic. Choose Dinkpickleball&#8217;s Custom Paddle Eraser \u2013 where your brand shines with every swipe. Get Quick Quote Precision Clean, Peak Performance Transform your pickleball offerings with erasers [&hellip;]<\/p>\n","protected":false},"author":1,"featured_media":0,"parent":0,"menu_order":0,"comment_status":"closed","ping_status":"closed","template":"","meta":{"_seopress_robots_primary_cat":"","_seopress_titles_title":"Custom Pickleball Paddle Eraser","_seopress_titles_desc":"Tailored to Impress, Designed to Last: Equip your business with the ultimate paddle care solution. Choose Dinkpickleball\u2019s Custom Paddle Eraser \u2013 Your business deserves more than generic. ","_seopress_robots_index":"","footnotes":""},"class_list":["post-15081","page","type-page","status-publish","hentry"],"meta_box":[],"_links":{"self":[{"href":"https:\/\/dinkpickleball.com\/de\/wp-json\/wp\/v2\/pages\/15081","targetHints":{"allow":["GET"]}}],"collection":[{"href":"https:\/\/dinkpickleball.com\/de\/wp-json\/wp\/v2\/pages"}],"about":[{"href":"https:\/\/dinkpickleball.com\/de\/wp-json\/wp\/v2\/types\/page"}],"author":[{"embeddable":true,"href":"https:\/\/dinkpickleball.com\/de\/wp-json\/wp\/v2\/users\/1"}],"replies":[{"embeddable":true,"href":"https:\/\/dinkpickleball.com\/de\/wp-json\/wp\/v2\/comments?post=15081"}],"version-history":[{"count":11,"href":"https:\/\/dinkpickleball.com\/de\/wp-json\/wp\/v2\/pages\/15081\/revisions"}],"predecessor-version":[{"id":15901,"href":"https:\/\/dinkpickleball.com\/de\/wp-json\/wp\/v2\/pages\/15081\/revisions\/15901"}],"wp:attachment":[{"href":"https:\/\/dinkpickleball.com\/de\/wp-json\/wp\/v2\/media?parent=15081"}],"curies":[{"name":"wp","href":"https:\/\/api.w.org\/{rel}","templated":true}]}}