{"id":15000,"date":"2023-07-31T07:15:03","date_gmt":"2023-07-30T23:15:03","guid":{"rendered":"https:\/\/dinkpickleball.com\/?page_id=15000"},"modified":"2025-01-20T14:34:26","modified_gmt":"2025-01-20T06:34:26","slug":"pickleball-bands","status":"publish","type":"page","link":"https:\/\/dinkpickleball.com\/de\/pickleball-bands\/","title":{"rendered":"Pickleball-B\u00e4nder"},"content":{"rendered":"<h1>Individuelle Pickleball-B\u00e4nder<\/h1>\n<p><strong>Suchen Sie nach einer einzigartigen Gelegenheit zur Markenbildung im Sportbereich?<\/strong> Mit den individuellen Pickleball-B\u00e4ndern von DinkPickleball k\u00f6nnen Sie Ihr Logo, Ihren Text oder Ihr Design in einen integralen Bestandteil jedes Spiels verwandeln. Lassen Sie Ihre Marke mit jedem Schwung gesehen werden!<\/p>\n<p>\t\t\t<a role=\"button\"><br \/>\n\t\t\t\t\t\tSchnelles Angebot einholen<br \/>\n\t\t\t\t\t<\/a><br \/>\n\t\t\t\t\t\t\t\t\t\t\t\t<img decoding=\"async\" width=\"900\" height=\"900\" src=\"https:\/\/dinkpickleball.com\/wp-content\/uploads\/2023\/07\/Custom-Pickleball-Bands.png\" alt=\"Individuelle Pickleball-B\u00e4nder\" loading=\"lazy\" srcset=\"https:\/\/dinkpickleball.com\/wp-content\/uploads\/2023\/07\/Custom-Pickleball-Bands.png 900w, https:\/\/dinkpickleball.com\/wp-content\/uploads\/2023\/07\/Custom-Pickleball-Bands-300x300.png 300w, https:\/\/dinkpickleball.com\/wp-content\/uploads\/2023\/07\/Custom-Pickleball-Bands-150x150.png 150w, https:\/\/dinkpickleball.com\/wp-content\/uploads\/2023\/07\/Custom-Pickleball-Bands-768x768.png 768w, https:\/\/dinkpickleball.com\/wp-content\/uploads\/2023\/07\/Custom-Pickleball-Bands-600x600.png 600w, https:\/\/dinkpickleball.com\/wp-content\/uploads\/2023\/07\/Custom-Pickleball-Bands-100x100.png 100w\" sizes=\"auto, (max-width: 900px) 100vw, 900px\" \/>\t\t\t\t\t\t\t\t\t\t\t\t\t\t<\/p>\n<h2>Mit jedem Schwung ein Zeichen setzen<\/h2>\n<p>Steigern Sie die Sichtbarkeit Ihrer Marke mit unseren individuell gestaltbaren Pickleball-B\u00e4ndern. Mit DinkPickleball kann Ihr Logo, Text oder Design zu einem unvergesslichen Teil des Spiels werden.<\/p>\n<figure class='gallery-item'>\n\t\t\t\t<a  title=\"dinkpickleball\"  href='https:\/\/dinkpickleball.com\/wp-content\/uploads\/2023\/07\/dinkpickleball.jpg'><img width=\"930\" height=\"930\" src=\"https:\/\/dinkpickleball.com\/wp-content\/uploads\/2023\/07\/dinkpickleball.jpg\" alt=\"dinkpickleball\" decoding=\"async\" aria-describedby=\"gallery-1-15048\" loading=\"lazy\" srcset=\"https:\/\/dinkpickleball.com\/wp-content\/uploads\/2023\/07\/dinkpickleball.jpg 930w, https:\/\/dinkpickleball.com\/wp-content\/uploads\/2023\/07\/dinkpickleball-300x300.jpg 300w, https:\/\/dinkpickleball.com\/wp-content\/uploads\/2023\/07\/dinkpickleball-150x150.jpg 150w, https:\/\/dinkpickleball.com\/wp-content\/uploads\/2023\/07\/dinkpickleball-768x768.jpg 768w, https:\/\/dinkpickleball.com\/wp-content\/uploads\/2023\/07\/dinkpickleball-600x600.jpg 600w, https:\/\/dinkpickleball.com\/wp-content\/uploads\/2023\/07\/dinkpickleball-100x100.jpg 100w\" sizes=\"auto, (max-width: 930px) 100vw, 930px\" \/><\/a><figcaption class='wp-caption-text gallery-caption' id='gallery-1-15048'>\n\t\t\t\tdinkpickleball<br \/>\n\t\t\t\t<\/figcaption><\/figure>\n<figure class='gallery-item'>\n\t\t\t\t<a  title=\"Pickleball-Schl\u00e4gerb\u00e4nder\"  href='https:\/\/dinkpickleball.com\/wp-content\/uploads\/2023\/07\/pickleball-paddle-bands.jpg'><img width=\"930\" height=\"930\" src=\"https:\/\/dinkpickleball.com\/wp-content\/uploads\/2023\/07\/pickleball-paddle-bands.jpg\" alt=\"Pickleball-Schl\u00e4gerb\u00e4nder\" decoding=\"async\" aria-describedby=\"gallery-1-15050\" loading=\"lazy\" srcset=\"https:\/\/dinkpickleball.com\/wp-content\/uploads\/2023\/07\/pickleball-paddle-bands.jpg 930w, https:\/\/dinkpickleball.com\/wp-content\/uploads\/2023\/07\/pickleball-paddle-bands-300x300.jpg 300w, https:\/\/dinkpickleball.com\/wp-content\/uploads\/2023\/07\/pickleball-paddle-bands-150x150.jpg 150w, https:\/\/dinkpickleball.com\/wp-content\/uploads\/2023\/07\/pickleball-paddle-bands-768x768.jpg 768w, https:\/\/dinkpickleball.com\/wp-content\/uploads\/2023\/07\/pickleball-paddle-bands-600x600.jpg 600w, https:\/\/dinkpickleball.com\/wp-content\/uploads\/2023\/07\/pickleball-paddle-bands-100x100.jpg 100w\" sizes=\"auto, (max-width: 930px) 100vw, 930px\" \/><\/a><figcaption class='wp-caption-text gallery-caption' id='gallery-1-15050'>\n\t\t\t\tPickleball-Schl\u00e4gerb\u00e4nder<br \/>\n\t\t\t\t<\/figcaption><\/figure>\n<figure class='gallery-item'>\n\t\t\t\t<a  title=\"Pickleball-B\u00e4nder\"  href='https:\/\/dinkpickleball.com\/wp-content\/uploads\/2023\/07\/pickleball-bands.jpg'><img width=\"930\" height=\"930\" src=\"https:\/\/dinkpickleball.com\/wp-content\/uploads\/2023\/07\/pickleball-bands.jpg\" alt=\"Pickleball-B\u00e4nder\" decoding=\"async\" aria-describedby=\"gallery-1-15049\" loading=\"lazy\" srcset=\"https:\/\/dinkpickleball.com\/wp-content\/uploads\/2023\/07\/pickleball-bands.jpg 930w, https:\/\/dinkpickleball.com\/wp-content\/uploads\/2023\/07\/pickleball-bands-300x300.jpg 300w, https:\/\/dinkpickleball.com\/wp-content\/uploads\/2023\/07\/pickleball-bands-150x150.jpg 150w, https:\/\/dinkpickleball.com\/wp-content\/uploads\/2023\/07\/pickleball-bands-768x768.jpg 768w, https:\/\/dinkpickleball.com\/wp-content\/uploads\/2023\/07\/pickleball-bands-600x600.jpg 600w, https:\/\/dinkpickleball.com\/wp-content\/uploads\/2023\/07\/pickleball-bands-100x100.jpg 100w\" sizes=\"auto, (max-width: 930px) 100vw, 930px\" \/><\/a><figcaption class='wp-caption-text gallery-caption' id='gallery-1-15049'>\n\t\t\t\tPickleball-B\u00e4nder<br \/>\n\t\t\t\t<\/figcaption><\/figure>\n<h2>Erh\u00f6hen Sie Ihr Unternehmen zu neuen H\u00f6hen<\/h2>\n<p>Wir freuen uns darauf, Sie dabei zu unterst\u00fctzen, Ihren Kunden ein unvergessliches Erlebnis zu bieten. die beste Wahl f\u00fcr Sportartikelh\u00e4ndler, Werbeartikelhersteller, Firmenkunden und Personalisierungsdienste.<\/p>\n<h3>\n\t\t\t\t\t\tUniverselle Passform<br \/>\n\t\t\t\t<\/h3>\n<p>\n\t\t\t\t\t\tEine Gr\u00f6\u00dfe passt f\u00fcr alle! Unsere B\u00e4nder sind so konzipiert, dass sie zu jedem Pickleball-Schl\u00e4ger passen, was sie zu einer vielseitigen Wahl f\u00fcr eine breite Palette von Ger\u00e4ten macht.\n\t\t\t\t\t<\/p>\n<h3>\n\t\t\t\t\t\tSichtbarkeit der Marke<br \/>\n\t\t\t\t<\/h3>\n<p>\n\t\t\t\t\t\tVerst\u00e4rken Sie Ihre Markenpr\u00e4senz bei jedem Spiel! Mit unseren individuellen B\u00e4ndern k\u00f6nnen Sie Ihr Logo, Ihren Text oder ein beliebiges Design hinzuf\u00fcgen und so jedes Paddel in eine wandelnde Werbetafel f\u00fcr Ihre Marke verwandeln.\t\t\t\t\t<\/p>\n<h3>\n\t\t\t\t\t\tEinfach zu installieren<br \/>\n\t\t\t\t<\/h3>\n<p>\n\t\t\t\t\t\tUnsere Pickleball-Schl\u00e4gergriffb\u00e4nder sind besonders dehnbar und lassen sich leicht anbringen, wodurch Sie Zeit und M\u00fche sparen.\t\t\t\t\t<\/p>\n<h3>\n\t\t\t\t\t\tUnerreichte Langlebigkeit<br \/>\n\t\t\t\t<\/h3>\n<p>\n\t\t\t\t\t\tDinkPickleball bietet mit seinen personalisierten Pickleball-Griffb\u00e4ndern eine spielver\u00e4ndernde Haltbarkeit. Unsere B\u00e4nder sind f\u00fcr harte Spiele gemacht und sorgen f\u00fcr eine l\u00e4ngere Lebensdauer deiner Schl\u00e4ger.\t\t\t\t\t<\/p>\n<h3>\n\t\t\t\t\t\tMa\u00dfgeschneiderte \u00c4sthetik<br \/>\n\t\t\t\t<\/h3>\n<p>\n\t\t\t\t\t\tPersonalisieren Sie das Aussehen Ihrer Pickleball-Ausr\u00fcstung mit den personalisierten Pickleball-Paddelb\u00e4ndern von DinkPickleball. Passen Sie die Farben an Ihre Marke, Ihr Team oder Ihr Event-Thema an und sorgen Sie so f\u00fcr einen einzigartigen Reiz.\t\t\t\t\t<\/p>\n<h3>\n\t\t\t\t\t\tFortgeschrittene Drucktechniken<br \/>\n\t\t\t\t<\/h3>\n<p>\n\t\t\t\t\t\tBei DinkPickleball verwenden wir Tampondruck oder Pr\u00e4gung f\u00fcr scharfe, lebendige Designs und Details f\u00fcr einen Hauch von Luxus. Diese B\u00e4nder sind nicht nur \u00fcber die Funktion, sie sind ein Stil-Statement zu.\t\t\t\t\t<\/p>\n<figure><img decoding=\"async\" src=\"https:\/\/dinkpickleball.com\/wp-content\/uploads\/2022\/06\/onix.png\" alt=\"onix\" \/><\/figure>\n<figure><img decoding=\"async\" src=\"https:\/\/dinkpickleball.com\/wp-content\/uploads\/2022\/06\/Diadem-logo.png\" alt=\"Diadem-Logo\" \/><\/figure>\n<figure><img decoding=\"async\" src=\"https:\/\/dinkpickleball.com\/wp-content\/uploads\/2022\/06\/Gamma.png\" alt=\"Gamma\" \/><\/figure>\n<figure><img decoding=\"async\" src=\"https:\/\/dinkpickleball.com\/wp-content\/uploads\/2022\/06\/Paddletek.png\" alt=\"Paddletek\" \/><\/figure>\n<figure><img decoding=\"async\" src=\"https:\/\/dinkpickleball.com\/wp-content\/uploads\/2023\/04\/RECESS-logo.png\" alt=\"RECESS-Logo\" \/><\/figure>\n<figure><img decoding=\"async\" src=\"https:\/\/dinkpickleball.com\/wp-content\/uploads\/2023\/04\/CRBN-logo.png\" alt=\"CRBN-Logo\" \/><\/figure>\n<figure><img decoding=\"async\" src=\"https:\/\/dinkpickleball.com\/wp-content\/uploads\/2023\/04\/STIGA-logo.png\" alt=\"STIGA-Logo\" \/><\/figure>\n<figure><img decoding=\"async\" src=\"https:\/\/dinkpickleball.com\/wp-content\/uploads\/2022\/06\/niupipo.png\" alt=\"niupipo\" \/><\/figure>\n<h2>Ihr ultimativer Partner auf dem globalen Pickleball-Markt<\/h2>\n<p>Entdecken Sie die unvergleichlichen Vorteile einer Partnerschaft mit DinkPickleball, einem f\u00fchrenden Hersteller individueller Pickleball-B\u00e4nder, die auf die Bed\u00fcrfnisse von Sportartikelh\u00e4ndlern, Werbeartikelfirmen, Firmenkunden und Personalisierungsdiensten zugeschnitten sind.\u00a0<\/p>\n<p>\t\t\t\t\t\t\t\t\t\t\t\t<img decoding=\"async\" src=\"https:\/\/dinkpickleball.com\/wp-content\/uploads\/2023\/04\/Premium-Quality-Products.jpg\" title=\"Produkte von h\u00f6chster Qualit\u00e4t\" alt=\"Produkte von h\u00f6chster Qualit\u00e4t\" loading=\"lazy\" \/>\t\t\t\t\t\t\t\t\t\t\t\t\t\t<\/p>\n<h3>Sie suchen schnelle Durchlaufzeiten ohne Qualit\u00e4tseinbu\u00dfen?<\/h3>\n<p>DinkPickleball ist stolz auf seine effizienten Produktionsprozesse. Das bedeutet, dass Sie Ihre hochwertigen, individuellen Pickleball-B\u00e4nder genau dann erhalten, wenn Sie sie brauchen. Verabschieden Sie sich von verz\u00f6gerten Bestellungen.<\/p>\n<p>\t\t\t<a role=\"button\"><br \/>\n\t\t\t\t\t\tSofortiges Angebot anfordern<br \/>\n\t\t\t\t\t<\/a><br \/>\n\t\t\t\t\t\t\t\t\t\t\t\t<img decoding=\"async\" src=\"https:\/\/dinkpickleball.com\/wp-content\/uploads\/2023\/04\/Proven-Track-Record.jpg\" title=\"Nachgewiesene Erfolgsbilanz\" alt=\"Nachgewiesene Erfolgsbilanz\" loading=\"lazy\" \/>\t\t\t\t\t\t\t\t\t\t\t\t\t\t<\/p>\n<h3>Sie wollen sich von der Masse abheben?<\/h3>\n<p>DinkPickleball setzt fortschrittliche Tampondruck- und Pr\u00e4getechniken ein, um B\u00e4nder zu kreieren, die ein Style-Statement abgeben. Erleben Sie den Unterschied in Detail und Lebendigkeit mit uns!<\/p>\n<p>\t\t\t<a role=\"button\"><br \/>\n\t\t\t\t\t\tSofortiges Angebot anfordern<br \/>\n\t\t\t\t\t<\/a><br \/>\n\t\t\t\t\t\t\t\t\t\t\t\t<img decoding=\"async\" src=\"https:\/\/dinkpickleball.com\/wp-content\/uploads\/2023\/04\/Adaptability-and-Responsiveness-to-Market.jpeg\" title=\"Anpassungsf\u00e4higkeit und Reaktionsf\u00e4higkeit auf den Markt\" alt=\"Anpassungsf\u00e4higkeit und Reaktionsf\u00e4higkeit auf den Markt\" loading=\"lazy\" \/>\t\t\t\t\t\t\t\t\t\t\t\t\t\t<\/p>\n<h3>Ben\u00f6tigen Sie einen Lieferanten, der die Bedeutung Ihres Markenauftritts versteht?<\/h3>\n<p>Bei DinkPickleball stellen wir nicht nur Pickleball-B\u00e4nder her - wir entwickeln auch Branding-L\u00f6sungen. Mit Optionen zum Hinzuf\u00fcgen von Logos, Text oder Designs helfen wir Ihnen, Ihre Marke sichtbarer und eindrucksvoller zu machen.<\/p>\n<p>\t\t\t<a role=\"button\"><br \/>\n\t\t\t\t\t\tSofortiges Angebot anfordern<br \/>\n\t\t\t\t\t<\/a><br \/>\n\t\t\t\t\t\t\t\t\t\t\t\t<img decoding=\"async\" src=\"https:\/\/dinkpickleball.com\/wp-content\/uploads\/2023\/04\/Collaborative-Approach-.jpeg\" title=\"Kollaborativer Ansatz\" alt=\"Kollaborativer Ansatz\" loading=\"lazy\" \/>\t\t\t\t\t\t\t\t\t\t\t\t\t\t<\/p>\n<h3>Sie m\u00f6chten mit einem Hersteller zusammenarbeiten, der Ihr Unternehmen genauso sch\u00e4tzt wie Sie selbst?<\/h3>\n<p>Mit DinkPickleball sind Sie mehr als nur ein Kunde - Sie sind ein gesch\u00e4tzter Partner. Wir arbeiten eng mit Ihnen zusammen, um Ihre Bed\u00fcrfnisse zu verstehen und L\u00f6sungen zu liefern, die Ihren Erfolg f\u00f6rdern. Gehen Sie eine Partnerschaft mit uns ein und erleben Sie den DinkPickleball-Unterschied!<\/p>\n<p>\t\t\t<a role=\"button\"><br \/>\n\t\t\t\t\t\tSofortiges Angebot anfordern<br \/>\n\t\t\t\t\t<\/a><\/p>\n<h2>FAQ<\/h2>\n<p>F\u00fcr die Zielkundensegmente der Sportartikelh\u00e4ndler, Werbeartikelfirmen, Firmenkunden und Personalisierungsdienste sind hier einige h\u00e4ufig gestellte Fragen (FAQs) aufgef\u00fchrt, die sie haben k\u00f6nnten, wenn sie den Kauf von individuellen Pickleball-B\u00e4ndern in Betracht ziehen.<\/p>\n<p>                        <a href=\"#collapse-a767ad6650c4fd147238\" data-ekit-toggle=\"collapse\" data-target=\"#Collapse-a767ad6650c4fd147238\" aria-expanded=\"true\" aria-controls=\"Collapse-a767ad6650c4fd147238\"><br \/>\n                            F: K\u00f6nnen wir unser Produkt vorab visualisieren, bevor es in Produktion geht?<br \/>\n                                        <!-- Normal Icon --><br \/>\n                                        <!-- Active Icon --><br \/>\n                                                    <\/a><\/p>\n<p>A: Ja, wir bieten die M\u00f6glichkeit, Ihre individuellen Pickleball-B\u00e4nder vorab zu visualisieren. So k\u00f6nnen Sie sicherstellen, dass alles Ihren Vorstellungen entspricht, bevor der Herstellungsprozess beginnt.<\/p>\n<p>                <!-- .elementskit-card END --><br \/>\n                        <a href=\"#collapse-bc22830650c4fd147238\" data-ekit-toggle=\"collapse\" data-target=\"#Collapse-bc22830650c4fd147238\" aria-expanded=\"false\" aria-controls=\"Collapse-bc22830650c4fd147238\"><br \/>\n                            F: Wie hoch ist die Mindestbestellmenge f\u00fcr individuelle Bestellungen?<br \/>\n                                        <!-- Normal Icon --><br \/>\n                                        <!-- Active Icon --><br \/>\n                                                    <\/a><\/p>\n<p>A: Unsere Mindestbestellmengen sind so gestaltet, dass sie flexibel sind, um den unterschiedlichen Bed\u00fcrfnissen unserer Kunden gerecht zu werden. Bitte kontaktieren Sie uns direkt f\u00fcr spezifische Zahlen.<\/p>\n<p>                <!-- .elementskit-card END --><br \/>\n                        <a href=\"#collapse-8417e71650c4fd147238\" data-ekit-toggle=\"collapse\" data-target=\"#Collapse-8417e71650c4fd147238\" aria-expanded=\"false\" aria-controls=\"Collapse-8417e71650c4fd147238\"><br \/>\n                            F: Wie k\u00f6nnen wir die Farben anpassen und unser Logo oder unseren Text auf den B\u00e4ndern anbringen?<br \/>\n                                        <!-- Normal Icon --><br \/>\n                                        <!-- Active Icon --><br \/>\n                                                    <\/a><\/p>\n<p>A: Sobald Sie Ihre Bestellung aufgegeben haben, wird unser Designteam mit Ihnen zusammenarbeiten, um Ihre individuellen Designs zu erstellen. Sie k\u00f6nnen Farben ausw\u00e4hlen und Logos, Text oder Designelemente hinzuf\u00fcgen, die Sie w\u00fcnschen.<\/p>\n<p>                <!-- .elementskit-card END --><br \/>\n                        <a href=\"#collapse-3dad4e0650c4fd147238\" data-ekit-toggle=\"collapse\" data-target=\"#Collapse-3dad4e0650c4fd147238\" aria-expanded=\"false\" aria-controls=\"Collapse-3dad4e0650c4fd147238\"><br \/>\n                            F: Wie lange dauert die Produktion von Sonderanfertigungen?<br \/>\n                                        <!-- Normal Icon --><br \/>\n                                        <!-- Active Icon --><br \/>\n                                                    <\/a><\/p>\n<p>A: Die Vorlaufzeiten f\u00fcr die Produktion h\u00e4ngen von der Gr\u00f6\u00dfe der Bestellung und der Komplexit\u00e4t des Designs ab. Wir sind jedoch stolz auf unsere schnellen Durchlaufzeiten. Bitte kontaktieren Sie uns f\u00fcr eine genauere Sch\u00e4tzung.<\/p>\n<p>                <!-- .elementskit-card END --><\/p>","protected":false},"excerpt":{"rendered":"<p>Custom Pickleball Bands Seeking a unique branding opportunity in the sports field? With DinkPickleball&#8217;s Custom Pickleball Bands, transform your logo, text, or design into an integral part of every game. Let your brand be seen with every swing! Get Quick Quote Make Your Mark with Every Swing Amplify your brand&#8217;s visibility with our customizable pickleball [&hellip;]<\/p>\n","protected":false},"author":1,"featured_media":0,"parent":0,"menu_order":0,"comment_status":"closed","ping_status":"closed","template":"","meta":{"_seopress_robots_primary_cat":"","_seopress_titles_title":"Custom Pickleball Bands","_seopress_titles_desc":"With DinkPickleball&#039;s Custom Pickleball Bands, transform your logo, text, or design into an integral part of every game. Let your brand be seen with every swing!","_seopress_robots_index":"","footnotes":""},"class_list":["post-15000","page","type-page","status-publish","hentry"],"meta_box":[],"_links":{"self":[{"href":"https:\/\/dinkpickleball.com\/de\/wp-json\/wp\/v2\/pages\/15000","targetHints":{"allow":["GET"]}}],"collection":[{"href":"https:\/\/dinkpickleball.com\/de\/wp-json\/wp\/v2\/pages"}],"about":[{"href":"https:\/\/dinkpickleball.com\/de\/wp-json\/wp\/v2\/types\/page"}],"author":[{"embeddable":true,"href":"https:\/\/dinkpickleball.com\/de\/wp-json\/wp\/v2\/users\/1"}],"replies":[{"embeddable":true,"href":"https:\/\/dinkpickleball.com\/de\/wp-json\/wp\/v2\/comments?post=15000"}],"version-history":[{"count":50,"href":"https:\/\/dinkpickleball.com\/de\/wp-json\/wp\/v2\/pages\/15000\/revisions"}],"predecessor-version":[{"id":16267,"href":"https:\/\/dinkpickleball.com\/de\/wp-json\/wp\/v2\/pages\/15000\/revisions\/16267"}],"wp:attachment":[{"href":"https:\/\/dinkpickleball.com\/de\/wp-json\/wp\/v2\/media?parent=15000"}],"curies":[{"name":"wp","href":"https:\/\/api.w.org\/{rel}","templated":true}]}}