{"id":14808,"date":"2023-07-11T07:36:50","date_gmt":"2023-07-10T23:36:50","guid":{"rendered":"https:\/\/dinkpickleball.com\/?page_id=14808"},"modified":"2025-01-13T22:04:22","modified_gmt":"2025-01-13T14:04:22","slug":"custom-pickleball-balls","status":"publish","type":"page","link":"https:\/\/dinkpickleball.com\/de\/custom-pickleball-balls\/","title":{"rendered":"Individuelle Pickleball-B\u00e4lle"},"content":{"rendered":"<h1>Individuelle Pickleball-B\u00e4lle<\/h1>\n<h3>Unsere B\u00e4lle entsprechen den USAPA-Standards, bieten eine gleichbleibende Leistung und werten Ihre Marke auf - und das zu einem Fabrikpreis in gro\u00dfen Mengen.<\/h3>\n<p>\t\t\t<a role=\"button\"><br \/>\n\t\t\t\t\t\tANGEBOT EINHOLEN<br \/>\n\t\t\t\t\t<\/a><br \/>\n\t\t\t\t\t\t\t\t\t\t\t\t<img decoding=\"async\" width=\"500\" height=\"500\" src=\"https:\/\/dinkpickleball.com\/wp-content\/uploads\/2022\/06\/custom-pickleball-ball.png\" alt=\"Pickleball-Ball nach Ma\u00df\" loading=\"lazy\" srcset=\"https:\/\/dinkpickleball.com\/wp-content\/uploads\/2022\/06\/custom-pickleball-ball.png 500w, https:\/\/dinkpickleball.com\/wp-content\/uploads\/2022\/06\/custom-pickleball-ball-300x300.png 300w, https:\/\/dinkpickleball.com\/wp-content\/uploads\/2022\/06\/custom-pickleball-ball-150x150.png 150w, https:\/\/dinkpickleball.com\/wp-content\/uploads\/2022\/06\/custom-pickleball-ball-100x100.png 100w, https:\/\/dinkpickleball.com\/wp-content\/uploads\/2022\/06\/elementor\/thumbs\/custom-pickleball-ball-pq3a0g1h697msdprdorg1i8bur38posx8ahar5tv34.png 400w\" sizes=\"auto, (max-width: 500px) 100vw, 500px\" \/>\t\t\t\t\t\t\t\t\t\t\t\t\t\t<\/p>\n<h2>Sie zu verstehen<\/h2>\n<p>Wir wissen, dass Ihre Marke einzigartig ist. Unsere individuellen Pickleball-B\u00e4lle sind eine Erweiterung Ihrer Marke, ein Mittel, um Ihre Werte zu vermitteln und mit Ihrem Publikum in Kontakt zu treten. Wir setzen uns daf\u00fcr ein, dass jedes individuelle Design Ihre Marke zum Leben erweckt.<\/p>\n<p>\t\t\t<a role=\"button\"><br \/>\n\t\t\t\t\t\tANGEBOT EINHOLEN<br \/>\n\t\t\t\t\t<\/a><\/p>\n<h2> Kompromisslose Qualit\u00e4t<\/h2>\n<p>Qualit\u00e4t ist das Herzst\u00fcck unserer Arbeit. Unsere ma\u00dfgefertigten Pickleball-B\u00e4lle erf\u00fcllen die strengen USAPA-Standards und gew\u00e4hrleisten so eine erstklassige Leistung bei jedem Spiel. Ihre Marke verdient das Beste, und wir sind hier, um es zu liefern.<\/p>\n<p>\t\t\t<a role=\"button\"><br \/>\n\t\t\t\t\t\tANGEBOT EINHOLEN<br \/>\n\t\t\t\t\t<\/a><\/p>\n<h2> Konkurrenzf\u00e4hige Preisgestaltung<\/h2>\n<p>Wir von Dinkpickleball sind der Meinung, dass Premium-Qualit\u00e4t nicht mit einem Premium-Preisschild einhergehen sollte. Unser wettbewerbsf\u00e4higes Preismodell bietet Ihnen das beste Preis-Leistungs-Verh\u00e4ltnis und hilft Ihnen, Ihr Budget zu maximieren, ohne Kompromisse bei Qualit\u00e4t oder Design einzugehen.<\/p>\n<p>\t\t\t<a role=\"button\"><br \/>\n\t\t\t\t\t\tANGEBOT EINHOLEN<br \/>\n\t\t\t\t\t<\/a><\/p>\n<figure><img decoding=\"async\" src=\"https:\/\/dinkpickleball.com\/wp-content\/uploads\/2022\/06\/onix.png\" alt=\"onix\" \/><\/figure>\n<figure><img decoding=\"async\" src=\"https:\/\/dinkpickleball.com\/wp-content\/uploads\/2022\/06\/Diadem-logo.png\" alt=\"Diadem-Logo\" \/><\/figure>\n<figure><img decoding=\"async\" src=\"https:\/\/dinkpickleball.com\/wp-content\/uploads\/2022\/06\/Gamma.png\" alt=\"Gamma\" \/><\/figure>\n<figure><img decoding=\"async\" src=\"https:\/\/dinkpickleball.com\/wp-content\/uploads\/2022\/06\/Paddletek.png\" alt=\"Paddletek\" \/><\/figure>\n<figure><img decoding=\"async\" src=\"https:\/\/dinkpickleball.com\/wp-content\/uploads\/2023\/04\/RECESS-logo.png\" alt=\"RECESS-Logo\" \/><\/figure>\n<figure><img decoding=\"async\" src=\"https:\/\/dinkpickleball.com\/wp-content\/uploads\/2023\/04\/CRBN-logo.png\" alt=\"CRBN-Logo\" \/><\/figure>\n<figure><img decoding=\"async\" src=\"https:\/\/dinkpickleball.com\/wp-content\/uploads\/2023\/04\/STIGA-logo.png\" alt=\"STIGA-Logo\" \/><\/figure>\n<figure><img decoding=\"async\" src=\"https:\/\/dinkpickleball.com\/wp-content\/uploads\/2022\/06\/niupipo.png\" alt=\"niupipo\" \/><\/figure>\n<h2>Bemerkenswerte Leistung, unvergleichliches Design<\/h2>\n<p>Dinkpickleball bietet die besten Individualisierungsm\u00f6glichkeiten seiner Klasse. Von Logos und Farben bis hin zu einzigartigen Designs und Slogans bieten wir umfangreiche Optionen, um sicherzustellen, dass Ihre personalisierten Pickleballs Ihre Marke wirklich repr\u00e4sentieren.<\/p>\n<p>                <a ><br \/>\n                    <img decoding=\"async\" width=\"500\" height=\"500\" src=\"https:\/\/dinkpickleball.com\/wp-content\/uploads\/2022\/06\/custom-pickleball-ball-wholesale-3.jpg\" alt=\"benutzerdefinierte Pickleball Ball Gro\u00dfhandel 3\" loading=\"lazy\" srcset=\"https:\/\/dinkpickleball.com\/wp-content\/uploads\/2022\/06\/custom-pickleball-ball-wholesale-3.jpg 500w, https:\/\/dinkpickleball.com\/wp-content\/uploads\/2022\/06\/custom-pickleball-ball-wholesale-3-300x300.jpg 300w, https:\/\/dinkpickleball.com\/wp-content\/uploads\/2022\/06\/custom-pickleball-ball-wholesale-3-150x150.jpg 150w, https:\/\/dinkpickleball.com\/wp-content\/uploads\/2022\/06\/custom-pickleball-ball-wholesale-3-100x100.jpg 100w\" sizes=\"auto, (max-width: 500px) 100vw, 500px\" \/><br \/>\n                <\/a><br \/>\n                                                            <a ><br \/>\n                                    ANGEBOT EINHOLEN                                <\/a><br \/>\n                <a ><br \/>\n                    <img decoding=\"async\" width=\"500\" height=\"500\" src=\"https:\/\/dinkpickleball.com\/wp-content\/uploads\/2022\/06\/custom-pickleball-ball-wholesale-2.jpg\" alt=\"benutzerdefinierte Pickleball Ball Gro\u00dfhandel 2\" loading=\"lazy\" srcset=\"https:\/\/dinkpickleball.com\/wp-content\/uploads\/2022\/06\/custom-pickleball-ball-wholesale-2.jpg 500w, https:\/\/dinkpickleball.com\/wp-content\/uploads\/2022\/06\/custom-pickleball-ball-wholesale-2-300x300.jpg 300w, https:\/\/dinkpickleball.com\/wp-content\/uploads\/2022\/06\/custom-pickleball-ball-wholesale-2-150x150.jpg 150w, https:\/\/dinkpickleball.com\/wp-content\/uploads\/2022\/06\/custom-pickleball-ball-wholesale-2-100x100.jpg 100w\" sizes=\"auto, (max-width: 500px) 100vw, 500px\" \/><br \/>\n                <\/a><br \/>\n                                                            <a ><br \/>\n                                    ANGEBOT EINHOLEN                                <\/a><br \/>\n                <a ><br \/>\n                    <img decoding=\"async\" width=\"500\" height=\"500\" src=\"https:\/\/dinkpickleball.com\/wp-content\/uploads\/2022\/06\/custom-pickleball-ball-wholesale-1.jpg\" alt=\"benutzerdefinierte Pickleball Ball Gro\u00dfhandel 1\" loading=\"lazy\" srcset=\"https:\/\/dinkpickleball.com\/wp-content\/uploads\/2022\/06\/custom-pickleball-ball-wholesale-1.jpg 500w, https:\/\/dinkpickleball.com\/wp-content\/uploads\/2022\/06\/custom-pickleball-ball-wholesale-1-300x300.jpg 300w, https:\/\/dinkpickleball.com\/wp-content\/uploads\/2022\/06\/custom-pickleball-ball-wholesale-1-150x150.jpg 150w, https:\/\/dinkpickleball.com\/wp-content\/uploads\/2022\/06\/custom-pickleball-ball-wholesale-1-100x100.jpg 100w\" sizes=\"auto, (max-width: 500px) 100vw, 500px\" \/><br \/>\n                <\/a><br \/>\n                                                            <a ><br \/>\n                                    ANGEBOT EINHOLEN                                <\/a><br \/>\n\t\t\t\t\t\t\t\t\t\t\t\t<img decoding=\"async\" width=\"800\" height=\"1200\" src=\"https:\/\/dinkpickleball.com\/wp-content\/uploads\/2023\/07\/custom-pickleball.jpg\" alt=\"Pickleball nach Ma\u00df\" loading=\"lazy\" srcset=\"https:\/\/dinkpickleball.com\/wp-content\/uploads\/2023\/07\/custom-pickleball.jpg 800w, https:\/\/dinkpickleball.com\/wp-content\/uploads\/2023\/07\/custom-pickleball-200x300.jpg 200w, https:\/\/dinkpickleball.com\/wp-content\/uploads\/2023\/07\/custom-pickleball-683x1024.jpg 683w, https:\/\/dinkpickleball.com\/wp-content\/uploads\/2023\/07\/custom-pickleball-768x1152.jpg 768w, https:\/\/dinkpickleball.com\/wp-content\/uploads\/2023\/07\/custom-pickleball-600x900.jpg 600w\" sizes=\"auto, (max-width: 800px) 100vw, 800px\" \/>\t\t\t\t\t\t\t\t\t\t\t\t\t\t<\/p>\n<h2>Wie man<\/h2>\n<h3>\n\t\t\t\t\t\tEntwurf &amp; Beratung<br \/>\n\t\t\t\t<\/h3>\n<p>\n\t\t\t\t\t\tWir beginnen mit einer gr\u00fcndlichen Beratung, um Ihre Vorstellungen zu verstehen. Sie k\u00f6nnen aus einer Vielzahl von Optionen w\u00e4hlen, darunter Farben, Stile (nahtlos oder geschwei\u00dft) und Druckverfahren (UV-Druck oder Laser). Wir unterst\u00fctzen Sie bei jedem Schritt, um sicherzustellen, dass das endg\u00fcltige Design Ihre Markenidentit\u00e4t widerspiegelt und Ihre Erwartungen erf\u00fcllt.\t\t\t\t\t<\/p>\n<h3>\n\t\t\t\t\t\tProben<br \/>\n\t\t\t\t<\/h3>\n<p>\n\t\t\t\t\t\tWir glauben an den Ansatz \"keine \u00dcberraschungen\". Sobald der Entwurf abgeschlossen ist, erstellen wir ein Muster Ihres individuellen Pickleball-Balls. So k\u00f6nnen Sie sich vom Aussehen und der Haptik des Produkts \u00fcberzeugen, bevor die Serienproduktion beginnt. Es ist auch eine Gelegenheit, letzte \u00c4nderungen vorzunehmen, um sicherzustellen, dass alles genau richtig ist.\t\t\t\t\t<\/p>\n<h3>\n\t\t\t\t\t\tKundenspezifisches Paket<br \/>\n\t\t\t\t<\/h3>\n<p>\n\t\t\t\t\t\tWir bieten Ihnen eine auf Ihre Bed\u00fcrfnisse zugeschnittene Verpackungsberatung und -anleitung. Ganz gleich, ob Sie sich an Einzelh\u00e4ndler, Gro\u00dfh\u00e4ndler, Schulen, Sportmannschaften oder gemeinn\u00fctzige Organisationen wenden, wir helfen Ihnen bei der Gestaltung von Verpackungen, die bei Ihrer Zielgruppe Anklang finden und Ihre Markenidentit\u00e4t st\u00e4rken - und das alles im Rahmen Ihres Budgets.\t\t\t\t\t<\/p>\n<h3>\n\t\t\t\t\t\tProduktion &amp; Lieferung<br \/>\n\t\t\t\t<\/h3>\n<p>\n\t\t\t\t\t\tNachdem Sie das Muster und die Verpackung genehmigt haben, beginnen wir mit der Produktion in vollem Umfang. Durch den Einsatz modernster Anlagen und strenge Qualit\u00e4tskontrollen stellen wir sicher, dass jeder individuelle Pickleball unseren hohen Standards und Ihren Erwartungen entspricht. Sobald die Produktion abgeschlossen ist, k\u00fcmmern wir uns effizient um die Auslieferung, damit Ihre Bestellung immer p\u00fcnktlich bei Ihnen eintrifft.\t\t\t\t\t<\/p>\n<p>\t\t\t<a role=\"button\"><br \/>\n\t\t\t\t\t\tANGEBOT EINHOLEN<br \/>\n\t\t\t\t\t<\/a><\/p>\n<h2>Warum DinkPickleball<\/h2>\n<h2>Anpassen, um aufzufallen<\/h2>\n<p>Heben Sie Ihre Marke mit unseren individuellen Pickleballs hervor. Dinkpickleball erm\u00f6glicht es Ihnen, Pickleballs zu entwerfen, die die einzigartige Identit\u00e4t Ihrer Marke widerspiegeln. Heben Sie sich auf dem Markt mit Pickleballs hervor, die ausschlie\u00dflich Ihnen geh\u00f6ren.<\/p>\n<h2>Qualit\u00e4t, der Sie vertrauen k\u00f6nnen<\/h2>\n<p>Wenn es um individuelle Pickleball-B\u00e4lle geht, ist Qualit\u00e4t wichtig. Wir bei Dinkpickleball sind stolz darauf, die USAPA-Standards zu erf\u00fcllen, um sicherzustellen, dass Ihre ma\u00dfgeschneiderten Produkte nicht nur stilvoll, sondern auch leistungsstark sind.<\/p>\n<h2>Ein ma\u00dfgeschneidertes Erlebnis<\/h2>\n<p>Jeder Kunde ist einzigartig, und so sollte auch jede Bestellung von individuellen Pickleballs sein. Bei Dinkpickleball arbeiten wir eng mit Ihnen zusammen, um Ihre spezifischen Bed\u00fcrfnisse zu verstehen und Pickleball-B\u00e4lle zu liefern, die Ihre Erwartungen \u00fcbertreffen.<\/p>\n<h2>Dauerhafte und bleibende Eindr\u00fccke<\/h2>\n<p>Wir sind der Meinung, dass personalisierte Pickleb\u00e4lle nicht nur ein Marketinginstrument sind, sondern auch eine Aussage \u00fcber das Qualit\u00e4tsversprechen Ihrer Marke. Mit Dinkpickleball erhalten Sie B\u00e4lle, die so langlebig und zuverl\u00e4ssig sind, wie Ihre Marke es verspricht.<\/p>\n<h2>Personalisierte Verpackungen<\/h2>\n<p>Wir wissen, dass es nicht nur auf das Produkt ankommt, sondern auch auf die Pr\u00e4sentation. Aus diesem Grund bieten wir individuelle Verpackungen f\u00fcr Ihre personalisierten Pickleball-B\u00e4lle an, die Ihren Kunden ein unvergessliches Auspackerlebnis bieten, das zum Image Ihrer Marke passt.<\/p>\n<h2> Schnelle und verl\u00e4ssliche Produktion<\/h2>\n<p>Auf dem schnelllebigen Markt von heute ist Schnelligkeit entscheidend. Deshalb garantiert Dinkpickleball eine schnelle und zuverl\u00e4ssige Produktion Ihrer individuellen Pickleball-B\u00e4lle, damit Sie Ihre Fristen einhalten k\u00f6nnen, ohne Kompromisse bei der Qualit\u00e4t einzugehen.<\/p>\n<h2>ZERTIFIZIERUNG<\/h2>\n<p>\t\t\t\t\t\t\t\t\t\t\t\t\t\tVorheriges Dia<br \/>\n\t\t\t\t\t\t\t\t\t\t\t\t\t\tN\u00e4chste Folie<br \/>\n\t\thttps:\/\/www.youtube.com\/watch?v=Qabfon2h21Mhttps:\/\/www.youtube.com\/watch?v=Ua9srFrvZFg\t\t<\/p>\n<h2>Testimonials<\/h2>\n<h3>Bei Dinkpickleball k\u00f6nnen Sie au\u00dfergew\u00f6hnliche Produkte, wettbewerbsf\u00e4hige Preise und einen hervorragenden Kundenservice erwarten.<\/h3>\n<p>\t\t\t\t\t\t\tIhre personalisierten Pickleballs sind nicht nur Produkte, sondern auch Erweiterungen unserer Marke, die alle unsere eigene Identit\u00e4t tragen. Die Langlebigkeit dieser B\u00e4lle ist ein Beweis f\u00fcr die Liebe zum Detail und das Engagement von Dinkpickleball bei der Herstellung langlebiger Produkte.<\/p>\n<p>Die ma\u00dfgeschneiderte Verpackung von Dinkpickleball verlieh dem Ganzen noch einen zus\u00e4tzlichen Hauch von Professionalit\u00e4t und bescherte unseren Kunden ein unvergessliches Auspackerlebnis.<br \/>\n\t\t\t\t\t\t\t<img decoding=\"async\" width=\"150\" height=\"150\" src=\"https:\/\/dinkpickleball.com\/wp-content\/uploads\/2023\/04\/Benjamin-Thompson-150x150.jpg\" alt=\"Benjamin Thompson\" loading=\"lazy\" \/><br \/>\n\t\t\t\t\t\t\t\t\t\t\t\t\t\tBenjamin Thompson<br \/>\n\t\t\t\t\t\t\t\t\t\t\t\t\t\t\t\t\t\t\t\t\t\tCEO<br \/>\n\t\t\t\t\t\t\tDinkpickleball war mehr als nur ein Lieferant. Sie waren ein echter Partner, der sich die Zeit nahm, unsere einzigartigen Anforderungen zu verstehen und seine Dienstleistungen darauf abzustimmen. Die M\u00f6glichkeit, unsere Pickleball-B\u00e4lle an unsere Marke anzupassen, war ein entscheidender Faktor, der uns auf dem Markt von anderen abhebt und bei unseren Kunden gro\u00dfen Anklang findet.<br \/>\n\t\t\t\t\t\t\t<img decoding=\"async\" width=\"150\" height=\"150\" src=\"https:\/\/dinkpickleball.com\/wp-content\/uploads\/2023\/04\/Amelia-Henderson-150x150.jpg\" alt=\"Amelia Henderson\" loading=\"lazy\" \/><br \/>\n\t\t\t\t\t\t\t\t\t\t\t\t\t\tAmelia Henderson<br \/>\n\t\t\t\t\t\t\t\t\t\t\t\t\t\t\t\t\t\t\t\t\t\tK\u00e4ufer<br \/>\n\t\t\t\t\t\t\tBesonders beeindruckt hat uns der schnelle und zuverl\u00e4ssige Produktionsprozess von Dinkpickleball. Trotz des individuellen Charakters unserer Bestellung konnten sie unsere knappen Fristen einhalten, ohne dass die Qualit\u00e4t der Produkte darunter gelitten h\u00e4tte.<br \/>\n\t\t\t\t\t\t\t<img decoding=\"async\" width=\"150\" height=\"150\" src=\"https:\/\/dinkpickleball.com\/wp-content\/uploads\/2023\/04\/Lucas-Martinez-150x150.jpg\" alt=\"Lucas Martinez\" loading=\"lazy\" \/><br \/>\n\t\t\t\t\t\t\t\t\t\t\t\t\t\tLucas Martinez<br \/>\n\t\t\t\t\t\t\t\t\t\t\t\t\t\t\t\t\t\t\t\t\t\tEinzelh\u00e4ndler <\/p>\n<h2>FAQ<\/h2>\n<p>Im Folgenden finden Sie einige h\u00e4ufig gestellte Fragen (FAQs), die B2B-Kunden haben k\u00f6nnten, wenn sie den Kauf von Custom Pickleball Balls in Erw\u00e4gung ziehen:<\/p>\n<p>                        <a href=\"#collapse-bc22830650c4e17c0bcd\" data-ekit-toggle=\"collapse\" data-target=\"#Collapse-bc22830650c4e17c0bcd\" aria-expanded=\"true\" aria-controls=\"Collapse-bc22830650c4e17c0bcd\"><br \/>\n                            Entsprechen die ma\u00dfgefertigten Pickleball-B\u00e4lle den Standards der USAPA?<br \/>\n                                        <!-- Normal Icon --><br \/>\n                                        <!-- Active Icon --><br \/>\n                                                    <\/a><\/p>\n<p>Unbedingt! Alle unsere Pickleball-B\u00e4lle erf\u00fcllen und \u00fcbertreffen die von der USAPA festgelegten strengen Standards. Wir sind bestrebt, unseren Kunden Produkte von h\u00f6chster Qualit\u00e4t zu liefern.<\/p>\n<p>                <!-- .elementskit-card END --><br \/>\n                        <a href=\"#collapse-3dad4e0650c4e17c0bcd\" data-ekit-toggle=\"collapse\" data-target=\"#Collapse-3dad4e0650c4e17c0bcd\" aria-expanded=\"false\" aria-controls=\"Collapse-3dad4e0650c4e17c0bcd\"><br \/>\n                            Welche Anpassungsm\u00f6glichkeiten gibt es f\u00fcr Ihre Pickleball-B\u00e4lle?<br \/>\n                                        <!-- Normal Icon --><br \/>\n                                        <!-- Active Icon --><br \/>\n                                                    <\/a><\/p>\n<p>Wir bieten eine Vielzahl von Anpassungsm\u00f6glichkeiten, einschlie\u00dflich Farbe, Logopr\u00e4gung und Designelemente, die auf Ihre Marke, Ihr Event oder Ihre pers\u00f6nlichen Vorlieben abgestimmt sind.<\/p>\n<p>                <!-- .elementskit-card END --><br \/>\n                        <a href=\"#collapse-8417e71650c4e17c0bcd\" data-ekit-toggle=\"collapse\" data-target=\"#Collapse-8417e71650c4e17c0bcd\" aria-expanded=\"false\" aria-controls=\"Collapse-8417e71650c4e17c0bcd\"><br \/>\n                            Wie haltbar sind Dinkpickleball&#039;s kundenspezifische Pickleball-B\u00e4lle?<br \/>\n                                        <!-- Normal Icon --><br \/>\n                                        <!-- Active Icon --><br \/>\n                                                    <\/a><\/p>\n<p>Bei der Entwicklung unserer Pickleball-B\u00e4lle wurde auf Langlebigkeit geachtet. Sie sind so konzipiert, dass sie auch bei l\u00e4ngerem Spiel eine gleichbleibende Leistung und Sprungkraft bieten.<\/p>\n<p>                <!-- .elementskit-card END --><br \/>\n                        <a href=\"#collapse-293f4f9650c4e17c0bcd\" data-ekit-toggle=\"collapse\" data-target=\"#Collapse-293f4f9650c4e17c0bcd\" aria-expanded=\"false\" aria-controls=\"Collapse-293f4f9650c4e17c0bcd\"><br \/>\n                            Wie lange ist die Vorlaufzeit f\u00fcr individuelle Bestellungen?<br \/>\n                                        <!-- Normal Icon --><br \/>\n                                        <!-- Active Icon --><br \/>\n                                                    <\/a><\/p>\n<p>Unsere typische Vorlaufzeit f\u00fcr kundenspezifische Auftr\u00e4ge h\u00e4ngt von den Besonderheiten des Auftrags ab, aber wir bem\u00fchen uns, alle Auftr\u00e4ge so schnell wie m\u00f6glich auszuf\u00fchren. Bitte kontaktieren Sie uns f\u00fcr genauere Informationen.<\/p>\n<p>                <!-- .elementskit-card END --><br \/>\n                        <a href=\"#collapse-1e5da80650c4e17c0bcd\" data-ekit-toggle=\"collapse\" data-target=\"#Collapse-1e5da80650c4e17c0bcd\" aria-expanded=\"false\" aria-controls=\"Collapse-1e5da80650c4e17c0bcd\"><br \/>\n                            K\u00f6nnen Sie die individuellen Pickleball-B\u00e4lle an mehrere Orte liefern?<br \/>\n                                        <!-- Normal Icon --><br \/>\n                                        <!-- Active Icon --><br \/>\n                                                    <\/a><\/p>\n<p>Wir bieten die Lieferung an mehrere Standorte an. Hierf\u00fcr k\u00f6nnen zus\u00e4tzliche Geb\u00fchren anfallen. Wir empfehlen Ihnen, unseren Kundenservice f\u00fcr detaillierte Vereinbarungen zu kontaktieren.<\/p>\n<p>                <!-- .elementskit-card END --><br \/>\n                        <a href=\"#collapse-a5eda63650c4e17c0bcd\" data-ekit-toggle=\"collapse\" data-target=\"#Collapse-a5eda63650c4e17c0bcd\" aria-expanded=\"false\" aria-controls=\"Collapse-a5eda63650c4e17c0bcd\"><br \/>\n                            Was ist, wenn wir mit den B\u00e4llen, die wir erhalten haben, nicht zufrieden sind?<br \/>\n                                        <!-- Normal Icon --><br \/>\n                                        <!-- Active Icon --><br \/>\n                                                    <\/a><\/p>\n<p>\u00a0Bei Dinkpickleball hat die Zufriedenheit unserer Kunden oberste Priorit\u00e4t. Wenn Sie aus irgendeinem Grund mit Ihrer Bestellung nicht zufrieden sind, kontaktieren Sie uns bitte sofort. Wir werden mit Ihnen zusammenarbeiten, um alle Probleme oder Bedenken, die Sie haben k\u00f6nnten, zu l\u00f6sen.<\/p>\n<p>                <!-- .elementskit-card END --><\/p>","protected":false},"excerpt":{"rendered":"<p>Custom Pickleball Balls Designed to meet the USAPA standards, our balls provide consistent performance and enhance your brand at a factory price in bulk. GET A QUOTE Understanding You We understand that your brand is unique. Our custom pickleball balls are an extension of your brand, a means of communicating your values and connecting with [&hellip;]<\/p>\n","protected":false},"author":1,"featured_media":0,"parent":0,"menu_order":0,"comment_status":"closed","ping_status":"closed","template":"","meta":{"_seopress_robots_primary_cat":"","_seopress_titles_title":"Custom Pickleball Balls meet the USAPA standards","_seopress_titles_desc":"Designed to meet the USAPA standards, our balls provide consistent performance and enhance your brand at a factory price in bulk.","_seopress_robots_index":"","footnotes":""},"class_list":["post-14808","page","type-page","status-publish","hentry"],"meta_box":[],"_links":{"self":[{"href":"https:\/\/dinkpickleball.com\/de\/wp-json\/wp\/v2\/pages\/14808","targetHints":{"allow":["GET"]}}],"collection":[{"href":"https:\/\/dinkpickleball.com\/de\/wp-json\/wp\/v2\/pages"}],"about":[{"href":"https:\/\/dinkpickleball.com\/de\/wp-json\/wp\/v2\/types\/page"}],"author":[{"embeddable":true,"href":"https:\/\/dinkpickleball.com\/de\/wp-json\/wp\/v2\/users\/1"}],"replies":[{"embeddable":true,"href":"https:\/\/dinkpickleball.com\/de\/wp-json\/wp\/v2\/comments?post=14808"}],"version-history":[{"count":48,"href":"https:\/\/dinkpickleball.com\/de\/wp-json\/wp\/v2\/pages\/14808\/revisions"}],"predecessor-version":[{"id":16260,"href":"https:\/\/dinkpickleball.com\/de\/wp-json\/wp\/v2\/pages\/14808\/revisions\/16260"}],"wp:attachment":[{"href":"https:\/\/dinkpickleball.com\/de\/wp-json\/wp\/v2\/media?parent=14808"}],"curies":[{"name":"wp","href":"https:\/\/api.w.org\/{rel}","templated":true}]}}