{"id":14583,"date":"2023-05-11T00:34:23","date_gmt":"2023-05-10T16:34:23","guid":{"rendered":"https:\/\/dinkpickleball.com\/?page_id=14583"},"modified":"2025-01-13T22:09:07","modified_gmt":"2025-01-13T14:09:07","slug":"pickleball-paddle-set","status":"publish","type":"page","link":"https:\/\/dinkpickleball.com\/de\/pickleball-paddle-set\/","title":{"rendered":"Pickleball-Schl\u00e4ger-Set"},"content":{"rendered":"<h1>Pickleball Paddle Set Hersteller<\/h1>\n<p>Heben Sie sich auf dem umk\u00e4mpften Pickleball-Markt ab, indem Sie ma\u00dfgeschneiderte Pickleball-Paddel-Sets anbieten, die dem einzigartigen Stil Ihrer Marke entsprechen. Wir von DinkPickleball sind darauf spezialisiert, ma\u00dfgeschneiderte Pickleball-L\u00f6sungen zu entwickeln, die bei Ihrer Zielgruppe Anklang finden und den Umsatz und die Kundenzufriedenheit steigern.<\/p>\n<p>\t\t\t<a role=\"button\"><br \/>\n\t\t\t\t\t\tAktuellen Preis anfragen<br \/>\n\t\t\t\t\t<\/a><br \/>\n\t\t\t\t\t\t\t\t\t\t\t\t<img decoding=\"async\" src=\"https:\/\/dinkpickleball.com\/wp-content\/uploads\/2023\/05\/Pickleball-Paddle-Set.png\" title=\"Pickleball-Schl\u00e4ger-Set\" alt=\"Pickleball-Schl\u00e4ger-Set\" loading=\"lazy\" \/>\t\t\t\t\t\t\t\t\t\t\t\t\t\t<\/p>\n<h2>Erschlie\u00dfen Sie das Gewinnpotenzial mit individuellen Pickleball-Schl\u00e4gers\u00e4tzen<\/h2>\n<p>Vereinfachen Sie Ihren Beschaffungsprozess mit den zuverl\u00e4ssigen Pickleball Paddle Sets von DinkPickleball. Als eine f\u00fchrende Fabrik und Hersteller in China, bieten wir flexible MOQs, wettbewerbsf\u00e4hige Preise, und effiziente Lieferung in die USA, Kanada, Australien und dar\u00fcber hinaus. Arbeiten Sie mit uns zusammen und erleben Sie einen unvergleichlichen Service und Support f\u00fcr Ihre Pickleball-Bed\u00fcrfnisse.<\/p>\n<p>                    <img loading=\"lazy\" decoding=\"async\" width=\"800\" height=\"800\" src=\"https:\/\/dinkpickleball.com\/wp-content\/uploads\/2023\/05\/Pickleball-Sets-6.jpg\" alt=\"Pickleball-Sets 6\" srcset=\"https:\/\/dinkpickleball.com\/wp-content\/uploads\/2023\/05\/Pickleball-Sets-6.jpg 800w, https:\/\/dinkpickleball.com\/wp-content\/uploads\/2023\/05\/Pickleball-Sets-6-300x300.jpg 300w, https:\/\/dinkpickleball.com\/wp-content\/uploads\/2023\/05\/Pickleball-Sets-6-150x150.jpg 150w, https:\/\/dinkpickleball.com\/wp-content\/uploads\/2023\/05\/Pickleball-Sets-6-768x768.jpg 768w, https:\/\/dinkpickleball.com\/wp-content\/uploads\/2023\/05\/Pickleball-Sets-6-600x600.jpg 600w, https:\/\/dinkpickleball.com\/wp-content\/uploads\/2023\/05\/Pickleball-Sets-6-100x100.jpg 100w\" sizes=\"auto, (max-width: 800px) 100vw, 800px\" \/><br \/>\n                                                            <a ><br \/>\n                                    Jetzt Anfrage senden                                <\/a><br \/>\n                    <img loading=\"lazy\" decoding=\"async\" width=\"800\" height=\"800\" src=\"https:\/\/dinkpickleball.com\/wp-content\/uploads\/2023\/05\/Pickleball-Sets-5.jpg\" alt=\"Pickleball-S\u00e4tze 5\" srcset=\"https:\/\/dinkpickleball.com\/wp-content\/uploads\/2023\/05\/Pickleball-Sets-5.jpg 800w, https:\/\/dinkpickleball.com\/wp-content\/uploads\/2023\/05\/Pickleball-Sets-5-300x300.jpg 300w, https:\/\/dinkpickleball.com\/wp-content\/uploads\/2023\/05\/Pickleball-Sets-5-150x150.jpg 150w, https:\/\/dinkpickleball.com\/wp-content\/uploads\/2023\/05\/Pickleball-Sets-5-768x768.jpg 768w, https:\/\/dinkpickleball.com\/wp-content\/uploads\/2023\/05\/Pickleball-Sets-5-600x600.jpg 600w, https:\/\/dinkpickleball.com\/wp-content\/uploads\/2023\/05\/Pickleball-Sets-5-100x100.jpg 100w\" sizes=\"auto, (max-width: 800px) 100vw, 800px\" \/><br \/>\n                                                            <a ><br \/>\n                                    Jetzt Anfrage senden                                <\/a><br \/>\n                    <img loading=\"lazy\" decoding=\"async\" width=\"800\" height=\"800\" src=\"https:\/\/dinkpickleball.com\/wp-content\/uploads\/2023\/05\/Pickleball-Sets-1.jpg\" alt=\"Pickleball S\u00e4tze 1\" srcset=\"https:\/\/dinkpickleball.com\/wp-content\/uploads\/2023\/05\/Pickleball-Sets-1.jpg 800w, https:\/\/dinkpickleball.com\/wp-content\/uploads\/2023\/05\/Pickleball-Sets-1-300x300.jpg 300w, https:\/\/dinkpickleball.com\/wp-content\/uploads\/2023\/05\/Pickleball-Sets-1-150x150.jpg 150w, https:\/\/dinkpickleball.com\/wp-content\/uploads\/2023\/05\/Pickleball-Sets-1-768x768.jpg 768w, https:\/\/dinkpickleball.com\/wp-content\/uploads\/2023\/05\/Pickleball-Sets-1-600x600.jpg 600w, https:\/\/dinkpickleball.com\/wp-content\/uploads\/2023\/05\/Pickleball-Sets-1-100x100.jpg 100w\" sizes=\"auto, (max-width: 800px) 100vw, 800px\" \/><br \/>\n                                                            <a ><br \/>\n                                    Jetzt Anfrage senden                                <\/a><br \/>\n                    <img loading=\"lazy\" decoding=\"async\" width=\"800\" height=\"800\" src=\"https:\/\/dinkpickleball.com\/wp-content\/uploads\/2023\/05\/Pickleball-Sets-2.jpg\" alt=\"Pickleball-Sets 2\" srcset=\"https:\/\/dinkpickleball.com\/wp-content\/uploads\/2023\/05\/Pickleball-Sets-2.jpg 800w, https:\/\/dinkpickleball.com\/wp-content\/uploads\/2023\/05\/Pickleball-Sets-2-300x300.jpg 300w, https:\/\/dinkpickleball.com\/wp-content\/uploads\/2023\/05\/Pickleball-Sets-2-150x150.jpg 150w, https:\/\/dinkpickleball.com\/wp-content\/uploads\/2023\/05\/Pickleball-Sets-2-768x768.jpg 768w, https:\/\/dinkpickleball.com\/wp-content\/uploads\/2023\/05\/Pickleball-Sets-2-600x600.jpg 600w, https:\/\/dinkpickleball.com\/wp-content\/uploads\/2023\/05\/Pickleball-Sets-2-100x100.jpg 100w\" sizes=\"auto, (max-width: 800px) 100vw, 800px\" \/><br \/>\n                                                            <a ><br \/>\n                                    Jetzt Anfrage senden                                <\/a><br \/>\n                    <img loading=\"lazy\" decoding=\"async\" width=\"800\" height=\"800\" src=\"https:\/\/dinkpickleball.com\/wp-content\/uploads\/2023\/05\/Pickleball-Sets-4.jpg\" alt=\"Pickleball-Sets 4\" srcset=\"https:\/\/dinkpickleball.com\/wp-content\/uploads\/2023\/05\/Pickleball-Sets-4.jpg 800w, https:\/\/dinkpickleball.com\/wp-content\/uploads\/2023\/05\/Pickleball-Sets-4-300x300.jpg 300w, https:\/\/dinkpickleball.com\/wp-content\/uploads\/2023\/05\/Pickleball-Sets-4-150x150.jpg 150w, https:\/\/dinkpickleball.com\/wp-content\/uploads\/2023\/05\/Pickleball-Sets-4-768x768.jpg 768w, https:\/\/dinkpickleball.com\/wp-content\/uploads\/2023\/05\/Pickleball-Sets-4-600x600.jpg 600w, https:\/\/dinkpickleball.com\/wp-content\/uploads\/2023\/05\/Pickleball-Sets-4-100x100.jpg 100w\" sizes=\"auto, (max-width: 800px) 100vw, 800px\" \/><br \/>\n                                                            <a ><br \/>\n                                    Jetzt Anfrage senden                                <\/a><br \/>\n                    <img loading=\"lazy\" decoding=\"async\" width=\"800\" height=\"800\" src=\"https:\/\/dinkpickleball.com\/wp-content\/uploads\/2023\/05\/Pickleball-Sets-3.jpg\" alt=\"Pickleball S\u00e4tze 3\" srcset=\"https:\/\/dinkpickleball.com\/wp-content\/uploads\/2023\/05\/Pickleball-Sets-3.jpg 800w, https:\/\/dinkpickleball.com\/wp-content\/uploads\/2023\/05\/Pickleball-Sets-3-300x300.jpg 300w, https:\/\/dinkpickleball.com\/wp-content\/uploads\/2023\/05\/Pickleball-Sets-3-150x150.jpg 150w, https:\/\/dinkpickleball.com\/wp-content\/uploads\/2023\/05\/Pickleball-Sets-3-768x768.jpg 768w, https:\/\/dinkpickleball.com\/wp-content\/uploads\/2023\/05\/Pickleball-Sets-3-600x600.jpg 600w, https:\/\/dinkpickleball.com\/wp-content\/uploads\/2023\/05\/Pickleball-Sets-3-100x100.jpg 100w\" sizes=\"auto, (max-width: 800px) 100vw, 800px\" \/><br \/>\n                                                            <a ><br \/>\n                                    Jetzt Anfrage senden                                <\/a><\/p>\n<h2>Individuelles Pickleball-Set - Verbessern Sie das Spiel Ihrer Kunden<\/h2>\n<p>Bieten Sie ihnen die hochwertigen Pickleball-Paddel-Sets von DinkPickleball an, die fachm\u00e4nnisch nach den USAPA-Standards hergestellt werden. Als vertrauensw\u00fcrdiger Hersteller gew\u00e4hrleisten wir h\u00f6chste Qualit\u00e4t und Leistung f\u00fcr Ihr Einzelhandels- oder Vertriebsgesch\u00e4ft. Machen Sie Ihre Marke zum Synonym f\u00fcr Exzellenz, indem Sie mit DinkPickleball zusammenarbeiten!<\/p>\n<p>\t\t\t\t\t\t\t\t\t\t\t\t<img decoding=\"async\" src=\"https:\/\/dinkpickleball.com\/wp-content\/uploads\/2023\/04\/Thermoformed-Edges.jpg\" title=\"Tiefgezogene Kanten\" alt=\"Tiefgezogene Kanten\" loading=\"lazy\" \/>\t\t\t\t\t\t\t\t\t\t\t\t\t\t<\/p>\n<h3>Umfassende Pickleball-Sets<\/h3>\n<p>DinkPickleball bietet eine Vielzahl von Pickleball-Sets an, darunter Pickleball Paddle Set, Pickleball Kit, Pickleball Set mit Netz, Pickleball Starter Set und Pickleball Set Of 4, die sich an Spieler aller Spielst\u00e4rken richten.<\/p>\n<p>\t\t\t<a role=\"button\"><br \/>\n\t\t\t\t\t\tSofortiges Angebot anfordern<br \/>\n\t\t\t\t\t<\/a><br \/>\n\t\t\t\t\t\t\t\t\t\t\t\t<img decoding=\"async\" src=\"https:\/\/dinkpickleball.com\/wp-content\/uploads\/2023\/04\/Premium-Quality-Products.jpg\" title=\"Produkte von h\u00f6chster Qualit\u00e4t\" alt=\"Produkte von h\u00f6chster Qualit\u00e4t\" loading=\"lazy\" \/>\t\t\t\t\t\t\t\t\t\t\t\t\t\t<\/p>\n<h3>Hochwertige und USAPA-konforme Paddles<\/h3>\n<p>Unsere Pickleball-Schl\u00e4ger entsprechen den USAPA-Standards und gew\u00e4hrleisten hervorragende Leistung und Haltbarkeit. W\u00e4hlen Sie aus verschiedenen Arten von Pickleball Paddles, einschlie\u00dflich Graphite Pickleball Paddle Set und Set Of 4 Pickleball Paddles.<\/p>\n<p>\t\t\t<a role=\"button\"><br \/>\n\t\t\t\t\t\tSofortiges Angebot anfordern<br \/>\n\t\t\t\t\t<\/a><br \/>\n\t\t\t\t\t\t\t\t\t\t\t\t<img decoding=\"async\" src=\"https:\/\/dinkpickleball.com\/wp-content\/uploads\/2023\/04\/Exceptional-Customer-Support.jpg\" title=\"Au\u00dfergew\u00f6hnliche Kundenbetreuung\" alt=\"Au\u00dfergew\u00f6hnliche Kundenbetreuung\" loading=\"lazy\" \/>\t\t\t\t\t\t\t\t\t\t\t\t\t\t<\/p>\n<h3>Anpassbare Optionen<\/h3>\n<p>Bei DinkPickleball, bieten wir Pickleball Paddle Set Of 2, Pickleball Net Set, Pickleball Paddle Set Of 4, und 4 Paddle Pickleball Set, so dass Sie Ihre Pickleball Set auf der Grundlage Ihrer spezifischen Bed\u00fcrfnisse anpassen k\u00f6nnen.<\/p>\n<p>\t\t\t<a role=\"button\"><br \/>\n\t\t\t\t\t\tSofortiges Angebot anfordern<br \/>\n\t\t\t\t\t<\/a><br \/>\n\t\t\t\t\t\t\t\t\t\t\t\t<img decoding=\"async\" src=\"https:\/\/dinkpickleball.com\/wp-content\/uploads\/2023\/04\/Collaborative-Approach-.jpeg\" title=\"Kollaborativer Ansatz\" alt=\"Kollaborativer Ansatz\" loading=\"lazy\" \/>\t\t\t\t\t\t\t\t\t\t\t\t\t\t<\/p>\n<h3>Ideal f\u00fcr Einsteiger und Profis<\/h3>\n<p>Unser Pickleball-Spielset, Pickleball-Schl\u00e4gerset und Pickleball-Sets zum Verkauf sind f\u00fcr Spieler aller Niveaus geeignet, einschlie\u00dflich Pickleball-Set f\u00fcr Anf\u00e4nger, tragbares Pickleball-Set, Pickleball-Starterkit und Pickleball-Set f\u00fcr Anf\u00e4nger.<\/p>\n<p>\t\t\t<a role=\"button\"><br \/>\n\t\t\t\t\t\tSofortiges Angebot anfordern<br \/>\n\t\t\t\t\t<\/a><br \/>\n\t\t\t\t\t\t\t\t\t\t\t\t<img decoding=\"async\" src=\"https:\/\/dinkpickleball.com\/wp-content\/uploads\/2023\/03\/Responsive-Customer-Service.jpg\" title=\"Reaktionsschneller Kundendienst\" alt=\"Reaktionsschneller Kundendienst\" loading=\"lazy\" \/>\t\t\t\t\t\t\t\t\t\t\t\t\t\t<\/p>\n<h3>G\u00fcnstige Pakete<\/h3>\n<p>DinkPickleball bietet Pickleball 4 Paddle Set, Pickleball Set f\u00fcr 2, Pickleball Paddle und Ball Set, Pickleball Court Set, Pickleball Home Set, und Pickleball Paddle Bundles f\u00fcr Kunden auf der Suche nach gro\u00dfen Wert und Komfort.<\/p>\n<p>\t\t\t<a role=\"button\"><br \/>\n\t\t\t\t\t\tSofortiges Angebot anfordern<br \/>\n\t\t\t\t\t<\/a><br \/>\n\t\t\t\t\t\t\t\t\t\t\t\t<img decoding=\"async\" src=\"https:\/\/dinkpickleball.com\/wp-content\/uploads\/2023\/04\/Proven-Track-Record.jpg\" title=\"Nachgewiesene Erfolgsbilanz\" alt=\"Nachgewiesene Erfolgsbilanz\" loading=\"lazy\" \/>\t\t\t\t\t\t\t\t\t\t\t\t\t\t<\/p>\n<h3>Gro\u00dfe Auswahl an Pickleball-Sets<\/h3>\n<p>W\u00e4hlen Sie aus einer Vielzahl von Optionen wie Pickle Ball Starter Kit, Outdoor Pickleball Set, Pickleball Set mit 4 Paddles und Netz, 4 Square Pickleball Game Set und Pickleball Set 4 Paddles, damit Sie das perfekte Set f\u00fcr Ihre Bed\u00fcrfnisse finden.<\/p>\n<p>\t\t\t<a role=\"button\"><br \/>\n\t\t\t\t\t\tSofortiges Angebot anfordern<br \/>\n\t\t\t\t\t<\/a><br \/>\n\t\t\t\t\t\t\t\t\t\t\t\t<img decoding=\"async\" src=\"https:\/\/dinkpickleball.com\/wp-content\/uploads\/2023\/04\/Extensive-Industry-Experience-and-Expertise.jpeg\" title=\"Umfassende Branchenerfahrung und Expertise\" alt=\"Umfassende Branchenerfahrung und Expertise\" loading=\"lazy\" \/>\t\t\t\t\t\t\t\t\t\t\t\t\t\t<\/p>\n<h3>Tragbar und einfach einzurichten<\/h3>\n<p>Unser Pickleball-Netz- und Schl\u00e4ger-Set, Pickleball-Set-Netz, Pickleball-Outdoor-Set und Pickleball-Portable-Set sind so konzipiert, dass sie leicht aufzubauen und zu transportieren sind, so dass Sie jederzeit und \u00fcberall Pickleball spielen k\u00f6nnen.<\/p>\n<p>\t\t\t<a role=\"button\"><br \/>\n\t\t\t\t\t\tSofortiges Angebot anfordern<br \/>\n\t\t\t\t\t<\/a><br \/>\n\t\t\t\t\t\t\t\t\t\t\t\t<img decoding=\"async\" src=\"https:\/\/dinkpickleball.com\/wp-content\/uploads\/2023\/04\/Expertise-in-Manufacturing.jpg\" title=\"Kompetenz in der Fertigung\" alt=\"Kompetenz in der Fertigung\" loading=\"lazy\" \/>\t\t\t\t\t\t\t\t\t\t\t\t\t\t<\/p>\n<h3>Zuverl\u00e4ssiger Hersteller<\/h3>\n<p>Als Fabrik und Hersteller in China mit 100 Mitarbeitern garantiert DinkPickleball erstklassige Qualit\u00e4t, wettbewerbsf\u00e4hige Preise und effiziente Lieferung f\u00fcr Einzelh\u00e4ndler, Distributoren und Marken, die Pickleball-Sets suchen. Das macht uns zu Ihrem zuverl\u00e4ssigen Pickleball-Partner.<\/p>\n<p>\t\t\t<a role=\"button\"><br \/>\n\t\t\t\t\t\tSofortiges Angebot anfordern<br \/>\n\t\t\t\t\t<\/a><\/p>\n<h2>FAQ<\/h2>\n<p>Hier finden Sie einige h\u00e4ufig gestellte Fragen (FAQs), die B2B-Kunden haben k\u00f6nnten, wenn sie den Kauf eines Pickleball Paddle Sets in Erw\u00e4gung ziehen:<\/p>\n<p>                        <a href=\"#collapse-a767ad6657675b3df5df\" data-ekit-toggle=\"collapse\" data-target=\"#Collapse-a767ad6657675b3df5df\" aria-expanded=\"true\" aria-controls=\"Collapse-a767ad6657675b3df5df\"><br \/>\n                            Wie hoch ist die Mindestbestellmenge (MOQ) f\u00fcr Ihre Pickleball-Sets?<br \/>\n                                        <!-- Normal Icon --><br \/>\n                                        <!-- Active Icon --><br \/>\n                                                    <\/a><\/p>\n<p>Die Mindestbestellmenge f\u00fcr unsere Pickleball-Sets variiert je nach Produkt. Bitte kontaktieren Sie uns f\u00fcr weitere Informationen \u00fcber die Mindestbestellmenge f\u00fcr das Pickleball Set, an dem Sie interessiert sind.<\/p>\n<p>                <!-- .elementskit-card END --><br \/>\n                        <a href=\"#collapse-bc22830657675b3df5df\" data-ekit-toggle=\"collapse\" data-target=\"#Collapse-bc22830657675b3df5df\" aria-expanded=\"false\" aria-controls=\"Collapse-bc22830657675b3df5df\"><br \/>\n                            K\u00f6nnen wir die Pickleball-Sets mit unserem Markenlogo und unseren Farben individuell gestalten?<br \/>\n                                        <!-- Normal Icon --><br \/>\n                                        <!-- Active Icon --><br \/>\n                                                    <\/a><\/p>\n<p>Ja, wir bieten Anpassungsm\u00f6glichkeiten f\u00fcr unsere Pickleball-Sets, einschlie\u00dflich des Hinzuf\u00fcgens Ihres Markenlogos und Ihrer Farben. Bitte teilen Sie uns Ihre Designw\u00fcnsche mit, und wir werden mit Ihnen zusammenarbeiten, um das perfekte Pickleball-Set f\u00fcr Ihre Marke zu entwerfen.<\/p>\n<p>                <!-- .elementskit-card END --><br \/>\n                        <a href=\"#collapse-8417e71657675b3df5df\" data-ekit-toggle=\"collapse\" data-target=\"#Collapse-8417e71657675b3df5df\" aria-expanded=\"false\" aria-controls=\"Collapse-8417e71657675b3df5df\"><br \/>\n                            Wie lauten die Zahlungsbedingungen f\u00fcr Bestellungen von Pickleball-Sets?<br \/>\n                                        <!-- Normal Icon --><br \/>\n                                        <!-- Active Icon --><br \/>\n                                                    <\/a><\/p>\n<p>Unsere Zahlungsbedingungen f\u00fcr Pickleball-Sets Bestellungen sind flexibel, und wir akzeptieren verschiedene Methoden wie T\/T, L\/C, und PayPal. Bitte kontaktieren Sie uns, um die beste Zahlungsoption f\u00fcr Ihre spezifischen Bed\u00fcrfnisse zu besprechen.<\/p>\n<p>                <!-- .elementskit-card END --><br \/>\n                        <a href=\"#collapse-3dad4e0657675b3df5df\" data-ekit-toggle=\"collapse\" data-target=\"#Collapse-3dad4e0657675b3df5df\" aria-expanded=\"false\" aria-controls=\"Collapse-3dad4e0657675b3df5df\"><br \/>\n                            Wie lange dauert die Produktion und Lieferung von Pickleball-Sets?<br \/>\n                                        <!-- Normal Icon --><br \/>\n                                        <!-- Active Icon --><br \/>\n                                                    <\/a><\/p>\n<p>Die Produktions- und Lieferzeiten f\u00fcr unsere Pickleball-Sets h\u00e4ngen von der Bestellmenge und den individuellen Anforderungen ab. Im Allgemeinen dauert es etwa 30-45 Tage f\u00fcr die Produktion und den Versand an Ihren Standort. Wir werden Ihnen jedoch einen genaueren Zeitplan auf der Grundlage Ihrer spezifischen Bestellung mitteilen.<\/p>\n<p>                <!-- .elementskit-card END --><br \/>\n                        <a href=\"#collapse-1e5da80657675b3df5df\" data-ekit-toggle=\"collapse\" data-target=\"#Collapse-1e5da80657675b3df5df\" aria-expanded=\"false\" aria-controls=\"Collapse-1e5da80657675b3df5df\"><br \/>\n                            K\u00f6nnen Sie uns Muster Ihrer Pickleball-Sets zur Verf\u00fcgung stellen, bevor wir eine Gro\u00dfbestellung aufgeben?<br \/>\n                                        <!-- Normal Icon --><br \/>\n                                        <!-- Active Icon --><br \/>\n                                                    <\/a><\/p>\n<p>Ja, wir k\u00f6nnen Ihnen Muster unserer Pickleball-Sets zur Verf\u00fcgung stellen, bevor Sie eine Gro\u00dfbestellung aufgeben. Bitte kontaktieren Sie uns, um die Lieferung von Mustern zu vereinbaren und alle damit verbundenen Kosten zu besprechen.<\/p>\n<p>                <!-- .elementskit-card END --><br \/>\n                        <a href=\"#collapse-4e7624f657675b3df5df\" data-ekit-toggle=\"collapse\" data-target=\"#Collapse-4e7624f657675b3df5df\" aria-expanded=\"false\" aria-controls=\"Collapse-4e7624f657675b3df5df\"><br \/>\n                            Entsprechen Ihre Pickleball-Sets den USAPA-Normen?<br \/>\n                                        <!-- Normal Icon --><br \/>\n                                        <!-- Active Icon --><br \/>\n                                                    <\/a><\/p>\n<p>Ja, unsere Pickleball-Schl\u00e4ger entsprechen den USAPA-Normen und gew\u00e4hrleisten eine hochwertige und zuverl\u00e4ssige Leistung f\u00fcr Ihre Kunden.<\/p>\n<p>                <!-- .elementskit-card END --><br \/>\n                        <a href=\"#collapse-a5eda63657675b3df5df\" data-ekit-toggle=\"collapse\" data-target=\"#Collapse-a5eda63657675b3df5df\" aria-expanded=\"false\" aria-controls=\"Collapse-a5eda63657675b3df5df\"><br \/>\n                            Welche Versandm\u00f6glichkeiten bieten Sie f\u00fcr den Export von Pickleball-Sets in die USA, Kanada, Australien und andere L\u00e4nder an?<br \/>\n                                        <!-- Normal Icon --><br \/>\n                                        <!-- Active Icon --><br \/>\n                                                    <\/a><\/p>\n<p>Wir bieten verschiedene Versandoptionen an, um Ihren Bed\u00fcrfnissen gerecht zu werden, darunter Luftfracht, Seefracht und Expressversand. Wir k\u00f6nnen auch mit Ihrem bevorzugten Versanddienstleister zusammenarbeiten, um eine effiziente und kosteng\u00fcnstige Lieferung Ihrer Bestellung von Pickleball-Sets zu gew\u00e4hrleisten.<\/p>\n<p>                <!-- .elementskit-card END --><\/p>","protected":false},"excerpt":{"rendered":"<p>Pickleball Paddle Set Manufacturer Stand out in the competitive Pickleball market by offering tailored Pickleball Paddle Sets, designed to suit your brand&#8217;s unique style. At DinkPickleball, we specialize in creating custom Pickleball solutions that resonate with your target audience, driving sales and customer satisfaction. Request Our Latest Price Unlock Profit Potential with Custom Pickleball Paddle [&hellip;]<\/p>\n","protected":false},"author":1,"featured_media":0,"parent":0,"menu_order":0,"comment_status":"closed","ping_status":"closed","template":"","meta":{"_seopress_robots_primary_cat":"","_seopress_titles_title":"Pickleball Paddle Sets Manufacturer","_seopress_titles_desc":"Stand out in the competitive Pickleball market by offering tailored Pickleball Paddle Sets, designed to suit your brand&#039;s unique style. At DinkPickleball, we specialize in creating custom Pickleball solutions that resonate with your target","_seopress_robots_index":"","footnotes":""},"class_list":["post-14583","page","type-page","status-publish","hentry"],"meta_box":[],"_links":{"self":[{"href":"https:\/\/dinkpickleball.com\/de\/wp-json\/wp\/v2\/pages\/14583","targetHints":{"allow":["GET"]}}],"collection":[{"href":"https:\/\/dinkpickleball.com\/de\/wp-json\/wp\/v2\/pages"}],"about":[{"href":"https:\/\/dinkpickleball.com\/de\/wp-json\/wp\/v2\/types\/page"}],"author":[{"embeddable":true,"href":"https:\/\/dinkpickleball.com\/de\/wp-json\/wp\/v2\/users\/1"}],"replies":[{"embeddable":true,"href":"https:\/\/dinkpickleball.com\/de\/wp-json\/wp\/v2\/comments?post=14583"}],"version-history":[{"count":24,"href":"https:\/\/dinkpickleball.com\/de\/wp-json\/wp\/v2\/pages\/14583\/revisions"}],"predecessor-version":[{"id":16300,"href":"https:\/\/dinkpickleball.com\/de\/wp-json\/wp\/v2\/pages\/14583\/revisions\/16300"}],"wp:attachment":[{"href":"https:\/\/dinkpickleball.com\/de\/wp-json\/wp\/v2\/media?parent=14583"}],"curies":[{"name":"wp","href":"https:\/\/api.w.org\/{rel}","templated":true}]}}