{"id":14456,"date":"2023-05-05T21:18:00","date_gmt":"2023-05-05T13:18:00","guid":{"rendered":"https:\/\/dinkpickleball.com\/?page_id=14456"},"modified":"2025-01-13T22:09:39","modified_gmt":"2025-01-13T14:09:39","slug":"junior-pickleball-paddles","status":"publish","type":"page","link":"https:\/\/dinkpickleball.com\/de\/junior-pickleball-paddles\/","title":{"rendered":"Junior-Pickleball-Schl\u00e4ger"},"content":{"rendered":"<h1>Junior Pickleball Paddles Hersteller<\/h1>\n<p>Entscheiden Sie sich f\u00fcr die Junior-Pickleball-Schl\u00e4ger von DinkPickleball, weil sie eine unschlagbare Mischung aus Qualit\u00e4t, individueller Anpassung und wettbewerbsf\u00e4higen Massenpreisen bieten. Erleben Sie die nahtlose Zusammenarbeit mit einem zuverl\u00e4ssigen Hersteller und beobachten Sie, wie Ihr Unternehmen floriert, w\u00e4hrend wir gemeinsam wachsen!<\/p>\n<p>\t\t\t<a role=\"button\"><br \/>\n\t\t\t\t\t\tAktuellen Preis anfragen<br \/>\n\t\t\t\t\t<\/a><br \/>\n\t\t\t\t\t\t\t\t\t\t\t\t<img decoding=\"async\" src=\"https:\/\/dinkpickleball.com\/wp-content\/uploads\/2023\/05\/Junior-Pickleball-Paddles.png\" title=\"Junior-Pickleball-Schl\u00e4ger\" alt=\"Junior-Pickleball-Schl\u00e4ger\" loading=\"lazy\" \/>\t\t\t\t\t\t\t\t\t\t\t\t\t\t<\/p>\n<h2>\u00dcbertrumpfen Sie die Konkurrenz mit Kinder-Pickleball-Schl\u00e4gern<\/h2>\n<p>Werten Sie Ihr Angebot mit den individuell anpassbaren Junior Pickleball Paddles von DinkPickleball auf, die auf die individuellen Bed\u00fcrfnisse Ihrer Kunden zugeschnitten sind. Bieten Sie eine unvergleichliche Vielfalt und Qualit\u00e4t und stellen Sie sicher, dass Ihr Gesch\u00e4ft die erste Adresse f\u00fcr alles, was mit Pickleball zu tun hat, bleibt!<\/p>\n<p>                    <img decoding=\"async\" width=\"1000\" height=\"1000\" src=\"https:\/\/dinkpickleball.com\/wp-content\/uploads\/2023\/05\/Kids-Pickleball-Paddles.jpg\" alt=\"Kinder-Pickleball-Schl\u00e4ger\" loading=\"lazy\" srcset=\"https:\/\/dinkpickleball.com\/wp-content\/uploads\/2023\/05\/Kids-Pickleball-Paddles.jpg 1000w, https:\/\/dinkpickleball.com\/wp-content\/uploads\/2023\/05\/Kids-Pickleball-Paddles-300x300.jpg 300w, https:\/\/dinkpickleball.com\/wp-content\/uploads\/2023\/05\/Kids-Pickleball-Paddles-150x150.jpg 150w, https:\/\/dinkpickleball.com\/wp-content\/uploads\/2023\/05\/Kids-Pickleball-Paddles-768x768.jpg 768w, https:\/\/dinkpickleball.com\/wp-content\/uploads\/2023\/05\/Kids-Pickleball-Paddles-600x600.jpg 600w, https:\/\/dinkpickleball.com\/wp-content\/uploads\/2023\/05\/Kids-Pickleball-Paddles-100x100.jpg 100w\" sizes=\"auto, (max-width: 1000px) 100vw, 1000px\" \/><br \/>\n                                                            <a ><br \/>\n                                    Jetzt Anfrage senden                                <\/a><br \/>\n                    <img decoding=\"async\" width=\"1000\" height=\"1000\" src=\"https:\/\/dinkpickleball.com\/wp-content\/uploads\/2023\/05\/Junior-Pickleball-Paddle.jpg\" alt=\"Junior Pickleball Paddel\" loading=\"lazy\" srcset=\"https:\/\/dinkpickleball.com\/wp-content\/uploads\/2023\/05\/Junior-Pickleball-Paddle.jpg 1000w, https:\/\/dinkpickleball.com\/wp-content\/uploads\/2023\/05\/Junior-Pickleball-Paddle-300x300.jpg 300w, https:\/\/dinkpickleball.com\/wp-content\/uploads\/2023\/05\/Junior-Pickleball-Paddle-150x150.jpg 150w, https:\/\/dinkpickleball.com\/wp-content\/uploads\/2023\/05\/Junior-Pickleball-Paddle-768x768.jpg 768w, https:\/\/dinkpickleball.com\/wp-content\/uploads\/2023\/05\/Junior-Pickleball-Paddle-600x600.jpg 600w, https:\/\/dinkpickleball.com\/wp-content\/uploads\/2023\/05\/Junior-Pickleball-Paddle-100x100.jpg 100w\" sizes=\"auto, (max-width: 1000px) 100vw, 1000px\" \/><br \/>\n                                                            <a ><br \/>\n                                    Jetzt Anfrage senden                                <\/a><br \/>\n                    <img decoding=\"async\" width=\"1000\" height=\"1000\" src=\"https:\/\/dinkpickleball.com\/wp-content\/uploads\/2023\/05\/Junior-Pickleball-Paddle-Bulk.jpg\" alt=\"Junior Pickleball Paddle Bulk\" loading=\"lazy\" srcset=\"https:\/\/dinkpickleball.com\/wp-content\/uploads\/2023\/05\/Junior-Pickleball-Paddle-Bulk.jpg 1000w, https:\/\/dinkpickleball.com\/wp-content\/uploads\/2023\/05\/Junior-Pickleball-Paddle-Bulk-300x300.jpg 300w, https:\/\/dinkpickleball.com\/wp-content\/uploads\/2023\/05\/Junior-Pickleball-Paddle-Bulk-150x150.jpg 150w, https:\/\/dinkpickleball.com\/wp-content\/uploads\/2023\/05\/Junior-Pickleball-Paddle-Bulk-768x768.jpg 768w, https:\/\/dinkpickleball.com\/wp-content\/uploads\/2023\/05\/Junior-Pickleball-Paddle-Bulk-600x600.jpg 600w, https:\/\/dinkpickleball.com\/wp-content\/uploads\/2023\/05\/Junior-Pickleball-Paddle-Bulk-100x100.jpg 100w\" sizes=\"auto, (max-width: 1000px) 100vw, 1000px\" \/><br \/>\n                                                            <a ><br \/>\n                                    Jetzt Anfrage senden                                <\/a><br \/>\n                    <img decoding=\"async\" width=\"1000\" height=\"1000\" src=\"https:\/\/dinkpickleball.com\/wp-content\/uploads\/2023\/05\/Junior-Pickleball-Paddle-Wholesale.jpg\" alt=\"Junior Pickleball Paddel Gro\u00dfhandel\" loading=\"lazy\" srcset=\"https:\/\/dinkpickleball.com\/wp-content\/uploads\/2023\/05\/Junior-Pickleball-Paddle-Wholesale.jpg 1000w, https:\/\/dinkpickleball.com\/wp-content\/uploads\/2023\/05\/Junior-Pickleball-Paddle-Wholesale-300x300.jpg 300w, https:\/\/dinkpickleball.com\/wp-content\/uploads\/2023\/05\/Junior-Pickleball-Paddle-Wholesale-150x150.jpg 150w, https:\/\/dinkpickleball.com\/wp-content\/uploads\/2023\/05\/Junior-Pickleball-Paddle-Wholesale-768x768.jpg 768w, https:\/\/dinkpickleball.com\/wp-content\/uploads\/2023\/05\/Junior-Pickleball-Paddle-Wholesale-600x600.jpg 600w, https:\/\/dinkpickleball.com\/wp-content\/uploads\/2023\/05\/Junior-Pickleball-Paddle-Wholesale-100x100.jpg 100w\" sizes=\"auto, (max-width: 1000px) 100vw, 1000px\" \/><br \/>\n                                                            <a ><br \/>\n                                    Jetzt Anfrage senden                                <\/a><br \/>\n                    <img decoding=\"async\" width=\"1000\" height=\"1000\" src=\"https:\/\/dinkpickleball.com\/wp-content\/uploads\/2023\/05\/Junior-Paddle-.jpg\" alt=\"Junior-Paddel\" loading=\"lazy\" srcset=\"https:\/\/dinkpickleball.com\/wp-content\/uploads\/2023\/05\/Junior-Paddle-.jpg 1000w, https:\/\/dinkpickleball.com\/wp-content\/uploads\/2023\/05\/Junior-Paddle--300x300.jpg 300w, https:\/\/dinkpickleball.com\/wp-content\/uploads\/2023\/05\/Junior-Paddle--150x150.jpg 150w, https:\/\/dinkpickleball.com\/wp-content\/uploads\/2023\/05\/Junior-Paddle--768x768.jpg 768w, https:\/\/dinkpickleball.com\/wp-content\/uploads\/2023\/05\/Junior-Paddle--600x600.jpg 600w, https:\/\/dinkpickleball.com\/wp-content\/uploads\/2023\/05\/Junior-Paddle--100x100.jpg 100w\" sizes=\"auto, (max-width: 1000px) 100vw, 1000px\" \/><br \/>\n                                                            <a ><br \/>\n                                    Jetzt Anfrage senden                                <\/a><br \/>\n                    <img decoding=\"async\" width=\"1000\" height=\"1000\" src=\"https:\/\/dinkpickleball.com\/wp-content\/uploads\/2023\/05\/Junior-Pickleball-Paddle-Factory.jpg\" alt=\"Junior Pickleball Paddle Factory\" loading=\"lazy\" srcset=\"https:\/\/dinkpickleball.com\/wp-content\/uploads\/2023\/05\/Junior-Pickleball-Paddle-Factory.jpg 1000w, https:\/\/dinkpickleball.com\/wp-content\/uploads\/2023\/05\/Junior-Pickleball-Paddle-Factory-300x300.jpg 300w, https:\/\/dinkpickleball.com\/wp-content\/uploads\/2023\/05\/Junior-Pickleball-Paddle-Factory-150x150.jpg 150w, https:\/\/dinkpickleball.com\/wp-content\/uploads\/2023\/05\/Junior-Pickleball-Paddle-Factory-768x768.jpg 768w, https:\/\/dinkpickleball.com\/wp-content\/uploads\/2023\/05\/Junior-Pickleball-Paddle-Factory-600x600.jpg 600w, https:\/\/dinkpickleball.com\/wp-content\/uploads\/2023\/05\/Junior-Pickleball-Paddle-Factory-100x100.jpg 100w\" sizes=\"auto, (max-width: 1000px) 100vw, 1000px\" \/><br \/>\n                                                            <a ><br \/>\n                                    Jetzt Anfrage senden                                <\/a><\/p>\n<h2>Ihr ultimativer Partner auf dem globalen Pickleball-Markt<\/h2>\n<p>Erleben Sie den DinkPickleball-Unterschied und steigern Sie Ihr Gesch\u00e4ft mit unseren branchenf\u00fchrenden Kids Pickleball Paddles und unserem unerm\u00fcdlichen Engagement f\u00fcr Ihren Erfolg.<\/p>\n<p>\t\t\t\t\t\t\t\t\t\t\t\t<img decoding=\"async\" src=\"https:\/\/dinkpickleball.com\/wp-content\/uploads\/2023\/04\/brand_identity-01.png\" title=\"\" alt=\"Beste Metallstrohhalme Fabrik\" loading=\"lazy\" \/>\t\t\t\t\t\t\t\t\t\t\t\t\t\t<\/p>\n<h3>Perfekt dimensioniert f\u00fcr junge Spieler<\/h3>\n<p>Unsere Junior-Pickleball-Schl\u00e4ger sind speziell f\u00fcr Kinder entwickelt worden und gew\u00e4hrleisten einen bequemen Griff und die richtige Gewichtsverteilung f\u00fcr ein angenehmes Spielerlebnis.<\/p>\n<p>\t\t\t<a role=\"button\"><br \/>\n\t\t\t\t\t\tSofortiges Angebot anfordern<br \/>\n\t\t\t\t\t<\/a><br \/>\n\t\t\t\t\t\t\t\t\t\t\t\t<img decoding=\"async\" src=\"https:\/\/dinkpickleball.com\/wp-content\/uploads\/2023\/04\/Premium-Quality-Products.jpg\" title=\"Produkte von h\u00f6chster Qualit\u00e4t\" alt=\"Produkte von h\u00f6chster Qualit\u00e4t\" loading=\"lazy\" \/>\t\t\t\t\t\t\t\t\t\t\t\t\t\t<\/p>\n<h3>Hochwertige Materialien<\/h3>\n<p>Die Kinder-Pickleball-Schl\u00e4ger von DinkPickleball werden aus hochwertigen Materialien hergestellt, die Langlebigkeit und Leistung garantieren und somit eine dauerhafte Investition f\u00fcr Ihr Unternehmen darstellen.<\/p>\n<p>\t\t\t<a role=\"button\"><br \/>\n\t\t\t\t\t\tSofortiges Angebot anfordern<br \/>\n\t\t\t\t\t<\/a><br \/>\n\t\t\t\t\t\t\t\t\t\t\t\t<img decoding=\"async\" src=\"https:\/\/dinkpickleball.com\/wp-content\/uploads\/2023\/04\/Thermoformed-Edges.jpg\" title=\"Tiefgezogene Kanten\" alt=\"Tiefgezogene Kanten\" loading=\"lazy\" \/>\t\t\t\t\t\t\t\t\t\t\t\t\t\t<\/p>\n<h3>USAPA-konforme Standards<\/h3>\n<p>Unsere Junior-Pickleball-Schl\u00e4ger erf\u00fcllen alle USAPA-Standards und gew\u00e4hrleisten, dass die jungen Spieler Zugang zu einer qualitativ hochwertigen Ausr\u00fcstung haben, die den offiziellen Richtlinien entspricht.<\/p>\n<p>\t\t\t<a role=\"button\"><br \/>\n\t\t\t\t\t\tSofortiges Angebot anfordern<br \/>\n\t\t\t\t\t<\/a><br \/>\n\t\t\t\t\t\t\t\t\t\t\t\t<img decoding=\"async\" src=\"https:\/\/dinkpickleball.com\/wp-content\/uploads\/2023\/04\/Collaborative-Approach-.jpeg\" title=\"Kollaborativer Ansatz\" alt=\"Kollaborativer Ansatz\" loading=\"lazy\" \/>\t\t\t\t\t\t\t\t\t\t\t\t\t\t<\/p>\n<h3>Anpassbare Designs<\/h3>\n<p>Gehen Sie auf die individuellen W\u00fcnsche Ihrer Kunden ein, indem Sie eine Vielzahl von Anpassungsm\u00f6glichkeiten f\u00fcr unsere Junior Pickleball Paddles anbieten, einschlie\u00dflich Farben, Logos und andere Designelemente.<\/p>\n<p>\t\t\t<a role=\"button\"><br \/>\n\t\t\t\t\t\tSofortiges Angebot anfordern<br \/>\n\t\t\t\t\t<\/a><br \/>\n\t\t\t\t\t\t\t\t\t\t\t\t<img decoding=\"async\" src=\"https:\/\/dinkpickleball.com\/wp-content\/uploads\/2023\/03\/Responsive-Customer-Service.jpg\" title=\"Reaktionsschneller Kundendienst\" alt=\"Reaktionsschneller Kundendienst\" loading=\"lazy\" \/>\t\t\t\t\t\t\t\t\t\t\t\t\t\t<\/p>\n<h3>Professionelle Unterst\u00fctzung und Service<\/h3>\n<p>Unser engagiertes Expertenteam steht Ihnen bei allen Fragen und Anliegen zur Seite und bietet Ihnen einen au\u00dfergew\u00f6hnlichen Kundenservice, der Ihre Beziehung zu DinkPickleball st\u00e4rkt.<\/p>\n<p>\t\t\t<a role=\"button\"><br \/>\n\t\t\t\t\t\tSofortiges Angebot anfordern<br \/>\n\t\t\t\t\t<\/a><br \/>\n\t\t\t\t\t\t\t\t\t\t\t\t<img decoding=\"async\" src=\"https:\/\/dinkpickleball.com\/wp-content\/uploads\/2023\/04\/Adaptability-and-Responsiveness-to-Market.jpeg\" title=\"Anpassungsf\u00e4higkeit und Reaktionsf\u00e4higkeit auf den Markt\" alt=\"Anpassungsf\u00e4higkeit und Reaktionsf\u00e4higkeit auf den Markt\" loading=\"lazy\" \/>\t\t\t\t\t\t\t\t\t\t\t\t\t\t<\/p>\n<h3>Vertraut von Top-Marken<\/h3>\n<p>Einzelh\u00e4ndler, Distributoren und Marken auf der ganzen Welt vertrauen DinkPickleball f\u00fcr ihren Bedarf an Junior-Pickleball-Paddeln, was uns zu einem zuverl\u00e4ssigen und seri\u00f6sen Lieferanten f\u00fcr Ihr Unternehmen macht.<\/p>\n<p>\t\t\t<a role=\"button\"><br \/>\n\t\t\t\t\t\tSofortiges Angebot anfordern<br \/>\n\t\t\t\t\t<\/a><\/p>\n<figure><img decoding=\"async\" src=\"https:\/\/dinkpickleball.com\/wp-content\/uploads\/2022\/06\/onix.png\" alt=\"onix\" \/><\/figure>\n<figure><img decoding=\"async\" src=\"https:\/\/dinkpickleball.com\/wp-content\/uploads\/2022\/06\/Diadem-logo.png\" alt=\"Diadem-Logo\" \/><\/figure>\n<figure><img decoding=\"async\" src=\"https:\/\/dinkpickleball.com\/wp-content\/uploads\/2022\/06\/Gamma.png\" alt=\"Gamma\" \/><\/figure>\n<figure><img decoding=\"async\" src=\"https:\/\/dinkpickleball.com\/wp-content\/uploads\/2023\/04\/CRBN-logo.png\" alt=\"CRBN-Logo\" \/><\/figure>\n<figure><img decoding=\"async\" src=\"https:\/\/dinkpickleball.com\/wp-content\/uploads\/2023\/04\/RECESS-logo.png\" alt=\"RECESS-Logo\" \/><\/figure>\n<figure><img decoding=\"async\" src=\"https:\/\/dinkpickleball.com\/wp-content\/uploads\/2023\/04\/STIGA-logo.png\" alt=\"STIGA-Logo\" \/><\/figure>\n<figure><img decoding=\"async\" src=\"https:\/\/dinkpickleball.com\/wp-content\/uploads\/2022\/06\/niupipo.png\" alt=\"niupipo\" \/><\/figure>\n<figure><img decoding=\"async\" src=\"https:\/\/dinkpickleball.com\/wp-content\/uploads\/2022\/06\/Paddletek.png\" alt=\"Paddletek\" \/><\/figure>\n<h2>FAQ<\/h2>\n<p>Hier finden Sie einige h\u00e4ufig gestellte Fragen (FAQs), die B2B-Kunden beim Kauf von Junior Pickleball Paddles stellen k\u00f6nnten:<\/p>\n<p>                        <a href=\"#collapse-a767ad6650c4ca1059e4\" data-ekit-toggle=\"collapse\" data-target=\"#Collapse-a767ad6650c4ca1059e4\" aria-expanded=\"true\" aria-controls=\"Collapse-a767ad6650c4ca1059e4\"><br \/>\n                            Welche Materialien werden f\u00fcr die Konstruktion Ihrer Junior Pickleball Paddles verwendet?<br \/>\n                                        <!-- Normal Icon --><br \/>\n                                        <!-- Active Icon --><br \/>\n                                                    <\/a><\/p>\n<p>Unsere Junior-Pickleball-Schl\u00e4ger sind aus hochwertigen Materialien hergestellt, die Langlebigkeit, Leistung und ein komfortables Spielerlebnis f\u00fcr junge Spieler gew\u00e4hrleisten.<\/p>\n<p>                <!-- .elementskit-card END --><br \/>\n                        <a href=\"#collapse-bc22830650c4ca1059e4\" data-ekit-toggle=\"collapse\" data-target=\"#Collapse-bc22830650c4ca1059e4\" aria-expanded=\"false\" aria-controls=\"Collapse-bc22830650c4ca1059e4\"><br \/>\n                            Entsprechen Ihre Junior-Pickleball-Schl\u00e4ger den USAPA-Normen?<br \/>\n                                        <!-- Normal Icon --><br \/>\n                                        <!-- Active Icon --><br \/>\n                                                    <\/a><\/p>\n<p>Ja, unsere Junior-Pickleball-Schl\u00e4ger entsprechen allen USAPA-Normen und gew\u00e4hrleisten, dass die jungen Spieler Zugang zu einer qualitativ hochwertigen Ausr\u00fcstung haben, die den offiziellen Richtlinien entspricht.<\/p>\n<p>                <!-- .elementskit-card END --><br \/>\n                        <a href=\"#collapse-8417e71650c4ca1059e4\" data-ekit-toggle=\"collapse\" data-target=\"#Collapse-8417e71650c4ca1059e4\" aria-expanded=\"false\" aria-controls=\"Collapse-8417e71650c4ca1059e4\"><br \/>\n                            Welche Anpassungsm\u00f6glichkeiten bieten Sie f\u00fcr Ihre Junior Pickleball Paddles an?<br \/>\n                                        <!-- Normal Icon --><br \/>\n                                        <!-- Active Icon --><br \/>\n                                                    <\/a><\/p>\n<p>Wir bieten eine Vielzahl von Anpassungsm\u00f6glichkeiten, einschlie\u00dflich Farben, Logoplatzierung und anderer Designelemente, um den individuellen W\u00fcnschen Ihrer Kunden gerecht zu werden.<\/p>\n<p>                <!-- .elementskit-card END --><br \/>\n                        <a href=\"#collapse-3dad4e0650c4ca1059e4\" data-ekit-toggle=\"collapse\" data-target=\"#Collapse-3dad4e0650c4ca1059e4\" aria-expanded=\"false\" aria-controls=\"Collapse-3dad4e0650c4ca1059e4\"><br \/>\n                            Welche Preisoptionen bieten Sie f\u00fcr Gro\u00dfabnehmer und Gro\u00dfh\u00e4ndler?<br \/>\n                                        <!-- Normal Icon --><br \/>\n                                        <!-- Active Icon --><br \/>\n                                                    <\/a><\/p>\n<p>Wir bieten wettbewerbsf\u00e4hige Preise f\u00fcr Gro\u00df- und Einzelhandelsbestellungen, so dass Sie die Einsparungen an Ihre Kunden weitergeben und Ihre Gewinnspanne erh\u00f6hen k\u00f6nnen. F\u00fcr spezifische Preisinformationen wenden Sie sich bitte an unser Verkaufsteam.<\/p>\n<p>                <!-- .elementskit-card END --><br \/>\n                        <a href=\"#collapse-293f4f9650c4ca1059e4\" data-ekit-toggle=\"collapse\" data-target=\"#Collapse-293f4f9650c4ca1059e4\" aria-expanded=\"false\" aria-controls=\"Collapse-293f4f9650c4ca1059e4\"><br \/>\n                            Wie hoch ist Ihre Mindestbestellmenge (MOQ) f\u00fcr Junior Pickleball Paddles?<br \/>\n                                        <!-- Normal Icon --><br \/>\n                                        <!-- Active Icon --><br \/>\n                                                    <\/a><\/p>\n<p>Unser MOQ variiert je nach dem spezifischen Produkt und den Anpassungsanforderungen. Bitte kontaktieren Sie unser Verkaufsteam f\u00fcr weitere Informationen \u00fcber MOQs f\u00fcr Ihre gew\u00fcnschten Junior Pickleball Paddles.<\/p>\n<p>                <!-- .elementskit-card END --><br \/>\n                        <a href=\"#collapse-1e5da80650c4ca1059e4\" data-ekit-toggle=\"collapse\" data-target=\"#Collapse-1e5da80650c4ca1059e4\" aria-expanded=\"false\" aria-controls=\"Collapse-1e5da80650c4ca1059e4\"><br \/>\n                            Wie lange ist die Vorlaufzeit f\u00fcr Produktion und Versand?<br \/>\n                                        <!-- Normal Icon --><br \/>\n                                        <!-- Active Icon --><br \/>\n                                                    <\/a><\/p>\n<p>Unsere Vorlaufzeit variiert je nach Gr\u00f6\u00dfe der Bestellung und dem gew\u00fcnschten Grad der Anpassung. In der Regel liegen die Produktions- und Versandzeiten bei 2-4 Wochen. Bitte kontaktieren Sie unser Vertriebsteam f\u00fcr genauere Informationen zu Ihren Anforderungen.<\/p>\n<p>                <!-- .elementskit-card END --><\/p>","protected":false},"excerpt":{"rendered":"<p>Junior Pickleball Paddles Manufacturer Choose DinkPickleball&#8217;s Junior Pickleball Paddles for their unbeatable blend of quality, customization, and competitive bulk pricing. Experience seamless collaboration with a reliable manufacturer, and watch your business flourish as we grow together! Request Our Latest Price Outshine the Competition with Kids Pickleball Paddles Elevate your inventory with DinkPickleball&#8217;s customizable Junior Pickleball [&hellip;]<\/p>\n","protected":false},"author":1,"featured_media":0,"parent":0,"menu_order":0,"comment_status":"closed","ping_status":"closed","template":"","meta":{"_seopress_robots_primary_cat":"","_seopress_titles_title":"Junior Pickleball Paddles Manufacturer","_seopress_titles_desc":"Choose DinkPickleball\u2019s Junior Pickleball Paddles for their unbeatable blend of quality, customization, and competitive bulk pricing. Experience seamless collaboration with a reliable manufacturer, and watch your business flourish as we grow together!","_seopress_robots_index":"","footnotes":""},"class_list":["post-14456","page","type-page","status-publish","hentry"],"meta_box":[],"_links":{"self":[{"href":"https:\/\/dinkpickleball.com\/de\/wp-json\/wp\/v2\/pages\/14456","targetHints":{"allow":["GET"]}}],"collection":[{"href":"https:\/\/dinkpickleball.com\/de\/wp-json\/wp\/v2\/pages"}],"about":[{"href":"https:\/\/dinkpickleball.com\/de\/wp-json\/wp\/v2\/types\/page"}],"author":[{"embeddable":true,"href":"https:\/\/dinkpickleball.com\/de\/wp-json\/wp\/v2\/users\/1"}],"replies":[{"embeddable":true,"href":"https:\/\/dinkpickleball.com\/de\/wp-json\/wp\/v2\/comments?post=14456"}],"version-history":[{"count":18,"href":"https:\/\/dinkpickleball.com\/de\/wp-json\/wp\/v2\/pages\/14456\/revisions"}],"predecessor-version":[{"id":16286,"href":"https:\/\/dinkpickleball.com\/de\/wp-json\/wp\/v2\/pages\/14456\/revisions\/16286"}],"wp:attachment":[{"href":"https:\/\/dinkpickleball.com\/de\/wp-json\/wp\/v2\/media?parent=14456"}],"curies":[{"name":"wp","href":"https:\/\/api.w.org\/{rel}","templated":true}]}}