{"id":14351,"date":"2023-04-25T22:22:12","date_gmt":"2023-04-25T14:22:12","guid":{"rendered":"https:\/\/dinkpickleball.com\/?page_id=14351"},"modified":"2025-01-13T22:10:02","modified_gmt":"2025-01-13T14:10:02","slug":"thermoformed-pickleball-paddle","status":"publish","type":"page","link":"https:\/\/dinkpickleball.com\/de\/thermoformed-pickleball-paddle\/","title":{"rendered":"Thermogeformtes Pickleball-Paddel"},"content":{"rendered":"<h1>Thermogeformtes Pickleball-Paddel Fabrik<\/h1>\n<p>Thermogeformtes Pickleball-Paddel von DinkPickleball, eine bahnbrechende Innovation in der Pickleball-Paddel-Technologie. Unsere thermogeformten Paddel kombinieren Haltbarkeit, leichtes Design und \u00fcberlegene Kontrolle, was den Spielern einen Wettbewerbsvorteil auf dem Platz verschafft. Diese f\u00fcr Einzelh\u00e4ndler, Distributoren und Marken entwickelten Paddel werden mit dem neuesten Thermoformverfahren hergestellt und gew\u00e4hrleisten hochwertige Produkte, die den USAPA-Standards entsprechen.<\/p>\n<p>\t\t\t<a role=\"button\"><br \/>\n\t\t\t\t\t\tAktuellen Preis anfragen<br \/>\n\t\t\t\t\t<\/a><br \/>\n\t\t\t\t\t\t\t\t\t\t\t\t<img decoding=\"async\" src=\"https:\/\/dinkpickleball.com\/wp-content\/uploads\/2023\/04\/Thermoformed-Pickleball-Paddle-Factory.png\" title=\"Thermogeformtes Pickleball-Paddel Fabrik\" alt=\"Thermogeformtes Pickleball-Paddel Fabrik\" loading=\"lazy\" \/>\t\t\t\t\t\t\t\t\t\t\t\t\t\t<\/p>\n<h5>Herstellungsprozess<\/h5>\n<p>Thermogeformt ist ein Prozess und es ist die innere thermogeformte Dichtung. Wir f\u00fcgen das Kohlefasermaterial und den eingespritzten EVA-Schaum an der Kante hinzu und verwenden die neue hitzegepresste Technologie, um eine thermogeformte Kante und eine Unibody-Konstruktion zu schaffen. Durch diesen Prozess entsteht ein versiegelter, eingespritzter Schaum, der sowohl leicht als auch haltbar ist, so dass der Wabenkern versiegelt wird, bevor wir den Kantenschutz anbringen. Thermogeformte Pickleball-Schl\u00e4ger unterscheiden sich von anderen Schl\u00e4gertypen, da sie anstelle des Kaltschneidens w\u00e4rmegepresst und mit einer versiegelten Kante versehen sind. Diese versiegelte Kante mit Schaumstoffschicht bietet ein weicheres Gef\u00fchl und mehr Kontrolle, so dass es einfacher, den Ball mit Pr\u00e4zision zu schlagen.<\/p>\n<p>Als Fabrik und Hersteller hat sich DinkPickleball der Herstellung von qualitativ hochwertigen thermogeformten Pickleball-Schl\u00e4gern verschrieben. Unser Herstellungsprozess umfasst strenge Qualit\u00e4tskontrollen und den Einsatz modernster Technologie, um sicherzustellen, dass unsere Produkte den h\u00f6chsten Industriestandards entsprechen.<\/p>\n<p>\t\t\t<a role=\"button\"><br \/>\n\t\t\t\t\t\tAnfrage f\u00fcr ein Angebot<br \/>\n\t\t\t\t\t<\/a><br \/>\n\t\t\t\t\t\t\t\t\t\t\t\t<img decoding=\"async\" width=\"600\" height=\"600\" src=\"https:\/\/dinkpickleball.com\/wp-content\/uploads\/2023\/04\/Thermoformed-Pickleball-Paddle.png\" alt=\"Thermogeformtes Pickleball-Paddel\" loading=\"lazy\" srcset=\"https:\/\/dinkpickleball.com\/wp-content\/uploads\/2023\/04\/Thermoformed-Pickleball-Paddle.png 600w, https:\/\/dinkpickleball.com\/wp-content\/uploads\/2023\/04\/Thermoformed-Pickleball-Paddle-300x300.png 300w, https:\/\/dinkpickleball.com\/wp-content\/uploads\/2023\/04\/Thermoformed-Pickleball-Paddle-150x150.png 150w, https:\/\/dinkpickleball.com\/wp-content\/uploads\/2023\/04\/Thermoformed-Pickleball-Paddle-100x100.png 100w\" sizes=\"auto, (max-width: 600px) 100vw, 600px\" \/>\t\t\t\t\t\t\t\t\t\t\t\t\t\t<\/p>\n<h2>Warum<\/h2>\n<h2>sich mit weniger zufrieden geben, wenn man das Beste haben kann?<\/h2>\n<p>Unser thermogeformtes Pickleball-Paddel wurde mit Blick auf den modernen Spieler entwickelt und bietet unvergleichlichen Komfort und Leistung. Treten Sie mit Vertrauen auf den Platz und lassen Sie Ihr Paddel sprechen!<\/p>\n<p>\t\t\t<a role=\"button\"><br \/>\n\t\t\t\t\t\tAnfrage f\u00fcr ein Angebot<br \/>\n\t\t\t\t\t<\/a><br \/>\n\t\t<iframe loading=\"lazy\" title=\"Thermogeformte Pickleball-Schl\u00e4ger Hersteller | dinkpickleball.com\" width=\"500\" height=\"281\" src=\"https:\/\/www.youtube.com\/embed\/AL8NKWylYVE?feature=oembed\" frameborder=\"0\" allow=\"accelerometer; autoplay; clipboard-write; encrypted-media; gyroscope; picture-in-picture; web-share\" referrerpolicy=\"strict-origin-when-cross-origin\" allowfullscreen><\/iframe><br \/>\n\t\t\t\t\t\t\t\t\t\t\t\t<img decoding=\"async\" width=\"800\" height=\"800\" src=\"https:\/\/dinkpickleball.com\/wp-content\/uploads\/2023\/08\/DP43-Thermoformed-Pickleball-Paddle.png\" alt=\"dp43 thermogeformtes Pickleball-Paddel\" loading=\"lazy\" srcset=\"https:\/\/dinkpickleball.com\/wp-content\/uploads\/2023\/08\/DP43-Thermoformed-Pickleball-Paddle.png 800w, https:\/\/dinkpickleball.com\/wp-content\/uploads\/2023\/08\/DP43-Thermoformed-Pickleball-Paddle-300x300.png 300w, https:\/\/dinkpickleball.com\/wp-content\/uploads\/2023\/08\/DP43-Thermoformed-Pickleball-Paddle-150x150.png 150w, https:\/\/dinkpickleball.com\/wp-content\/uploads\/2023\/08\/DP43-Thermoformed-Pickleball-Paddle-768x768.png 768w\" sizes=\"auto, (max-width: 800px) 100vw, 800px\" \/>\t\t\t\t\t\t\t\t\t\t\t\t\t\t<\/p>\n<ul>\n<li>\n\t\t\t\t\t\t\t\t\t\tL418*W190mm L16.5*W7.5in Griffl\u00e4nge: 135-140mm\/5.3-5.5in\n\t\t\t\t\t\t\t\t\t<\/li>\n<li>\n\t\t\t\t\t\t\t\t\t\tDicke mit Kantenschutzoptionen 16\/19mm (0.63\/0.75in)\n\t\t\t\t\t\t\t\t\t<\/li>\n<li>\n\t\t\t\t\t\t\t\t\t\tPP-Kern Optionen 13,3\/16mm\n\t\t\t\t\t\t\t\t\t<\/li>\n<\/ul>\n<p>\t\t\t<a role=\"button\"><br \/>\n\t\t\t\t\t\tAngebot einholen<br \/>\n\t\t\t\t\t<\/a><br \/>\n\t\t\t\t\t\t\t\t\t\t\t\t<img decoding=\"async\" width=\"800\" height=\"800\" src=\"https:\/\/dinkpickleball.com\/wp-content\/uploads\/2023\/08\/DP69-Thermoformed-Pickleball-Paddle.png\" alt=\"dp69 thermogeformtes Pickleball-Paddel\" loading=\"lazy\" srcset=\"https:\/\/dinkpickleball.com\/wp-content\/uploads\/2023\/08\/DP69-Thermoformed-Pickleball-Paddle.png 800w, https:\/\/dinkpickleball.com\/wp-content\/uploads\/2023\/08\/DP69-Thermoformed-Pickleball-Paddle-300x300.png 300w, https:\/\/dinkpickleball.com\/wp-content\/uploads\/2023\/08\/DP69-Thermoformed-Pickleball-Paddle-150x150.png 150w, https:\/\/dinkpickleball.com\/wp-content\/uploads\/2023\/08\/DP69-Thermoformed-Pickleball-Paddle-768x768.png 768w\" sizes=\"auto, (max-width: 800px) 100vw, 800px\" \/>\t\t\t\t\t\t\t\t\t\t\t\t\t\t<\/p>\n<ul>\n<li>\n\t\t\t\t\t\t\t\t\t\tL418*W189mm L16.5*W7.48in Griffl\u00e4nge: 135-140mm\/5.3-5.5in\n\t\t\t\t\t\t\t\t\t<\/li>\n<li>\n\t\t\t\t\t\t\t\t\t\tDicke mit Kantenschutzoptionen 19mm\/0.75in\n\t\t\t\t\t\t\t\t\t<\/li>\n<li>\n\t\t\t\t\t\t\t\t\t\tPP-Kern Optionen 16mm\n\t\t\t\t\t\t\t\t\t<\/li>\n<\/ul>\n<p>\t\t\t<a role=\"button\"><br \/>\n\t\t\t\t\t\tAngebot einholen<br \/>\n\t\t\t\t\t<\/a><br \/>\n\t\t\t\t\t\t\t\t\t\t\t\t<img decoding=\"async\" width=\"800\" height=\"800\" src=\"https:\/\/dinkpickleball.com\/wp-content\/uploads\/2023\/08\/DP70-Thermoformed-Pickleball-Paddle.png\" alt=\"dp70 thermogeformtes Pickleball-Paddel\" loading=\"lazy\" srcset=\"https:\/\/dinkpickleball.com\/wp-content\/uploads\/2023\/08\/DP70-Thermoformed-Pickleball-Paddle.png 800w, https:\/\/dinkpickleball.com\/wp-content\/uploads\/2023\/08\/DP70-Thermoformed-Pickleball-Paddle-300x300.png 300w, https:\/\/dinkpickleball.com\/wp-content\/uploads\/2023\/08\/DP70-Thermoformed-Pickleball-Paddle-150x150.png 150w, https:\/\/dinkpickleball.com\/wp-content\/uploads\/2023\/08\/DP70-Thermoformed-Pickleball-Paddle-768x768.png 768w\" sizes=\"auto, (max-width: 800px) 100vw, 800px\" \/>\t\t\t\t\t\t\t\t\t\t\t\t\t\t<\/p>\n<ul>\n<li>\n\t\t\t\t\t\t\t\t\t\tL408*W200mm L16.06*W7.87in Griffl\u00e4nge: 125-130mm\/4.8-5.1in\n\t\t\t\t\t\t\t\t\t<\/li>\n<li>\n\t\t\t\t\t\t\t\t\t\tDicke mit Kantenschutzoptionen 19mm\/0.75in\n\t\t\t\t\t\t\t\t\t<\/li>\n<li>\n\t\t\t\t\t\t\t\t\t\tPP-Kern Optionen 16mm\n\t\t\t\t\t\t\t\t\t<\/li>\n<\/ul>\n<p>\t\t\t<a role=\"button\"><br \/>\n\t\t\t\t\t\tAngebot einholen<br \/>\n\t\t\t\t\t<\/a><br \/>\n\t\t\t\t\t\t\t\t\t\t\t\t<img decoding=\"async\" width=\"800\" height=\"801\" src=\"https:\/\/dinkpickleball.com\/wp-content\/uploads\/2023\/08\/DP72-Thermoformed-Pickleball-Paddle.png\" alt=\"dp72 thermogeformtes Pickleball-Paddel\" loading=\"lazy\" srcset=\"https:\/\/dinkpickleball.com\/wp-content\/uploads\/2023\/08\/DP72-Thermoformed-Pickleball-Paddle.png 800w, https:\/\/dinkpickleball.com\/wp-content\/uploads\/2023\/08\/DP72-Thermoformed-Pickleball-Paddle-300x300.png 300w, https:\/\/dinkpickleball.com\/wp-content\/uploads\/2023\/08\/DP72-Thermoformed-Pickleball-Paddle-150x150.png 150w, https:\/\/dinkpickleball.com\/wp-content\/uploads\/2023\/08\/DP72-Thermoformed-Pickleball-Paddle-768x769.png 768w\" sizes=\"auto, (max-width: 800px) 100vw, 800px\" \/>\t\t\t\t\t\t\t\t\t\t\t\t\t\t<\/p>\n<ul>\n<li>\n\t\t\t\t\t\t\t\t\t\tL418*W189mm L16.5*W7.48in Griffl\u00e4nge: 135-140mm\/5.3-5.5in\n\t\t\t\t\t\t\t\t\t<\/li>\n<li>\n\t\t\t\t\t\t\t\t\t\tDicke mit Kantenschutzoptionen 19mm\/0.75in\n\t\t\t\t\t\t\t\t\t<\/li>\n<li>\n\t\t\t\t\t\t\t\t\t\tPP-Kern Optionen 16mm\n\t\t\t\t\t\t\t\t\t<\/li>\n<\/ul>\n<p>\t\t\t<a role=\"button\"><br \/>\n\t\t\t\t\t\tAngebot einholen<br \/>\n\t\t\t\t\t<\/a><\/p>\n<h2>Ihr ultimativer Partner auf dem globalen Pickleball-Markt<\/h2>\n<p>Die thermogeformten Pickleball-Schl\u00e4ger von DinkPickleball sind die perfekte Wahl f\u00fcr Einzelh\u00e4ndler, Distributoren und Marken, die ein hochwertiges, individuell anpassbares Produkt suchen, das den neuesten Stand der Pickleball-Technologie bietet.<\/p>\n<p>\t\t\t\t\t\t\t\t\t\t\t\t<img decoding=\"async\" src=\"https:\/\/dinkpickleball.com\/wp-content\/uploads\/2023\/04\/Premium-Quality-Products.jpg\" title=\"Produkte von h\u00f6chster Qualit\u00e4t\" alt=\"Produkte von h\u00f6chster Qualit\u00e4t\" loading=\"lazy\" \/>\t\t\t\t\t\t\t\t\t\t\t\t\t\t<\/p>\n<h3>Thermogeformte Konstruktion<\/h3>\n<p>Durch das Thermoformverfahren wird der Wabenkern mit dem Faserbelag verschmolzen, was zu einer starken und haltbaren Struktur f\u00fchrt. Diese fortschrittliche Konstruktionsmethode schafft ein versiegeltes Kantendesign, das die Haltbarkeit und Leistung des Paddels erheblich verbessert.<\/p>\n<p>\t\t\t<a role=\"button\"><br \/>\n\t\t\t\t\t\tSofortiges Angebot anfordern<br \/>\n\t\t\t\t\t<\/a><br \/>\n\t\t\t\t\t\t\t\t\t\t\t\t<img decoding=\"async\" src=\"https:\/\/dinkpickleball.com\/wp-content\/uploads\/2023\/04\/EVA.jpg\" title=\"EVA\" alt=\"EVA\" loading=\"lazy\" \/>\t\t\t\t\t\t\t\t\t\t\t\t\t\t<\/p>\n<h3>Eingespritzter EVA-Schaum<\/h3>\n<p>Unsere thermogeformten Pickleball-Schl\u00e4ger haben einen Rand aus eingespritztem EVA-Schaum, der eine Reihe von Vorteilen bietet, darunter zus\u00e4tzliche Kraft, reduzierte Vibrationen, erh\u00f6hte D\u00e4mpfung und verbesserte Kantenleistung. Der Schaumstoffrand und der Wabenkern absorbieren St\u00f6\u00dfe und erm\u00f6glichen so eine pr\u00e4zise Ballkontrolle und ein komfortables Spielerlebnis.<\/p>\n<p>\t\t\t<a role=\"button\"><br \/>\n\t\t\t\t\t\tSofortiges Angebot anfordern<br \/>\n\t\t\t\t\t<\/a><br \/>\n\t\t\t\t\t\t\t\t\t\t\t\t<img decoding=\"async\" src=\"https:\/\/dinkpickleball.com\/wp-content\/uploads\/2023\/04\/Thermoformed-Edges.jpg\" title=\"Tiefgezogene Kanten\" alt=\"Tiefgezogene Kanten\" loading=\"lazy\" \/>\t\t\t\t\t\t\t\t\t\t\t\t\t\t<\/p>\n<h3>Tiefgezogene Kanten<\/h3>\n<p>Die versiegelte Kante Design unserer thermogeformten Paddel wird auch die Kante Wache, die die Kante des Paddels sch\u00fctzen hinzuzuf\u00fcgen. Dieses innovative Design erm\u00f6glicht eine bessere Kantenleistung und ein solideres Gef\u00fchl beim Spielen.<\/p>\n<p>\t\t\t<a role=\"button\"><br \/>\n\t\t\t\t\t\tSofortiges Angebot anfordern<br \/>\n\t\t\t\t\t<\/a><br \/>\n\t\t\t\t\t\t\t\t\t\t\t\t<img decoding=\"async\" src=\"https:\/\/dinkpickleball.com\/wp-content\/uploads\/2023\/04\/Collaborative-Approach-.jpeg\" title=\"Kollaborativer Ansatz\" alt=\"Kollaborativer Ansatz\" loading=\"lazy\" \/>\t\t\t\t\t\t\t\t\t\t\t\t\t\t<\/p>\n<h3>Anpassungsoptionen<\/h3>\n<p>Als Fabrik und Hersteller kann DinkPickleball Einzelh\u00e4ndlern, Gro\u00dfh\u00e4ndlern und Marken die M\u00f6glichkeit bieten, Gro\u00df-, Gro\u00dfhandels- und Sonderbestellungen aufzugeben, um ihren spezifischen Anforderungen und Vorlieben gerecht zu werden.<\/p>\n<p>\t\t\t<a role=\"button\"><br \/>\n\t\t\t\t\t\tSofortiges Angebot anfordern<br \/>\n\t\t\t\t\t<\/a><br \/>\n\t\t\t\t\t\t\t\t\t\t\t\t<img decoding=\"async\" src=\"https:\/\/dinkpickleball.com\/wp-content\/uploads\/2023\/04\/Adaptability-and-Responsiveness-to-Market.jpeg\" title=\"Anpassungsf\u00e4higkeit und Reaktionsf\u00e4higkeit auf den Markt\" alt=\"Anpassungsf\u00e4higkeit und Reaktionsf\u00e4higkeit auf den Markt\" loading=\"lazy\" \/>\t\t\t\t\t\t\t\t\t\t\t\t\t\t<\/p>\n<h3>Exklusive Technologie<\/h3>\n<p>Unser hochmodernes Thermoformverfahren hebt DinkPickleball von der Konkurrenz ab und bietet Ihren Kunden Zugang zu den neuesten Innovationen in der Pickleball-Paddel-Technologie.<\/p>\n<p>\t\t\t<a role=\"button\"><br \/>\n\t\t\t\t\t\tSofortiges Angebot anfordern<br \/>\n\t\t\t\t\t<\/a><br \/>\n\t\t\t\t\t\t\t\t\t\t\t\t<img decoding=\"async\" src=\"https:\/\/dinkpickleball.com\/wp-content\/uploads\/2023\/03\/Responsive-Customer-Service.jpg\" title=\"Reaktionsschneller Kundendienst\" alt=\"Reaktionsschneller Kundendienst\" loading=\"lazy\" \/>\t\t\t\t\t\t\t\t\t\t\t\t\t\t<\/p>\n<h3>Umfassende Unterst\u00fctzung<\/h3>\n<p>DinkPickleball ist bestrebt, seinen Einzelh\u00e4ndlern, Distributoren und Marken einen au\u00dfergew\u00f6hnlichen Kundenservice und Support zu bieten. Wir sind bestrebt, Ihren Erfolg bei der F\u00f6rderung und dem Verkauf unserer thermogeformten Paddel an Ihre Kunden zu gew\u00e4hrleisten.<\/p>\n<p>\t\t\t<a role=\"button\"><br \/>\n\t\t\t\t\t\tSofortiges Angebot anfordern<br \/>\n\t\t\t\t\t<\/a><\/p>","protected":false},"excerpt":{"rendered":"<p>Thermoformed Pickleball Paddle Factory Thermoformed Pickleball Paddle by DinkPickleball, a cutting-edge innovation in pickleball paddle technology. Our thermoformed paddles combine durability, lightweight design, and superior control, giving players a competitive advantage on the court. Designed for retailers, distributors, and brands, these paddles are manufactured using the latest thermoforming process, ensuring high-quality products that meet USAPA [&hellip;]<\/p>\n","protected":false},"author":1,"featured_media":0,"parent":0,"menu_order":0,"comment_status":"closed","ping_status":"closed","template":"","meta":{"_seopress_robots_primary_cat":"","_seopress_titles_title":"Thermoformed Pickleball Paddle Factory","_seopress_titles_desc":"Thermoformed Pickleball Paddle by DinkPickleball, is a cutting-edge innovation in pickleball paddle technology. Our thermoformed paddles combine durability, lightweight design, and superior control, giving players a competitive advantage on the court. ","_seopress_robots_index":"","footnotes":""},"class_list":["post-14351","page","type-page","status-publish","hentry"],"meta_box":[],"_links":{"self":[{"href":"https:\/\/dinkpickleball.com\/de\/wp-json\/wp\/v2\/pages\/14351","targetHints":{"allow":["GET"]}}],"collection":[{"href":"https:\/\/dinkpickleball.com\/de\/wp-json\/wp\/v2\/pages"}],"about":[{"href":"https:\/\/dinkpickleball.com\/de\/wp-json\/wp\/v2\/types\/page"}],"author":[{"embeddable":true,"href":"https:\/\/dinkpickleball.com\/de\/wp-json\/wp\/v2\/users\/1"}],"replies":[{"embeddable":true,"href":"https:\/\/dinkpickleball.com\/de\/wp-json\/wp\/v2\/comments?post=14351"}],"version-history":[{"count":23,"href":"https:\/\/dinkpickleball.com\/de\/wp-json\/wp\/v2\/pages\/14351\/revisions"}],"predecessor-version":[{"id":15181,"href":"https:\/\/dinkpickleball.com\/de\/wp-json\/wp\/v2\/pages\/14351\/revisions\/15181"}],"wp:attachment":[{"href":"https:\/\/dinkpickleball.com\/de\/wp-json\/wp\/v2\/media?parent=14351"}],"curies":[{"name":"wp","href":"https:\/\/api.w.org\/{rel}","templated":true}]}}