{"id":13950,"date":"2023-04-14T21:33:49","date_gmt":"2023-04-14T13:33:49","guid":{"rendered":"https:\/\/dinkpickleball.com\/?page_id=13950"},"modified":"2025-01-13T17:07:47","modified_gmt":"2025-01-13T09:07:47","slug":"3k-twill-woven-carbon-fiber-with-nomex-core","status":"publish","type":"page","link":"https:\/\/dinkpickleball.com\/de\/3k-twill-woven-carbon-fiber-with-nomex-core\/","title":{"rendered":"3K Twill gewebte Kohlefaser mit Nomex-Kern"},"content":{"rendered":"<h1>3K Twill gewebte Kohlefaser mit Nomex-Kern<\/h1>\n<p>Entdecke die ultimative Kombination aus Leistung und Langlebigkeit: DinkPickleball's 3K Twill Woven Carbon Fiber Paddles mit Nomex Core - die perfekte Kombination aus St\u00e4rke, Leichtgewicht und Reaktionsf\u00e4higkeit. Statten Sie Ihre Kunden mit der fortschrittlichsten Pickleball-Paddel-Technologie aus, die es ihnen erm\u00f6glicht, den Platz zu dominieren und gleichzeitig Ihren Gesch\u00e4ftserfolg zu steigern. Entscheiden Sie sich f\u00fcr DinkPickleball und werten Sie Ihren Bestand mit den innovativen 3K Twill Woven Carbon Fiber und Nomex Core Paddles auf.<\/p>\n<p><a role=\"button\"><br \/>\nANGEBOTSANFORDERUNG<br \/>\n<\/a><\/p>\n<figure class=\"gallery-item\">\n\t\t\t\t<a href=\"https:\/\/dinkpickleball.com\/wp-content\/uploads\/2023\/04\/3K-Twill-woven-Carbon-fiber-with-Nomex-Core-1.jpg\"><img width=\"800\" height=\"800\" src=\"https:\/\/dinkpickleball.com\/wp-content\/uploads\/2023\/04\/3K-Twill-woven-Carbon-fiber-with-Nomex-Core-1.jpg\" alt=\"\" decoding=\"async\" loading=\"lazy\" srcset=\"https:\/\/dinkpickleball.com\/wp-content\/uploads\/2023\/04\/3K-Twill-woven-Carbon-fiber-with-Nomex-Core-1.jpg 800w, https:\/\/dinkpickleball.com\/wp-content\/uploads\/2023\/04\/3K-Twill-woven-Carbon-fiber-with-Nomex-Core-1-300x300.jpg 300w, https:\/\/dinkpickleball.com\/wp-content\/uploads\/2023\/04\/3K-Twill-woven-Carbon-fiber-with-Nomex-Core-1-150x150.jpg 150w, https:\/\/dinkpickleball.com\/wp-content\/uploads\/2023\/04\/3K-Twill-woven-Carbon-fiber-with-Nomex-Core-1-768x768.jpg 768w, https:\/\/dinkpickleball.com\/wp-content\/uploads\/2023\/04\/3K-Twill-woven-Carbon-fiber-with-Nomex-Core-1-600x600.jpg 600w, https:\/\/dinkpickleball.com\/wp-content\/uploads\/2023\/04\/3K-Twill-woven-Carbon-fiber-with-Nomex-Core-1-100x100.jpg 100w\" sizes=\"auto, (max-width: 800px) 100vw, 800px\"><\/a><\/figure>\n<figure class=\"gallery-item\">\n\t\t\t\t<a href=\"https:\/\/dinkpickleball.com\/wp-content\/uploads\/2023\/04\/3K-Twill-woven-Carbon-fiber-with-Nomex-Core-7.jpg\"><img width=\"800\" height=\"800\" src=\"https:\/\/dinkpickleball.com\/wp-content\/uploads\/2023\/04\/3K-Twill-woven-Carbon-fiber-with-Nomex-Core-7.jpg\" alt=\"\" decoding=\"async\" loading=\"lazy\" srcset=\"https:\/\/dinkpickleball.com\/wp-content\/uploads\/2023\/04\/3K-Twill-woven-Carbon-fiber-with-Nomex-Core-7.jpg 800w, https:\/\/dinkpickleball.com\/wp-content\/uploads\/2023\/04\/3K-Twill-woven-Carbon-fiber-with-Nomex-Core-7-300x300.jpg 300w, https:\/\/dinkpickleball.com\/wp-content\/uploads\/2023\/04\/3K-Twill-woven-Carbon-fiber-with-Nomex-Core-7-150x150.jpg 150w, https:\/\/dinkpickleball.com\/wp-content\/uploads\/2023\/04\/3K-Twill-woven-Carbon-fiber-with-Nomex-Core-7-768x768.jpg 768w, https:\/\/dinkpickleball.com\/wp-content\/uploads\/2023\/04\/3K-Twill-woven-Carbon-fiber-with-Nomex-Core-7-600x600.jpg 600w, https:\/\/dinkpickleball.com\/wp-content\/uploads\/2023\/04\/3K-Twill-woven-Carbon-fiber-with-Nomex-Core-7-100x100.jpg 100w\" sizes=\"auto, (max-width: 800px) 100vw, 800px\"><\/a><\/figure>\n<figure class=\"gallery-item\">\n\t\t\t\t<a href=\"https:\/\/dinkpickleball.com\/wp-content\/uploads\/2023\/04\/3K-Twill-woven-Carbon-fiber-with-Nomex-Core-2.jpg\"><img width=\"800\" height=\"800\" src=\"https:\/\/dinkpickleball.com\/wp-content\/uploads\/2023\/04\/3K-Twill-woven-Carbon-fiber-with-Nomex-Core-2.jpg\" alt=\"\" decoding=\"async\" loading=\"lazy\" srcset=\"https:\/\/dinkpickleball.com\/wp-content\/uploads\/2023\/04\/3K-Twill-woven-Carbon-fiber-with-Nomex-Core-2.jpg 800w, https:\/\/dinkpickleball.com\/wp-content\/uploads\/2023\/04\/3K-Twill-woven-Carbon-fiber-with-Nomex-Core-2-300x300.jpg 300w, https:\/\/dinkpickleball.com\/wp-content\/uploads\/2023\/04\/3K-Twill-woven-Carbon-fiber-with-Nomex-Core-2-150x150.jpg 150w, https:\/\/dinkpickleball.com\/wp-content\/uploads\/2023\/04\/3K-Twill-woven-Carbon-fiber-with-Nomex-Core-2-768x768.jpg 768w, https:\/\/dinkpickleball.com\/wp-content\/uploads\/2023\/04\/3K-Twill-woven-Carbon-fiber-with-Nomex-Core-2-600x600.jpg 600w, https:\/\/dinkpickleball.com\/wp-content\/uploads\/2023\/04\/3K-Twill-woven-Carbon-fiber-with-Nomex-Core-2-100x100.jpg 100w\" sizes=\"auto, (max-width: 800px) 100vw, 800px\"><\/a><\/figure>\n<figure class=\"gallery-item\">\n\t\t\t\t<a href=\"https:\/\/dinkpickleball.com\/wp-content\/uploads\/2023\/04\/3K-Twill-woven-Carbon-fiber-with-Nomex-Core-5.jpg\"><img width=\"800\" height=\"800\" src=\"https:\/\/dinkpickleball.com\/wp-content\/uploads\/2023\/04\/3K-Twill-woven-Carbon-fiber-with-Nomex-Core-5.jpg\" alt=\"\" decoding=\"async\" loading=\"lazy\" srcset=\"https:\/\/dinkpickleball.com\/wp-content\/uploads\/2023\/04\/3K-Twill-woven-Carbon-fiber-with-Nomex-Core-5.jpg 800w, https:\/\/dinkpickleball.com\/wp-content\/uploads\/2023\/04\/3K-Twill-woven-Carbon-fiber-with-Nomex-Core-5-300x300.jpg 300w, https:\/\/dinkpickleball.com\/wp-content\/uploads\/2023\/04\/3K-Twill-woven-Carbon-fiber-with-Nomex-Core-5-150x150.jpg 150w, https:\/\/dinkpickleball.com\/wp-content\/uploads\/2023\/04\/3K-Twill-woven-Carbon-fiber-with-Nomex-Core-5-768x768.jpg 768w, https:\/\/dinkpickleball.com\/wp-content\/uploads\/2023\/04\/3K-Twill-woven-Carbon-fiber-with-Nomex-Core-5-600x600.jpg 600w, https:\/\/dinkpickleball.com\/wp-content\/uploads\/2023\/04\/3K-Twill-woven-Carbon-fiber-with-Nomex-Core-5-100x100.jpg 100w\" sizes=\"auto, (max-width: 800px) 100vw, 800px\"><\/a><\/figure>\n<figure class=\"gallery-item\">\n\t\t\t\t<a href=\"https:\/\/dinkpickleball.com\/wp-content\/uploads\/2023\/04\/3K-Twill-woven-Carbon-fiber-with-Nomex-Core-3.jpg\"><img width=\"800\" height=\"800\" src=\"https:\/\/dinkpickleball.com\/wp-content\/uploads\/2023\/04\/3K-Twill-woven-Carbon-fiber-with-Nomex-Core-3.jpg\" alt=\"\" decoding=\"async\" loading=\"lazy\" srcset=\"https:\/\/dinkpickleball.com\/wp-content\/uploads\/2023\/04\/3K-Twill-woven-Carbon-fiber-with-Nomex-Core-3.jpg 800w, https:\/\/dinkpickleball.com\/wp-content\/uploads\/2023\/04\/3K-Twill-woven-Carbon-fiber-with-Nomex-Core-3-300x300.jpg 300w, https:\/\/dinkpickleball.com\/wp-content\/uploads\/2023\/04\/3K-Twill-woven-Carbon-fiber-with-Nomex-Core-3-150x150.jpg 150w, https:\/\/dinkpickleball.com\/wp-content\/uploads\/2023\/04\/3K-Twill-woven-Carbon-fiber-with-Nomex-Core-3-768x768.jpg 768w, https:\/\/dinkpickleball.com\/wp-content\/uploads\/2023\/04\/3K-Twill-woven-Carbon-fiber-with-Nomex-Core-3-600x600.jpg 600w, https:\/\/dinkpickleball.com\/wp-content\/uploads\/2023\/04\/3K-Twill-woven-Carbon-fiber-with-Nomex-Core-3-100x100.jpg 100w\" sizes=\"auto, (max-width: 800px) 100vw, 800px\"><\/a><\/figure>\n<figure class=\"gallery-item\">\n\t\t\t\t<a href=\"https:\/\/dinkpickleball.com\/wp-content\/uploads\/2023\/04\/3K-Twill-woven-Carbon-fiber-with-Nomex-Core-4.jpg\"><img width=\"800\" height=\"800\" src=\"https:\/\/dinkpickleball.com\/wp-content\/uploads\/2023\/04\/3K-Twill-woven-Carbon-fiber-with-Nomex-Core-4.jpg\" alt=\"\" decoding=\"async\" loading=\"lazy\" srcset=\"https:\/\/dinkpickleball.com\/wp-content\/uploads\/2023\/04\/3K-Twill-woven-Carbon-fiber-with-Nomex-Core-4.jpg 800w, https:\/\/dinkpickleball.com\/wp-content\/uploads\/2023\/04\/3K-Twill-woven-Carbon-fiber-with-Nomex-Core-4-300x300.jpg 300w, https:\/\/dinkpickleball.com\/wp-content\/uploads\/2023\/04\/3K-Twill-woven-Carbon-fiber-with-Nomex-Core-4-150x150.jpg 150w, https:\/\/dinkpickleball.com\/wp-content\/uploads\/2023\/04\/3K-Twill-woven-Carbon-fiber-with-Nomex-Core-4-768x768.jpg 768w, https:\/\/dinkpickleball.com\/wp-content\/uploads\/2023\/04\/3K-Twill-woven-Carbon-fiber-with-Nomex-Core-4-600x600.jpg 600w, https:\/\/dinkpickleball.com\/wp-content\/uploads\/2023\/04\/3K-Twill-woven-Carbon-fiber-with-Nomex-Core-4-100x100.jpg 100w\" sizes=\"auto, (max-width: 800px) 100vw, 800px\"><\/a><\/figure>\n<figure class=\"gallery-item\">\n\t\t\t\t<a href=\"https:\/\/dinkpickleball.com\/wp-content\/uploads\/2023\/04\/3K-Twill-woven-Carbon-fiber-with-Nomex-Core-6.jpg\"><img width=\"800\" height=\"800\" src=\"https:\/\/dinkpickleball.com\/wp-content\/uploads\/2023\/04\/3K-Twill-woven-Carbon-fiber-with-Nomex-Core-6.jpg\" alt=\"\" decoding=\"async\" loading=\"lazy\" srcset=\"https:\/\/dinkpickleball.com\/wp-content\/uploads\/2023\/04\/3K-Twill-woven-Carbon-fiber-with-Nomex-Core-6.jpg 800w, https:\/\/dinkpickleball.com\/wp-content\/uploads\/2023\/04\/3K-Twill-woven-Carbon-fiber-with-Nomex-Core-6-300x300.jpg 300w, https:\/\/dinkpickleball.com\/wp-content\/uploads\/2023\/04\/3K-Twill-woven-Carbon-fiber-with-Nomex-Core-6-150x150.jpg 150w, https:\/\/dinkpickleball.com\/wp-content\/uploads\/2023\/04\/3K-Twill-woven-Carbon-fiber-with-Nomex-Core-6-768x768.jpg 768w, https:\/\/dinkpickleball.com\/wp-content\/uploads\/2023\/04\/3K-Twill-woven-Carbon-fiber-with-Nomex-Core-6-600x600.jpg 600w, https:\/\/dinkpickleball.com\/wp-content\/uploads\/2023\/04\/3K-Twill-woven-Carbon-fiber-with-Nomex-Core-6-100x100.jpg 100w\" sizes=\"auto, (max-width: 800px) 100vw, 800px\"><\/a><\/figure>","protected":false},"excerpt":{"rendered":"<p>3K Twill Woven Carbon Fiber with Nomex Core Unlock the Ultimate Fusion of Performance and Durability: Introducing DinkPickleball&#8217;s 3K Twill Woven Carbon Fiber paddles with Nomex Core &#8211; the perfect combination of strength, lightweight design, and responsiveness. Equip your clients with the most advanced pickleball paddle technology, empowering them to dominate the court while boosting [&hellip;]<\/p>\n","protected":false},"author":1,"featured_media":0,"parent":0,"menu_order":0,"comment_status":"closed","ping_status":"closed","template":"","meta":{"_seopress_robots_primary_cat":"","_seopress_titles_title":"","_seopress_titles_desc":"","_seopress_robots_index":"yes","footnotes":""},"class_list":["post-13950","page","type-page","status-publish","hentry"],"meta_box":[],"_links":{"self":[{"href":"https:\/\/dinkpickleball.com\/de\/wp-json\/wp\/v2\/pages\/13950","targetHints":{"allow":["GET"]}}],"collection":[{"href":"https:\/\/dinkpickleball.com\/de\/wp-json\/wp\/v2\/pages"}],"about":[{"href":"https:\/\/dinkpickleball.com\/de\/wp-json\/wp\/v2\/types\/page"}],"author":[{"embeddable":true,"href":"https:\/\/dinkpickleball.com\/de\/wp-json\/wp\/v2\/users\/1"}],"replies":[{"embeddable":true,"href":"https:\/\/dinkpickleball.com\/de\/wp-json\/wp\/v2\/comments?post=13950"}],"version-history":[{"count":8,"href":"https:\/\/dinkpickleball.com\/de\/wp-json\/wp\/v2\/pages\/13950\/revisions"}],"predecessor-version":[{"id":16313,"href":"https:\/\/dinkpickleball.com\/de\/wp-json\/wp\/v2\/pages\/13950\/revisions\/16313"}],"wp:attachment":[{"href":"https:\/\/dinkpickleball.com\/de\/wp-json\/wp\/v2\/media?parent=13950"}],"curies":[{"name":"wp","href":"https:\/\/api.w.org\/{rel}","templated":true}]}}