{"id":13849,"date":"2023-04-14T16:18:57","date_gmt":"2023-04-14T08:18:57","guid":{"rendered":"https:\/\/dinkpickleball.com\/?page_id=13849"},"modified":"2025-01-13T17:00:09","modified_gmt":"2025-01-13T09:00:09","slug":"red-brushed-carbon-fiber","status":"publish","type":"page","link":"https:\/\/dinkpickleball.com\/de\/red-brushed-carbon-fiber\/","title":{"rendered":"Rote geb\u00fcrstete Kohlefaser"},"content":{"rendered":"<h1>Rote geb\u00fcrstete Kohlefaser<\/h1>\n<p>Dieses Finish hat ein glattes, geb\u00fcrstetes Aussehen, das die Oberfl\u00e4chenstruktur des Schl\u00e4gers beeinflussen kann, was sich m\u00f6glicherweise auf die Ballkontrolle und den Spin auswirkt.<\/p>\n<p><a role=\"button\"><br \/>\nANGEBOTSANFORDERUNG<br \/>\n<\/a><\/p>\n<figure class=\"gallery-item\">\n\t\t\t\t<a href=\"https:\/\/dinkpickleball.com\/wp-content\/uploads\/2023\/04\/Red-Brushed-Carbon-fiber-1.jpg\"><img width=\"800\" height=\"800\" src=\"https:\/\/dinkpickleball.com\/wp-content\/uploads\/2023\/04\/Red-Brushed-Carbon-fiber-1.jpg\" alt=\"\" decoding=\"async\" loading=\"lazy\" srcset=\"https:\/\/dinkpickleball.com\/wp-content\/uploads\/2023\/04\/Red-Brushed-Carbon-fiber-1.jpg 800w, https:\/\/dinkpickleball.com\/wp-content\/uploads\/2023\/04\/Red-Brushed-Carbon-fiber-1-300x300.jpg 300w, https:\/\/dinkpickleball.com\/wp-content\/uploads\/2023\/04\/Red-Brushed-Carbon-fiber-1-150x150.jpg 150w, https:\/\/dinkpickleball.com\/wp-content\/uploads\/2023\/04\/Red-Brushed-Carbon-fiber-1-768x768.jpg 768w, https:\/\/dinkpickleball.com\/wp-content\/uploads\/2023\/04\/Red-Brushed-Carbon-fiber-1-600x600.jpg 600w, https:\/\/dinkpickleball.com\/wp-content\/uploads\/2023\/04\/Red-Brushed-Carbon-fiber-1-100x100.jpg 100w\" sizes=\"auto, (max-width: 800px) 100vw, 800px\"><\/a><\/figure>\n<figure class=\"gallery-item\">\n\t\t\t\t<a href=\"https:\/\/dinkpickleball.com\/wp-content\/uploads\/2023\/04\/Red-Brushed-Carbon-fiber-2.jpg\"><img width=\"800\" height=\"800\" src=\"https:\/\/dinkpickleball.com\/wp-content\/uploads\/2023\/04\/Red-Brushed-Carbon-fiber-2.jpg\" alt=\"\" decoding=\"async\" loading=\"lazy\" srcset=\"https:\/\/dinkpickleball.com\/wp-content\/uploads\/2023\/04\/Red-Brushed-Carbon-fiber-2.jpg 800w, https:\/\/dinkpickleball.com\/wp-content\/uploads\/2023\/04\/Red-Brushed-Carbon-fiber-2-300x300.jpg 300w, https:\/\/dinkpickleball.com\/wp-content\/uploads\/2023\/04\/Red-Brushed-Carbon-fiber-2-150x150.jpg 150w, https:\/\/dinkpickleball.com\/wp-content\/uploads\/2023\/04\/Red-Brushed-Carbon-fiber-2-768x768.jpg 768w, https:\/\/dinkpickleball.com\/wp-content\/uploads\/2023\/04\/Red-Brushed-Carbon-fiber-2-600x600.jpg 600w, https:\/\/dinkpickleball.com\/wp-content\/uploads\/2023\/04\/Red-Brushed-Carbon-fiber-2-100x100.jpg 100w\" sizes=\"auto, (max-width: 800px) 100vw, 800px\"><\/a><\/figure>\n<figure class=\"gallery-item\">\n\t\t\t\t<a href=\"https:\/\/dinkpickleball.com\/wp-content\/uploads\/2023\/04\/Red-Brushed-Carbon-fiber-8.jpg\"><img width=\"800\" height=\"800\" src=\"https:\/\/dinkpickleball.com\/wp-content\/uploads\/2023\/04\/Red-Brushed-Carbon-fiber-8.jpg\" alt=\"\" decoding=\"async\" loading=\"lazy\" srcset=\"https:\/\/dinkpickleball.com\/wp-content\/uploads\/2023\/04\/Red-Brushed-Carbon-fiber-8.jpg 800w, https:\/\/dinkpickleball.com\/wp-content\/uploads\/2023\/04\/Red-Brushed-Carbon-fiber-8-300x300.jpg 300w, https:\/\/dinkpickleball.com\/wp-content\/uploads\/2023\/04\/Red-Brushed-Carbon-fiber-8-150x150.jpg 150w, https:\/\/dinkpickleball.com\/wp-content\/uploads\/2023\/04\/Red-Brushed-Carbon-fiber-8-768x768.jpg 768w, https:\/\/dinkpickleball.com\/wp-content\/uploads\/2023\/04\/Red-Brushed-Carbon-fiber-8-600x600.jpg 600w, https:\/\/dinkpickleball.com\/wp-content\/uploads\/2023\/04\/Red-Brushed-Carbon-fiber-8-100x100.jpg 100w\" sizes=\"auto, (max-width: 800px) 100vw, 800px\"><\/a><\/figure>\n<figure class=\"gallery-item\">\n\t\t\t\t<a href=\"https:\/\/dinkpickleball.com\/wp-content\/uploads\/2023\/04\/Red-Brushed-Carbon-fiber-3.jpg\"><img width=\"800\" height=\"800\" src=\"https:\/\/dinkpickleball.com\/wp-content\/uploads\/2023\/04\/Red-Brushed-Carbon-fiber-3.jpg\" alt=\"\" decoding=\"async\" loading=\"lazy\" srcset=\"https:\/\/dinkpickleball.com\/wp-content\/uploads\/2023\/04\/Red-Brushed-Carbon-fiber-3.jpg 800w, https:\/\/dinkpickleball.com\/wp-content\/uploads\/2023\/04\/Red-Brushed-Carbon-fiber-3-300x300.jpg 300w, https:\/\/dinkpickleball.com\/wp-content\/uploads\/2023\/04\/Red-Brushed-Carbon-fiber-3-150x150.jpg 150w, https:\/\/dinkpickleball.com\/wp-content\/uploads\/2023\/04\/Red-Brushed-Carbon-fiber-3-768x768.jpg 768w, https:\/\/dinkpickleball.com\/wp-content\/uploads\/2023\/04\/Red-Brushed-Carbon-fiber-3-600x600.jpg 600w, https:\/\/dinkpickleball.com\/wp-content\/uploads\/2023\/04\/Red-Brushed-Carbon-fiber-3-100x100.jpg 100w\" sizes=\"auto, (max-width: 800px) 100vw, 800px\"><\/a><\/figure>\n<figure class=\"gallery-item\">\n\t\t\t\t<a href=\"https:\/\/dinkpickleball.com\/wp-content\/uploads\/2023\/04\/Red-Brushed-Carbon-fiber-4.jpg\"><img width=\"800\" height=\"800\" src=\"https:\/\/dinkpickleball.com\/wp-content\/uploads\/2023\/04\/Red-Brushed-Carbon-fiber-4.jpg\" alt=\"\" decoding=\"async\" loading=\"lazy\" srcset=\"https:\/\/dinkpickleball.com\/wp-content\/uploads\/2023\/04\/Red-Brushed-Carbon-fiber-4.jpg 800w, https:\/\/dinkpickleball.com\/wp-content\/uploads\/2023\/04\/Red-Brushed-Carbon-fiber-4-300x300.jpg 300w, https:\/\/dinkpickleball.com\/wp-content\/uploads\/2023\/04\/Red-Brushed-Carbon-fiber-4-150x150.jpg 150w, https:\/\/dinkpickleball.com\/wp-content\/uploads\/2023\/04\/Red-Brushed-Carbon-fiber-4-768x768.jpg 768w, https:\/\/dinkpickleball.com\/wp-content\/uploads\/2023\/04\/Red-Brushed-Carbon-fiber-4-600x600.jpg 600w, https:\/\/dinkpickleball.com\/wp-content\/uploads\/2023\/04\/Red-Brushed-Carbon-fiber-4-100x100.jpg 100w\" sizes=\"auto, (max-width: 800px) 100vw, 800px\"><\/a><\/figure>\n<figure class=\"gallery-item\">\n\t\t\t\t<a href=\"https:\/\/dinkpickleball.com\/wp-content\/uploads\/2023\/04\/Red-Brushed-Carbon-fiber-5.jpg\"><img width=\"800\" height=\"800\" src=\"https:\/\/dinkpickleball.com\/wp-content\/uploads\/2023\/04\/Red-Brushed-Carbon-fiber-5.jpg\" alt=\"\" decoding=\"async\" loading=\"lazy\" srcset=\"https:\/\/dinkpickleball.com\/wp-content\/uploads\/2023\/04\/Red-Brushed-Carbon-fiber-5.jpg 800w, https:\/\/dinkpickleball.com\/wp-content\/uploads\/2023\/04\/Red-Brushed-Carbon-fiber-5-300x300.jpg 300w, https:\/\/dinkpickleball.com\/wp-content\/uploads\/2023\/04\/Red-Brushed-Carbon-fiber-5-150x150.jpg 150w, https:\/\/dinkpickleball.com\/wp-content\/uploads\/2023\/04\/Red-Brushed-Carbon-fiber-5-768x768.jpg 768w, https:\/\/dinkpickleball.com\/wp-content\/uploads\/2023\/04\/Red-Brushed-Carbon-fiber-5-600x600.jpg 600w, https:\/\/dinkpickleball.com\/wp-content\/uploads\/2023\/04\/Red-Brushed-Carbon-fiber-5-100x100.jpg 100w\" sizes=\"auto, (max-width: 800px) 100vw, 800px\"><\/a><\/figure>\n<figure class=\"gallery-item\">\n\t\t\t\t<a href=\"https:\/\/dinkpickleball.com\/wp-content\/uploads\/2023\/04\/Red-Brushed-Carbon-fiber-6.jpg\"><img width=\"800\" height=\"800\" src=\"https:\/\/dinkpickleball.com\/wp-content\/uploads\/2023\/04\/Red-Brushed-Carbon-fiber-6.jpg\" alt=\"\" decoding=\"async\" loading=\"lazy\" srcset=\"https:\/\/dinkpickleball.com\/wp-content\/uploads\/2023\/04\/Red-Brushed-Carbon-fiber-6.jpg 800w, https:\/\/dinkpickleball.com\/wp-content\/uploads\/2023\/04\/Red-Brushed-Carbon-fiber-6-300x300.jpg 300w, https:\/\/dinkpickleball.com\/wp-content\/uploads\/2023\/04\/Red-Brushed-Carbon-fiber-6-150x150.jpg 150w, https:\/\/dinkpickleball.com\/wp-content\/uploads\/2023\/04\/Red-Brushed-Carbon-fiber-6-768x768.jpg 768w, https:\/\/dinkpickleball.com\/wp-content\/uploads\/2023\/04\/Red-Brushed-Carbon-fiber-6-600x600.jpg 600w, https:\/\/dinkpickleball.com\/wp-content\/uploads\/2023\/04\/Red-Brushed-Carbon-fiber-6-100x100.jpg 100w\" sizes=\"auto, (max-width: 800px) 100vw, 800px\"><\/a><\/figure>\n<figure class=\"gallery-item\">\n\t\t\t\t<a href=\"https:\/\/dinkpickleball.com\/wp-content\/uploads\/2023\/04\/Red-Brushed-Carbon-fiber-7.jpg\"><img width=\"800\" height=\"800\" src=\"https:\/\/dinkpickleball.com\/wp-content\/uploads\/2023\/04\/Red-Brushed-Carbon-fiber-7.jpg\" alt=\"\" decoding=\"async\" loading=\"lazy\" srcset=\"https:\/\/dinkpickleball.com\/wp-content\/uploads\/2023\/04\/Red-Brushed-Carbon-fiber-7.jpg 800w, https:\/\/dinkpickleball.com\/wp-content\/uploads\/2023\/04\/Red-Brushed-Carbon-fiber-7-300x300.jpg 300w, https:\/\/dinkpickleball.com\/wp-content\/uploads\/2023\/04\/Red-Brushed-Carbon-fiber-7-150x150.jpg 150w, https:\/\/dinkpickleball.com\/wp-content\/uploads\/2023\/04\/Red-Brushed-Carbon-fiber-7-768x768.jpg 768w, https:\/\/dinkpickleball.com\/wp-content\/uploads\/2023\/04\/Red-Brushed-Carbon-fiber-7-600x600.jpg 600w, https:\/\/dinkpickleball.com\/wp-content\/uploads\/2023\/04\/Red-Brushed-Carbon-fiber-7-100x100.jpg 100w\" sizes=\"auto, (max-width: 800px) 100vw, 800px\"><\/a><\/figure>","protected":false},"excerpt":{"rendered":"<p>Red Brushed Carbon Fiber Dieses Finish hat ein glattes, geb\u00fcrstetes Aussehen, das die Oberfl\u00e4chenstruktur des Paddels beeinflussen kann, was sich m\u00f6glicherweise auf die Ballkontrolle und den Spin auswirkt. ANFRAGE F\u00dcR ANGEBOT<\/p>","protected":false},"author":1,"featured_media":0,"parent":0,"menu_order":0,"comment_status":"closed","ping_status":"closed","template":"","meta":{"_seopress_robots_primary_cat":"","_seopress_titles_title":"","_seopress_titles_desc":"","_seopress_robots_index":"yes","footnotes":""},"class_list":["post-13849","page","type-page","status-publish","hentry"],"meta_box":[],"_links":{"self":[{"href":"https:\/\/dinkpickleball.com\/de\/wp-json\/wp\/v2\/pages\/13849","targetHints":{"allow":["GET"]}}],"collection":[{"href":"https:\/\/dinkpickleball.com\/de\/wp-json\/wp\/v2\/pages"}],"about":[{"href":"https:\/\/dinkpickleball.com\/de\/wp-json\/wp\/v2\/types\/page"}],"author":[{"embeddable":true,"href":"https:\/\/dinkpickleball.com\/de\/wp-json\/wp\/v2\/users\/1"}],"replies":[{"embeddable":true,"href":"https:\/\/dinkpickleball.com\/de\/wp-json\/wp\/v2\/comments?post=13849"}],"version-history":[{"count":5,"href":"https:\/\/dinkpickleball.com\/de\/wp-json\/wp\/v2\/pages\/13849\/revisions"}],"predecessor-version":[{"id":13864,"href":"https:\/\/dinkpickleball.com\/de\/wp-json\/wp\/v2\/pages\/13849\/revisions\/13864"}],"wp:attachment":[{"href":"https:\/\/dinkpickleball.com\/de\/wp-json\/wp\/v2\/media?parent=13849"}],"curies":[{"name":"wp","href":"https:\/\/api.w.org\/{rel}","templated":true}]}}