{"id":13834,"date":"2023-04-14T16:15:42","date_gmt":"2023-04-14T08:15:42","guid":{"rendered":"https:\/\/dinkpickleball.com\/?page_id=13834"},"modified":"2025-01-13T16:58:51","modified_gmt":"2025-01-13T08:58:51","slug":"purple-diamond-carbon-fiber","status":"publish","type":"page","link":"https:\/\/dinkpickleball.com\/de\/purple-diamond-carbon-fiber\/","title":{"rendered":"Lila Diamant-Kohlefaser"},"content":{"rendered":"<h1>Lila Diamant-Kohlefaser<\/h1>\n<p>Erh\u00f6hen Sie Ihr Angebot mit Diamond Carbon Fiber: Lassen Sie die Diamond Carbon Fiber Paddel von DinkPickleball in Ihrem Inventar gl\u00e4nzen, um Ihre Kunden zu fesseln und Ihr Unternehmen von anderen abzuheben. Unsere hochmoderne Paddle-Technologie bietet au\u00dfergew\u00f6hnliche Haltbarkeit, Kontrolle und Spin, was sie zur ultimativen Wahl f\u00fcr anspruchsvolle Spieler macht. Gehen Sie eine Partnerschaft mit DinkPickleball ein und bringen Sie Ihr Unternehmen mit Diamond Carbon Fiber zu neuen Ufern.<\/p>\n<p><a role=\"button\"><br \/>\nANGEBOTSANFORDERUNG<br \/>\n<\/a><\/p>\n<figure class=\"gallery-item\">\n\t\t\t\t<a href=\"https:\/\/dinkpickleball.com\/wp-content\/uploads\/2023\/04\/Purple-Diamond-Carbon-fiber-1.jpg\"><img width=\"800\" height=\"800\" src=\"https:\/\/dinkpickleball.com\/wp-content\/uploads\/2023\/04\/Purple-Diamond-Carbon-fiber-1.jpg\" alt=\"\" decoding=\"async\" loading=\"lazy\" srcset=\"https:\/\/dinkpickleball.com\/wp-content\/uploads\/2023\/04\/Purple-Diamond-Carbon-fiber-1.jpg 800w, https:\/\/dinkpickleball.com\/wp-content\/uploads\/2023\/04\/Purple-Diamond-Carbon-fiber-1-300x300.jpg 300w, https:\/\/dinkpickleball.com\/wp-content\/uploads\/2023\/04\/Purple-Diamond-Carbon-fiber-1-150x150.jpg 150w, https:\/\/dinkpickleball.com\/wp-content\/uploads\/2023\/04\/Purple-Diamond-Carbon-fiber-1-768x768.jpg 768w, https:\/\/dinkpickleball.com\/wp-content\/uploads\/2023\/04\/Purple-Diamond-Carbon-fiber-1-600x600.jpg 600w, https:\/\/dinkpickleball.com\/wp-content\/uploads\/2023\/04\/Purple-Diamond-Carbon-fiber-1-100x100.jpg 100w\" sizes=\"auto, (max-width: 800px) 100vw, 800px\"><\/a><\/figure>\n<figure class=\"gallery-item\">\n\t\t\t\t<a href=\"https:\/\/dinkpickleball.com\/wp-content\/uploads\/2023\/04\/Purple-Diamond-Carbon-fiber-2.jpg\"><img width=\"800\" height=\"800\" src=\"https:\/\/dinkpickleball.com\/wp-content\/uploads\/2023\/04\/Purple-Diamond-Carbon-fiber-2.jpg\" alt=\"\" decoding=\"async\" loading=\"lazy\" srcset=\"https:\/\/dinkpickleball.com\/wp-content\/uploads\/2023\/04\/Purple-Diamond-Carbon-fiber-2.jpg 800w, https:\/\/dinkpickleball.com\/wp-content\/uploads\/2023\/04\/Purple-Diamond-Carbon-fiber-2-300x300.jpg 300w, https:\/\/dinkpickleball.com\/wp-content\/uploads\/2023\/04\/Purple-Diamond-Carbon-fiber-2-150x150.jpg 150w, https:\/\/dinkpickleball.com\/wp-content\/uploads\/2023\/04\/Purple-Diamond-Carbon-fiber-2-768x768.jpg 768w, https:\/\/dinkpickleball.com\/wp-content\/uploads\/2023\/04\/Purple-Diamond-Carbon-fiber-2-600x600.jpg 600w, https:\/\/dinkpickleball.com\/wp-content\/uploads\/2023\/04\/Purple-Diamond-Carbon-fiber-2-100x100.jpg 100w\" sizes=\"auto, (max-width: 800px) 100vw, 800px\"><\/a><\/figure>\n<figure class=\"gallery-item\">\n\t\t\t\t<a href=\"https:\/\/dinkpickleball.com\/wp-content\/uploads\/2023\/04\/Purple-Diamond-Carbon-fiber-7.jpg\"><img width=\"800\" height=\"800\" src=\"https:\/\/dinkpickleball.com\/wp-content\/uploads\/2023\/04\/Purple-Diamond-Carbon-fiber-7.jpg\" alt=\"\" decoding=\"async\" loading=\"lazy\" srcset=\"https:\/\/dinkpickleball.com\/wp-content\/uploads\/2023\/04\/Purple-Diamond-Carbon-fiber-7.jpg 800w, https:\/\/dinkpickleball.com\/wp-content\/uploads\/2023\/04\/Purple-Diamond-Carbon-fiber-7-300x300.jpg 300w, https:\/\/dinkpickleball.com\/wp-content\/uploads\/2023\/04\/Purple-Diamond-Carbon-fiber-7-150x150.jpg 150w, https:\/\/dinkpickleball.com\/wp-content\/uploads\/2023\/04\/Purple-Diamond-Carbon-fiber-7-768x768.jpg 768w, https:\/\/dinkpickleball.com\/wp-content\/uploads\/2023\/04\/Purple-Diamond-Carbon-fiber-7-600x600.jpg 600w, https:\/\/dinkpickleball.com\/wp-content\/uploads\/2023\/04\/Purple-Diamond-Carbon-fiber-7-100x100.jpg 100w\" sizes=\"auto, (max-width: 800px) 100vw, 800px\"><\/a><\/figure>\n<figure class=\"gallery-item\">\n\t\t\t\t<a href=\"https:\/\/dinkpickleball.com\/wp-content\/uploads\/2023\/04\/Purple-Diamond-Carbon-fiber-3.jpg\"><img width=\"800\" height=\"800\" src=\"https:\/\/dinkpickleball.com\/wp-content\/uploads\/2023\/04\/Purple-Diamond-Carbon-fiber-3.jpg\" alt=\"\" decoding=\"async\" loading=\"lazy\" srcset=\"https:\/\/dinkpickleball.com\/wp-content\/uploads\/2023\/04\/Purple-Diamond-Carbon-fiber-3.jpg 800w, https:\/\/dinkpickleball.com\/wp-content\/uploads\/2023\/04\/Purple-Diamond-Carbon-fiber-3-300x300.jpg 300w, https:\/\/dinkpickleball.com\/wp-content\/uploads\/2023\/04\/Purple-Diamond-Carbon-fiber-3-150x150.jpg 150w, https:\/\/dinkpickleball.com\/wp-content\/uploads\/2023\/04\/Purple-Diamond-Carbon-fiber-3-768x768.jpg 768w, https:\/\/dinkpickleball.com\/wp-content\/uploads\/2023\/04\/Purple-Diamond-Carbon-fiber-3-600x600.jpg 600w, https:\/\/dinkpickleball.com\/wp-content\/uploads\/2023\/04\/Purple-Diamond-Carbon-fiber-3-100x100.jpg 100w\" sizes=\"auto, (max-width: 800px) 100vw, 800px\"><\/a><\/figure>\n<figure class=\"gallery-item\">\n\t\t\t\t<a href=\"https:\/\/dinkpickleball.com\/wp-content\/uploads\/2023\/04\/Purple-Diamond-Carbon-fiber-4.jpg\"><img width=\"800\" height=\"800\" src=\"https:\/\/dinkpickleball.com\/wp-content\/uploads\/2023\/04\/Purple-Diamond-Carbon-fiber-4.jpg\" alt=\"\" decoding=\"async\" loading=\"lazy\" srcset=\"https:\/\/dinkpickleball.com\/wp-content\/uploads\/2023\/04\/Purple-Diamond-Carbon-fiber-4.jpg 800w, https:\/\/dinkpickleball.com\/wp-content\/uploads\/2023\/04\/Purple-Diamond-Carbon-fiber-4-300x300.jpg 300w, https:\/\/dinkpickleball.com\/wp-content\/uploads\/2023\/04\/Purple-Diamond-Carbon-fiber-4-150x150.jpg 150w, https:\/\/dinkpickleball.com\/wp-content\/uploads\/2023\/04\/Purple-Diamond-Carbon-fiber-4-768x768.jpg 768w, https:\/\/dinkpickleball.com\/wp-content\/uploads\/2023\/04\/Purple-Diamond-Carbon-fiber-4-600x600.jpg 600w, https:\/\/dinkpickleball.com\/wp-content\/uploads\/2023\/04\/Purple-Diamond-Carbon-fiber-4-100x100.jpg 100w\" sizes=\"auto, (max-width: 800px) 100vw, 800px\"><\/a><\/figure>\n<figure class=\"gallery-item\">\n\t\t\t\t<a href=\"https:\/\/dinkpickleball.com\/wp-content\/uploads\/2023\/04\/Purple-Diamond-Carbon-fiber-5.jpg\"><img width=\"800\" height=\"800\" src=\"https:\/\/dinkpickleball.com\/wp-content\/uploads\/2023\/04\/Purple-Diamond-Carbon-fiber-5.jpg\" alt=\"\" decoding=\"async\" loading=\"lazy\" srcset=\"https:\/\/dinkpickleball.com\/wp-content\/uploads\/2023\/04\/Purple-Diamond-Carbon-fiber-5.jpg 800w, https:\/\/dinkpickleball.com\/wp-content\/uploads\/2023\/04\/Purple-Diamond-Carbon-fiber-5-300x300.jpg 300w, https:\/\/dinkpickleball.com\/wp-content\/uploads\/2023\/04\/Purple-Diamond-Carbon-fiber-5-150x150.jpg 150w, https:\/\/dinkpickleball.com\/wp-content\/uploads\/2023\/04\/Purple-Diamond-Carbon-fiber-5-768x768.jpg 768w, https:\/\/dinkpickleball.com\/wp-content\/uploads\/2023\/04\/Purple-Diamond-Carbon-fiber-5-600x600.jpg 600w, https:\/\/dinkpickleball.com\/wp-content\/uploads\/2023\/04\/Purple-Diamond-Carbon-fiber-5-100x100.jpg 100w\" sizes=\"auto, (max-width: 800px) 100vw, 800px\"><\/a><\/figure>\n<figure class=\"gallery-item\">\n\t\t\t\t<a href=\"https:\/\/dinkpickleball.com\/wp-content\/uploads\/2023\/04\/Purple-Diamond-Carbon-fiber-6.jpg\"><img width=\"800\" height=\"800\" src=\"https:\/\/dinkpickleball.com\/wp-content\/uploads\/2023\/04\/Purple-Diamond-Carbon-fiber-6.jpg\" alt=\"\" decoding=\"async\" loading=\"lazy\" srcset=\"https:\/\/dinkpickleball.com\/wp-content\/uploads\/2023\/04\/Purple-Diamond-Carbon-fiber-6.jpg 800w, https:\/\/dinkpickleball.com\/wp-content\/uploads\/2023\/04\/Purple-Diamond-Carbon-fiber-6-300x300.jpg 300w, https:\/\/dinkpickleball.com\/wp-content\/uploads\/2023\/04\/Purple-Diamond-Carbon-fiber-6-150x150.jpg 150w, https:\/\/dinkpickleball.com\/wp-content\/uploads\/2023\/04\/Purple-Diamond-Carbon-fiber-6-768x768.jpg 768w, https:\/\/dinkpickleball.com\/wp-content\/uploads\/2023\/04\/Purple-Diamond-Carbon-fiber-6-600x600.jpg 600w, https:\/\/dinkpickleball.com\/wp-content\/uploads\/2023\/04\/Purple-Diamond-Carbon-fiber-6-100x100.jpg 100w\" sizes=\"auto, (max-width: 800px) 100vw, 800px\"><\/a><\/figure>","protected":false},"excerpt":{"rendered":"<p>Purple Diamond Carbon Fiber Elevate Your Offerings with Diamond Carbon Fiber: Let DinkPickleball&#8217;s Diamond Carbon Fiber paddles shine bright in your inventory, captivating your clients and setting your business apart. Our state-of-the-art paddle technology delivers exceptional durability, control, and spin, making it the ultimate choice for discerning players. Partner with DinkPickleball and take your business [&hellip;]<\/p>\n","protected":false},"author":1,"featured_media":0,"parent":0,"menu_order":0,"comment_status":"closed","ping_status":"closed","template":"","meta":{"_seopress_robots_primary_cat":"","_seopress_titles_title":"","_seopress_titles_desc":"","_seopress_robots_index":"yes","footnotes":""},"class_list":["post-13834","page","type-page","status-publish","hentry"],"meta_box":[],"_links":{"self":[{"href":"https:\/\/dinkpickleball.com\/de\/wp-json\/wp\/v2\/pages\/13834","targetHints":{"allow":["GET"]}}],"collection":[{"href":"https:\/\/dinkpickleball.com\/de\/wp-json\/wp\/v2\/pages"}],"about":[{"href":"https:\/\/dinkpickleball.com\/de\/wp-json\/wp\/v2\/types\/page"}],"author":[{"embeddable":true,"href":"https:\/\/dinkpickleball.com\/de\/wp-json\/wp\/v2\/users\/1"}],"replies":[{"embeddable":true,"href":"https:\/\/dinkpickleball.com\/de\/wp-json\/wp\/v2\/comments?post=13834"}],"version-history":[{"count":5,"href":"https:\/\/dinkpickleball.com\/de\/wp-json\/wp\/v2\/pages\/13834\/revisions"}],"predecessor-version":[{"id":13848,"href":"https:\/\/dinkpickleball.com\/de\/wp-json\/wp\/v2\/pages\/13834\/revisions\/13848"}],"wp:attachment":[{"href":"https:\/\/dinkpickleball.com\/de\/wp-json\/wp\/v2\/media?parent=13834"}],"curies":[{"name":"wp","href":"https:\/\/api.w.org\/{rel}","templated":true}]}}