{"id":13619,"date":"2023-04-13T15:52:01","date_gmt":"2023-04-13T07:52:01","guid":{"rendered":"https:\/\/dinkpickleball.com\/?page_id=13619"},"modified":"2025-01-13T22:11:23","modified_gmt":"2025-01-13T14:11:23","slug":"blank-pickleball-paddle","status":"publish","type":"page","link":"https:\/\/dinkpickleball.com\/de\/blank-pickleball-paddle\/","title":{"rendered":"Blank Pickleball Paddel"},"content":{"rendered":"<h1>Blank Pickleball Paddel Hersteller<\/h1>\n<p>Heben Sie sich von der Konkurrenz ab mit den Blank Pickleball Paddles von DinkPickleball, die unendliche M\u00f6glichkeiten zur individuellen Gestaltung zu einem unglaublichen Preis bieten. Beeindrucken Sie Ihre Kunden mit der perfekten Mischung aus Leistung, Haltbarkeit und Stil. Erleben Sie die gewinnbringende Kombination von DinkPickleball's Expertise und Engagement f\u00fcr Exzellenz.<\/p>\n<p>\t\t\t<a role=\"button\"><br \/>\n\t\t\t\t\t\tAktuellen Preis anfragen<br \/>\n\t\t\t\t\t<\/a><br \/>\n\t\t\t\t\t\t\t\t\t\t\t\t<img decoding=\"async\" src=\"https:\/\/dinkpickleball.com\/wp-content\/uploads\/2023\/04\/blank-pickleball-paddle.png\" title=\"Blank Pickleball Paddel\" alt=\"Blank Pickleball Paddel\" loading=\"lazy\" \/>\t\t\t\t\t\t\t\t\t\t\t\t\t\t<\/p>\n<h2>Unleash Your Brand&#8217;s Potential<\/h2>\n<p>Expand your product offerings and tap into the booming pickleball market with DinkPickleball&#8217;s premium Blank Pickleball Paddles. Attract a diverse clientele and grow your business by providing exceptional, personalized products that exceed expectations. Partner with DinkPickleball and unlock the key to your success.<\/p>\n<figure class='gallery-item'>\n\t\t\t\t<a  title=\"3K Glatt gewebt 1\"  href='https:\/\/dinkpickleball.com\/wp-content\/uploads\/2023\/04\/3K-Plain-woven-1.jpg'><img width=\"1080\" height=\"1080\" src=\"https:\/\/dinkpickleball.com\/wp-content\/uploads\/2023\/04\/3K-Plain-woven-1.jpg\" alt=\"3K Glatt gewebt 1\" decoding=\"async\" aria-describedby=\"gallery-1-13649\" loading=\"lazy\" srcset=\"https:\/\/dinkpickleball.com\/wp-content\/uploads\/2023\/04\/3K-Plain-woven-1.jpg 1080w, https:\/\/dinkpickleball.com\/wp-content\/uploads\/2023\/04\/3K-Plain-woven-1-300x300.jpg 300w, https:\/\/dinkpickleball.com\/wp-content\/uploads\/2023\/04\/3K-Plain-woven-1-1024x1024.jpg 1024w, https:\/\/dinkpickleball.com\/wp-content\/uploads\/2023\/04\/3K-Plain-woven-1-150x150.jpg 150w, https:\/\/dinkpickleball.com\/wp-content\/uploads\/2023\/04\/3K-Plain-woven-1-768x768.jpg 768w, https:\/\/dinkpickleball.com\/wp-content\/uploads\/2023\/04\/3K-Plain-woven-1-600x600.jpg 600w, https:\/\/dinkpickleball.com\/wp-content\/uploads\/2023\/04\/3K-Plain-woven-1-100x100.jpg 100w\" sizes=\"auto, (max-width: 1080px) 100vw, 1080px\" \/><\/a><figcaption class='wp-caption-text gallery-caption' id='gallery-1-13649'>\n\t\t\t\t3K Glatt gewebt<br \/>\n\t\t\t\t<\/figcaption><\/figure>\n<figure class='gallery-item'>\n\t\t\t\t<a  title=\"Glasfaser 1\"  href='https:\/\/dinkpickleball.com\/wp-content\/uploads\/2023\/04\/Fiber-Glass-1.jpg'><img width=\"1080\" height=\"1080\" src=\"https:\/\/dinkpickleball.com\/wp-content\/uploads\/2023\/04\/Fiber-Glass-1.jpg\" alt=\"Glasfaser 1\" decoding=\"async\" aria-describedby=\"gallery-1-13655\" loading=\"lazy\" srcset=\"https:\/\/dinkpickleball.com\/wp-content\/uploads\/2023\/04\/Fiber-Glass-1.jpg 1080w, https:\/\/dinkpickleball.com\/wp-content\/uploads\/2023\/04\/Fiber-Glass-1-300x300.jpg 300w, https:\/\/dinkpickleball.com\/wp-content\/uploads\/2023\/04\/Fiber-Glass-1-1024x1024.jpg 1024w, https:\/\/dinkpickleball.com\/wp-content\/uploads\/2023\/04\/Fiber-Glass-1-150x150.jpg 150w, https:\/\/dinkpickleball.com\/wp-content\/uploads\/2023\/04\/Fiber-Glass-1-768x768.jpg 768w, https:\/\/dinkpickleball.com\/wp-content\/uploads\/2023\/04\/Fiber-Glass-1-600x600.jpg 600w, https:\/\/dinkpickleball.com\/wp-content\/uploads\/2023\/04\/Fiber-Glass-1-100x100.jpg 100w\" sizes=\"auto, (max-width: 1080px) 100vw, 1080px\" \/><\/a><figcaption class='wp-caption-text gallery-caption' id='gallery-1-13655'>\n\t\t\t\tFiberglas<br \/>\n\t\t\t\t<\/figcaption><\/figure>\n<figure class='gallery-item'>\n\t\t\t\t<a  title=\"UniDirection Kohlefaser 1\"  href='https:\/\/dinkpickleball.com\/wp-content\/uploads\/2023\/04\/UniDirection-Carbon-fiber-1.jpg'><img width=\"1080\" height=\"1080\" src=\"https:\/\/dinkpickleball.com\/wp-content\/uploads\/2023\/04\/UniDirection-Carbon-fiber-1.jpg\" alt=\"UniDirection Kohlefaser 1\" decoding=\"async\" aria-describedby=\"gallery-1-13658\" loading=\"lazy\" srcset=\"https:\/\/dinkpickleball.com\/wp-content\/uploads\/2023\/04\/UniDirection-Carbon-fiber-1.jpg 1080w, https:\/\/dinkpickleball.com\/wp-content\/uploads\/2023\/04\/UniDirection-Carbon-fiber-1-300x300.jpg 300w, https:\/\/dinkpickleball.com\/wp-content\/uploads\/2023\/04\/UniDirection-Carbon-fiber-1-1024x1024.jpg 1024w, https:\/\/dinkpickleball.com\/wp-content\/uploads\/2023\/04\/UniDirection-Carbon-fiber-1-150x150.jpg 150w, https:\/\/dinkpickleball.com\/wp-content\/uploads\/2023\/04\/UniDirection-Carbon-fiber-1-768x768.jpg 768w, https:\/\/dinkpickleball.com\/wp-content\/uploads\/2023\/04\/UniDirection-Carbon-fiber-1-600x600.jpg 600w, https:\/\/dinkpickleball.com\/wp-content\/uploads\/2023\/04\/UniDirection-Carbon-fiber-1-100x100.jpg 100w\" sizes=\"auto, (max-width: 1080px) 100vw, 1080px\" \/><\/a><figcaption class='wp-caption-text gallery-caption' id='gallery-1-13658'>\n\t\t\t\tUniDirection Kohlefaser<br \/>\n\t\t\t\t<\/figcaption><\/figure>\n<figure class='gallery-item'>\n\t\t\t\t<a  title=\"3K Twill gewebte Kohlefaser 1\"  href='https:\/\/dinkpickleball.com\/wp-content\/uploads\/2023\/04\/3K-Twill-woven-Carbon-fiber-1.jpg'><img width=\"800\" height=\"800\" src=\"https:\/\/dinkpickleball.com\/wp-content\/uploads\/2023\/04\/3K-Twill-woven-Carbon-fiber-1.jpg\" alt=\"3K Twill gewebte Kohlefaser 1\" decoding=\"async\" aria-describedby=\"gallery-1-13735\" loading=\"lazy\" srcset=\"https:\/\/dinkpickleball.com\/wp-content\/uploads\/2023\/04\/3K-Twill-woven-Carbon-fiber-1.jpg 800w, https:\/\/dinkpickleball.com\/wp-content\/uploads\/2023\/04\/3K-Twill-woven-Carbon-fiber-1-300x300.jpg 300w, https:\/\/dinkpickleball.com\/wp-content\/uploads\/2023\/04\/3K-Twill-woven-Carbon-fiber-1-150x150.jpg 150w, https:\/\/dinkpickleball.com\/wp-content\/uploads\/2023\/04\/3K-Twill-woven-Carbon-fiber-1-768x768.jpg 768w, https:\/\/dinkpickleball.com\/wp-content\/uploads\/2023\/04\/3K-Twill-woven-Carbon-fiber-1-600x600.jpg 600w, https:\/\/dinkpickleball.com\/wp-content\/uploads\/2023\/04\/3K-Twill-woven-Carbon-fiber-1-100x100.jpg 100w\" sizes=\"auto, (max-width: 800px) 100vw, 800px\" \/><\/a><figcaption class='wp-caption-text gallery-caption' id='gallery-1-13735'>\n\t\t\t\t3K Twill gewebte Kohlefaser<br \/>\n\t\t\t\t<\/figcaption><\/figure>\n<figure class='gallery-item'>\n\t\t\t\t<a  title=\"Stoff Texturierte Kohlefaser 1\"  href='https:\/\/dinkpickleball.com\/wp-content\/uploads\/2023\/04\/Fabric-Textured-Carbon-Fiber-1.jpg'><img width=\"800\" height=\"800\" src=\"https:\/\/dinkpickleball.com\/wp-content\/uploads\/2023\/04\/Fabric-Textured-Carbon-Fiber-1.jpg\" alt=\"Stoff Texturierte Kohlefaser 1\" decoding=\"async\" aria-describedby=\"gallery-1-13938\" loading=\"lazy\" srcset=\"https:\/\/dinkpickleball.com\/wp-content\/uploads\/2023\/04\/Fabric-Textured-Carbon-Fiber-1.jpg 800w, https:\/\/dinkpickleball.com\/wp-content\/uploads\/2023\/04\/Fabric-Textured-Carbon-Fiber-1-300x300.jpg 300w, https:\/\/dinkpickleball.com\/wp-content\/uploads\/2023\/04\/Fabric-Textured-Carbon-Fiber-1-150x150.jpg 150w, https:\/\/dinkpickleball.com\/wp-content\/uploads\/2023\/04\/Fabric-Textured-Carbon-Fiber-1-768x768.jpg 768w, https:\/\/dinkpickleball.com\/wp-content\/uploads\/2023\/04\/Fabric-Textured-Carbon-Fiber-1-600x600.jpg 600w, https:\/\/dinkpickleball.com\/wp-content\/uploads\/2023\/04\/Fabric-Textured-Carbon-Fiber-1-100x100.jpg 100w\" sizes=\"auto, (max-width: 800px) 100vw, 800px\" \/><\/a><figcaption class='wp-caption-text gallery-caption' id='gallery-1-13938'>\n\t\t\t\tTexturierte Kohlefaser<br \/>\n\t\t\t\t<\/figcaption><\/figure>\n<figure class='gallery-item'>\n\t\t\t\t<a  title=\"Rot geb\u00fcrstete Kohlefaser 1\"  href='https:\/\/dinkpickleball.com\/wp-content\/uploads\/2023\/04\/Red-Brushed-Carbon-fiber-1.jpg'><img width=\"800\" height=\"800\" src=\"https:\/\/dinkpickleball.com\/wp-content\/uploads\/2023\/04\/Red-Brushed-Carbon-fiber-1.jpg\" alt=\"Rot geb\u00fcrstete Kohlefaser 1\" decoding=\"async\" aria-describedby=\"gallery-1-13854\" loading=\"lazy\" srcset=\"https:\/\/dinkpickleball.com\/wp-content\/uploads\/2023\/04\/Red-Brushed-Carbon-fiber-1.jpg 800w, https:\/\/dinkpickleball.com\/wp-content\/uploads\/2023\/04\/Red-Brushed-Carbon-fiber-1-300x300.jpg 300w, https:\/\/dinkpickleball.com\/wp-content\/uploads\/2023\/04\/Red-Brushed-Carbon-fiber-1-150x150.jpg 150w, https:\/\/dinkpickleball.com\/wp-content\/uploads\/2023\/04\/Red-Brushed-Carbon-fiber-1-768x768.jpg 768w, https:\/\/dinkpickleball.com\/wp-content\/uploads\/2023\/04\/Red-Brushed-Carbon-fiber-1-600x600.jpg 600w, https:\/\/dinkpickleball.com\/wp-content\/uploads\/2023\/04\/Red-Brushed-Carbon-fiber-1-100x100.jpg 100w\" sizes=\"auto, (max-width: 800px) 100vw, 800px\" \/><\/a><figcaption class='wp-caption-text gallery-caption' id='gallery-1-13854'>\n\t\t\t\tRote geb\u00fcrstete Kohlefaser<br \/>\n\t\t\t\t<\/figcaption><\/figure>\n<figure class='gallery-item'>\n\t\t\t\t<a  title=\"Silber Diamant Kohlefaser 1\"  href='https:\/\/dinkpickleball.com\/wp-content\/uploads\/2023\/04\/Silver-Diamond-Carbon-fiber-1.jpg'><img width=\"800\" height=\"800\" src=\"https:\/\/dinkpickleball.com\/wp-content\/uploads\/2023\/04\/Silver-Diamond-Carbon-fiber-1.jpg\" alt=\"Silber Diamant Kohlefaser 1\" decoding=\"async\" aria-describedby=\"gallery-1-13823\" loading=\"lazy\" srcset=\"https:\/\/dinkpickleball.com\/wp-content\/uploads\/2023\/04\/Silver-Diamond-Carbon-fiber-1.jpg 800w, https:\/\/dinkpickleball.com\/wp-content\/uploads\/2023\/04\/Silver-Diamond-Carbon-fiber-1-300x300.jpg 300w, https:\/\/dinkpickleball.com\/wp-content\/uploads\/2023\/04\/Silver-Diamond-Carbon-fiber-1-150x150.jpg 150w, https:\/\/dinkpickleball.com\/wp-content\/uploads\/2023\/04\/Silver-Diamond-Carbon-fiber-1-768x768.jpg 768w, https:\/\/dinkpickleball.com\/wp-content\/uploads\/2023\/04\/Silver-Diamond-Carbon-fiber-1-600x600.jpg 600w, https:\/\/dinkpickleball.com\/wp-content\/uploads\/2023\/04\/Silver-Diamond-Carbon-fiber-1-100x100.jpg 100w\" sizes=\"auto, (max-width: 800px) 100vw, 800px\" \/><\/a><figcaption class='wp-caption-text gallery-caption' id='gallery-1-13823'>\n\t\t\t\tSilberne Diamant-Kohlefaser<br \/>\n\t\t\t\t<\/figcaption><\/figure>\n<figure class='gallery-item'>\n\t\t\t\t<a  title=\"UniDirection Kohlefaser mit Nomex-Kern 7\"  href='https:\/\/dinkpickleball.com\/wp-content\/uploads\/2023\/04\/UniDirection-Carbon-fiber-with-Nomex-Core-7.jpg'><img width=\"800\" height=\"800\" src=\"https:\/\/dinkpickleball.com\/wp-content\/uploads\/2023\/04\/UniDirection-Carbon-fiber-with-Nomex-Core-7.jpg\" alt=\"UniDirection Kohlefaser mit Nomex-Kern 7\" decoding=\"async\" aria-describedby=\"gallery-1-13978\" loading=\"lazy\" srcset=\"https:\/\/dinkpickleball.com\/wp-content\/uploads\/2023\/04\/UniDirection-Carbon-fiber-with-Nomex-Core-7.jpg 800w, https:\/\/dinkpickleball.com\/wp-content\/uploads\/2023\/04\/UniDirection-Carbon-fiber-with-Nomex-Core-7-300x300.jpg 300w, https:\/\/dinkpickleball.com\/wp-content\/uploads\/2023\/04\/UniDirection-Carbon-fiber-with-Nomex-Core-7-150x150.jpg 150w, https:\/\/dinkpickleball.com\/wp-content\/uploads\/2023\/04\/UniDirection-Carbon-fiber-with-Nomex-Core-7-768x768.jpg 768w, https:\/\/dinkpickleball.com\/wp-content\/uploads\/2023\/04\/UniDirection-Carbon-fiber-with-Nomex-Core-7-600x600.jpg 600w, https:\/\/dinkpickleball.com\/wp-content\/uploads\/2023\/04\/UniDirection-Carbon-fiber-with-Nomex-Core-7-100x100.jpg 100w\" sizes=\"auto, (max-width: 800px) 100vw, 800px\" \/><\/a><figcaption class='wp-caption-text gallery-caption' id='gallery-1-13978'>\n\t\t\t\tUniDirection Kohlefaser mit Nomex-Kern<br \/>\n\t\t\t\t<\/figcaption><\/figure>\n<figure class='gallery-item'>\n\t\t\t\t<a  title=\"Stoff Strukturierte Kohlefaser 8\"  href='https:\/\/dinkpickleball.com\/wp-content\/uploads\/2023\/04\/Fabric-Textured-Carbon-Fiber-8.jpg'><img width=\"800\" height=\"800\" src=\"https:\/\/dinkpickleball.com\/wp-content\/uploads\/2023\/04\/Fabric-Textured-Carbon-Fiber-8.jpg\" alt=\"Stoff Strukturierte Kohlefaser 8\" decoding=\"async\" aria-describedby=\"gallery-1-13945\" loading=\"lazy\" srcset=\"https:\/\/dinkpickleball.com\/wp-content\/uploads\/2023\/04\/Fabric-Textured-Carbon-Fiber-8.jpg 800w, https:\/\/dinkpickleball.com\/wp-content\/uploads\/2023\/04\/Fabric-Textured-Carbon-Fiber-8-300x300.jpg 300w, https:\/\/dinkpickleball.com\/wp-content\/uploads\/2023\/04\/Fabric-Textured-Carbon-Fiber-8-150x150.jpg 150w, https:\/\/dinkpickleball.com\/wp-content\/uploads\/2023\/04\/Fabric-Textured-Carbon-Fiber-8-768x768.jpg 768w, https:\/\/dinkpickleball.com\/wp-content\/uploads\/2023\/04\/Fabric-Textured-Carbon-Fiber-8-600x600.jpg 600w, https:\/\/dinkpickleball.com\/wp-content\/uploads\/2023\/04\/Fabric-Textured-Carbon-Fiber-8-100x100.jpg 100w\" sizes=\"auto, (max-width: 800px) 100vw, 800px\" \/><\/a><figcaption class='wp-caption-text gallery-caption' id='gallery-1-13945'>\n\t\t\t\tTexturierte Kohlefaser<br \/>\n\t\t\t\t<\/figcaption><\/figure>\n<h2>Erh\u00f6hen Sie Ihr Unternehmen zu neuen H\u00f6hen<\/h2>\n<p>Wir freuen uns darauf, Sie dabei zu unterst\u00fctzen, Ihren Kunden ein unvergessliches Erlebnis zu bieten. die beste Wahl f\u00fcr Sportartikelh\u00e4ndler, Werbeartikelhersteller, Firmenkunden und Personalisierungsdienste.<\/p>\n<h3>\n\t\t\t\t\t\tUltimative Anpassung<br \/>\n\t\t\t\t<\/h3>\n<p>\n\t\t\t\t\t\tOur blank pickleball paddle offer a clean canvas for endless design possibilities, allowing sports equipment retailers and customization services to create unique, eye-catching products tailored to their customers&#8217; tastes.\t\t\t\t\t<\/p>\n<h3>\n\t\t\t\t\t\tUSAPA-konform<br \/>\n\t\t\t\t<\/h3>\n<p>\n\t\t\t\t\t\tRest assured, DinkPickleball&#8217;s paddle are made with the USAPA standards, ensuring top-quality performance and compatibility with official tournament play that you and your customers can rely on.\t\t\t\t\t<\/p>\n<h3>\n\t\t\t\t\t\tSt\u00e4rken Sie Ihre Marke<br \/>\n\t\t\t\t<\/h3>\n<p>\n\t\t\t\t\t\tBy offering DinkPickleball&#8217;s top-notch paddle, you&#8217;ll strengthen your brand reputation and showcase your commitment to providing only the best for your customers.\t\t\t\t\t<\/p>\n<h3>\n\t\t\t\t\t\tZuverl\u00e4ssige Kundenbetreuung<br \/>\n\t\t\t\t<\/h3>\n<p>\n\t\t\t\t\t\tBei DinkPickleball sch\u00e4tzen wir unsere Kunden und sind bestrebt, einen au\u00dfergew\u00f6hnlichen Kundenservice zu bieten. Unser professionelles Team steht Ihnen bei allen Fragen zur Verf\u00fcgung und sorgt f\u00fcr einen reibungslosen Ablauf bei der Bestellung.\t\t\t\t\t<\/p>\n<h3>\n\t\t\t\t\t\tUmweltfreundliche Herstellung<br \/>\n\t\t\t\t<\/h3>\n<p>\n\t\t\t\t\t\tBy choosing DinkPickleball&#8217;s blank pickleball paddle, you are partnering with a company that values sustainability. We employ eco-friendly manufacturing processes, helping your business contribute to a greener future.\t\t\t\t\t<\/p>\n<h3>\n\t\t\t\t\t\tSteigerung der Sichtbarkeit der Marke<br \/>\n\t\t\t\t<\/h3>\n<p>\n\t\t\t\t\t\tFirmenkunden k\u00f6nnen die Vorteile von leeren Paddeln nutzen, um die Teambildung und das Wohlbefinden der Mitarbeiter zu f\u00f6rdern und die Markenidentit\u00e4t zu st\u00e4rken. Gestalten Sie das Paddel mit Ihrem Firmenlogo, um bei Firmenveranstaltungen oder Freizeitaktivit\u00e4ten einen bleibenden Eindruck zu hinterlassen.\t\t\t\t\t<\/p>\n<figure><img decoding=\"async\" src=\"https:\/\/dinkpickleball.com\/wp-content\/uploads\/2022\/06\/onix.png\" alt=\"onix\" \/><\/figure>\n<figure><img decoding=\"async\" src=\"https:\/\/dinkpickleball.com\/wp-content\/uploads\/2022\/06\/Diadem-logo.png\" alt=\"Diadem-Logo\" \/><\/figure>\n<figure><img decoding=\"async\" src=\"https:\/\/dinkpickleball.com\/wp-content\/uploads\/2022\/06\/Gamma.png\" alt=\"Gamma\" \/><\/figure>\n<figure><img decoding=\"async\" src=\"https:\/\/dinkpickleball.com\/wp-content\/uploads\/2022\/06\/Paddletek.png\" alt=\"Paddletek\" \/><\/figure>\n<figure><img decoding=\"async\" src=\"https:\/\/dinkpickleball.com\/wp-content\/uploads\/2023\/04\/RECESS-logo.png\" alt=\"RECESS-Logo\" \/><\/figure>\n<figure><img decoding=\"async\" src=\"https:\/\/dinkpickleball.com\/wp-content\/uploads\/2023\/04\/CRBN-logo.png\" alt=\"CRBN-Logo\" \/><\/figure>\n<figure><img decoding=\"async\" src=\"https:\/\/dinkpickleball.com\/wp-content\/uploads\/2023\/04\/STIGA-logo.png\" alt=\"STIGA-Logo\" \/><\/figure>\n<figure><img decoding=\"async\" src=\"https:\/\/dinkpickleball.com\/wp-content\/uploads\/2022\/06\/niupipo.png\" alt=\"niupipo\" \/><\/figure>\n<h2>Ihr ultimativer Partner auf dem globalen Pickleball-Markt<\/h2>\n<p>Entdecken Sie die unvergleichlichen Vorteile einer Partnerschaft mit DinkPickleball, einem f\u00fchrenden Hersteller von Blank Pickleball Paddle, der auf die Bed\u00fcrfnisse von Sportartikelh\u00e4ndlern, Werbeartikelfirmen, Firmenkunden und Personalisierungsdiensten eingeht.\u00a0<\/p>\n<p>\t\t\t\t\t\t\t\t\t\t\t\t<img decoding=\"async\" src=\"https:\/\/dinkpickleball.com\/wp-content\/uploads\/2023\/04\/Premium-Quality-Products.jpg\" title=\"Produkte von h\u00f6chster Qualit\u00e4t\" alt=\"Produkte von h\u00f6chster Qualit\u00e4t\" loading=\"lazy\" \/>\t\t\t\t\t\t\t\t\t\t\t\t\t\t<\/p>\n<h3>Unersch\u00fctterliches Engagement f\u00fcr Qualit\u00e4t<\/h3>\n<p>Das Engagement von DinkPickleball bei der Herstellung von qualitativ hochwertigen Pickleball-Schl\u00e4gern stellt sicher, dass Ihre Kunden Produkte erhalten, die nicht nur gut aussehen, sondern auch auf dem Platz hervorragend funktionieren.<\/p>\n<p>\t\t\t<a role=\"button\"><br \/>\n\t\t\t\t\t\tSofortiges Angebot anfordern<br \/>\n\t\t\t\t\t<\/a><br \/>\n\t\t\t\t\t\t\t\t\t\t\t\t<img decoding=\"async\" src=\"https:\/\/dinkpickleball.com\/wp-content\/uploads\/2023\/04\/Extensive-Industry-Experience-and-Expertise.jpeg\" title=\"Umfassende Branchenerfahrung und Expertise\" alt=\"Umfassende Branchenerfahrung und Expertise\" loading=\"lazy\" \/>\t\t\t\t\t\t\t\t\t\t\t\t\t\t<\/p>\n<h3>Ultimative Fertigungskompetenz<\/h3>\n<p>Mit unserer hochmodernen Fabrik und einem Team von 100 qualifizierten Mitarbeitern garantiert DinkPickleball Pr\u00e4zision, Konsistenz und Effizienz bei jedem von uns produzierten Paddel.<\/p>\n<p>\t\t\t<a role=\"button\"><br \/>\n\t\t\t\t\t\tSofortiges Angebot anfordern<br \/>\n\t\t\t\t\t<\/a><br \/>\n\t\t\t\t\t\t\t\t\t\t\t\t<img decoding=\"async\" src=\"https:\/\/dinkpickleball.com\/wp-content\/uploads\/2023\/04\/Competitive-Pricing.jpg\" title=\"Konkurrenzf\u00e4hige Preisgestaltung\" alt=\"Konkurrenzf\u00e4hige Preisgestaltung\" loading=\"lazy\" \/>\t\t\t\t\t\t\t\t\t\t\t\t\t\t<\/p>\n<h3>Unschlagbare Preisgestaltung und Rentabilit\u00e4t<\/h3>\n<p>Unsere wettbewerbsf\u00e4higen Gro\u00dfhandelspreise erm\u00f6glichen es Ihnen, Ihre Gewinnspannen zu maximieren und Ihren Kunden dennoch erschwingliche, hochwertige Produkte anzubieten.<\/p>\n<p>\t\t\t<a role=\"button\"><br \/>\n\t\t\t\t\t\tSofortiges Angebot anfordern<br \/>\n\t\t\t\t\t<\/a><br \/>\n\t\t\t\t\t\t\t\t\t\t\t\t<img decoding=\"async\" src=\"https:\/\/dinkpickleball.com\/wp-content\/uploads\/2023\/04\/Collaborative-Approach-.jpeg\" title=\"Kollaborativer Ansatz\" alt=\"Kollaborativer Ansatz\" loading=\"lazy\" \/>\t\t\t\t\t\t\t\t\t\t\t\t\t\t<\/p>\n<h3>Unerreichte Effizienz in der Lieferkette<\/h3>\n<p>Die Erfahrung von DinkPickleball im Export in die USA, nach Kanada und Australien sowie in alle anderen L\u00e4nder sorgt f\u00fcr einen reibungslosen Logistikprozess in der ganzen Welt, der Ihnen eine zuverl\u00e4ssige und p\u00fcnktliche Lieferung Ihrer Bestellungen erm\u00f6glicht.<\/p>\n<p>\t\t\t<a role=\"button\"><br \/>\n\t\t\t\t\t\tSofortiges Angebot anfordern<br \/>\n\t\t\t\t\t<\/a><br \/>\n\t\t\t\t\t\t\t\t\t\t\t\t<img decoding=\"async\" src=\"https:\/\/dinkpickleball.com\/wp-content\/uploads\/2023\/03\/Responsive-Customer-Service.jpg\" title=\"Reaktionsschneller Kundendienst\" alt=\"Reaktionsschneller Kundendienst\" loading=\"lazy\" \/>\t\t\t\t\t\t\t\t\t\t\t\t\t\t<\/p>\n<h3>Verst\u00e4ndnis f\u00fcr Ihre gesch\u00e4ftlichen Anforderungen<\/h3>\n<p>Wir nehmen uns die Zeit, um Ihre spezifischen Anforderungen und Ziele kennenzulernen, damit wir unsere Produkte und Dienstleistungen optimal auf Ihre Unternehmensziele abstimmen k\u00f6nnen.<\/p>\n<p>\t\t\t<a role=\"button\"><br \/>\n\t\t\t\t\t\tSofortiges Angebot anfordern<br \/>\n\t\t\t\t\t<\/a><br \/>\n\t\t\t\t\t\t\t\t\t\t\t\t<img decoding=\"async\" src=\"https:\/\/dinkpickleball.com\/wp-content\/uploads\/2023\/04\/Adaptability-and-Responsiveness-to-Market.jpeg\" title=\"Anpassungsf\u00e4higkeit und Reaktionsf\u00e4higkeit auf den Markt\" alt=\"Anpassungsf\u00e4higkeit und Reaktionsf\u00e4higkeit auf den Markt\" loading=\"lazy\" \/>\t\t\t\t\t\t\t\t\t\t\t\t\t\t<\/p>\n<h3>Gehobene Produktauswahl<\/h3>\n<p>Das vielf\u00e4ltige Angebot an Pickleball-Schl\u00e4gern von DinkPickleball bietet Ihnen die M\u00f6glichkeit, Ihr Produktangebot zu erweitern, damit Sie einer Vielzahl von Kundenw\u00fcnschen und -anforderungen gerecht werden k\u00f6nnen.<\/p>\n<p>\t\t\t<a role=\"button\"><br \/>\n\t\t\t\t\t\tSofortiges Angebot anfordern<br \/>\n\t\t\t\t\t<\/a><\/p>\n<h2>FAQ<\/h2>\n<p>F\u00fcr die Zielkundensegmente von Sportartikelh\u00e4ndlern, Werbeartikelfirmen, Firmenkunden und Personalisierungsdiensten sind hier einige h\u00e4ufig gestellte Fragen (FAQs) aufgef\u00fchrt, die sie haben k\u00f6nnten, wenn sie den Kauf eines Blank Pickleball Paddels in Betracht ziehen.<\/p>\n<p>                        <a href=\"#collapse-a767ad6650c191fb4acc\" data-ekit-toggle=\"collapse\" data-target=\"#Collapse-a767ad6650c191fb4acc\" aria-expanded=\"true\" aria-controls=\"Collapse-a767ad6650c191fb4acc\"><br \/>\n                            Welche Materialien werden f\u00fcr die Konstruktion Ihres Blank Pickleball Paddels verwendet?<br \/>\n                                        <!-- Normal Icon --><br \/>\n                                        <!-- Active Icon --><br \/>\n                                                    <\/a><\/p>\n<p>Unsere Blank Pickleball Paddle werden aus hochwertigen Materialien hergestellt, um Langlebigkeit und optimale Leistung zu gew\u00e4hrleisten, einschlie\u00dflich eines robusten Kerns und einer haltbaren Oberfl\u00e4che, die den USAPA-Standards entspricht.<\/p>\n<p>                <!-- .elementskit-card END --><br \/>\n                        <a href=\"#collapse-bc22830650c191fb4acc\" data-ekit-toggle=\"collapse\" data-target=\"#Collapse-bc22830650c191fb4acc\" aria-expanded=\"false\" aria-controls=\"Collapse-bc22830650c191fb4acc\"><br \/>\n                            K\u00f6nnen Sie individuelle Designw\u00fcnsche f\u00fcr das Paddel erf\u00fcllen?<br \/>\n                                        <!-- Normal Icon --><br \/>\n                                        <!-- Active Icon --><br \/>\n                                                    <\/a><\/p>\n<p>Ja, wir k\u00f6nnen mit Ihnen zusammenarbeiten, um individuelle Designs f\u00fcr Ihr Blank Pickleball Paddle zu entwerfen, sei es mit Ihrem Branding, einzigartigen Grafiken oder speziellen Farbschemata.<\/p>\n<p>                <!-- .elementskit-card END --><br \/>\n                        <a href=\"#collapse-8417e71650c191fb4acc\" data-ekit-toggle=\"collapse\" data-target=\"#Collapse-8417e71650c191fb4acc\" aria-expanded=\"false\" aria-controls=\"Collapse-8417e71650c191fb4acc\"><br \/>\n                            Wie lange dauert die Produktion und der Versand von Gro\u00dfauftr\u00e4gen?<br \/>\n                                        <!-- Normal Icon --><br \/>\n                                        <!-- Active Icon --><br \/>\n                                                    <\/a><\/p>\n<p>Die Produktions- und Versandzeiten k\u00f6nnen je nach Auftragsgr\u00f6\u00dfe und Anpassungsanforderungen variieren. Unser Team wird Ihnen einen gesch\u00e4tzten Zeitrahmen nennen, sobald wir Ihre Anforderungen genau kennengelernt haben.<\/p>\n<p>                <!-- .elementskit-card END --><br \/>\n                        <a href=\"#collapse-3dad4e0650c191fb4acc\" data-ekit-toggle=\"collapse\" data-target=\"#Collapse-3dad4e0650c191fb4acc\" aria-expanded=\"false\" aria-controls=\"Collapse-3dad4e0650c191fb4acc\"><br \/>\n                            K\u00f6nnen Sie Muster Ihres Blank Pickleball Paddels zur Verf\u00fcgung stellen, bevor wir eine Gro\u00dfbestellung aufgeben?<br \/>\n                                        <!-- Normal Icon --><br \/>\n                                        <!-- Active Icon --><br \/>\n                                                    <\/a><\/p>\n<p>Wir wissen, wie wichtig es ist, die Produktqualit\u00e4t zu beurteilen, bevor Sie eine gr\u00f6\u00dfere Investition t\u00e4tigen. Bitte wenden Sie sich an unser Vertriebsteam, um die Verf\u00fcgbarkeit und die Kosten von Musterpolstern f\u00fcr Ihre Bewertung zu besprechen.<\/p>\n<p>                <!-- .elementskit-card END --><\/p>","protected":false},"excerpt":{"rendered":"<p>Blank Pickleball Paddle Manufacturer Stand out in the competitive market with DinkPickleball&#8217;s Blank Pickleball Paddles, offering endless customization possibilities at an incredible value. Impress your clients with the perfect blend of performance, durability, and style. Experience the winning combination of DinkPickleball&#8217;s expertise and commitment to excellence. Request Our Latest Price Unleash Your Brand&#8217;s Potential Expand [&hellip;]<\/p>\n","protected":false},"author":1,"featured_media":0,"parent":0,"menu_order":0,"comment_status":"closed","ping_status":"closed","template":"","meta":{"_seopress_robots_primary_cat":"","_seopress_titles_title":"Blank Pickleball Paddle Manufacturer","_seopress_titles_desc":"Stand out in the competitive market with DinkPickleball\u2019s Blank Pickleball Paddles, offering endless customization possibilities at an incredible value. Impress your clients with the perfect blend of performance, durability, and style. Experience the winning combination of DinkPickleball\u2019s expertise and commitment to excellence.","_seopress_robots_index":"","footnotes":""},"class_list":["post-13619","page","type-page","status-publish","hentry"],"meta_box":[],"_links":{"self":[{"href":"https:\/\/dinkpickleball.com\/de\/wp-json\/wp\/v2\/pages\/13619","targetHints":{"allow":["GET"]}}],"collection":[{"href":"https:\/\/dinkpickleball.com\/de\/wp-json\/wp\/v2\/pages"}],"about":[{"href":"https:\/\/dinkpickleball.com\/de\/wp-json\/wp\/v2\/types\/page"}],"author":[{"embeddable":true,"href":"https:\/\/dinkpickleball.com\/de\/wp-json\/wp\/v2\/users\/1"}],"replies":[{"embeddable":true,"href":"https:\/\/dinkpickleball.com\/de\/wp-json\/wp\/v2\/comments?post=13619"}],"version-history":[{"count":51,"href":"https:\/\/dinkpickleball.com\/de\/wp-json\/wp\/v2\/pages\/13619\/revisions"}],"predecessor-version":[{"id":16270,"href":"https:\/\/dinkpickleball.com\/de\/wp-json\/wp\/v2\/pages\/13619\/revisions\/16270"}],"wp:attachment":[{"href":"https:\/\/dinkpickleball.com\/de\/wp-json\/wp\/v2\/media?parent=13619"}],"curies":[{"name":"wp","href":"https:\/\/api.w.org\/{rel}","templated":true}]}}