{"id":10472,"date":"2022-05-29T02:38:42","date_gmt":"2022-05-28T18:38:42","guid":{"rendered":"https:\/\/dinkpickleball.com\/?page_id=10472"},"modified":"2025-01-13T22:15:05","modified_gmt":"2025-01-13T14:15:05","slug":"balls","status":"publish","type":"page","link":"https:\/\/dinkpickleball.com\/de\/balls\/","title":{"rendered":"B\u00e4lle"},"content":{"rendered":"<h1>Pickleball Ball Gro\u00dfhandel zum Fabrikpreis<\/h1>\n<h3>Die DinkPickleball ist stolz darauf, qualitativ hochwertige Pickleball B\u00e4lle zu Gro\u00dfhandelspreisen anzubieten. Unsere B\u00e4lle sind aus den hochwertigsten Materialien, die USAPA-Standards erf\u00fcllen gemacht. <\/h3>\n<p>\t\t\t<a role=\"button\"><br \/>\n\t\t\t\t\t\tAnfrage f\u00fcr ein Angebot<br \/>\n\t\t\t\t\t<\/a><br \/>\n\t\t\t\t\t\t\t\t\t\t\t\t<img decoding=\"async\" src=\"https:\/\/dinkpickleball.com\/wp-content\/uploads\/elementor\/thumbs\/custom-pickleball-ball-pq3a0g1h697msdprdorg1i8bur38posx8ahar5tv34.png\" title=\"Pickleball-Ball nach Ma\u00df\" alt=\"Pickleball-Ball nach Ma\u00df\" loading=\"lazy\" \/>\t\t\t\t\t\t\t\t\t\t\t\t\t\t<\/p>\n<h2>Pickleball-B\u00e4lle<\/h2>\n<p>Unsere Fabrik stellt gro\u00dfe Mengen an Pickleballs her, die sich perfekt f\u00fcr jede Veranstaltung eignen, egal ob es sich um ein Turnier oder ein Freizeitspiel handelt. Unsere B\u00e4lle sind sowohl in nahtloser als auch in geschwei\u00dfter Ausf\u00fchrung erh\u00e4ltlich, so dass Sie die Option w\u00e4hlen k\u00f6nnen, die Ihren Bed\u00fcrfnissen am besten entspricht. Bei der Herstellung unserer B\u00e4lle verwenden wir die hochwertigsten Materialien und die beste Handwerkskunst, so dass Sie sicher sein k\u00f6nnen, dass sie lange halten werden. Und da sie aus PP gefertigt sind, k\u00f6nnen Sie sicher sein, dass sie auch den intensivsten Spielen standhalten. Unsere Pickleball-B\u00e4lle sind die perfekte Wahl f\u00fcr alle, die das Beste an Leistung und Haltbarkeit wollen.<\/p>\n<p>                    <img decoding=\"async\" width=\"500\" height=\"500\" src=\"https:\/\/dinkpickleball.com\/wp-content\/uploads\/2022\/06\/pickleball-ball-1.jpg\" alt=\"pickleball ball 1\" loading=\"lazy\" srcset=\"https:\/\/dinkpickleball.com\/wp-content\/uploads\/2022\/06\/pickleball-ball-1.jpg 500w, https:\/\/dinkpickleball.com\/wp-content\/uploads\/2022\/06\/pickleball-ball-1-300x300.jpg 300w, https:\/\/dinkpickleball.com\/wp-content\/uploads\/2022\/06\/pickleball-ball-1-150x150.jpg 150w, https:\/\/dinkpickleball.com\/wp-content\/uploads\/2022\/06\/pickleball-ball-1-100x100.jpg 100w\" sizes=\"auto, (max-width: 500px) 100vw, 500px\" \/><\/p>\n<h3>\n                        Nahtlose Kugel<br \/>\n                    <\/h3>\n<p>                        Rotationsgeformtes, einteiliges Design bedeutet, dass die B\u00e4lle gerade und wahrheitsgem\u00e4\u00df fliegen, weniger geknackte oder gebrochene B\u00e4lle.<br \/>\n                    <img decoding=\"async\" width=\"500\" height=\"500\" src=\"https:\/\/dinkpickleball.com\/wp-content\/uploads\/2022\/06\/pickleball-ball-2.jpg\" alt=\"pickleball ball 2\" loading=\"lazy\" srcset=\"https:\/\/dinkpickleball.com\/wp-content\/uploads\/2022\/06\/pickleball-ball-2.jpg 500w, https:\/\/dinkpickleball.com\/wp-content\/uploads\/2022\/06\/pickleball-ball-2-300x300.jpg 300w, https:\/\/dinkpickleball.com\/wp-content\/uploads\/2022\/06\/pickleball-ball-2-150x150.jpg 150w, https:\/\/dinkpickleball.com\/wp-content\/uploads\/2022\/06\/pickleball-ball-2-100x100.jpg 100w\" sizes=\"auto, (max-width: 500px) 100vw, 500px\" \/><\/p>\n<h3>\n                        Schwei\u00dfer-Kugel<br \/>\n                    <\/h3>\n<p>                        Der gel\u00f6tete 40-Loch-Ball f\u00fcr den Au\u00dfenbereich und der geschwei\u00dfte 26-Loch-Ball f\u00fcr den Innenbereich sind f\u00fcr den allgemeinen Gebrauch kosteng\u00fcnstiger.                    <\/p>\n<h2>Was tun wir?<\/h2>\n<p>WIR SIND PROFESSIONELL<\/p>\n<p>\t\t\t        <!-- link opening --><br \/>\n                <!-- end link opening --><\/p>\n<h3>\n                    Kostenlose Beratung                <\/h3>\n<p>Wie wollen Sie Ihre B\u00e4lle haben? Sie k\u00f6nnen eine KOSTENLOSE Beratung mit unseren erfahrenen Experten haben!<\/p>\n<p>\t\t\t        <!-- link opening --><br \/>\n                <!-- end link opening --><\/p>\n<h3>\n                    Kostenlose Proben                <\/h3>\n<p>Sorgen Sie sich um die Qualit\u00e4t? Sie k\u00f6nnen KOSTENLOSE Proben anfordern, um unsere Pickleball-Ball f\u00fcr echte f\u00fchlen!<\/p>\n<p>\t\t\t        <!-- link opening --><br \/>\n                <!-- end link opening --><\/p>\n<h3>\n                    Niedriges MOQ erforderlich                <\/h3>\n<p>M\u00f6chten Sie das Feedback des Marktes sehen? Ihre Bestellung kann von so klein wie 100 St\u00fcck Gurkenkugeln beginnen!<\/p>\n<p>\t\t\t        <!-- link opening --><br \/>\n                <!-- end link opening --><\/p>\n<h3>\n                    Fabrikdirektpreis                <\/h3>\n<p>Keine zus\u00e4tzlichen Kosten f\u00fcr Ihre Bestellungen! Alle Pickleballs werden direkt von unserer Fabrik hergestellt und verkauft!<\/p>\n<h2>Individueller Pickleball-Ball<\/h2>\n<p>Suchen Sie einen Pickleball nach Ma\u00df, der nach Ihren W\u00fcnschen hergestellt wird?  Suchen Sie nicht weiter als DinkPickleball. Wir sind der f\u00fchrende Hersteller von Pickleball-B\u00e4lle, und unsere Fabrik und Gro\u00dfhandel Branding sorgt daf\u00fcr, dass Sie das bestm\u00f6gliche Produkt zu bekommen. Wir k\u00f6nnen einen Ball herstellen, der perfekt f\u00fcr Sie ist. Wir bieten ma\u00dfgeschneiderte Pickleball-B\u00e4lle, die f\u00fcr jeden Spielstil geeignet sind. Ganz gleich, ob Sie einen Ball f\u00fcr Wettk\u00e4mpfe ben\u00f6tigen oder einfach nur einen Ball, der l\u00e4nger h\u00e4lt - bei uns werden Sie f\u00fcndig. Wir bieten ma\u00dfgeschneiderte Pickleball-B\u00e4lle, die auf Bestellung hergestellt werden und mit Ihren eigenen einzigartigen Designs personalisiert werden k\u00f6nnen. Ganz gleich, ob Sie eine Gro\u00dfbestellung f\u00fcr Ihre Marke oder Ihren Verein oder nur ein paar B\u00e4lle f\u00fcr Ihr Team ben\u00f6tigen, wir k\u00f6nnen auf Ihre Bed\u00fcrfnisse eingehen. Wir bieten auch Mengenrabatte, wenn Sie eine gro\u00dfe Menge an B\u00e4llen ben\u00f6tigen.<\/p>\n<p>Wenn Sie Ihren Pickleball-Ball entwerfen m\u00f6chten, k\u00f6nnen wir Ihnen dabei kostenlos helfen. Es gibt 5 Hauptschritte in diesem Service.<\/p>\n<ol>\n<li><strong>Produktoptionen ausw\u00e4hlen<\/strong><\/li>\n<\/ol>\n<p>W\u00e4hlen Sie die Farbe und den Stil. Wir haben nahtlose und geschwei\u00dfte Modelle. Verf\u00fcgbare Farben auf Lager: Gelb, Gr\u00fcn und Orange<\/p>\n<p>\u00a0<\/p>\n<ol start=\"2\">\n<li><strong>Gestalten Sie Ihren Pickleball-Ball<\/strong><\/li>\n<\/ol>\n<p>Senden Sie uns Ihren Text, Ihr Logo usw., die Sie anpassen m\u00f6chten. Wir werden den Beweis mit Ihrem Logo per E-Mail f\u00fcr Ihre Zustimmung zur Verf\u00fcgung stellen.<\/p>\n<p>\u00a0<\/p>\n<ol start=\"3\">\n<li><strong>Angebot anfordern<\/strong><\/li>\n<\/ol>\n<p>Nachdem alle Informationen best\u00e4tigt sind, werden wir Ihnen ein Angebot unterbreiten. Bitte beachten Sie, dass die benutzerdefinierte Pickleball B\u00e4lle Mindestbestellmenge 200pcs ist, wenn Ihre Bestellmenge niedriger als 200pcs ist, wird der St\u00fcckpreis leicht erh\u00f6hen, kommunizieren Sie bitte mit dem Vertrieb speziell.<\/p>\n<p>\u00a0<\/p>\n<ol start=\"4\">\n<li><strong>Lieferfrist und Zahlung<\/strong><\/li>\n<\/ol>\n<p>LIEFERZEIT: Im Allgemeinen etwa 6-12 Arbeitstage f\u00fcr 10.000 St\u00fcck. F\u00fcr sehr dringende Bestellungen, nach dem Zeitplan, ist auch eine vorrangige Produktion m\u00f6glich. Spezielle Material- und Farbbestellungen dauern einige Tage l\u00e4nger.<\/p>\n<p>BEZAHLUNG: 40% Anzahlung ist erforderlich, wenn die Bestellung, senden wir Ihnen die Produktion Bilder f\u00fcr Ihre schnelle Ansicht, und vereinbaren Sie die Lieferung nach der Auszahlung der Restbetrag von 60%.<\/p>\n<p>\u00a0<\/p>\n<ol start=\"5\">\n<li><strong>Massenproduktion<\/strong><\/li>\n<\/ol>\n<p>Unsere Produktionsabteilung wird Ihre Bestellung nach Ihrer Genehmigung Design beginnen. Um das Logo auf dem Pickleball B\u00e4lle zu machen, ist jetzt Laser meist verwendet, und es wird ewig dauern.<\/p>\n<p>\t\t\t\t\t\t\t<a href=\"https:\/\/dinkpickleball.com\/wp-content\/uploads\/2022\/06\/custom-pickleball-ball-wholesale-2.jpg\"><br \/>\n\t\t\t\t\t\t\t\t\t\t\t\t\t\t<\/a><br \/>\n\t\t\t\t\t\t\t<a href=\"https:\/\/dinkpickleball.com\/wp-content\/uploads\/2022\/06\/custom-pickleball-ball-wholesale-3.jpg\"><br \/>\n\t\t\t\t\t\t\t\t\t\t\t\t\t\t<\/a><br \/>\n\t\t\t\t\t\t\t<a href=\"https:\/\/dinkpickleball.com\/wp-content\/uploads\/2022\/06\/custom-pickleball-ball-wholesale-4.jpg\"><br \/>\n\t\t\t\t\t\t\t\t\t\t\t\t\t\t<\/a><br \/>\n\t\t\t\t\t\t\t<a href=\"https:\/\/dinkpickleball.com\/wp-content\/uploads\/2022\/06\/custom-pickleball-ball-wholesale-1.jpg\"><br \/>\n\t\t\t\t\t\t\t\t\t\t\t\t\t\t<\/a><br \/>\n\t\t\t<a role=\"button\"><br \/>\n\t\t\t\t\t\tAnfrage f\u00fcr ein Angebot<br \/>\n\t\t\t\t\t<\/a><\/p>\n<h2>Das sagen unsere Kunden \u00fcber uns<\/h2>\n<p>\t\t\t\t\t\tW\u00e4hrend des gesamten Kaufprozesses war ich mit PB sehr zufrieden. Der Verk\u00e4ufer war sehr professionell, ich war sehr zufrieden mit dem Service und der Qualit\u00e4t der Pickleball-Paddel, und das personalisierte Druckdesign ist sehr anschaulich. Ich liebe sie.<br \/>\n\t\t\t\t\t\t<img decoding=\"async\" src=\"https:\/\/dinkpickleball.com\/wp-content\/uploads\/2022\/06\/picklebase-client-4.jpg\" alt=\"Angela Lee\"><br \/>\n\t\t\t\t\t\t\t\t<cite>Angela LeeCEO<\/cite><br \/>\n\t\t\t\t\t\tSourcing cutsom Pickleball Paddles aus dem Ausland ist manchmal frustrierend. Die Arbeit mit DinkPickleball ist viel weniger \u00c4rger. Der Entwurfs- und Bestellprozess war einfach. Alles, was ich tun muss, ist im B\u00fcro sitzen und warten, um die Ware zu erhalten.<br \/>\n\t\t\t\t\t\t<img decoding=\"async\" src=\"https:\/\/dinkpickleball.com\/wp-content\/uploads\/2022\/06\/y11.png\" alt=\"Mike Stuart\"><br \/>\n\t\t\t\t\t\t\t\t<cite>Mike StuartK\u00e4ufer<\/cite><br \/>\n\t\t\t\t\t\tIch m\u00f6chte mich bei Ihnen f\u00fcr den gesamten Prozess bedanken! Alles, vom Angebot \u00fcber die Bezahlung, das Muster, die Produktion bis hin zur Lieferung, ging sehr schnell. Es war ein Vergn\u00fcgen, mit Ihnen Gesch\u00e4fte zu machen. Nochmals vielen Dank!<br \/>\n\t\t\t\t\t\t<img decoding=\"async\" src=\"https:\/\/dinkpickleball.com\/wp-content\/uploads\/2022\/06\/picklebase-client-1.jpg\" alt=\"Gislaine Vanhook\"><br \/>\n\t\t\t\t\t\t\t\t<cite>Gislaine VanhookProduktspezialistin<\/cite><br \/>\n\t\t\t\t\t\tErschwinglich, stilvoll, toller Service. Die Kinder lieben individuelle Pickleball-Schl\u00e4ger! Sie waren ein gro\u00dfer Erfolg! Sie sind toll geworden, die Kinder lieben sie und es war ein Vergn\u00fcgen, mit Ihnen zu arbeiten. Die Lieferung erfolgte fr\u00fchzeitig. Vielen Dank an Sie!<br \/>\n\t\t\t\t\t\t<img decoding=\"async\" src=\"https:\/\/dinkpickleball.com\/wp-content\/uploads\/2022\/06\/picklebase-client-3.jpg\" alt=\"Alex Hannifin\"><br \/>\n\t\t\t\t\t\t\t\t<cite>Alex HannifinB\u00fcroverwalter<\/cite><br \/>\n\t\t\t\t\t\tDinkPickleball ist bei weitem der beste Pickleball-Paddel-Lieferant, mit dem wir gearbeitet haben! Wir haben die Fabrik in China besucht und waren angenehm \u00fcberrascht, wie viel Herz sie in jedes einzelne Produkt gesteckt haben.<br \/>\n\t\t\t\t\t\t<img decoding=\"async\" src=\"https:\/\/dinkpickleball.com\/wp-content\/uploads\/2022\/06\/picklebase-client-2.jpg\" alt=\"Unbekannter\"><br \/>\n\t\t\t\t\t\t\t\t<cite>John DoeK\u00e4ufer<\/cite>\t\t\t<\/p>\n<figure><img decoding=\"async\" src=\"https:\/\/dinkpickleball.com\/wp-content\/uploads\/2022\/06\/onix.png\" alt=\"onix\" \/><\/figure>\n<figure><img decoding=\"async\" src=\"https:\/\/dinkpickleball.com\/wp-content\/uploads\/2022\/06\/Diadem-logo.png\" alt=\"Diadem-Logo\" \/><\/figure>\n<figure><img decoding=\"async\" src=\"https:\/\/dinkpickleball.com\/wp-content\/uploads\/2022\/06\/Gamma.png\" alt=\"Gamma\" \/><\/figure>\n<figure><img decoding=\"async\" src=\"https:\/\/dinkpickleball.com\/wp-content\/uploads\/2022\/06\/niupipo.png\" alt=\"niupipo\" \/><\/figure>\n<figure><img decoding=\"async\" src=\"https:\/\/dinkpickleball.com\/wp-content\/uploads\/2022\/06\/Paddletek.png\" alt=\"Paddletek\" \/><\/figure>\n<h2>Zertifizierung<\/h2>\n<p>\t\t\t\t\t\t\t\t\t\t\t\t\t\tVorheriges Dia<br \/>\n\t\t\t\t\t\t\t\t\t\t\t\t\t\tN\u00e4chste Folie<\/p>\n<h2>Paket f\u00fcr B\u00e4lle<\/h2>\n<p>PET-Box f\u00fcr 3 St\u00fcck oder 6 St\u00fcck B\u00e4lle verpacken. Farbe und Logo sind angepasst<\/p>\n<p>Netztasche f\u00fcr 3,4,6,12 St\u00fcck B\u00e4lle QTY optional<\/p>\n<p>Individuelle Schachtel f\u00fcr 3,4,6,12 St\u00fcck B\u00e4lle<\/p>\n<p>Individueller Karton\/Karton f\u00fcr mehrere Balls\u00e4tze<\/p>\n<p>Kundenspezifische Plastikt\u00fcte f\u00fcr 3,4,6,12 St\u00fcck B\u00e4lle<\/p>\n<p>Kundenspezifischer selbstklebender Komposit-Plastikbeutel f\u00fcr einige B\u00e4lle<\/p>\n<p>\t\t\t\t\t\t\t\t\t\t\t\t<img decoding=\"async\" width=\"1500\" height=\"396\" src=\"https:\/\/dinkpickleball.com\/wp-content\/uploads\/2022\/06\/Package-For-Balls.jpg\" alt=\"Paket f\u00fcr B\u00e4lle\" loading=\"lazy\" srcset=\"https:\/\/dinkpickleball.com\/wp-content\/uploads\/2022\/06\/Package-For-Balls.jpg 1500w, https:\/\/dinkpickleball.com\/wp-content\/uploads\/2022\/06\/Package-For-Balls-300x79.jpg 300w, https:\/\/dinkpickleball.com\/wp-content\/uploads\/2022\/06\/Package-For-Balls-1024x270.jpg 1024w, https:\/\/dinkpickleball.com\/wp-content\/uploads\/2022\/06\/Package-For-Balls-768x203.jpg 768w, https:\/\/dinkpickleball.com\/wp-content\/uploads\/2022\/06\/Package-For-Balls-600x158.jpg 600w\" sizes=\"auto, (max-width: 1500px) 100vw, 1500px\" \/>\t\t\t\t\t\t\t\t\t\t\t\t\t\t<\/p>\n<h2>Gro\u00dfhandel Custom Pickleball B\u00e4lle<\/h2>\n<p>Wir bieten individuelle Pickleball-B\u00e4lle zu Gro\u00dfhandelspreisen direkt ab Werk an. Wir helfen Ihnen, die Fallstricke zu vermeiden und die Qualit\u00e4t und den Wert zu liefern, die Ihre individuellen Pickleball-B\u00e4lle brauchen, p\u00fcnktlich und im Rahmen des Budgets.<\/p>","protected":false},"excerpt":{"rendered":"<p>Pickleball Ball Wholesale at Factory Price The DinkPickleball is proud to offer high-quality pickleball balls at wholesale prices. Our balls are made from the highest quality materials that meet USAPA standards. Request For Quotation Pickleball Balls Our factory produces bulk pickleballs that are perfect for any event, whether it be a tournament or a casual [&hellip;]<\/p>\n","protected":false},"author":1,"featured_media":0,"parent":0,"menu_order":0,"comment_status":"closed","ping_status":"closed","template":"","meta":{"_seopress_robots_primary_cat":"","_seopress_titles_title":"Pickleball Ball Wholesale at Factory Price","_seopress_titles_desc":"The DinkPickleball is proud to offer high-quality pickleball balls at wholesale prices. Our balls are made from the highest quality materials that meet USAPA standards.","_seopress_robots_index":"","footnotes":""},"class_list":["post-10472","page","type-page","status-publish","hentry"],"meta_box":[],"_links":{"self":[{"href":"https:\/\/dinkpickleball.com\/de\/wp-json\/wp\/v2\/pages\/10472","targetHints":{"allow":["GET"]}}],"collection":[{"href":"https:\/\/dinkpickleball.com\/de\/wp-json\/wp\/v2\/pages"}],"about":[{"href":"https:\/\/dinkpickleball.com\/de\/wp-json\/wp\/v2\/types\/page"}],"author":[{"embeddable":true,"href":"https:\/\/dinkpickleball.com\/de\/wp-json\/wp\/v2\/users\/1"}],"replies":[{"embeddable":true,"href":"https:\/\/dinkpickleball.com\/de\/wp-json\/wp\/v2\/comments?post=10472"}],"version-history":[{"count":89,"href":"https:\/\/dinkpickleball.com\/de\/wp-json\/wp\/v2\/pages\/10472\/revisions"}],"predecessor-version":[{"id":16268,"href":"https:\/\/dinkpickleball.com\/de\/wp-json\/wp\/v2\/pages\/10472\/revisions\/16268"}],"wp:attachment":[{"href":"https:\/\/dinkpickleball.com\/de\/wp-json\/wp\/v2\/media?parent=10472"}],"curies":[{"name":"wp","href":"https:\/\/api.w.org\/{rel}","templated":true}]}}